{"id":52895,"date":"2026-01-05T10:37:11","date_gmt":"2026-01-05T02:37:11","guid":{"rendered":"https:\/\/ulpmat.com\/product\/eisen-nickel-legierung\/"},"modified":"2026-01-05T10:37:11","modified_gmt":"2026-01-05T02:37:11","slug":"eisen-nickel-legierung","status":"publish","type":"product","link":"https:\/\/ulpmat.com\/de\/produkt\/eisen-nickel-legierung\/","title":{"rendered":"Eisen-Nickel-Legierung"},"content":{"rendered":"<h2><span style=\"font-size: 14pt;\">\u00a0<\/span><span style=\"font-size: 14pt;\">\u00dcbersicht \u00fcber<\/span><span style=\"font-size: 14pt;\"> Sputtertargets aus Eisen-Nickel-Legierungen<\/span><\/h2>\n<p>Sputtertargets<br \/>\n<span style=\"color: #0000ff;\"><a style=\"color: #0000ff;\" href=\"https:\/\/ulpmat.com\/de\/search\/?type=name&#038;keyword=Iron+Nickel\">aus Eisen-Nickel<\/a><\/span><br \/>\n-Legierungen sind funktionelle Targets auf Basis eines Eisen-Nickel-Legierungssystems, die in erster Linie f\u00fcr die Herstellung von magnetischen D\u00fcnnschichten, elektronischen Materialien und entsprechenden Funktionsbeschichtungen verwendet werden.<\/p>\n<p>Wir bieten Sputtertargets aus Eisen-Nickel-Legierungen in verschiedenen Zusammensetzungsverh\u00e4ltnissen und Gr\u00f6\u00dfen an, um den unterschiedlichen Anforderungen von Beschichtungsprozessen gerecht zu werden. Bitte <span style=\"color: #0000ff;\"><a style=\"color: #0000ff;\" href=\"https:\/\/ulpmat.com\/de\/kontakt-us\/\">kontaktieren Sie uns,<\/a><\/span><br \/>\num die technischen Parameter zu best\u00e4tigen.<\/p>\n<h2><span style=\"font-size: 14pt;\">Produkt-Highlights<\/span><\/h2>\n<p>Kontrollierbares Zusammensetzungsverh\u00e4ltnis<br \/>\nStabile magnetische Eigenschaften<br \/>\nGleichm\u00e4\u00dfige Struktur<br \/>\nKompatibel mit mehreren PVD-Abscheidungsprozessen<br \/>\nKundenspezifische Gr\u00f6\u00dfen und Legierungsverh\u00e4ltnisse werden unterst\u00fctzt<br \/>\nStabile Lieferung<\/p>\n<h2><span style=\"font-size: 14pt;\">Anwendungen von Sputtertargets aus Eisen-Nickel-Legierungen<\/span><\/h2>\n<p>Magnetische D\u00fcnnschichtmaterialien: Eisen-Nickel-Legierungen werden h\u00e4ufig zur Herstellung von weichmagnetischen oder funktionalen magnetischen D\u00fcnnschichten verwendet, die f\u00fcr die Forschung und Herstellung von Sensoren, magnetischen Aufzeichnungen und verwandten Ger\u00e4ten geeignet sind.<\/p>\n<p>Elektronik- und <span style=\"color: #0000ff;\"><a style=\"color: #0000ff;\" href=\"https:\/\/ulpmat.com\/de\/anwendung\/halbleiter-materialien\/\">Halbleitermaterialien<\/a><\/span><br \/>\n: In elektronischen Bauteilen und Halbleiterprozessen k\u00f6nnen diese Legierungstargets f\u00fcr die Abscheidung von Metall- oder Funktionsschichten verwendet werden, um die Konsistenz der D\u00fcnnschichtleistung zu verbessern.<\/p>\n<p>Funktionale Beschichtungen und Oberfl\u00e4chentechnik: Die Abscheidung von D\u00fcnnschichten aus Eisen-Nickel-Legierungen durch Sputtern kann die Materialoberfl\u00e4chenstruktur verbessern oder spezifische funktionelle Eigenschaften erzielen.<\/p>\n<p>Wissenschaftliche Forschung und Laboranwendungen: Geeignet f\u00fcr die Grundlagenforschung an Universit\u00e4ten und Forschungseinrichtungen zu Legierungsd\u00fcnnschichten, Wachstumsmechanismen und Prozessoptimierung.<\/p>\n<h2><span style=\"font-size: 14pt;\">H\u00e4ufig gestellte Fragen<\/span><\/h2>\n<p>F1: Ist DC- oder RF-Sputtern f\u00fcr Sputtertargets aus Eisen-Nickel-Legierungen geeignet?<br \/>\nA1: DC- oder RF-Sputtern kann je nach der spezifischen Legierungszusammensetzung und den Ger\u00e4tebedingungen ausgew\u00e4hlt werden.<\/p>\n<p>F2: Kann das Verh\u00e4ltnis von Eisen zu Nickel in der Legierung angepasst werden?<br \/>\nA2: Ja, eine kundenspezifische Produktion mit unterschiedlichen Eisen-Nickel-Verh\u00e4ltnissen wird je nach Anwendungsanforderungen unterst\u00fctzt.<\/p>\n<p>F3: Ist das Sputtertarget aus Eisen-Nickel-Legierung bei langfristigem Sputtern stabil?<br \/>\nA3: Unter angemessenen Prozessparametern ist der Sputterprozess des Targets stabil, was zur Erzielung gleichm\u00e4\u00dfiger D\u00fcnnschichten beitr\u00e4gt.<\/p>\n<p>F4: Ist das Sputtertarget aus Eisen-Nickel-Legierung eher f\u00fcr wissenschaftliche Forschung oder f\u00fcr industrielle Anwendungen geeignet?<br \/>\nA4: Es erf\u00fcllt die Anforderungen wissenschaftlicher Forschungsexperimente und eignet sich auch f\u00fcr einige Pilot- und Industrieanwendungen.<\/p>\n<h2><span style=\"font-size: 14pt;\">Berichte<\/span><\/h2>\n<p>Jede Charge wird geliefert mit:<br \/>\n<span style=\"color: #0000ff;\"><a style=\"color: #0000ff;\" href=\"https:\/\/ulpmat.com\/de\/dokumente\/zertifikat-der-analyse\/\">Analysezertifikat (COA)<\/a><\/span><\/p>\n<p><span style=\"color: #0000ff;\"><a style=\"color: #0000ff;\" href=\"https:\/\/ulpmat.com\/de\/dokumente\/technisches-datenblatt\/\">Technisches Datenblatt (TDS)<\/a><\/span><\/p>\n<p><span style=\"color: #0000ff;\"><a style=\"color: #0000ff;\" href=\"https:\/\/ulpmat.com\/de\/dokumente\/sicherheitsdatenblatt\/\">Sicherheitsdatenblatt (MSDS)<\/a><\/span><br \/>\nGr\u00f6\u00dfenpr\u00fcfbericht<br \/>\nPr\u00fcfberichte von Drittanbietern sind auf Anfrage erh\u00e4ltlich.<\/p>\n<h2><span style=\"font-size: 14pt;\">Warum sollten Sie sich f\u00fcr uns entscheiden?<\/span><\/h2>\n<p>Wir konzentrieren uns seit langem auf die Forschung und Lieferung von Sputtertargets aus Metallen und Legierungen und legen dabei besonderen Wert auf die Kontrolle der Zusammensetzung, die Konsistenz der Verarbeitung und die Effizienz der technischen Reaktion. Wir k\u00f6nnen zuverl\u00e4ssige und nachhaltige Materialunterst\u00fctzung f\u00fcr magnetische Materialien und elektronische D\u00fcnnschichtprojekte bieten.<\/p>\n","protected":false},"excerpt":{"rendered":"<p>\u00a0\u00dcbersicht \u00fcber Sputtertargets aus Eisen-Nickel-Legierungen Sputtertargets aus Eisen-Nickel -Legierungen sind funktionelle Targets auf Basis eines Eisen-Nickel-Legierungssystems, die in erster Linie f\u00fcr die Herstellung von magnetischen D\u00fcnnschichten, elektronischen Materialien und entsprechenden Funktionsbeschichtungen verwendet werden. Wir bieten Sputtertargets aus Eisen-Nickel-Legierungen in verschiedenen Zusammensetzungsverh\u00e4ltnissen und Gr\u00f6\u00dfen an, um den unterschiedlichen Anforderungen von Beschichtungsprozessen gerecht zu werden. Bitte kontaktieren [&hellip;]<\/p>\n","protected":false},"featured_media":52896,"template":"","meta":{"_acf_changed":false},"product_brand":[132],"product_cat":[562],"product_tag":[8025,383],"class_list":{"0":"post-52895","1":"product","2":"type-product","3":"status-publish","4":"has-post-thumbnail","6":"product_brand-ulpmat","7":"product_cat-legierung-sputtering-target","8":"product_tag-eisen-nickel-legierung-sputtering-target","9":"product_tag-sputtertarget","11":"first","12":"instock","13":"shipping-taxable","14":"product-type-variable"},"acf":[],"_links":{"self":[{"href":"https:\/\/ulpmat.com\/de\/wp-json\/wp\/v2\/product\/52895","targetHints":{"allow":["GET"]}}],"collection":[{"href":"https:\/\/ulpmat.com\/de\/wp-json\/wp\/v2\/product"}],"about":[{"href":"https:\/\/ulpmat.com\/de\/wp-json\/wp\/v2\/types\/product"}],"wp:featuredmedia":[{"embeddable":true,"href":"https:\/\/ulpmat.com\/de\/wp-json\/wp\/v2\/media\/52896"}],"wp:attachment":[{"href":"https:\/\/ulpmat.com\/de\/wp-json\/wp\/v2\/media?parent=52895"}],"wp:term":[{"taxonomy":"product_brand","embeddable":true,"href":"https:\/\/ulpmat.com\/de\/wp-json\/wp\/v2\/product_brand?post=52895"},{"taxonomy":"product_cat","embeddable":true,"href":"https:\/\/ulpmat.com\/de\/wp-json\/wp\/v2\/product_cat?post=52895"},{"taxonomy":"product_tag","embeddable":true,"href":"https:\/\/ulpmat.com\/de\/wp-json\/wp\/v2\/product_tag?post=52895"}],"curies":[{"name":"wp","href":"https:\/\/api.w.org\/{rel}","templated":true}]}}