{"id":52877,"date":"2026-01-05T10:37:11","date_gmt":"2026-01-05T02:37:11","guid":{"rendered":"https:\/\/ulpmat.com\/product\/eisen-nickel-bor-legierung\/"},"modified":"2026-01-05T10:37:11","modified_gmt":"2026-01-05T02:37:11","slug":"eisen-nickel-bor-legierung","status":"publish","type":"product","link":"https:\/\/ulpmat.com\/de\/produkt\/eisen-nickel-bor-legierung\/","title":{"rendered":"Eisen-Nickel-Bor-Legierung"},"content":{"rendered":"<h2><span style=\"font-size: 14pt;\">Sputter-Targets aus Eisen-Nickel-Bor-Legierung \u2013 \u00dcbersicht<\/span><\/h2>\n<p>Sputter-Targets<br \/>\n<span style=\"color: #0000ff;\"><a style=\"color: #0000ff;\" href=\"https:\/\/ulpmat.com\/de\/search\/?type=name&#038;keyword=Iron+Nickel+Boron\">aus Eisen-Nickel-Bor<\/a><\/span><br \/>\n-Legierung sind Hochleistungs-Targets, die aus einer einzigartigen Kombination von Eisen, Nickel und Bor bestehen. Sie werden vor allem in D\u00fcnnschicht-Abscheidungsprozessen in Branchen wie Elektronik, Automobil und Energie f\u00fcr Anwendungen in magnetischen Materialien, Sensoren und Beschichtungen eingesetzt.<\/p>\n<p>Wir liefern hochwertige Sputter-Targets aus FeNiB-Legierung mit pr\u00e4ziser Zusammensetzung und ausgezeichneter Gleichm\u00e4\u00dfigkeit. Diese Targets eignen sich f\u00fcr fortschrittliche Sputteranlagen und gew\u00e4hrleisten hohe Abscheidungsraten und optimale Filmqualit\u00e4t. <span style=\"color: #0000ff;\"><a style=\"color: #0000ff;\" href=\"https:\/\/ulpmat.com\/de\/kontakt-us\/\">Kontaktieren Sie uns<\/a><\/span><br \/>\nf\u00fcr weitere Informationen.<\/p>\n<h2><span style=\"font-size: 14pt;\">Produkt-Highlights<\/span><\/h2>\n<p>Hohe Reinheit<br \/>\nHohe magnetische Eigenschaften<br \/>\n<span style=\"color: #0000ff;\"><a style=\"color: #0000ff;\" href=\"https:\/\/ulpmat.com\/de\/service\/personalisierung\/\">Anpassbare<\/a><\/span><br \/>\nGr\u00f6\u00dfen<br \/>\nAusgezeichnete Filmgleichm\u00e4\u00dfigkeit<br \/>\nHohe Abriebfestigkeit<br \/>\nBreites Anwendungsspektrum<\/p>\n<h2><span style=\"font-size: 14pt;\">Anwendungen von Sputtertargets aus FeNiB-Legierungen<\/span><\/h2>\n<p>Magnetische Beschichtungen: Ideal f\u00fcr die Herstellung magnetischer D\u00fcnnschichten f\u00fcr Datenspeicherger\u00e4te, Sensoren und Aktoren.<br \/>\nElektronik: Wird f\u00fcr die D\u00fcnnschichtproduktion in Halbleitern, Speicherger\u00e4ten und Kondensatoren verwendet.<br \/>\nAutomobil-Sensoren: Wird in Automobil-Sensoren verwendet, um die Leistung und Zuverl\u00e4ssigkeit zu verbessern.<br \/>\nEnergiebeschichtungen: Wird in Energieumwandlungs- und -speichertechnologien verwendet, z. B. bei der Herstellung von Brennstoffzellen und Sonnenkollektoren.<\/p>\n<h2><span style=\"font-size: 14pt;\">H\u00e4ufig gestellte Fragen<\/span><\/h2>\n<p>F1: Wie hoch ist die Reinheit von Sputtertargets aus FeNiB-Legierungen?<br \/>\nA1: Die Reinheit des Targets betr\u00e4gt 99,95 % und kann individuell angepasst werden.<\/p>\n<p>F2: K\u00f6nnen die Targetgr\u00f6\u00dfen individuell angepasst werden?<br \/>\nA2: Ja, wir k\u00f6nnen auf Anfrage verschiedene Gr\u00f6\u00dfen und kundenspezifische Spezifikationen anbieten.<\/p>\n<p>F3: In welchen Branchen werden Targets aus Eisen-Nickel-Bor-Legierungen verwendet?<br \/>\nA3: Zu den Anwendungsbereichen geh\u00f6ren die Elektronik-, Automobil-, Energie- und Magnetmaterialindustrie.<\/p>\n<p>F4: Werden Sputteranlagen empfohlen, die dieses Target verwenden?<br \/>\nA4: Dieses Target ist mit den meisten Standard-Sputteranlagen kompatibel, die f\u00fcr die D\u00fcnnschichtabscheidung verwendet werden.<\/p>\n<h2><span style=\"font-size: 14pt;\">Warum sollten Sie sich f\u00fcr uns entscheiden?<\/span><\/h2>\n<p>Wir verf\u00fcgen \u00fcber umfangreiche Erfahrung in der Target-Herstellung, da wir diese Branche seit Jahrzehnten pflegen, und genie\u00dfen einen guten Ruf und starke technische Kompetenz in diesem Bereich.<\/p>\n","protected":false},"excerpt":{"rendered":"<p>Sputter-Targets aus Eisen-Nickel-Bor-Legierung \u2013 \u00dcbersicht Sputter-Targets aus Eisen-Nickel-Bor -Legierung sind Hochleistungs-Targets, die aus einer einzigartigen Kombination von Eisen, Nickel und Bor bestehen. Sie werden vor allem in D\u00fcnnschicht-Abscheidungsprozessen in Branchen wie Elektronik, Automobil und Energie f\u00fcr Anwendungen in magnetischen Materialien, Sensoren und Beschichtungen eingesetzt. Wir liefern hochwertige Sputter-Targets aus FeNiB-Legierung mit pr\u00e4ziser Zusammensetzung und ausgezeichneter [&hellip;]<\/p>\n","protected":false},"featured_media":52878,"template":"","meta":{"_acf_changed":false},"product_brand":[132],"product_cat":[562],"product_tag":[8019],"class_list":{"0":"post-52877","1":"product","2":"type-product","3":"status-publish","4":"has-post-thumbnail","6":"product_brand-ulpmat","7":"product_cat-legierung-sputtering-target","8":"product_tag-eisen-nickel-bor-legierung-sputtering-target","10":"first","11":"instock","12":"shipping-taxable","13":"product-type-variable"},"acf":[],"_links":{"self":[{"href":"https:\/\/ulpmat.com\/de\/wp-json\/wp\/v2\/product\/52877","targetHints":{"allow":["GET"]}}],"collection":[{"href":"https:\/\/ulpmat.com\/de\/wp-json\/wp\/v2\/product"}],"about":[{"href":"https:\/\/ulpmat.com\/de\/wp-json\/wp\/v2\/types\/product"}],"wp:featuredmedia":[{"embeddable":true,"href":"https:\/\/ulpmat.com\/de\/wp-json\/wp\/v2\/media\/52878"}],"wp:attachment":[{"href":"https:\/\/ulpmat.com\/de\/wp-json\/wp\/v2\/media?parent=52877"}],"wp:term":[{"taxonomy":"product_brand","embeddable":true,"href":"https:\/\/ulpmat.com\/de\/wp-json\/wp\/v2\/product_brand?post=52877"},{"taxonomy":"product_cat","embeddable":true,"href":"https:\/\/ulpmat.com\/de\/wp-json\/wp\/v2\/product_cat?post=52877"},{"taxonomy":"product_tag","embeddable":true,"href":"https:\/\/ulpmat.com\/de\/wp-json\/wp\/v2\/product_tag?post=52877"}],"curies":[{"name":"wp","href":"https:\/\/api.w.org\/{rel}","templated":true}]}}