{"id":52799,"date":"2026-01-05T10:37:13","date_gmt":"2026-01-05T02:37:13","guid":{"rendered":"https:\/\/ulpmat.com\/product\/eisensulfid-3\/"},"modified":"2026-01-05T10:37:13","modified_gmt":"2026-01-05T02:37:13","slug":"eisensulfid-3","status":"publish","type":"product","link":"https:\/\/ulpmat.com\/de\/produkt\/eisensulfid-3\/","title":{"rendered":"Eisensulfid"},"content":{"rendered":"<h2><span style=\"font-size: 14pt;\">Eisensulfid-Granulat Produkt\u00fcbersicht<\/span><\/h2>\n<p><span style=\"color: #0000ff;\"><a style=\"color: #0000ff;\" href=\"https:\/\/ulpmat.com\/de\/search\/?type=element&#038;keyword=Fe%2CS\">Eisensulfid<\/a><\/span><br \/>\n-Granulat ist ein hocheffizientes Schwefelverst\u00e4rkungsmittel f\u00fcr den metallurgischen Guss und zudem ein wichtiger Rohstoff f\u00fcr neue Energiebatterien und die chemische Industrie.<\/p>\n<p>Wir bieten <strong>hochreines Eisensulfid-Granulat<\/strong><br \/>\nmit verschiedenen Schwefelgehalten und Partikelgr\u00f6\u00dfen an und unterst\u00fctzen Sie bei der Anpassung an Ihre Produktionsprozessanforderungen. <span style=\"color: #0000ff;\"><a style=\"color: #0000ff;\" href=\"https:\/\/ulpmat.com\/de\/kontakt-us\/\">Kontaktieren<\/a><\/span><br \/>\nSie <span style=\"color: #0000ff;\"><a style=\"color: #0000ff;\" href=\"https:\/\/ulpmat.com\/de\/kontakt-us\/\">uns<\/a><\/span><br \/>\ngerne f\u00fcr Muster und ma\u00dfgeschneiderte L\u00f6sungen.<\/p>\n<h2><span style=\"font-size: 14pt;\">Produkt-Highlights<\/span><\/h2>\n<p>Pr\u00e4zise und stabile Zusammensetzung<br \/>\nGleichm\u00e4\u00dfige und kontrollierbare Partikelgr\u00f6\u00dfe<br \/>\nProfessionelle Anwendungsunterst\u00fctzung<br \/>\nFlexible kundenspezifische Produktion<br \/>\nSichere und professionelle Verpackung<br \/>\nVollst\u00e4ndige Qualit\u00e4tsberichte<\/p>\n<h2><span style=\"font-size: 14pt;\">Anwendungen von Eisensulfidgranulat<\/span><\/h2>\n<p>Gie\u00dferei-Metallurgie Schwefelverst\u00e4rkung: Als hocheffizientes Schwefelverst\u00e4rkungsmittel wird es beim Schmelzen von Grauguss verwendet, wodurch die Graphitkerne deutlich vergr\u00f6\u00dfert und die K\u00f6rner verfeinert werden, wodurch die Impfwirkung, die mechanischen Eigenschaften und die Bearbeitbarkeit von Gusseisen verbessert werden.<\/p>\n<p>Neue Energie-Batteriematerialien: Hochreines Eisensulfid kann als Kathodenmaterial f\u00fcr Lithium-Ionen-Batterien oder Thermobatterien verwendet werden und findet aufgrund seiner hohen theoretischen Kapazit\u00e4t und reichlichen Vorkommen gro\u00dfe Beachtung.<\/p>\n<p>Herstellung chemischer Rohstoffe: Es ist ein wichtiger industrieller Rohstoff f\u00fcr die traditionelle Herstellung von Schwefels\u00e4ure und Schwefeldioxid und kann auch als Grundstoff f\u00fcr die Synthese anderer schwefelhaltiger Verbindungen verwendet werden.<\/p>\n<p>Neue Funktionsmaterialien: Aufgrund ihrer einzigartigen optoelektronischen Eigenschaften gelten diese Materialien als vielversprechend f\u00fcr die Forschung und Entwicklung in Spitzenbereichen wie Solarzellen und Fotodetektoren.<\/p>\n<h2><span style=\"color: #0000ff;\"><a style=\"color: #0000ff;\" href=\"https:\/\/ulpmat.com\/de\/unternehmen\/faqs\/\"><span style=\"font-size: 14pt;\">H\u00e4ufig gestellte Fragen<\/span><\/a><\/span><\/h2>\n<p>F1: Was ist der optimale Schwefelgehalt bei der Verwendung im Guss?<br \/>\nA1: Basierend auf Forschungsergebnissen und der industriellen Praxis ist ein Schwefelgehalt von 0,08 % bis 0,12 % in Grauguss im Allgemeinen vorteilhaft, da er die Impfung und die Graphitmorphologie optimiert. Wenn der Schwefelgehalt zu niedrig ist (z. B. &lt;0,05 %), wird eine Schwefelanreicherungsbehandlung empfohlen.<\/p>\n<p>F2: Wie kann ich Eisensulfid lagern, damit es sich nicht zersetzt?<br \/>\nA2: Dieses Produkt ist bei Raumtemperatur chemisch stabil. Es wird empfohlen, es in einem gut bel\u00fcfteten, trockenen Lagerhaus zu lagern und Feuchtigkeit zu vermeiden. Unter geeigneten Lagerbedingungen beh\u00e4lt das Produkt seine stabile Leistung.<\/p>\n<p>F3: Wie w\u00e4hle ich beim Kauf das geeignete Modell anhand der Zusammensetzung aus?<br \/>\nA3: Wir bieten Modelle mit unterschiedlichen Schwefelgehalten an, z. B. 25\u201330 % oder h\u00f6her. Sie k\u00f6nnen die erforderliche Zugabemenge anhand der endg\u00fcltigen Schwefelgehaltsanforderungen des Ziel-Schmelzstahls oder -eisens berechnen.<\/p>\n<p>F4: Hat das Produkt neben der Schwefelanreicherung noch andere Funktionen beim Gie\u00dfen?<br \/>\nA4: Ja. Neben der pr\u00e4zisen Schwefelanreicherung kann es auch eutektische Cluster verfeinern, die Graphitmorphologie verk\u00fcrzen und deren Enden abstumpfen, wodurch die Festigkeit von Gusseisen und seine Bearbeitbarkeit erheblich verbessert werden.<\/p>\n<h2><span style=\"font-size: 14pt;\">Berichte<\/span><\/h2>\n<p>Jede Charge wird geliefert mit:<br \/>\n<span style=\"color: #0000ff;\"><a style=\"color: #0000ff;\" href=\"https:\/\/ulpmat.com\/de\/dokumente\/zertifikat-der-analyse\/\">Analysezertifikat (COA)<\/a><\/span><\/p>\n<p><span style=\"color: #0000ff;\"><a style=\"color: #0000ff;\" href=\"https:\/\/ulpmat.com\/de\/dokumente\/technisches-datenblatt\/\">Technisches Datenblatt (TDS)<\/a><\/span><\/p>\n<p><span style=\"color: #0000ff;\"><a style=\"color: #0000ff;\" href=\"https:\/\/ulpmat.com\/de\/dokumente\/sicherheitsdatenblatt\/\">Sicherheitsdatenblatt (MSDS)<\/a><\/span><br \/>\nTestberichte von Drittanbietern sind auf Anfrage erh\u00e4ltlich<\/p>\n<h2><span style=\"font-size: 14pt;\">Warum sollten Sie sich f\u00fcr uns entscheiden?<\/span><\/h2>\n<p>Wir konzentrieren uns auf die Produktion und <span style=\"color: #0000ff;\"><a style=\"color: #0000ff;\" href=\"https:\/\/ulpmat.com\/de\/unternehmen\/fe\/\">Forschung und Entwicklung<\/a><\/span><br \/>\nvon hochwertigen Metallsulfiden und bieten nicht nur standardisierte FeS2-Partikel mit pr\u00e4ziser Zusammensetzung und einheitlicher Partikelgr\u00f6\u00dfe, sondern auch eingehende Forschung zu ihren praktischen Anwendungen in der Metallurgie, neuen Energien und anderen Bereichen. Wir bieten Ihnen professionelle Beratung bei der Produktauswahl und technischen Support auf der Grundlage Ihrer spezifischen Prozessanforderungen und gew\u00e4hrleisten so die Stabilit\u00e4t und Effizienz Ihres Produktionsprozesses von der Quelle an. Wenn Sie sich f\u00fcr uns entscheiden, w\u00e4hlen Sie einen zuverl\u00e4ssigen, professionellen und vertrauensw\u00fcrdigen langfristigen Materialpartner.<\/p>\n","protected":false},"excerpt":{"rendered":"<p>Eisensulfid-Granulat Produkt\u00fcbersicht Eisensulfid -Granulat ist ein hocheffizientes Schwefelverst\u00e4rkungsmittel f\u00fcr den metallurgischen Guss und zudem ein wichtiger Rohstoff f\u00fcr neue Energiebatterien und die chemische Industrie. Wir bieten hochreines Eisensulfid-Granulat mit verschiedenen Schwefelgehalten und Partikelgr\u00f6\u00dfen an und unterst\u00fctzen Sie bei der Anpassung an Ihre Produktionsprozessanforderungen. Kontaktieren Sie uns gerne f\u00fcr Muster und ma\u00dfgeschneiderte L\u00f6sungen. Produkt-Highlights Pr\u00e4zise und [&hellip;]<\/p>\n","protected":false},"featured_media":52800,"template":"","meta":{"_acf_changed":false},"product_brand":[132],"product_cat":[299],"product_tag":[8013],"class_list":{"0":"post-52799","1":"product","2":"type-product","3":"status-publish","4":"has-post-thumbnail","6":"product_brand-ulpmat","7":"product_cat-verdampfen-von-materialien","8":"product_tag-eisensulfid-granulat","10":"first","11":"instock","12":"shipping-taxable","13":"product-type-variable"},"acf":[],"_links":{"self":[{"href":"https:\/\/ulpmat.com\/de\/wp-json\/wp\/v2\/product\/52799","targetHints":{"allow":["GET"]}}],"collection":[{"href":"https:\/\/ulpmat.com\/de\/wp-json\/wp\/v2\/product"}],"about":[{"href":"https:\/\/ulpmat.com\/de\/wp-json\/wp\/v2\/types\/product"}],"wp:featuredmedia":[{"embeddable":true,"href":"https:\/\/ulpmat.com\/de\/wp-json\/wp\/v2\/media\/52800"}],"wp:attachment":[{"href":"https:\/\/ulpmat.com\/de\/wp-json\/wp\/v2\/media?parent=52799"}],"wp:term":[{"taxonomy":"product_brand","embeddable":true,"href":"https:\/\/ulpmat.com\/de\/wp-json\/wp\/v2\/product_brand?post=52799"},{"taxonomy":"product_cat","embeddable":true,"href":"https:\/\/ulpmat.com\/de\/wp-json\/wp\/v2\/product_cat?post=52799"},{"taxonomy":"product_tag","embeddable":true,"href":"https:\/\/ulpmat.com\/de\/wp-json\/wp\/v2\/product_tag?post=52799"}],"curies":[{"name":"wp","href":"https:\/\/api.w.org\/{rel}","templated":true}]}}