{"id":52781,"date":"2026-01-05T10:37:14","date_gmt":"2026-01-05T02:37:14","guid":{"rendered":"https:\/\/ulpmat.com\/product\/eisensulfid-2\/"},"modified":"2026-01-05T10:37:14","modified_gmt":"2026-01-05T02:37:14","slug":"eisensulfid-2","status":"publish","type":"product","link":"https:\/\/ulpmat.com\/de\/produkt\/eisensulfid-2\/","title":{"rendered":"Eisensulfid"},"content":{"rendered":"<h2><span style=\"font-size: 14pt;\">\u00dcbersicht \u00fcber Eisensulfidpulver<\/span><\/h2>\n<p><span style=\"color: #0000ff;\"><a style=\"color: #0000ff;\" href=\"https:\/\/ulpmat.com\/de\/search\/?type=element&#038;keyword=Fe%2CS\">Eisensulfidpulver<\/a><\/span><br \/>\n, auch bekannt als Pyritpulver, ist ein wichtiger Werkstoff, der in den Bereichen neue Energien und Umweltschutz gro\u00dfe Aufmerksamkeit auf sich zieht. Es besitzt Halbleitereigenschaften, eine hohe Lichtabsorption und einzigartige elektrochemische Eigenschaften, was es zu einem wichtigen Grundstoff f\u00fcr die Entwicklung von Technologien der n\u00e4chsten Generation in den Bereichen Energiespeicherung, Energieumwandlung und Umweltmanagement macht.<\/p>\n<p>F\u00fcr kundenspezifische Produkte oder um detaillierte technische Parameter und Muster zu erhalten, <span style=\"color: #0000ff;\"><a style=\"color: #0000ff;\" href=\"https:\/\/ulpmat.com\/de\/kontakt-us\/\">kontaktieren Sie uns<\/a><\/span><br \/>\nbitte umgehend.<\/p>\n<h2><span style=\"font-size: 14pt;\">Produkt-Highlights<\/span><\/h2>\n<p>Elektrodenmaterial mit hoher theoretischer Kapazit\u00e4t<br \/>\nHohe Lichtabsorptionseigenschaften des nat\u00fcrlichen Minerals<br \/>\nChemisch stabil und sehr sicher<br \/>\nMultifunktionale Anwendungen in der Photoelektrokatalyse<br \/>\nUmweltvertr\u00e4glich und nachhaltig<\/p>\n<h2><span style=\"font-size: 14pt;\">Anwendungen von Eisensulfidpulver<\/span><\/h2>\n<p>Energiespeicherung und <span style=\"color: #0000ff;\"><a style=\"color: #0000ff;\" href=\"https:\/\/ulpmat.com\/de\/anwendung\/batterie-materialien\/\">Batterien<\/a><\/span><br \/>\n: Als positives oder negatives Elektrodenmaterial f\u00fcr Lithium-Ionen-Batterien und thermische Batterien weist es eine hohe theoretische spezifische Kapazit\u00e4t auf, was zur Verbesserung der Batterieenergiedichte und zur Senkung der Kosten f\u00fcr die gro\u00dftechnische Energiespeicherung beitr\u00e4gt.<\/p>\n<p>Photovoltaik und <span style=\"color: #0000ff;\"><a style=\"color: #0000ff;\" href=\"https:\/\/ulpmat.com\/de\/anwendung\/photovoltaische-solaranlagen\/\">Solar<\/a><\/span><br \/>\nenergieumwandlung: Aufgrund seiner hervorragenden photoelektrischen Eigenschaften kann es zur Herstellung der lichtabsorbierenden Schicht von quantenpunktsensibilisierten Solarzellen und farbstoffsensibilisierten Solarzellen verwendet werden, wodurch die Effizienz der Solarenergienutzung verbessert wird.<\/p>\n<p>Umweltmanagement und Katalyse: Es eignet sich hervorragend f\u00fcr die Entschwefelung von Abgasen und die Behandlung von schwermetallhaltigen Abw\u00e4ssern, da es Schadstoffe effektiv adsorbiert und entfernt. Au\u00dferdem ist es ein hocheffizienter Katalysator f\u00fcr chemische Hydrierungs- und Entschwefelungsreaktionen.<\/p>\n<p>Spitzenforschung und Optoelektronik: Als Vorl\u00e4ufer neuartiger Halbleitermaterialien wird es h\u00e4ufig in der Forschung und Entwicklung von Photodetektoren, Photokondensatoren, Photokatalyse und Nanokompositmaterialien eingesetzt.<\/p>\n<h2><span style=\"color: #0000ff;\"><a style=\"color: #0000ff;\" href=\"https:\/\/ulpmat.com\/de\/unternehmen\/faqs\/\"><span style=\"font-size: 14pt;\">H\u00e4ufig gestellte Fragen<\/span><\/a><\/span><\/h2>\n<p>F1: Was sind die Hauptverwendungszwecke von Eisensulfid?<br \/>\nA1: Seine Hauptverwendungszwecke konzentrieren sich auf den Bereich der neuen Energien, insbesondere als wichtiges Elektrodenmaterial f\u00fcr Hochleistungs-Lithiumbatterien und Thermobatterien. Es hat auch wichtige Anwendungen in Solarzellen und der Umweltkatalyse.<\/p>\n<p>F2: Wie hoch sind seine Bandl\u00fccke und seine optischen Eigenschaften?<br \/>\nA2: Eisensulfid hat eine direkte Bandl\u00fccke von etwa 1,3 Elektronenvolt und einen sehr hohen optischen Absorptionskoeffizienten. Eine nur etwa 40 Nanometer dicke D\u00fcnnschicht kann 90 % des einfallenden sichtbaren Lichts absorbieren, was es f\u00fcr hocheffiziente D\u00fcnnschicht-Solarzellen sehr vorteilhaft macht.<\/p>\n<p>F3: Ist Eisensulfid stabil? Wie sollte es gelagert werden?<br \/>\nA3: Dieses Material sollte in einer versiegelten, trockenen und k\u00fchlen Umgebung gelagert werden, wobei eine l\u00e4ngere Exposition gegen\u00fcber Luft zu vermeiden ist, um Feuchtigkeitsaufnahme oder Oxidation zu verhindern. Es sollte auch von Oxidationsmitteln ferngehalten werden.<\/p>\n<p>F4: Kann es zur Behandlung von Industrieabw\u00e4ssern verwendet werden?<br \/>\nA4: Ja. Eisendisulfid verf\u00fcgt \u00fcber ausgezeichnete Adsorptions- und Reduktionsf\u00e4higkeiten f\u00fcr Schwermetallionen (wie Blei, Cadmium, Quecksilber usw.) in Abwasser und ist daher eine wirtschaftliche und effektive Option f\u00fcr die Tiefenbehandlung von Abwasser aus Branchen wie der Galvanik und dem Bergbau.<\/p>\n<h2><span style=\"font-size: 14pt;\">Berichte<\/span><\/h2>\n<p>Jede Charge wird geliefert mit:<br \/>\n<span style=\"color: #0000ff;\"><a style=\"color: #0000ff;\" href=\"https:\/\/ulpmat.com\/de\/dokumente\/zertifikat-der-analyse\/\">Analysezertifikat (COA)<\/a><\/span><\/p>\n<p><span style=\"color: #0000ff;\"><a style=\"color: #0000ff;\" href=\"https:\/\/ulpmat.com\/de\/dokumente\/technisches-datenblatt\/\">Technisches Datenblatt (TDS)<\/a><\/span><\/p>\n<p><span style=\"color: #0000ff;\"><a style=\"color: #0000ff;\" href=\"https:\/\/ulpmat.com\/de\/dokumente\/sicherheitsdatenblatt\/\">Sicherheitsdatenblatt (MSDS)<\/a><\/span><br \/>\nTestberichte von Drittanbietern sind auf Anfrage erh\u00e4ltlich.<\/p>\n<h2><span style=\"font-size: 14pt;\">Warum sollten Sie sich f\u00fcr uns entscheiden?<\/span><\/h2>\n<p>Wir konzentrieren uns auf die Bereitstellung von hochwertigem Eisendisulfidpulver. Unsere Produkte unterliegen einer strengen Produktionskontrolle, um eine hohe Reinheit (z. B. Elektronikqualit\u00e4t, Fe+S-Gehalt \u226598 %) und Chargenstabilit\u00e4t zu gew\u00e4hrleisten. Von der Laborforschung und -entwicklung bis zur Gro\u00dfproduktion bieten wir flexiblen technischen Support und eine zuverl\u00e4ssige Lieferkette und sind bestrebt, Ihr vertrauensw\u00fcrdiger Partner bei der Anwendung neuer Materialien zu werden.<\/p>\n","protected":false},"excerpt":{"rendered":"<p>\u00dcbersicht \u00fcber Eisensulfidpulver Eisensulfidpulver , auch bekannt als Pyritpulver, ist ein wichtiger Werkstoff, der in den Bereichen neue Energien und Umweltschutz gro\u00dfe Aufmerksamkeit auf sich zieht. Es besitzt Halbleitereigenschaften, eine hohe Lichtabsorption und einzigartige elektrochemische Eigenschaften, was es zu einem wichtigen Grundstoff f\u00fcr die Entwicklung von Technologien der n\u00e4chsten Generation in den Bereichen Energiespeicherung, Energieumwandlung [&hellip;]<\/p>\n","protected":false},"featured_media":52782,"template":"","meta":{"_acf_changed":false},"product_brand":[132],"product_cat":[670,1090],"product_tag":[8003,8002],"class_list":{"0":"post-52781","1":"product","2":"type-product","3":"status-publish","4":"has-post-thumbnail","6":"product_brand-ulpmat","7":"product_cat-chalkogenid-materialien","8":"product_cat-chalkogenid-materialien-de","9":"product_tag-eisensulfid","10":"product_tag-eisensulfid-pulver","12":"first","13":"instock","14":"shipping-taxable","15":"product-type-variable"},"acf":[],"_links":{"self":[{"href":"https:\/\/ulpmat.com\/de\/wp-json\/wp\/v2\/product\/52781","targetHints":{"allow":["GET"]}}],"collection":[{"href":"https:\/\/ulpmat.com\/de\/wp-json\/wp\/v2\/product"}],"about":[{"href":"https:\/\/ulpmat.com\/de\/wp-json\/wp\/v2\/types\/product"}],"wp:featuredmedia":[{"embeddable":true,"href":"https:\/\/ulpmat.com\/de\/wp-json\/wp\/v2\/media\/52782"}],"wp:attachment":[{"href":"https:\/\/ulpmat.com\/de\/wp-json\/wp\/v2\/media?parent=52781"}],"wp:term":[{"taxonomy":"product_brand","embeddable":true,"href":"https:\/\/ulpmat.com\/de\/wp-json\/wp\/v2\/product_brand?post=52781"},{"taxonomy":"product_cat","embeddable":true,"href":"https:\/\/ulpmat.com\/de\/wp-json\/wp\/v2\/product_cat?post=52781"},{"taxonomy":"product_tag","embeddable":true,"href":"https:\/\/ulpmat.com\/de\/wp-json\/wp\/v2\/product_tag?post=52781"}],"curies":[{"name":"wp","href":"https:\/\/api.w.org\/{rel}","templated":true}]}}