{"id":52758,"date":"2026-01-05T10:37:14","date_gmt":"2026-01-05T02:37:14","guid":{"rendered":"https:\/\/ulpmat.com\/product\/eisensulfid\/"},"modified":"2026-01-05T10:37:14","modified_gmt":"2026-01-05T02:37:14","slug":"eisensulfid","status":"publish","type":"product","link":"https:\/\/ulpmat.com\/de\/produkt\/eisensulfid\/","title":{"rendered":"Eisensulfid"},"content":{"rendered":"<h2><span style=\"font-size: 14pt;\">\u00dcbersicht \u00fcber Sputtertargets aus Eisensulfid<\/span><\/h2>\n<p>Sputtertargets<br \/>\n<span style=\"color: #0000ff;\"><a style=\"color: #0000ff;\" href=\"https:\/\/ulpmat.com\/de\/search\/?type=element&#038;keyword=Fe%2CS\">aus Eisensulfid<\/a><\/span><br \/>\nsind ein vielversprechendes Halbleitermaterial. Sie haben aufgrund ihrer geeigneten Bandl\u00fccke, ihres extrem hohen Lichtabsorptionskoeffizienten und der Tatsache, dass ihre Bestandteile in der Erdkruste reichlich vorhanden, ungiftig und kosteng\u00fcnstig sind, gro\u00dfe Aufmerksamkeit auf sich gezogen. Mithilfe der Magnetron-Sputtertechnologie k\u00f6nnen FeS\u2082-Sputtertargets zur Herstellung hochwertiger, gro\u00dffl\u00e4chiger und gleichm\u00e4\u00dfiger FeS\u2082-D\u00fcnnschichten verwendet werden, die als zentrale Funktionsschichten f\u00fcr den Bau verschiedener fortschrittlicher optoelektronischer und energetischer Ger\u00e4te dienen.<\/p>\n<p>Wir sind auf die Herstellung und Lieferung hochwertiger Eisensulfid-Sputtertargets f\u00fcr das reaktive Magnetron-Sputtern spezialisiert. Unsere Produkte werden unter Verwendung hochreiner Rohstoffe und fortschrittlicher Verfahren hergestellt, wodurch eine reine Kristallstruktur, eine pr\u00e4zise Zusammensetzung, eine hohe Dichte und eine gleichm\u00e4\u00dfige Mikrostruktur gew\u00e4hrleistet sind, die den vielf\u00e4ltigen Anforderungen von der Forschung und Entwicklung bis zur Gro\u00dfserienfertigung gerecht werden. Bitte <span style=\"color: #0000ff;\"><a style=\"color: #0000ff;\" href=\"https:\/\/ulpmat.com\/de\/kontakt-us\/\">kontaktieren Sie uns<\/a>.<\/span><\/p>\n<h2><span style=\"font-size: 14pt;\">Produkt-Highlights<\/span><\/h2>\n<p>Hervorragende optoelektronische Eigenschaften<br \/>\nReichlich vorhandene Elementreserven<br \/>\nHervorragende Filmqualit\u00e4t<br \/>\nHohe Kosteneffizienz<br \/>\nBreite Anwendungsm\u00f6glichkeiten<\/p>\n<h2><span style=\"font-size: 14pt;\">Anwendungen von Eisensulfid-Sputter-Targets<\/span><\/h2>\n<p>D\u00fcnnschicht-Solarzellen: Als vielversprechendes Material f\u00fcr lichtabsorbierende Schichten k\u00f6nnen FeS\u2082-D\u00fcnnschichten zur Herstellung kosteng\u00fcnstiger, hocheffizienter Solarzellen der n\u00e4chsten Generation verwendet werden.<br \/>\nFotodetektoren und Sensoren: Aufgrund seiner hervorragenden photoelektrischen Eigenschaften kann FeS\u2082 zur Herstellung von Hochleistungs-Fotodetektoren und verschiedenen Sensoren im sichtbaren bis nahen Infrarotbereich verwendet werden.<\/p>\n<p>Lithium-\/Natrium-Ionen-Batterieelektroden: Eisensulfid-Nanostrukturen mit ihrer hohen theoretischen Kapazit\u00e4t sind vielversprechende neue Anodenmaterialien f\u00fcr Energiespeicherbatterien und tragen zur Verbesserung der Batterieenergiedichte bei.<\/p>\n<p>Absorption und Abschirmung elektromagnetischer Wellen: Eisensulfid-Mikro-\/Nanomaterialien mit spezifischen Morphologien weisen eine ausgezeichnete Absorptionsleistung f\u00fcr elektromagnetische Wellen auf, was sie f\u00fcr elektromagnetische Vertr\u00e4glichkeit und Stealth-Beschichtungen wertvoll macht.<\/p>\n<p>Photokatalyse und Photoelektrochemie: Eisensulfid kann in photokatalytischen Prozessen wie der Wasserspaltung zur Wasserstofferzeugung oder dem Abbau von Schadstoffen sowie beim Bau von photoelektrochemischen Batterien eingesetzt werden.<\/p>\n<h2><span style=\"font-size: 14pt;\">H\u00e4ufig gestellte Fragen<\/span><\/h2>\n<p>F1: Welche Art von D\u00fcnnschicht entsteht in erster Linie, wenn Eisensulfid als Sputtertarget verwendet wird?<br \/>\nA1: Durch reaktives Magnetron-Sputtern hergestellte FeS\u2082-D\u00fcnnschichten sind in der Regel polykristalline oder nanokristalline Halbleiterfilme. Ihr Leitf\u00e4higkeitstyp (P-Typ oder N-Typ) und ihre elektrischen Eigenschaften lassen sich durch pr\u00e4zise Einstellung von Parametern wie Abscheidungstemperatur, H\u2082S-Partialspannung und Sputterleistung effektiv steuern.<\/p>\n<p>F2: Was sind die Vorteile des Sputterns gegen\u00fcber anderen Herstellungsverfahren?<br \/>\nA2: Das Magnetron-Sputtern, insbesondere das Hochleistungs-Puls-Magnetron-Sputtern (HIPIMS), erm\u00f6glicht eine pr\u00e4zise Steuerung der Filmzusammensetzung, erzielt eine ausgezeichnete Filmgleichm\u00e4\u00dfigkeit und -dichte und bietet eine gute Prozesswiederholbarkeit, wodurch eine gro\u00dffl\u00e4chige, kontinuierliche industrielle Produktion leichter zu erreichen ist.<\/p>\n<p>F3: Welche wichtigen Prozessparameter m\u00fcssen bei der Verwendung von Eisensulfid-Sputter-Targets beachtet werden?<br \/>\nA3: Zu den wichtigsten Prozessparametern geh\u00f6ren: Substrattemperatur, das Verh\u00e4ltnis von H\u2082S zu Ar-Reaktionsgasen und der Gesamtarbeitsdruck. Diese Parameter wirken sich direkt auf die Kristallqualit\u00e4t, die St\u00f6chiometrie und die endg\u00fcltigen photoelektrischen Eigenschaften des Films aus.<\/p>\n<h2><span style=\"font-size: 14pt;\">Berichte<\/span><\/h2>\n<p>Jede Charge wird geliefert mit:<br \/>\n<span style=\"color: #0000ff;\"><a style=\"color: #0000ff;\" href=\"https:\/\/ulpmat.com\/de\/dokumente\/zertifikat-der-analyse\/\">Analysezertifikat (COA)<\/a><\/span><\/p>\n<p><span style=\"color: #0000ff;\"><a style=\"color: #0000ff;\" href=\"https:\/\/ulpmat.com\/de\/dokumente\/technisches-datenblatt\/\">Technisches Datenblatt (TDS)<\/a><\/span><\/p>\n<p><span style=\"color: #0000ff;\"><a style=\"color: #0000ff;\" href=\"https:\/\/ulpmat.com\/de\/dokumente\/sicherheitsdatenblatt\/\">Sicherheitsdatenblatt (MSDS)<\/a><\/span><br \/>\nGr\u00f6\u00dfenpr\u00fcfbericht<br \/>\nPr\u00fcfberichte von Drittanbietern sind auf Anfrage erh\u00e4ltlich.<\/p>\n<h2><span style=\"font-size: 14pt;\">Warum sollten Sie sich f\u00fcr uns entscheiden?<\/span><\/h2>\n<p>Im Bereich der D\u00fcnnschichtmaterialien sind wir nicht nur ein Lieferant, sondern ein vertrauensw\u00fcrdiger Partner. Wir verf\u00fcgen \u00fcber ein professionelles, internationales Forschungs- und Entwicklungsteam sowie ein technisches Team mit fundiertem Fachwissen in der Sputtertarget-Branche und haben ein umfassendes Qualit\u00e4tsmanagementsystem eingerichtet. Wir sind bestrebt, unseren Kunden technischen Support und ma\u00dfgeschneiderte L\u00f6sungen zu bieten, die \u00fcber die Produkte selbst hinausgehen und zum Erfolg Ihrer Forschungs- und Produktionsprojekte beitragen.<\/p>\n","protected":false},"excerpt":{"rendered":"<p>\u00dcbersicht \u00fcber Sputtertargets aus Eisensulfid Sputtertargets aus Eisensulfid sind ein vielversprechendes Halbleitermaterial. Sie haben aufgrund ihrer geeigneten Bandl\u00fccke, ihres extrem hohen Lichtabsorptionskoeffizienten und der Tatsache, dass ihre Bestandteile in der Erdkruste reichlich vorhanden, ungiftig und kosteng\u00fcnstig sind, gro\u00dfe Aufmerksamkeit auf sich gezogen. Mithilfe der Magnetron-Sputtertechnologie k\u00f6nnen FeS\u2082-Sputtertargets zur Herstellung hochwertiger, gro\u00dffl\u00e4chiger und gleichm\u00e4\u00dfiger FeS\u2082-D\u00fcnnschichten verwendet [&hellip;]<\/p>\n","protected":false},"featured_media":52759,"template":"","meta":{"_acf_changed":false},"product_brand":[132],"product_cat":[451],"product_tag":[7995,383],"class_list":{"0":"post-52758","1":"product","2":"type-product","3":"status-publish","4":"has-post-thumbnail","6":"product_brand-ulpmat","7":"product_cat-keramisches-sputtering-target","8":"product_tag-eisensulfid-sputtering-target","9":"product_tag-sputtertarget","11":"first","12":"instock","13":"shipping-taxable","14":"product-type-variable"},"acf":[],"_links":{"self":[{"href":"https:\/\/ulpmat.com\/de\/wp-json\/wp\/v2\/product\/52758","targetHints":{"allow":["GET"]}}],"collection":[{"href":"https:\/\/ulpmat.com\/de\/wp-json\/wp\/v2\/product"}],"about":[{"href":"https:\/\/ulpmat.com\/de\/wp-json\/wp\/v2\/types\/product"}],"wp:featuredmedia":[{"embeddable":true,"href":"https:\/\/ulpmat.com\/de\/wp-json\/wp\/v2\/media\/52759"}],"wp:attachment":[{"href":"https:\/\/ulpmat.com\/de\/wp-json\/wp\/v2\/media?parent=52758"}],"wp:term":[{"taxonomy":"product_brand","embeddable":true,"href":"https:\/\/ulpmat.com\/de\/wp-json\/wp\/v2\/product_brand?post=52758"},{"taxonomy":"product_cat","embeddable":true,"href":"https:\/\/ulpmat.com\/de\/wp-json\/wp\/v2\/product_cat?post=52758"},{"taxonomy":"product_tag","embeddable":true,"href":"https:\/\/ulpmat.com\/de\/wp-json\/wp\/v2\/product_tag?post=52758"}],"curies":[{"name":"wp","href":"https:\/\/api.w.org\/{rel}","templated":true}]}}