{"id":52721,"date":"2026-01-05T10:37:15","date_gmt":"2026-01-05T02:37:15","guid":{"rendered":"https:\/\/ulpmat.com\/product\/eisensilicid-2\/"},"modified":"2026-01-05T10:37:15","modified_gmt":"2026-01-05T02:37:15","slug":"eisensilicid-2","status":"publish","type":"product","link":"https:\/\/ulpmat.com\/de\/produkt\/eisensilicid-2\/","title":{"rendered":"Eisensilicid"},"content":{"rendered":"<h2><span style=\"font-size: 14pt;\">\u00dcbersicht \u00fcber Eisensilizidpulver<\/span><\/h2>\n<p><span style=\"color: #0000ff;\"><a style=\"color: #0000ff;\" href=\"https:\/\/ulpmat.com\/de\/search\/?type=name&#038;keyword=Iron+Silicide\">Eisensilizidpulver<\/a><\/span><br \/>\nist ein hochleistungsf\u00e4higes thermoelektrisches Umwandlungs- und Hochtemperatur-Strukturmaterial, das haupts\u00e4chlich aus FeSi und \u03b2-FeSi\u2082 besteht. Aufgrund seiner einzigartigen Halbleitereigenschaften, seiner ausgezeichneten chemischen Stabilit\u00e4t und seiner \u00fcberlegenen Hochtemperatur-Oxidationsbest\u00e4ndigkeit wird es h\u00e4ufig in hocheffizienten thermoelektrischen Stromerzeugungskomponenten, hochtemperaturbest\u00e4ndigen Beschichtungen und Targets f\u00fcr die Abscheidung von Halbleiter-D\u00fcnnschichten verwendet.<\/p>\n<p>Wir bieten professionell eine Vielzahl von hochreinen, gleichm\u00e4\u00dfig dimensionierten Eisensilicid-Pulvern an und unterst\u00fctzen kundenspezifische chemische Zusammensetzungen und Partikelgr\u00f6\u00dfenverteilungen. Bitte <span style=\"color: #0000ff;\"><a style=\"color: #0000ff;\" href=\"https:\/\/ulpmat.com\/de\/kontakt-us\/\">kontaktieren Sie uns<\/a><\/span><br \/>\nf\u00fcr detaillierte Spezifikationen.<\/p>\n<h2><span style=\"font-size: 14pt;\">Produkt-Highlights<\/span><\/h2>\n<p>Hohe Reinheit und pr\u00e4zise kontrollierbare Phasenstruktur<br \/>\nGleichm\u00e4\u00dfige Partikelgr\u00f6\u00dfe und ausgezeichnete Flie\u00dff\u00e4higkeit<br \/>\nAusgezeichnete Hochtemperaturoxidations- und Korrosionsbest\u00e4ndigkeit<br \/>\nGute thermoelektrische Umwandlungsleistung<br \/>\nGeeignet f\u00fcr thermisches Spritzen und Beschichtungsvorbereitung<br \/>\nUnterst\u00fctzt nicht standardm\u00e4\u00dfige Zusammensetzungen und <span style=\"color: #0000ff;\"><a style=\"color: #0000ff;\" href=\"https:\/\/ulpmat.com\/de\/service\/personalisierung\/\">die Anpassung<\/a><\/span><br \/>\nder Partikelgr\u00f6\u00dfe<\/p>\n<h2><span style=\"font-size: 14pt;\">Anwendungen von Eisensilizidpulver<\/span><\/h2>\n<p>Thermoelektrische Umwandlungsvorrichtungen: \u03b2-FeSi\u2082 ist aufgrund seiner hervorragenden thermoelektrischen G\u00fctezahl (ZT-Wert), seiner Umweltfreundlichkeit und seiner Kostenvorteile ein ideales Halbleitermaterial f\u00fcr die Herstellung von Modulen zur Stromerzeugung aus mittleren und hohen Abw\u00e4rmetemperaturen.<\/p>\n<p>Hochtemperatur-Schutzbeschichtungen: Beschichtungen, die aus Eisensilicidpulver mittels eines thermischen Spritzverfahrens hergestellt werden, bilden bei hohen Temperaturen einen dichten SiO\u2082-Schutzfilm, der die Oxidationsbest\u00e4ndigkeit und Gaskorrosionsbest\u00e4ndigkeit von Substraten (wie Molybd\u00e4n und Kohlenstoffstahl) erheblich verbessert.<\/p>\n<p><span style=\"color: #0000ff;\"><a style=\"color: #0000ff;\" href=\"https:\/\/ulpmat.com\/de\/anwendung\/halbleiter-materialien\/\">Halbleiter<\/a><\/span><br \/>\nund D\u00fcnnschichtabscheidung: Hochreines Eisensilizidpulver kann als Rohmaterial f\u00fcr Sputtertargets zur Herstellung von Halbleiter-D\u00fcnnschichten, optoelektronischen D\u00fcnnschichten und funktionellen Beschichtungen verwendet werden.<\/p>\n<p>Legierungszus\u00e4tze und Strukturmaterialien: Es wird als Zusatzstoff zur Verbesserung der Eigenschaften von Stahl oder Legierungen verwendet und kann auch als Material f\u00fcr Hochtemperatur-Strukturkomponenten eingesetzt werden.<\/p>\n<h2><span style=\"color: #0000ff;\"><a style=\"color: #0000ff;\" href=\"https:\/\/ulpmat.com\/de\/unternehmen\/faqs\/\"><span style=\"font-size: 14pt;\">H\u00e4ufig gestellte Fragen<\/span><\/a><\/span><\/h2>\n<p>F1: Welche Arten von Eisensilizidpulver bieten Sie haupts\u00e4chlich an?<br \/>\nA1: Wir bieten haupts\u00e4chlich FeSi- und \u03b2-FeSi\u2082-Pulver an.<\/p>\n<p>F2: Wie kann ich eine Bestellung aufgeben? Was ist die Mindestbestellmenge?<br \/>\nA2: Sie k\u00f6nnen Ihre Bestellung per Telefon oder E-Mail anfragen und best\u00e4tigen. Die Mindestbestellmenge betr\u00e4gt in der Regel 1 kg, abh\u00e4ngig von den Produktspezifikationen. Wir unterst\u00fctzen auch Forschungsversuche in kleinen Chargen.<\/p>\n<p>F3: Wie lange nach der Zahlung wird die Ware versandt? Haben Sie Lagerbest\u00e4nde?<br \/>\nA3: Standardausf\u00fchrungen sind in der Regel vorr\u00e4tig; der Versand wird nach Zahlungsbest\u00e4tigung so schnell wie m\u00f6glich veranlasst. Die Lieferzeit f\u00fcr Sonderanfertigungen h\u00e4ngt vom jeweiligen Verfahren ab.<\/p>\n<p>F4: K\u00f6nnen Sie Muster zum Testen zur Verf\u00fcgung stellen?<br \/>\nA4: Ja. F\u00fcr qualifizierte potenzielle Kunden oder Projekte k\u00f6nnen wir eine kleine Anzahl von Mustern zur Bewertung zur Verf\u00fcgung stellen. Bitte besprechen Sie die genauen Bedingungen mit unserem Vertriebsmitarbeiter.<\/p>\n<h2><span style=\"font-size: 14pt;\">Berichte<\/span><\/h2>\n<p>Jede Charge wird geliefert mit:<br \/>\n<span style=\"color: #0000ff;\"><a style=\"color: #0000ff;\" href=\"https:\/\/ulpmat.com\/de\/dokumente\/zertifikat-der-analyse\/\">Analysezertifikat (COA)<\/a><\/span><\/p>\n<p><span style=\"color: #0000ff;\"><a style=\"color: #0000ff;\" href=\"https:\/\/ulpmat.com\/de\/dokumente\/technisches-datenblatt\/\">Technisches Datenblatt (TDS)<\/a><\/span><\/p>\n<p><span style=\"color: #0000ff;\"><a style=\"color: #0000ff;\" href=\"https:\/\/ulpmat.com\/de\/dokumente\/sicherheitsdatenblatt\/\">Sicherheitsdatenblatt (MSDS)<\/a><\/span><br \/>\nTestberichte von Dritten sind auf Anfrage erh\u00e4ltlich<\/p>\n<h2><span style=\"font-size: 14pt;\">. Warum sollten Sie sich f\u00fcr uns entscheiden?<\/span><\/h2>\n<p>Wir sind nicht nur ein Lieferant von Eisensilizidpulver, sondern auch Ihr Partner f\u00fcr Materiall\u00f6sungen. Mit einem tiefen Verst\u00e4ndnis der Materialeigenschaften und einer strengen Kontrolle des Produktionsprozesses stellen wir sicher, dass jede gelieferte Charge eine stabile Leistung und zuverl\u00e4ssige Daten aufweist. Wir sind bestrebt, den Erfolg Ihrer Forschungs- und Entwicklungs- sowie Produktionsprojekte mit kosteng\u00fcnstigen Produkten und professionellen Dienstleistungen zu unterst\u00fctzen.<\/p>\n","protected":false},"excerpt":{"rendered":"<p>\u00dcbersicht \u00fcber Eisensilizidpulver Eisensilizidpulver ist ein hochleistungsf\u00e4higes thermoelektrisches Umwandlungs- und Hochtemperatur-Strukturmaterial, das haupts\u00e4chlich aus FeSi und \u03b2-FeSi\u2082 besteht. Aufgrund seiner einzigartigen Halbleitereigenschaften, seiner ausgezeichneten chemischen Stabilit\u00e4t und seiner \u00fcberlegenen Hochtemperatur-Oxidationsbest\u00e4ndigkeit wird es h\u00e4ufig in hocheffizienten thermoelektrischen Stromerzeugungskomponenten, hochtemperaturbest\u00e4ndigen Beschichtungen und Targets f\u00fcr die Abscheidung von Halbleiter-D\u00fcnnschichten verwendet. Wir bieten professionell eine Vielzahl von hochreinen, gleichm\u00e4\u00dfig [&hellip;]<\/p>\n","protected":false},"featured_media":52722,"template":"","meta":{"_acf_changed":false},"product_brand":[132],"product_cat":[712],"product_tag":[7983],"class_list":{"0":"post-52721","1":"product","2":"type-product","3":"status-publish","4":"has-post-thumbnail","6":"product_brand-ulpmat","7":"product_cat-feuerfeste-materialien","8":"product_tag-eisen-silizid-pulver","10":"first","11":"instock","12":"shipping-taxable","13":"product-type-variable"},"acf":[],"_links":{"self":[{"href":"https:\/\/ulpmat.com\/de\/wp-json\/wp\/v2\/product\/52721","targetHints":{"allow":["GET"]}}],"collection":[{"href":"https:\/\/ulpmat.com\/de\/wp-json\/wp\/v2\/product"}],"about":[{"href":"https:\/\/ulpmat.com\/de\/wp-json\/wp\/v2\/types\/product"}],"wp:featuredmedia":[{"embeddable":true,"href":"https:\/\/ulpmat.com\/de\/wp-json\/wp\/v2\/media\/52722"}],"wp:attachment":[{"href":"https:\/\/ulpmat.com\/de\/wp-json\/wp\/v2\/media?parent=52721"}],"wp:term":[{"taxonomy":"product_brand","embeddable":true,"href":"https:\/\/ulpmat.com\/de\/wp-json\/wp\/v2\/product_brand?post=52721"},{"taxonomy":"product_cat","embeddable":true,"href":"https:\/\/ulpmat.com\/de\/wp-json\/wp\/v2\/product_cat?post=52721"},{"taxonomy":"product_tag","embeddable":true,"href":"https:\/\/ulpmat.com\/de\/wp-json\/wp\/v2\/product_tag?post=52721"}],"curies":[{"name":"wp","href":"https:\/\/api.w.org\/{rel}","templated":true}]}}