{"id":52678,"date":"2026-01-05T10:37:16","date_gmt":"2026-01-05T02:37:16","guid":{"rendered":"https:\/\/ulpmat.com\/product\/eisensilicid\/"},"modified":"2026-01-05T10:37:16","modified_gmt":"2026-01-05T02:37:16","slug":"eisensilicid","status":"publish","type":"product","link":"https:\/\/ulpmat.com\/de\/produkt\/eisensilicid\/","title":{"rendered":"Eisensilicid"},"content":{"rendered":"<h2><span style=\"font-size: 14pt;\">\u00dcbersicht \u00fcber Sputtertargets aus Eisensilizid<\/span><\/h2>\n<p>Sputtertargets<br \/>\n<span style=\"color: #0000ff;\"><a style=\"color: #0000ff;\" href=\"https:\/\/ulpmat.com\/de\/search\/?type=name&#038;keyword=Iron+silicide\">aus Eisensilizid<\/a><\/span><br \/>\nsind ein wichtiges Ausgangsmaterial f\u00fcr die Herstellung funktionaler D\u00fcnnschichten mit hervorragenden optoelektronischen Eigenschaften. Durch fortschrittliche Verfahren wie Magnetron-Sputtern k\u00f6nnen sie <span style=\"color: #0000ff;\"><a style=\"color: #0000ff;\" href=\"https:\/\/ulpmat.com\/de\/anwendung\/halbleiter-materialien\/\">Halbleiter<\/a><\/span><br \/>\n-D\u00fcnnschichten wie \u03b2-FeSi\u2082 bilden, die in optoelektronischen Ger\u00e4ten, Solarzellen und neuen Halbleiterkomponenten weit verbreitet sind. Sie sind eine ideale umweltfreundliche Alternative zu herk\u00f6mmlichen Materialien, die giftige oder seltene Elemente wie Arsen und Indium enthalten.<\/p>\n<p>Wir bieten hochreine, hochdichte, feink\u00f6rnige Eisen-Silizid-Sputter-Targets an, die mit fortschrittlichen Verfahren wie hei\u00dfisostatischem Pressen und Funkenplasmasintern hergestellt werden. Wir unterst\u00fctzen <span style=\"color: #0000ff;\"><a style=\"color: #0000ff;\" href=\"https:\/\/ulpmat.com\/de\/service\/personalisierung\/\">die Anpassung<\/a><\/span><br \/>\nvon Standard- und Sondergr\u00f6\u00dfen an unterschiedliche Beschichtungsanlagen und Prozessanforderungen. F\u00fcr Anfragen zur Anpassung <span style=\"color: #0000ff;\"><a style=\"color: #0000ff;\" href=\"https:\/\/ulpmat.com\/de\/kontakt-us\/\">kontaktieren Sie uns<\/a><\/span><br \/>\nbitte.<\/p>\n<h2><span style=\"font-size: 14pt;\">Produkt-Highlights<\/span><\/h2>\n<p>Hohe Reinheit und geringe Verunreinigungen<br \/>\nHohe Dichte und feine K\u00f6rnung<br \/>\nHervorragende Sputter-Eigenschaften<br \/>\nHervorragende W\u00e4rmeleitf\u00e4higkeit und mechanische Eigenschaften<br \/>\nUmweltfreundliche Materialauswahl<\/p>\n<h2><span style=\"font-size: 14pt;\">Anwendungen von Eisen-Silizid-Sputter-Targets<\/span><\/h2>\n<p>Optoelektronik und <span style=\"color: #0000ff;\"><a style=\"color: #0000ff;\" href=\"https:\/\/ulpmat.com\/de\/anwendung\/photovoltaische-solaranlagen\/\">Solar<\/a><\/span><br \/>\nenergie: Verwendung zur Abscheidung von \u03b2-FeSi\u2082-Halbleiter-D\u00fcnnschichten mit geeigneten Bandl\u00fcckenbreiten, wodurch sie ein potenziell ideales Material f\u00fcr die Herstellung umweltfreundlicher Solarzellen und Fotodetektoren sind.<br \/>\n<span style=\"color: #0000ff;\"><a style=\"color: #0000ff;\" href=\"https:\/\/ulpmat.com\/de\/anwendung\/halbleiter-materialien\/\">Halbleiter<\/a><\/span><br \/>\nund integrierte Schaltkreise: In Halbleiterbauelementen k\u00f6nnen Eisen-Silizid-D\u00fcnnschichten als funktionelle Beschichtungen oder Verbindungsmaterialien dienen, um spezifische elektrische und thermische Leistungsanforderungen zu erf\u00fcllen.<br \/>\nThermoelektrische Bauelemente: Aufgrund seiner thermoelektrischen Umwandlungseigenschaften kann es zur Herstellung von thermoelektrischen D\u00fcnnschichtbauelementen verwendet werden, die W\u00e4rmeenergie direkt in elektrische Energie umwandeln.<br \/>\nSpitzenforschung: Als Targetquelle f\u00fcr die Herstellung von einkristallinen D\u00fcnnschichten oder Nanostrukturen aus Eisen-Silizium-Verbindungen wird es in der Erforschung von Spitzenbereichen wie Quantenbauelementen und Spintronik eingesetzt.<\/p>\n<h2><span style=\"color: #0000ff;\"><a style=\"color: #0000ff;\" href=\"https:\/\/ulpmat.com\/de\/unternehmen\/faqs\/\"><span style=\"font-size: 14pt;\">H\u00e4ufig gestellte Fragen<\/span><\/a><\/span><\/h2>\n<p>F1: Wie hoch ist die Reinheit und was sind die wichtigsten Spezifikationen Ihrer Eisensilizid-Targets?<br \/>\nA1: Wir bieten hochreine Produkte an und k\u00f6nnen Targets in verschiedenen Gr\u00f6\u00dfen, Korngr\u00f6\u00dfen und chemischen Zusammensetzungsverh\u00e4ltnissen entsprechend Ihren Forschungs- oder Produktionsanforderungen anpassen.<\/p>\n<p>F2: Ich m\u00f6chte nicht standardisierte Targets mit speziellen Gr\u00f6\u00dfen oder Zusammensetzungen bestellen. K\u00f6nnen Sie diese anpassen? Wie l\u00e4uft der Prozess ab?<br \/>\nA2: Wir bieten Anpassungsservices an. Bitte geben Sie detaillierte technische Anforderungen an (z. B. Zeichnungen, Zusammensetzung und Leistungsindikatoren). Unser Ingenieurteam wird diese pr\u00fcfen und Ihnen L\u00f6sungen, Lieferzeiten und Angebote unterbreiten.<\/p>\n<p>F3: Wie stellen Sie die Stabilit\u00e4t des Targets und die Filmqualit\u00e4t w\u00e4hrend des Sputterprozesses sicher?<br \/>\nA3: Durch einen streng kontrollierten Sinterprozess gew\u00e4hrleisten wir eine hohe Dichte und geringe Porosit\u00e4t unserer Sputtertargets. Dies tr\u00e4gt dazu bei, Partikelspritzer und abnormale Entladungen w\u00e4hrend des Sputterns zu reduzieren, was zu gleichm\u00e4\u00dfigen, dichten und hochwertigen Filmen f\u00fchrt.<\/p>\n<p>F4: Wie werden die Targets verpackt und transportiert und welche Vorsichtsma\u00dfnahmen werden getroffen?<br \/>\nA4: Alle Targets werden gereinigt und anschlie\u00dfend in sto\u00dffeste, vakuumversiegelte Verpackungen verpackt, um Feuchtigkeit, Oxidation oder Verunreinigungen w\u00e4hrend des Transports und der Lagerung zu verhindern und sicherzustellen, dass sie in einsatzbereitem Zustand ankommen.<\/p>\n<h2><span style=\"font-size: 14pt;\">Berichte<\/span><\/h2>\n<p>Jede Charge wird mit folgenden<br \/>\n<span style=\"color: #0000ff;\"><a style=\"color: #0000ff;\" href=\"https:\/\/ulpmat.com\/de\/dokumente\/zertifikat-der-analyse\/\">Unterlagen<\/a><\/span><br \/>\ngeliefert:<br \/>\n<span style=\"color: #0000ff;\"><a style=\"color: #0000ff;\" href=\"https:\/\/ulpmat.com\/de\/dokumente\/zertifikat-der-analyse\/\">Analysezertifikat (COA)<\/a><\/span><\/p>\n<p><span style=\"color: #0000ff;\"><a style=\"color: #0000ff;\" href=\"https:\/\/ulpmat.com\/de\/dokumente\/technisches-datenblatt\/\">Technisches Datenblatt (TDS)<\/a><\/span><\/p>\n<p><span style=\"color: #0000ff;\"><a style=\"color: #0000ff;\" href=\"https:\/\/ulpmat.com\/de\/dokumente\/sicherheitsdatenblatt\/\">Sicherheitsdatenblatt (MSDS)<\/a><\/span><br \/>\nGr\u00f6\u00dfenpr\u00fcfbericht<br \/>\nPr\u00fcfberichte von Drittanbietern sind auf Anfrage erh\u00e4ltlich<\/p>\n<h2><span style=\"font-size: 14pt;\">. Warum sollten Sie sich f\u00fcr uns entscheiden?<\/span><\/h2>\n<p>Wir sind nicht nur ein Hersteller von Sputtertargets, sondern auch ein L\u00f6sungspartner f\u00fcr Ihre technischen Herausforderungen. Basierend auf einem tiefgreifenden Verst\u00e4ndnis der Prozesse und einem strengen Qualit\u00e4tskontrollsystem stellen wir sicher, dass jedes Target eine \u00fcberragende und konsistente Leistung aufweist. Wir sind bestrebt, Ihr vertrauensw\u00fcrdiger Langzeitpartner mit professionellen, zuverl\u00e4ssigen Produkten und effizienten, flexiblen Dienstleistungen zu werden, um gemeinsam den Fortschritt modernster Technologien voranzutreiben.<\/p>\n","protected":false},"excerpt":{"rendered":"<p>\u00dcbersicht \u00fcber Sputtertargets aus Eisensilizid Sputtertargets aus Eisensilizid sind ein wichtiges Ausgangsmaterial f\u00fcr die Herstellung funktionaler D\u00fcnnschichten mit hervorragenden optoelektronischen Eigenschaften. Durch fortschrittliche Verfahren wie Magnetron-Sputtern k\u00f6nnen sie Halbleiter -D\u00fcnnschichten wie \u03b2-FeSi\u2082 bilden, die in optoelektronischen Ger\u00e4ten, Solarzellen und neuen Halbleiterkomponenten weit verbreitet sind. Sie sind eine ideale umweltfreundliche Alternative zu herk\u00f6mmlichen Materialien, die giftige [&hellip;]<\/p>\n","protected":false},"featured_media":52679,"template":"","meta":{"_acf_changed":false},"product_brand":[132],"product_cat":[451],"product_tag":[7977,383],"class_list":{"0":"post-52678","1":"product","2":"type-product","3":"status-publish","4":"has-post-thumbnail","6":"product_brand-ulpmat","7":"product_cat-keramisches-sputtering-target","8":"product_tag-eisen-silizid-sputtering-target","9":"product_tag-sputtertarget","11":"first","12":"instock","13":"shipping-taxable","14":"product-type-variable"},"acf":[],"_links":{"self":[{"href":"https:\/\/ulpmat.com\/de\/wp-json\/wp\/v2\/product\/52678","targetHints":{"allow":["GET"]}}],"collection":[{"href":"https:\/\/ulpmat.com\/de\/wp-json\/wp\/v2\/product"}],"about":[{"href":"https:\/\/ulpmat.com\/de\/wp-json\/wp\/v2\/types\/product"}],"wp:featuredmedia":[{"embeddable":true,"href":"https:\/\/ulpmat.com\/de\/wp-json\/wp\/v2\/media\/52679"}],"wp:attachment":[{"href":"https:\/\/ulpmat.com\/de\/wp-json\/wp\/v2\/media?parent=52678"}],"wp:term":[{"taxonomy":"product_brand","embeddable":true,"href":"https:\/\/ulpmat.com\/de\/wp-json\/wp\/v2\/product_brand?post=52678"},{"taxonomy":"product_cat","embeddable":true,"href":"https:\/\/ulpmat.com\/de\/wp-json\/wp\/v2\/product_cat?post=52678"},{"taxonomy":"product_tag","embeddable":true,"href":"https:\/\/ulpmat.com\/de\/wp-json\/wp\/v2\/product_tag?post=52678"}],"curies":[{"name":"wp","href":"https:\/\/api.w.org\/{rel}","templated":true}]}}