{"id":52655,"date":"2026-01-05T10:37:16","date_gmt":"2026-01-05T02:37:16","guid":{"rendered":"https:\/\/ulpmat.com\/product\/eisen-silizium-bor\/"},"modified":"2026-01-05T10:37:16","modified_gmt":"2026-01-05T02:37:16","slug":"eisen-silizium-bor","status":"publish","type":"product","link":"https:\/\/ulpmat.com\/de\/produkt\/eisen-silizium-bor\/","title":{"rendered":"Eisen Silizium Bor"},"content":{"rendered":"<h2><span style=\"font-size: 14pt;\">\u00dcbersicht \u00fcber Sputtertargets aus Eisen-Silizium-Bor<\/span><\/h2>\n<p>Sputtertargets<br \/>\n<span style=\"color: #0000ff;\"><a style=\"color: #0000ff;\" href=\"https:\/\/ulpmat.com\/de\/search\/?type=name&#038;keyword=Iron+silicon+boron\">aus Eisen-Silizium-Bor<\/a><\/span><br \/>\nsind ein wichtiges Material, das bei der physikalischen Gasphasenabscheidung (PVD) zur Herstellung von amorphen, nanokristallinen oder speziellen funktionellen D\u00fcnnschichten verwendet wird. Aufgrund ihrer einzigartigen weichmagnetischen Eigenschaften, ihrer Verschlei\u00df- und Korrosionsbest\u00e4ndigkeit sowie ihres magnetostriktiven Effekts finden diese Materialien breite Anwendung in hochmodernen Bereichen wie Pr\u00e4zisionselektronik, Sensoren, Energieeffizienz und Oberfl\u00e4chenschutz.<\/p>\n<p>Wir bieten hochreine, hochdichte Eisen-Silizium-Bor-Sputter-Targets an, die an unterschiedliche Zusammensetzungsverh\u00e4ltnisse, Gr\u00f6\u00dfen und Reinheitsgrade angepasst werden k\u00f6nnen, um Ihren Anforderungen gerecht zu werden. Wir unterst\u00fctzen verschiedene fortschrittliche Verfahren wie hei\u00dfisostatisches Pressen und Vakuumschmelzen, um eine hervorragende Leistung und Chargenstabilit\u00e4t zu gew\u00e4hrleisten. Bitte <span style=\"color: #0000ff;\"><a style=\"color: #0000ff;\" href=\"https:\/\/ulpmat.com\/de\/kontakt-us\/\">kontaktieren Sie uns<\/a><\/span><br \/>\nf\u00fcr detaillierte Produktspezifikationen oder die aktuellen Preise.<\/p>\n<h2><span style=\"font-size: 14pt;\">Produkt-Highlights<\/span><\/h2>\n<p>Pr\u00e4zise Zusammensetzung, einstellbare Leistung<br \/>\nHohe Reinheit, strenge Kontrolle der Verunreinigungen<br \/>\nHohe Dichte, gleichm\u00e4\u00dfige und feine K\u00f6rner<br \/>\nStabile Sputterrate, ausgezeichnete Filmqualit\u00e4t<br \/>\nLange Lebensdauer, hohe Kosteneffizienz<br \/>\nKundenspezifische Gr\u00f6\u00dfen und Formen werden unterst\u00fctzt<\/p>\n<h2><span style=\"font-size: 14pt;\">Anwendungen von Eisen-Silizium-Bor-Sputter-Targets<\/span><\/h2>\n<p><strong>Hochleistungsmagnetische Sensoren und elektronische Komponenten:<\/strong><br \/>\nWerden zur Herstellung von amorphen oder nanokristallinen weichmagnetischen D\u00fcnnschichten verwendet. Diese Schichten besitzen hervorragende Eigenschaften wie hohe Permeabilit\u00e4t und geringe Verluste, wodurch sie zu Kernfunktionsschichten f\u00fcr die Herstellung von Hochfrequenztransformatoren, Induktoren, Magnetsensoren und magnetostriktiven Sensoren werden.<\/p>\n<p><strong>Oberfl\u00e4chenverst\u00e4rkung und Schutzbeschichtungen:<\/strong><br \/>\nDie durch Sputtern gebildeten D\u00fcnnschichtbeschichtungen auf Eisen-Silizium-Bor-Basis weisen eine hohe H\u00e4rte, gute Verschlei\u00dffestigkeit und Korrosionsbest\u00e4ndigkeit auf und verbessern die Lebensdauer von Pr\u00e4zisionsteilen, Werkzeugen, Formen usw. in Umgebungen mit hohem Verschlei\u00df oder Korrosion erheblich.<\/p>\n<p><strong>Fortschrittliche Speicher- und <span style=\"color: #0000ff;\"><a style=\"color: #0000ff;\" href=\"https:\/\/ulpmat.com\/de\/anwendung\/halbleiter-materialien\/\">Halbleiter<\/a><\/span>technologie:<\/strong><br \/>\nUnter bestimmten Zusammensetzungen und Strukturen k\u00f6nnen sie zur Entwicklung funktionaler D\u00fcnnschichten in neuartigen magnetischen Speichermedien oder Halbleiterbauelementen verwendet werden und erf\u00fcllen damit die h\u00f6heren Anforderungen an die Materialleistung im Bereich der Informationstechnologie.<\/p>\n<p><strong>Spitzenforschung und Funktionsforschung:<\/strong><br \/>\nAls wichtiges Forschungsmaterial dient es der grundlegenden wissenschaftlichen Forschung und der Entwicklung innovativer Anwendungen in den Bereichen neuartige magnetische Materialien, Spintronik, thermoelektrische Bauelemente und anderen Bereichen und bildet damit die materielle Grundlage f\u00fcr technologische Durchbr\u00fcche.<\/p>\n<h2><span style=\"font-size: 14pt;\">H\u00e4ufig gestellte Fragen<\/span><\/h2>\n<p>F1: Wie bestimme ich die geeignete Zusammensetzung und Spezifikationen des von mir ben\u00f6tigten Sputtertargets?<br \/>\nA1: Die konkrete Wahl des Targets h\u00e4ngt in erster Linie von Ihren endg\u00fcltigen Anforderungen an die D\u00fcnnschichtleistung und dem Modell der von Ihnen verwendeten Sputteranlage ab. Unsere technischen Ingenieure k\u00f6nnen Ihnen die am besten geeignete Zusammensetzung und Spezifikationen auf der Grundlage Ihrer Anwendungsziele und Prozessbedingungen empfehlen.<\/p>\n<p>F2: Wie lange dauert es, ein Target mit einer speziellen Gr\u00f6\u00dfe oder Zusammensetzung anzupassen?<br \/>\nA2: Der Anpassungszyklus h\u00e4ngt von der Komplexit\u00e4t des jeweiligen Prozesses ab und dauert in der Regel mehrere Wochen. Bei Anpassungen an Standardlegierungszusammensetzungen oder Dimensions\u00e4nderungen versuchen wir, die Lieferzeit zu verk\u00fcrzen. Bitte teilen Sie uns Ihre spezifischen Anforderungen mit, damit wir diese pr\u00fcfen und Ihnen einen genauen Liefertermin nennen k\u00f6nnen.<\/p>\n<p>F3: Wie garantieren Sie die Qualit\u00e4t und Chargenkonsistenz Ihrer Targets?<br \/>\nA3: Wir beginnen mit der Rohstoffkontrolle und wenden w\u00e4hrend des gesamten Prozesses standardisierte und pr\u00e4zise Produktions- und Pr\u00fcfverfahren an. Jede Charge von Targets wird mit einem detaillierten Qualit\u00e4tspr\u00fcfbericht geliefert, um sicherzustellen, dass die chemische Zusammensetzung, die physikalischen Eigenschaften und die Mikrostruktur Ihren Anforderungen entsprechen.<\/p>\n<p>F4: K\u00f6nnen Sie neben dem Sputtertarget selbst auch entsprechende Anwendungshinweise bereitstellen?<br \/>\nA4: Ja. Wir k\u00f6nnen grundlegende Betriebsrichtlinien f\u00fcr die Installation, Reinigung und Lagerung von Sputtertargets bereitstellen, um Ihnen zu helfen, Ihre Prozesse zu optimieren und das Produkt besser zu nutzen.<\/p>\n<h2><span style=\"font-size: 14pt;\">Berichte<\/span><\/h2>\n<p>Jede Charge wird mit folgenden Dokumenten geliefert:<br \/>\n<span style=\"color: #0000ff;\"><a style=\"color: #0000ff;\" href=\"https:\/\/ulpmat.com\/de\/dokumente\/zertifikat-der-analyse\/\">Analysezertifikat (COA)<\/a><\/span><\/p>\n<p><span style=\"color: #0000ff;\"><a style=\"color: #0000ff;\" href=\"https:\/\/ulpmat.com\/de\/dokumente\/technisches-datenblatt\/\">Technisches Datenblatt (TDS)<\/a><\/span><\/p>\n<p><span style=\"color: #0000ff;\"><a style=\"color: #0000ff;\" href=\"https:\/\/ulpmat.com\/de\/dokumente\/sicherheitsdatenblatt\/\">Sicherheitsdatenblatt (MSDS)<\/a><\/span><br \/>\nGr\u00f6\u00dfenpr\u00fcfbericht<br \/>\nPr\u00fcfberichte von Drittanbietern sind auf Anfrage erh\u00e4ltlich<\/p>\n<h2><span style=\"font-size: 14pt;\">. Warum sollten Sie sich f\u00fcr uns entscheiden?<\/span><\/h2>\n<p>Wir verf\u00fcgen \u00fcber fundierte Fachkenntnisse im Bereich der High-End-Sputter-Targets und besitzen nicht nur umfassende technische Kompetenzen von der Materialentwicklung bis zur Pr\u00e4zisionsfertigung, sondern auch ein tiefgreifendes Verst\u00e4ndnis f\u00fcr die Bedeutung stabiler und zuverl\u00e4ssiger Materialien f\u00fcr die Forschung, Entwicklung und Produktion unserer Kunden. Wir sind bestrebt, Ihnen durch strenge Prozesskontrollen und professionelle technische Dienstleistungen hochleistungsf\u00e4hige, \u00e4u\u00dferst konsistente Eisen-Silizium-Bor-Sputter-Targets zu liefern und Ihr vertrauensw\u00fcrdiger Materialpartner zu werden.<\/p>\n","protected":false},"excerpt":{"rendered":"<p>\u00dcbersicht \u00fcber Sputtertargets aus Eisen-Silizium-Bor Sputtertargets aus Eisen-Silizium-Bor sind ein wichtiges Material, das bei der physikalischen Gasphasenabscheidung (PVD) zur Herstellung von amorphen, nanokristallinen oder speziellen funktionellen D\u00fcnnschichten verwendet wird. Aufgrund ihrer einzigartigen weichmagnetischen Eigenschaften, ihrer Verschlei\u00df- und Korrosionsbest\u00e4ndigkeit sowie ihres magnetostriktiven Effekts finden diese Materialien breite Anwendung in hochmodernen Bereichen wie Pr\u00e4zisionselektronik, Sensoren, Energieeffizienz und [&hellip;]<\/p>\n","protected":false},"featured_media":52656,"template":"","meta":{"_acf_changed":false},"product_brand":[132],"product_cat":[562],"product_tag":[7971,383],"class_list":{"0":"post-52655","1":"product","2":"type-product","3":"status-publish","4":"has-post-thumbnail","6":"product_brand-ulpmat","7":"product_cat-legierung-sputtering-target","8":"product_tag-eisen-silizium-bor-sputtering-target","9":"product_tag-sputtertarget","11":"first","12":"instock","13":"shipping-taxable","14":"product-type-variable"},"acf":[],"_links":{"self":[{"href":"https:\/\/ulpmat.com\/de\/wp-json\/wp\/v2\/product\/52655","targetHints":{"allow":["GET"]}}],"collection":[{"href":"https:\/\/ulpmat.com\/de\/wp-json\/wp\/v2\/product"}],"about":[{"href":"https:\/\/ulpmat.com\/de\/wp-json\/wp\/v2\/types\/product"}],"wp:featuredmedia":[{"embeddable":true,"href":"https:\/\/ulpmat.com\/de\/wp-json\/wp\/v2\/media\/52656"}],"wp:attachment":[{"href":"https:\/\/ulpmat.com\/de\/wp-json\/wp\/v2\/media?parent=52655"}],"wp:term":[{"taxonomy":"product_brand","embeddable":true,"href":"https:\/\/ulpmat.com\/de\/wp-json\/wp\/v2\/product_brand?post=52655"},{"taxonomy":"product_cat","embeddable":true,"href":"https:\/\/ulpmat.com\/de\/wp-json\/wp\/v2\/product_cat?post=52655"},{"taxonomy":"product_tag","embeddable":true,"href":"https:\/\/ulpmat.com\/de\/wp-json\/wp\/v2\/product_tag?post=52655"}],"curies":[{"name":"wp","href":"https:\/\/api.w.org\/{rel}","templated":true}]}}