{"id":52601,"date":"2026-01-05T10:37:17","date_gmt":"2026-01-05T02:37:17","guid":{"rendered":"https:\/\/ulpmat.com\/product\/eisen-zirkonium-legierung\/"},"modified":"2026-01-05T10:37:17","modified_gmt":"2026-01-05T02:37:17","slug":"eisen-zirkonium-legierung","status":"publish","type":"product","link":"https:\/\/ulpmat.com\/de\/produkt\/eisen-zirkonium-legierung\/","title":{"rendered":"Eisen-Zirkonium-Legierung"},"content":{"rendered":"<h2><span style=\"font-size: 14pt;\">\u00dcbersicht \u00fcber <\/span><span style=\"font-size: 14pt;\">Sputtertargets aus Eisen-Zirkonium-Legierung<\/span><\/h2>\n<p>Sputtertargets<br \/>\n<span style=\"color: #0000ff;\"><a style=\"color: #0000ff;\" href=\"https:\/\/ulpmat.com\/de\/search\/?type=name&#038;keyword=Iron+zirconium+Alloy\">aus Eisen-Zirkonium-Legierung<\/a><\/span><br \/>\nsind wichtige Legierungstargets, die in physikalischen Gasphasenabscheidungsprozessen (PVD) verwendet werden. Sie werden in erster Linie zum Aufbringen von hochleistungsf\u00e4higen D\u00fcnnschichten aus Eisen-Zirkonium-Legierungen auf verschiedene Substrate mittels Magnetron-Sputtern verwendet. Diese Schichten zeichnen sich durch hervorragende Haftfestigkeit, \u00fcberlegene Verschlei\u00dffestigkeit und gute Hochtemperaturstabilit\u00e4t aus und finden wichtige Anwendungen in Werkzeugbeschichtungen, <span style=\"color: #0000ff;\"><a style=\"color: #0000ff;\" href=\"https:\/\/ulpmat.com\/de\/anwendung\/halbleiter-materialien\/\">Halbleitern<\/a><\/span><br \/>\nund <span style=\"color: #0000ff;\"><a style=\"color: #0000ff;\" href=\"https:\/\/ulpmat.com\/de\/anwendung\/materialien-fuer-die-optik\/\">Pr\u00e4zisionsoptiken<\/a><\/span><br \/>\n.<\/p>\n<p>Wir bieten hochreine Sputtertargets aus Eisen-Zirkonium-Legierungen mit hoher Dichte an. Wir k\u00f6nnen Produkte in verschiedenen Gr\u00f6\u00dfen und Formen an Ihre Ger\u00e4te- und Prozessanforderungen anpassen und so eine gleichm\u00e4\u00dfige und konsistente Schichtabscheidung gew\u00e4hrleisten. Bitte <span style=\"color: #0000ff;\"><a style=\"color: #0000ff;\" href=\"https:\/\/ulpmat.com\/de\/kontakt-us\/\">kontaktieren Sie uns<\/a><\/span><br \/>\nf\u00fcr detaillierte Produktspezifikationen.<\/p>\n<h2><span style=\"font-size: 14pt;\">Produkt-Highlights<\/span><\/h2>\n<p>Hochreine Legierungszusammensetzung mit extrem geringem Verunreinigungsgehalt<br \/>\nDichte und gleichm\u00e4\u00dfige Mikrostruktur<br \/>\nAusgezeichnete Verschlei\u00df- und Korrosionsbest\u00e4ndigkeit<br \/>\nHervorragende Filmhaftung<br \/>\n<span style=\"color: #0000ff;\"><a style=\"color: #0000ff;\" href=\"https:\/\/ulpmat.com\/de\/service\/personalisierung\/\">Anpassbare<\/a><\/span><br \/>\nGr\u00f6\u00dfe und Form<br \/>\nStabile Sputterleistung und Filmqualit\u00e4t<\/p>\n<h2><span style=\"font-size: 14pt;\">Anwendungen von Sputtertargets aus Eisen-Zirkonium-Legierungen<\/span><\/h2>\n<p>Verschlei\u00df- und korrosionsbest\u00e4ndige Schutzbeschichtungen: Eisen-Zirkonium-Legierungsfilme, die als Oberfl\u00e4chenbeschichtungen f\u00fcr Werkzeuge, Formen und kritische Komponenten verwendet werden, verbessern die H\u00e4rte erheblich und erh\u00f6hen die Best\u00e4ndigkeit gegen abrasive und korrosive Umgebungen, wodurch die Lebensdauer erheblich verl\u00e4ngert wird.<\/p>\n<p>Mikroelektronik und <span style=\"color: #0000ff;\"><a style=\"color: #0000ff;\" href=\"https:\/\/ulpmat.com\/de\/anwendung\/halbleiter-materialien\/\">Halbleiter<\/a><\/span><br \/>\n: In der Halbleiterfertigung kann diese Schicht als spezielle Metallisierungsschicht oder Barriereschicht dienen, die auf Transistorelektroden oder integrierte Schaltkreise aufgebracht wird und eine stabile elektrische Leistung und zuverl\u00e4ssige Diffusionsblockierung gew\u00e4hrleistet.<\/p>\n<p>Fortschrittliche <span style=\"color: #0000ff;\"><a style=\"color: #0000ff;\" href=\"https:\/\/ulpmat.com\/de\/anwendung\/materialien-fuer-die-optik\/\">optische<\/a><\/span><br \/>\nGer\u00e4te: Eisen-Zirkonium-Legierungsschichten, die auf die Oberfl\u00e4chen von optischen Linsen, Spiegeln und anderen Komponenten aufgebracht werden, verbessern effektiv die Durchl\u00e4ssigkeit, Reflektivit\u00e4t und Umweltbest\u00e4ndigkeit optischer Systeme und gew\u00e4hrleisten eine langfristige Stabilit\u00e4t der optischen Leistung.<\/p>\n<p>Luft- und Raumfahrtkomponenten: Aufgrund ihrer ausgezeichneten Hochtemperaturstabilit\u00e4t und Festigkeit eignen sich Filme aus Ferrozirkoniumlegierungen f\u00fcr die Oberfl\u00e4chenverfestigung von Hochtemperaturkomponenten in Flugzeugtriebwerken oder Flugzeugstrukturmaterialien und erf\u00fcllen die Leistungsanforderungen in extremen Umgebungen.<\/p>\n<h2><span style=\"font-size: 14pt;\">H\u00e4ufig gestellte Fragen<\/span><\/h2>\n<p>F1: Wie hoch ist die Reinheit des Sputtertargets aus Eisen-Zirkonium-Legierung? Was sind die wichtigsten Spezifikationen?<br \/>\nA1: Wir bieten hochreine Produkte an. Die spezifischen Reinheitsgrade und Schl\u00fcsselelementverh\u00e4ltnisse k\u00f6nnen je nach Anwendungsanforderungen angepasst werden. Die Produktspezifikationen umfassen Standard- und Nicht-Standardgr\u00f6\u00dfen, und die Formen umfassen planare und rotierende Targets.<\/p>\n<p>F2: Kann ich ein Target in einer speziellen Gr\u00f6\u00dfe f\u00fcr meine Beschichtungsanlage anpassen lassen? Wie l\u00e4uft der Prozess ab?<br \/>\nA2: Eine Anpassung ist m\u00f6glich. Sie m\u00fcssen lediglich das Ger\u00e4temodell, die Target-Filmleistung oder spezifische Zeichnungsanforderungen angeben. Unser technisches Team wird diese bewerten und Ihnen eine passende L\u00f6sung, ein Angebot und einen Produktionszyklus unterbreiten.<\/p>\n<p>F3: Wie stellen Sie die Gleichm\u00e4\u00dfigkeit der Zusammensetzung und die Chargenstabilit\u00e4t des Legierungs-Sputter-Targets sicher?<br \/>\nA3: Wir gew\u00e4hrleisten die Konsistenz der chemischen Zusammensetzung und der Mikrostruktur jeder Charge von Targets durch strenge Rohstoffpr\u00fcfung, fortschrittliche Schmelz- und Formungsprozesse (wie Pulvermetallurgie oder hei\u00dfisostatisches Pressen) und pr\u00e4zise Tests w\u00e4hrend des gesamten Prozesses.<\/p>\n<p>F4: Wie kann der Sputterprozess bei der Verwendung von Legierungssputtertargets optimiert werden, um einen idealen D\u00fcnnfilm zu erhalten?<br \/>\nA4: Wir empfehlen, unsere Prozessrichtlinien zu beachten und sich auf wichtige Parameter wie Sputterleistung, Gasdruck und Substratvorspannung zu konzentrieren. Eine angemessene Erh\u00f6hung der Sputterleistung tr\u00e4gt in der Regel dazu bei, dichtere Filme mit h\u00f6herer Leistung zu erhalten.<\/p>\n<h2><span style=\"font-size: 14pt;\">Berichte<\/span><\/h2>\n<p>Jede Charge wird mit folgenden Dokumenten geliefert:<br \/>\n<span style=\"color: #0000ff;\"><a style=\"color: #0000ff;\" href=\"https:\/\/ulpmat.com\/de\/dokumente\/zertifikat-der-analyse\/\">Analysezertifikat (COA)<\/a><\/span><\/p>\n<p><span style=\"color: #0000ff;\"><a style=\"color: #0000ff;\" href=\"https:\/\/ulpmat.com\/de\/dokumente\/technisches-datenblatt\/\">Technisches Datenblatt (TDS)<\/a><\/span><\/p>\n<p><span style=\"color: #0000ff;\"><a style=\"color: #0000ff;\" href=\"https:\/\/ulpmat.com\/de\/dokumente\/sicherheitsdatenblatt\/\">Sicherheitsdatenblatt (MSDS)<\/a><\/span><br \/>\nGr\u00f6\u00dfenpr\u00fcfbericht<br \/>\nPr\u00fcfberichte von Dritten sind auf Anfrage erh\u00e4ltlich.<\/p>\n<h2><span style=\"font-size: 14pt;\">Warum sollten Sie sich f\u00fcr uns entscheiden?<\/span><\/h2>\n<p>Wir sind nicht nur ein Hersteller von Sputtertargets, sondern auch Ihr technischer Partner f\u00fcr Materiall\u00f6sungen. Wir kennen die Anwendungsanforderungen von Legierungsd\u00fcnnschichten genau und gew\u00e4hrleisten durch eine l\u00fcckenlose Kontrolle von der Zusammensetzung bis zur Pr\u00e4zisionsfertigung eine zuverl\u00e4ssige Leistung und transparente Daten f\u00fcr jedes gelieferte Sputtertarget. Wir unterst\u00fctzen Ihre Innovation und Produktion mit professionellen Produkten und Dienstleistungen.<\/p>\n","protected":false},"excerpt":{"rendered":"<p>\u00dcbersicht \u00fcber Sputtertargets aus Eisen-Zirkonium-Legierung Sputtertargets aus Eisen-Zirkonium-Legierung sind wichtige Legierungstargets, die in physikalischen Gasphasenabscheidungsprozessen (PVD) verwendet werden. Sie werden in erster Linie zum Aufbringen von hochleistungsf\u00e4higen D\u00fcnnschichten aus Eisen-Zirkonium-Legierungen auf verschiedene Substrate mittels Magnetron-Sputtern verwendet. Diese Schichten zeichnen sich durch hervorragende Haftfestigkeit, \u00fcberlegene Verschlei\u00dffestigkeit und gute Hochtemperaturstabilit\u00e4t aus und finden wichtige Anwendungen in Werkzeugbeschichtungen, [&hellip;]<\/p>\n","protected":false},"featured_media":52602,"template":"","meta":{"_acf_changed":false},"product_brand":[132],"product_cat":[562],"product_tag":[383,7947],"class_list":{"0":"post-52601","1":"product","2":"type-product","3":"status-publish","4":"has-post-thumbnail","6":"product_brand-ulpmat","7":"product_cat-legierung-sputtering-target","8":"product_tag-sputtertarget","9":"product_tag-sputtertarget-aus-eisen-zirkonium-legierung","11":"first","12":"instock","13":"shipping-taxable","14":"product-type-variable"},"acf":[],"_links":{"self":[{"href":"https:\/\/ulpmat.com\/de\/wp-json\/wp\/v2\/product\/52601","targetHints":{"allow":["GET"]}}],"collection":[{"href":"https:\/\/ulpmat.com\/de\/wp-json\/wp\/v2\/product"}],"about":[{"href":"https:\/\/ulpmat.com\/de\/wp-json\/wp\/v2\/types\/product"}],"wp:featuredmedia":[{"embeddable":true,"href":"https:\/\/ulpmat.com\/de\/wp-json\/wp\/v2\/media\/52602"}],"wp:attachment":[{"href":"https:\/\/ulpmat.com\/de\/wp-json\/wp\/v2\/media?parent=52601"}],"wp:term":[{"taxonomy":"product_brand","embeddable":true,"href":"https:\/\/ulpmat.com\/de\/wp-json\/wp\/v2\/product_brand?post=52601"},{"taxonomy":"product_cat","embeddable":true,"href":"https:\/\/ulpmat.com\/de\/wp-json\/wp\/v2\/product_cat?post=52601"},{"taxonomy":"product_tag","embeddable":true,"href":"https:\/\/ulpmat.com\/de\/wp-json\/wp\/v2\/product_tag?post=52601"}],"curies":[{"name":"wp","href":"https:\/\/api.w.org\/{rel}","templated":true}]}}