{"id":52477,"date":"2026-01-05T15:50:46","date_gmt":"2026-01-05T07:50:46","guid":{"rendered":"https:\/\/ulpmat.com\/product\/mangan-metall\/"},"modified":"2026-01-05T15:50:46","modified_gmt":"2026-01-05T07:50:46","slug":"mangan-metall","status":"publish","type":"product","link":"https:\/\/ulpmat.com\/de\/produkt\/mangan-metall\/","title":{"rendered":"Mangan-Metall"},"content":{"rendered":"<h2><span style=\"font-size: 14pt;\">\u00dcbersicht \u00fcber<\/span><span style=\"font-size: 14pt;\"> Mangan-Sputter-Targets<\/span><\/h2>\n<p><span style=\"color: #0000ff;\"><a style=\"color: #0000ff;\" href=\"https:\/\/ulpmat.com\/de\/search\/?type=element&#038;keyword=Mn\">Mangan-Metall<\/a><\/span><br \/>\n-Sputter-Targets sind hochreine Metall-Targets, die in physikalischen Gasphasenabscheidungsprozessen (PVD) zur Bildung hochwertiger D\u00fcnnschichten verwendet werden. Dieses Material findet wichtige Anwendungen in der modernen Elektronikfertigung, der optischen Beschichtung und der funktionalen Oberfl\u00e4chenbehandlung.<\/p>\n<p>Wir k\u00f6nnen hochreine Mangan-Targets in kundenspezifischen Gr\u00f6\u00dfen liefern. Bitte <span style=\"color: #0000ff;\"><a style=\"color: #0000ff;\" href=\"https:\/\/ulpmat.com\/de\/kontakt-us\/\">kontaktieren Sie uns<\/a><\/span><br \/>\n.<\/p>\n<h2><span style=\"font-size: 14pt;\">Produkt-Highlights<\/span><\/h2>\n<p>Hervorragende D\u00fcnnschichtabscheidungsleistung<br \/>\nOptionen f\u00fcr hohe Dichte und Reinheit verf\u00fcgbar<br \/>\nAnpassbare Formen<br \/>\n<span style=\"color: #0000ff;\"><a style=\"color: #0000ff;\" href=\"https:\/\/ulpmat.com\/de\/service\/personalisierung\/\">Anpassbare<\/a><\/span><br \/>\nVerbindungen und R\u00fcckseiten<br \/>\nHervorragende W\u00e4rmeleitf\u00e4higkeit und elektrische Stabilit\u00e4t<br \/>\nKompatibel mit verschiedenen Sputteranlagen<br \/>\nStrenge Qualit\u00e4tskontrolle<\/p>\n<h2><span style=\"font-size: 14pt;\">Anwendungen von Mangan-Metall-Sputter-Targets<\/span><\/h2>\n<p>Halbleiterfertigung und integrierte Schaltkreise: Mangan-Sputter-Targets k\u00f6nnen verwendet werden, um gleichm\u00e4\u00dfige, leistungsstarke Metall-D\u00fcnnschichten auf Substraten wie Siliziumwafern aufzubringen, was sie zu einem wichtigen Rohstoff f\u00fcr integrierte Schaltkreise und Halbleiterprozesse macht.<\/p>\n<p>Beschichtung von Displays und elektronischen Ger\u00e4ten: Bei der Herstellung von Flachbildschirmen, OLED\/LED-Displaykomponenten und Touch-Ger\u00e4ten werden Mangantargets verwendet, um funktionale D\u00fcnnschichten aufzubringen und so die Leistung und Zuverl\u00e4ssigkeit zu verbessern.<\/p>\n<p>Herstellung von Sensoren und Speichermedien: Sie werden zur Herstellung von Metall-D\u00fcnnschichten f\u00fcr magnetische Speichermedien und verschiedene Sensorkomponenten verwendet, um die Produktstabilit\u00e4t und das Ansprechverhalten zu verbessern.<\/p>\n<p><span style=\"color: #0000ff;\"><a style=\"color: #0000ff;\" href=\"https:\/\/ulpmat.com\/de\/anwendung\/materialien-fuer-die-optik\/\">Optische<\/a><\/span><br \/>\nund dekorative Beschichtungen: Bei optischen D\u00fcnnschicht- und dekorativen Beschichtungsverfahren verbessert die Sputterabscheidung die Kratzfestigkeit und Oberfl\u00e4chenhomogenit\u00e4t, was f\u00fcr Anwendungen wie Spiegel und Architekturglas geeignet ist.<\/p>\n<h2><span style=\"color: #0000ff;\"><a style=\"color: #0000ff;\" href=\"https:\/\/ulpmat.com\/de\/unternehmen\/faqs\/\"><span style=\"font-size: 14pt;\">H\u00e4ufig gestellte Fragen<\/span><\/a><\/span><\/h2>\n<p>F1: Welche Abscheidungsverfahren eignen sich f\u00fcr Mangan-Sputter-Targets?<br \/>\nA1: Mangan-Sputter-Targets werden haupts\u00e4chlich in physikalischen Gasphasenabscheidungsverfahren wie dem Magnetron-Sputtern verwendet, um hochwertige Metall-D\u00fcnnschichten zu bilden.<\/p>\n<p>F2: Wie wirkt sich die Reinheit des Sputter-Targets auf die Filmqualit\u00e4t aus?<br \/>\nA2: Eine h\u00f6here Target-Reinheit tr\u00e4gt dazu bei, Verunreinigungen im Film zu reduzieren, seine elektrischen und physikalischen Eigenschaften zu verbessern und somit h\u00f6here Prozessanforderungen zu erf\u00fcllen.<\/p>\n<p>F3: K\u00f6nnen Sie Targets in Nicht-Standardgr\u00f6\u00dfen liefern?<br \/>\nA3: Wir unterst\u00fctzen die Anpassung der Targetformen und -gr\u00f6\u00dfen an die Spezifikationen der Kundenausr\u00fcstung, kompatibel mit verschiedenen Modellen und Prozessplattformen.<\/p>\n<p>F4: Wie w\u00e4hlt man eine Backplane oder eine Bonding-Methode f\u00fcr das Produkt aus?<br \/>\nA4: Geeignete Backplanes und Bonding-Methoden, wie z. B. Indium-Bonding, k\u00f6nnen je nach Art der Sputterausr\u00fcstung und den W\u00e4rmebehandlungsbedingungen ausgew\u00e4hlt werden, um die Sputterstabilit\u00e4t und W\u00e4rmeableitung zu verbessern.<\/p>\n<h2><span style=\"font-size: 14pt;\">Berichte<\/span><\/h2>\n<p>Jede Charge wird mit folgenden Unterlagen geliefert:<br \/>\n<span style=\"color: #0000ff;\"><a style=\"color: #0000ff;\" href=\"https:\/\/ulpmat.com\/de\/dokumente\/zertifikat-der-analyse\/\">Analysezertifikat (COA)<\/a><\/span><\/p>\n<p><span style=\"color: #0000ff;\"><a style=\"color: #0000ff;\" href=\"https:\/\/ulpmat.com\/de\/dokumente\/technisches-datenblatt\/\">Technisches Datenblatt (TDS)<\/a><\/span><\/p>\n<p><span style=\"color: #0000ff;\"><a style=\"color: #0000ff;\" href=\"https:\/\/ulpmat.com\/de\/dokumente\/sicherheitsdatenblatt\/\">Sicherheitsdatenblatt (MSDS)<\/a><\/span><br \/>\nGr\u00f6\u00dfenpr\u00fcfbericht<br \/>\nPr\u00fcfberichte von Drittanbietern sind auf Anfrage erh\u00e4ltlich<\/p>\n<h2><span style=\"font-size: 14pt;\">. Warum sollten Sie sich f\u00fcr uns entscheiden?<\/span><\/h2>\n<p>Wir verf\u00fcgen \u00fcber ein ausgereiftes System zur Verarbeitung und Pr\u00fcfung von Targets, wodurch wir Vorteile in Bezug auf Materialreinheit, Ma\u00dfhaltigkeit und Chargenlieferung haben. Dar\u00fcber hinaus bieten wir professionellen technischen Support und zeitnahe Reaktionsdienste, um unseren Kunden eine stabile Produktion und eine hochwertige Filmherstellung zu erm\u00f6glichen.<\/p>\n","protected":false},"excerpt":{"rendered":"<p>\u00dcbersicht \u00fcber Mangan-Sputter-Targets Mangan-Metall -Sputter-Targets sind hochreine Metall-Targets, die in physikalischen Gasphasenabscheidungsprozessen (PVD) zur Bildung hochwertiger D\u00fcnnschichten verwendet werden. Dieses Material findet wichtige Anwendungen in der modernen Elektronikfertigung, der optischen Beschichtung und der funktionalen Oberfl\u00e4chenbehandlung. Wir k\u00f6nnen hochreine Mangan-Targets in kundenspezifischen Gr\u00f6\u00dfen liefern. Bitte kontaktieren Sie uns . Produkt-Highlights Hervorragende D\u00fcnnschichtabscheidungsleistung Optionen f\u00fcr hohe Dichte [&hellip;]<\/p>\n","protected":false},"featured_media":52478,"template":"","meta":{"_acf_changed":false},"product_brand":[132],"product_cat":[278],"product_tag":[7929,383],"class_list":{"0":"post-52477","1":"product","2":"type-product","3":"status-publish","4":"has-post-thumbnail","6":"product_brand-ulpmat","7":"product_cat-metall-sputtering-target","8":"product_tag-manganmetall-sputtering-target","9":"product_tag-sputtertarget","11":"first","12":"instock","13":"shipping-taxable","14":"product-type-variable"},"acf":[],"_links":{"self":[{"href":"https:\/\/ulpmat.com\/de\/wp-json\/wp\/v2\/product\/52477","targetHints":{"allow":["GET"]}}],"collection":[{"href":"https:\/\/ulpmat.com\/de\/wp-json\/wp\/v2\/product"}],"about":[{"href":"https:\/\/ulpmat.com\/de\/wp-json\/wp\/v2\/types\/product"}],"wp:featuredmedia":[{"embeddable":true,"href":"https:\/\/ulpmat.com\/de\/wp-json\/wp\/v2\/media\/52478"}],"wp:attachment":[{"href":"https:\/\/ulpmat.com\/de\/wp-json\/wp\/v2\/media?parent=52477"}],"wp:term":[{"taxonomy":"product_brand","embeddable":true,"href":"https:\/\/ulpmat.com\/de\/wp-json\/wp\/v2\/product_brand?post=52477"},{"taxonomy":"product_cat","embeddable":true,"href":"https:\/\/ulpmat.com\/de\/wp-json\/wp\/v2\/product_cat?post=52477"},{"taxonomy":"product_tag","embeddable":true,"href":"https:\/\/ulpmat.com\/de\/wp-json\/wp\/v2\/product_tag?post=52477"}],"curies":[{"name":"wp","href":"https:\/\/api.w.org\/{rel}","templated":true}]}}