{"id":52397,"date":"2026-01-05T15:50:48","date_gmt":"2026-01-05T07:50:48","guid":{"rendered":"https:\/\/ulpmat.com\/product\/manganborid\/"},"modified":"2026-01-05T15:50:48","modified_gmt":"2026-01-05T07:50:48","slug":"manganborid","status":"publish","type":"product","link":"https:\/\/ulpmat.com\/de\/produkt\/manganborid\/","title":{"rendered":"Manganborid"},"content":{"rendered":"<h2><span style=\"font-size: 14pt;\">\u00dcbersicht \u00fcber Manganboridpulver<\/span><\/h2>\n<p><span style=\"color: #0000ff;\"><a style=\"color: #0000ff;\" href=\"https:\/\/ulpmat.com\/de\/search\/?type=name&#038;keyword=Manganese+Boride\">Manganboridpulver<\/a><\/span><br \/>\nist ein hochhartes anorganisches Verbindungspulver aus Mangan und Bor, das als grauschwarzes Pulver auftritt. Dieses Material mit seiner ausgezeichneten thermischen Stabilit\u00e4t, H\u00e4rte und potenziellen magnetischen Eigenschaften wird in der Luft- und Raumfahrt, f\u00fcr neuartige Funktionsmaterialien und verschlei\u00dffeste Verbundwerkstoffe verwendet.<\/p>\n<p>Wir k\u00f6nnen hochreines Manganboridpulver mit kontrollierbarer Partikelgr\u00f6\u00dfe gem\u00e4\u00df den Kundenanforderungen liefern. Bitte <span style=\"color: #0000ff;\"><a style=\"color: #0000ff;\" href=\"https:\/\/ulpmat.com\/de\/kontakt-us\/\">kontaktieren Sie uns<\/a><\/span><br \/>\nf\u00fcr technische L\u00f6sungen und Preisinformationen.<\/p>\n<h2><span style=\"font-size: 14pt;\">Produkt-Highlights<\/span><\/h2>\n<p>Hochreines Pulver<br \/>\nKontrollierbare Partikelgr\u00f6\u00dfe<br \/>\nHohe thermische Stabilit\u00e4t<br \/>\nHohe H\u00e4rte<br \/>\nAusgezeichnete Oxidationsbest\u00e4ndigkeit<br \/>\nGeeignet f\u00fcr funktionelle Verbundwerkstoffe<br \/>\nF\u00f6rdert die Legierungsverfestigung<br \/>\nEntspricht strengen Qualit\u00e4tskontrollsystemen.<\/p>\n<h2><span style=\"font-size: 14pt;\">Anwendungen von Manganboridpulver<\/span><\/h2>\n<p>Luft- und Raumfahrtmaterialien: Dieses Pulver kann zur Herstellung von Hochtemperaturlegierungen und Strukturmaterialien verwendet werden und tr\u00e4gt dazu bei, die Stabilit\u00e4t und Lebensdauer von Bauteilen unter extremen Temperaturbedingungen zu verbessern.<\/p>\n<p>Verschlei\u00dffeste und funktionelle Verbundwerkstoffe: Wird zur Entwicklung hochharter, verschlei\u00dffester pulvermetallurgischer Verbundwerkstoffe verwendet, wodurch die allgemeinen mechanischen Eigenschaften und die Haltbarkeit der Materialien verbessert werden.<\/p>\n<p>Elektronische und <span style=\"color: #0000ff;\"><a style=\"color: #0000ff;\" href=\"https:\/\/ulpmat.com\/de\/anwendung\/halbleiter-materialien\/\">halbleiterbasierte<\/a><\/span><br \/>\nKomponenten: Als funktioneller F\u00fcllstoff oder Zusatzstoff kann es die Leistung und W\u00e4rmeableitungseigenschaften von elektronischen Ger\u00e4ten und Halbleitermaterialien verbessern.<\/p>\n<p>Magnetische und neuartige Materialkonstruktionen: Bestimmte Manganboride besitzen magnetische Eigenschaften und k\u00f6nnen zur Entwicklung von magnetischen Materialien, Sensorvorrichtungen und neuartigen Verbundwerkstoffsystemen verwendet werden.<\/p>\n<h2><span style=\"color: #0000ff;\"><a style=\"color: #0000ff;\" href=\"https:\/\/ulpmat.com\/de\/unternehmen\/faqs\/\"><span style=\"font-size: 14pt;\">H\u00e4ufig gestellte Fragen<\/span><\/a><\/span><\/h2>\n<p>F1: Was ist die Hauptverbindung von Manganboridpulver?<\/p>\n<p>A1: Dieses Pulver ist eine Verbindung aus Mangan und Bor. Es hat aufgrund seiner hohen H\u00e4rte und thermischen Stabilit\u00e4t Aufmerksamkeit erregt.<\/p>\n<p>F2: Kann dieses Pulver in Umgebungen mit hohen Temperaturen verwendet werden?<\/p>\n<p>A2: Aufgrund des hohen Schmelzpunktes und der thermischen Stabilit\u00e4t von Manganboriden eignet es sich f\u00fcr Hochtemperatur-Materialsysteme.<\/p>\n<p>F3: Kann die Partikelgr\u00f6\u00dfe von Manganboridpulver angepasst werden?<\/p>\n<p>A3: Ja, je nach Prozessanforderungen k\u00f6nnen Pulverspezifikationen mit unterschiedlichen Partikelgr\u00f6\u00dfenbereichen f\u00fcr verschiedene Anwendungen bereitgestellt werden.<\/p>\n<p>F4: Ist eine Oberfl\u00e4chenbehandlung oder Modifizierung dieses Pulvers \u00fcblich?<\/p>\n<p>A4: Bei der Forschung und Entwicklung einiger hochwertiger Verbundwerkstoffe wird die Pulveroberfl\u00e4che h\u00e4ufig funktionalisiert, um die Dispergierbarkeit oder die Bindung mit dem Matrixmaterial zu verbessern.<\/p>\n<h2><span style=\"font-size: 14pt;\">Berichte<\/span><\/h2>\n<p>Jede Charge wird geliefert mit:<br \/>\n<span style=\"color: #0000ff;\"><a style=\"color: #0000ff;\" href=\"https:\/\/ulpmat.com\/de\/dokumente\/zertifikat-der-analyse\/\">Analysezertifikat (COA)<\/a><\/span><\/p>\n<p><span style=\"color: #0000ff;\"><a style=\"color: #0000ff;\" href=\"https:\/\/ulpmat.com\/de\/dokumente\/technisches-datenblatt\/\">Technisches Datenblatt (TDS)<\/a><\/span><\/p>\n<p><span style=\"color: #0000ff;\"><a style=\"color: #0000ff;\" href=\"https:\/\/ulpmat.com\/de\/dokumente\/sicherheitsdatenblatt\/\">Sicherheitsdatenblatt (MSDS)<\/a><\/span><br \/>\nTestberichte von Drittanbietern sind auf Anfrage erh\u00e4ltlich<\/p>\n<h2><span style=\"font-size: 14pt;\">Warum sollten Sie sich f\u00fcr uns entscheiden?<\/span><\/h2>\n<p>Wir verf\u00fcgen \u00fcber ein ausgereiftes System zur Herstellung und Qualit\u00e4tskontrolle von Pulvermaterialien, das es uns erm\u00f6glicht, hochwertiges Manganboridpulver in verschiedenen Spezifikationen stabil zu liefern. Dar\u00fcber hinaus bieten wir unseren Kunden professionellen technischen Support, ma\u00dfgeschneiderte L\u00f6sungen und zeitnahen <span style=\"color: #0000ff;\"><a style=\"color: #0000ff;\" href=\"https:\/\/ulpmat.com\/de\/service\/service-nach-dem-verkauf\/\">Kundendienst,<\/a><\/span><br \/>\num sie bei der Optimierung der Produktleistung und Produktionseffizienz zu unterst\u00fctzen.<\/p>\n","protected":false},"excerpt":{"rendered":"<p>\u00dcbersicht \u00fcber Manganboridpulver Manganboridpulver ist ein hochhartes anorganisches Verbindungspulver aus Mangan und Bor, das als grauschwarzes Pulver auftritt. Dieses Material mit seiner ausgezeichneten thermischen Stabilit\u00e4t, H\u00e4rte und potenziellen magnetischen Eigenschaften wird in der Luft- und Raumfahrt, f\u00fcr neuartige Funktionsmaterialien und verschlei\u00dffeste Verbundwerkstoffe verwendet. Wir k\u00f6nnen hochreines Manganboridpulver mit kontrollierbarer Partikelgr\u00f6\u00dfe gem\u00e4\u00df den Kundenanforderungen liefern. Bitte [&hellip;]<\/p>\n","protected":false},"featured_media":52398,"template":"","meta":{"_acf_changed":false},"product_brand":[132],"product_cat":[712],"product_tag":[7917],"class_list":{"0":"post-52397","1":"product","2":"type-product","3":"status-publish","4":"has-post-thumbnail","6":"product_brand-ulpmat","7":"product_cat-feuerfeste-materialien","8":"product_tag-manganborid-pulver","10":"first","11":"instock","12":"shipping-taxable","13":"product-type-variable"},"acf":[],"_links":{"self":[{"href":"https:\/\/ulpmat.com\/de\/wp-json\/wp\/v2\/product\/52397","targetHints":{"allow":["GET"]}}],"collection":[{"href":"https:\/\/ulpmat.com\/de\/wp-json\/wp\/v2\/product"}],"about":[{"href":"https:\/\/ulpmat.com\/de\/wp-json\/wp\/v2\/types\/product"}],"wp:featuredmedia":[{"embeddable":true,"href":"https:\/\/ulpmat.com\/de\/wp-json\/wp\/v2\/media\/52398"}],"wp:attachment":[{"href":"https:\/\/ulpmat.com\/de\/wp-json\/wp\/v2\/media?parent=52397"}],"wp:term":[{"taxonomy":"product_brand","embeddable":true,"href":"https:\/\/ulpmat.com\/de\/wp-json\/wp\/v2\/product_brand?post=52397"},{"taxonomy":"product_cat","embeddable":true,"href":"https:\/\/ulpmat.com\/de\/wp-json\/wp\/v2\/product_cat?post=52397"},{"taxonomy":"product_tag","embeddable":true,"href":"https:\/\/ulpmat.com\/de\/wp-json\/wp\/v2\/product_tag?post=52397"}],"curies":[{"name":"wp","href":"https:\/\/api.w.org\/{rel}","templated":true}]}}