{"id":52355,"date":"2026-01-05T15:50:49","date_gmt":"2026-01-05T07:50:49","guid":{"rendered":"https:\/\/ulpmat.com\/product\/mangan-kobalt-legierung\/"},"modified":"2026-01-05T15:50:49","modified_gmt":"2026-01-05T07:50:49","slug":"mangan-kobalt-legierung","status":"publish","type":"product","link":"https:\/\/ulpmat.com\/de\/produkt\/mangan-kobalt-legierung\/","title":{"rendered":"Mangan-Kobalt-Legierung"},"content":{"rendered":"<h2><span style=\"font-size: 14pt;\">\u00dcbersicht \u00fcber<\/span><span style=\"font-size: 14pt;\"> Sputtertargets <span style=\"color: #0000ff;\"><a style=\"color: #0000ff;\" href=\"https:\/\/ulpmat.com\/de\/search\/?type=name&#038;keyword=Manganese+Cobalt+Alloy\">aus Mangan-Kobalt-Legierung<\/a><\/span><\/span><\/h2>\n<p>Sputtertargets aus Mangan-Kobalt-Legierung sind hochreine Metall- oder Legierungstargets aus Mangan (Mn) und Kobalt (Co), die speziell f\u00fcr die Bildung gleichm\u00e4\u00dfiger D\u00fcnnschichten in physikalischen Gasphasenabscheidungssystemen (PVD) entwickelt wurden. Diese Legierungs-Sputtertargets spielen eine entscheidende Rolle bei der Herstellung von elektronischen und magnetischen Materialien sowie fortschrittlichen funktionalen D\u00fcnnschichten und k\u00f6nnen in Halbleiterbauelementen, magnetischen Speichern und anderen Pr\u00e4zisions-Schichtungsprozessen eingesetzt werden.<\/p>\n<p>Wir bieten Mangan-Kobalt-Legierungs-Sputtertargets in verschiedenen Zusammensetzungsverh\u00e4ltnissen und Gr\u00f6\u00dfen an und k\u00f6nnen diese an Ihre Prozessanforderungen anpassen. Bitte <span style=\"color: #0000ff;\"><a style=\"color: #0000ff;\" href=\"https:\/\/ulpmat.com\/de\/kontakt-us\/\">kontaktieren Sie uns<\/a><\/span><br \/>\n.<\/p>\n<h2><span style=\"font-size: 14pt;\">Produkt-Highlights<\/span><\/h2>\n<p>Hochreines Material<br \/>\nGleichm\u00e4\u00dfige und dichte Legierung<br \/>\nGeeignet f\u00fcr DC- und RF-Sputtern<br \/>\n<span style=\"color: #0000ff;\"><a style=\"color: #0000ff;\" href=\"https:\/\/ulpmat.com\/de\/service\/personalisierung\/\">Anpassbare<\/a><\/span><br \/>\nForm und Gr\u00f6\u00dfe<br \/>\nAusgezeichnete thermische Stabilit\u00e4t<br \/>\nHohe Filmkonsistenz<br \/>\nGeeignet f\u00fcr komplexe Filmschichtsysteme<br \/>\nStabile Chargenlieferung.<\/p>\n<h2><span style=\"font-size: 14pt;\">Anwendungen von Sputtertargets aus Mangan-Kobalt-Legierungen<\/span><\/h2>\n<p>Herstellung von<br \/>\n<span style=\"color: #0000ff;\"><a style=\"color: #0000ff;\" href=\"https:\/\/ulpmat.com\/de\/anwendung\/halbleiter-materialien\/\">Halbleiter<\/a><\/span><br \/>\n-D\u00fcnnschichten: MnCo-Targets werden in Magnetron-Sputteranlagen zur Abscheidung von Metall- oder Legierungsd\u00fcnnschichten verwendet und bieten eine stabile Materialbasis f\u00fcr integrierte Schaltkreise, Elektroden und Funktionsschichten.<\/p>\n<p>Magnetische Speicherger\u00e4te: Dieses Legierungs-Target kann zur Herstellung magnetischer D\u00fcnnschichtkomponenten verwendet werden, wodurch die magnetische Ansprechleistung und Stabilit\u00e4t von Datenspeichermedien verbessert wird, was es zu einem wichtigen Material in der magnetischen Speicherindustrie macht.<\/p>\n<p>Sensoren und mikroelektronische Ger\u00e4te: Bei der Herstellung mikroelektronischer Komponenten wie Sensoren und MEMS k\u00f6nnen mit MnCo-Targets abgeschiedene Funktionsschichten die Empfindlichkeit und elektrische Leistung der Ger\u00e4te optimieren.<\/p>\n<p>Fortschrittliche funktionale D\u00fcnnschichten und optoelektronische Bauelemente: Wird zur Herstellung von D\u00fcnnschichtmaterialien mit besonderen elektrischen, magnetischen oder chemischen Funktionen verwendet, die f\u00fcr D\u00fcnnschichtanwendungen in den Bereichen Display, Optoelektronik und neue Energien geeignet sind.<\/p>\n<h2><span style=\"color: #0000ff;\"><a style=\"color: #0000ff;\" href=\"https:\/\/ulpmat.com\/de\/unternehmen\/faqs\/\"><span style=\"font-size: 14pt;\">H\u00e4ufig gestellte Fragen<\/span><\/a><\/span><\/h2>\n<p>F1: Was sind die typischen Zusammensetzungskombinationen von MnCo-Sputter-Targets?<br \/>\nA1: MnCo-Targets sind in der Regel ein Legierungssystem aus Mangan und Kobalt. Das Verh\u00e4ltnis der beiden Metalle und die Zusammensetzung des Targets k\u00f6nnen entsprechend den spezifischen Anforderungen an den D\u00fcnnfilm angepasst werden.<\/p>\n<p>F2: F\u00fcr welche Sputterprozesse ist dieses Target geeignet?<br \/>\nA2: Es ist mit DC- und RF-Magnetron-Sputteranlagen kompatibel und f\u00fcr verschiedene PVD-Sputter-Abscheidungsprozesse geeignet.<\/p>\n<p>F3: K\u00f6nnen Gr\u00f6\u00dfe und Form des Targets angepasst werden?<br \/>\nA3: Ja, Targets k\u00f6nnen in runder, quadratischer oder spezifischer Gr\u00f6\u00dfe angepasst werden, um den Anforderungen verschiedener Anlagen und Prozesse gerecht zu werden.<\/p>\n<p>F4: Wie wirkt sich die Reinheit von Legierungs-Targets auf die Filmabscheidungsleistung aus?<br \/>\nA4: Hochreine Targets k\u00f6nnen den Verunreinigungsgehalt im Film reduzieren, die elektrischen und magnetischen Eigenschaften des Films verbessern und die Produktkonsistenz erh\u00f6hen.<\/p>\n<h2><span style=\"font-size: 14pt;\">Berichte<\/span><\/h2>\n<p>Jede Charge wird geliefert mit:<br \/>\n<span style=\"color: #0000ff;\"><a style=\"color: #0000ff;\" href=\"https:\/\/ulpmat.com\/de\/dokumente\/zertifikat-der-analyse\/\">Analysezertifikat (COA)<\/a><\/span><\/p>\n<p><span style=\"color: #0000ff;\"><a style=\"color: #0000ff;\" href=\"https:\/\/ulpmat.com\/de\/dokumente\/technisches-datenblatt\/\">Technisches Datenblatt (TDS)<\/a><\/span><\/p>\n<p><span style=\"color: #0000ff;\"><a style=\"color: #0000ff;\" href=\"https:\/\/ulpmat.com\/de\/dokumente\/sicherheitsdatenblatt\/\">Sicherheitsdatenblatt (MSDS)<\/a><\/span><br \/>\nGr\u00f6\u00dfenpr\u00fcfbericht<br \/>\nTestberichte von Drittanbietern sind auf Anfrage erh\u00e4ltlich.<\/p>\n<h2><span style=\"font-size: 14pt;\">Warum sollten Sie sich f\u00fcr uns entscheiden?<\/span><\/h2>\n<p>Wir verf\u00fcgen \u00fcber ausgereifte F\u00e4higkeiten in der Entwicklung und Verarbeitung von Targets, kontrollieren streng die Materialreinheit und strukturelle Konsistenz und k\u00f6nnen die Spezifikationen an die Anforderungen der Kundenausr\u00fcstung anpassen. Wir bieten professionellen <span style=\"color: #0000ff;\"><a style=\"color: #0000ff;\" href=\"https:\/\/ulpmat.com\/de\/service\/technische-unterstuetzung\/\">technischen Support<\/a><\/span><br \/>\nund schnelle Lieferdienste und bieten unseren Kunden eine zuverl\u00e4ssige Materialgrundlage im Bereich der D\u00fcnnschichtabscheidung.<\/p>\n","protected":false},"excerpt":{"rendered":"<p>\u00dcbersicht \u00fcber Sputtertargets aus Mangan-Kobalt-Legierung Sputtertargets aus Mangan-Kobalt-Legierung sind hochreine Metall- oder Legierungstargets aus Mangan (Mn) und Kobalt (Co), die speziell f\u00fcr die Bildung gleichm\u00e4\u00dfiger D\u00fcnnschichten in physikalischen Gasphasenabscheidungssystemen (PVD) entwickelt wurden. Diese Legierungs-Sputtertargets spielen eine entscheidende Rolle bei der Herstellung von elektronischen und magnetischen Materialien sowie fortschrittlichen funktionalen D\u00fcnnschichten und k\u00f6nnen in Halbleiterbauelementen, magnetischen [&hellip;]<\/p>\n","protected":false},"featured_media":52356,"template":"","meta":{"_acf_changed":false},"product_brand":[132],"product_cat":[562],"product_tag":[7905,383],"class_list":{"0":"post-52355","1":"product","2":"type-product","3":"status-publish","4":"has-post-thumbnail","6":"product_brand-ulpmat","7":"product_cat-legierung-sputtering-target","8":"product_tag-mangan-kobalt-legierung-sputtering-target","9":"product_tag-sputtertarget","11":"first","12":"instock","13":"shipping-taxable","14":"product-type-variable"},"acf":[],"_links":{"self":[{"href":"https:\/\/ulpmat.com\/de\/wp-json\/wp\/v2\/product\/52355","targetHints":{"allow":["GET"]}}],"collection":[{"href":"https:\/\/ulpmat.com\/de\/wp-json\/wp\/v2\/product"}],"about":[{"href":"https:\/\/ulpmat.com\/de\/wp-json\/wp\/v2\/types\/product"}],"wp:featuredmedia":[{"embeddable":true,"href":"https:\/\/ulpmat.com\/de\/wp-json\/wp\/v2\/media\/52356"}],"wp:attachment":[{"href":"https:\/\/ulpmat.com\/de\/wp-json\/wp\/v2\/media?parent=52355"}],"wp:term":[{"taxonomy":"product_brand","embeddable":true,"href":"https:\/\/ulpmat.com\/de\/wp-json\/wp\/v2\/product_brand?post=52355"},{"taxonomy":"product_cat","embeddable":true,"href":"https:\/\/ulpmat.com\/de\/wp-json\/wp\/v2\/product_cat?post=52355"},{"taxonomy":"product_tag","embeddable":true,"href":"https:\/\/ulpmat.com\/de\/wp-json\/wp\/v2\/product_tag?post=52355"}],"curies":[{"name":"wp","href":"https:\/\/api.w.org\/{rel}","templated":true}]}}