{"id":52085,"date":"2026-01-05T15:50:53","date_gmt":"2026-01-05T07:50:53","guid":{"rendered":"https:\/\/ulpmat.com\/product\/mangantellurid\/"},"modified":"2026-01-05T15:50:53","modified_gmt":"2026-01-05T07:50:53","slug":"mangantellurid","status":"publish","type":"product","link":"https:\/\/ulpmat.com\/de\/produkt\/mangantellurid\/","title":{"rendered":"Mangantellurid"},"content":{"rendered":"<h2><span style=\"font-size: 14pt;\">\u00dcbersicht \u00fcber Mangantelluridpulver<\/span><\/h2>\n<p><span style=\"color: #0000ff;\"><a style=\"color: #0000ff;\" href=\"https:\/\/ulpmat.com\/de\/search\/?type=name&#038;keyword=Manganese+Telluride\">Mangantelluridpulver<\/a><\/span><br \/>\nist eine Verbindung aus Mangan und Tellur, die h\u00e4ufig in der <span style=\"color: #0000ff;\"><a style=\"color: #0000ff;\" href=\"https:\/\/ulpmat.com\/de\/anwendung\/halbleiter-materialien\/\">Halbleiter-<\/a><\/span><br \/>\nund Optoelektronikbranche verwendet wird. Es weist eine ausgezeichnete thermische Stabilit\u00e4t und elektrische Leitf\u00e4higkeit auf und eignet sich daher ideal f\u00fcr die Herstellung von Hochleistungsmaterialien und -ger\u00e4ten.<\/p>\n<p>Wir bieten hochreines MnTe-Pulver mit einheitlicher Partikelgr\u00f6\u00dfe an, das f\u00fcr zahlreiche industrielle Anwendungen geeignet ist. F\u00fcr weitere Produktdetails und ma\u00dfgeschneiderte Dienstleistungen <span style=\"color: #0000ff;\"><a style=\"color: #0000ff;\" href=\"https:\/\/ulpmat.com\/de\/kontakt-us\/\">wenden<\/a><\/span><br \/>\nSie <span style=\"color: #0000ff;\"><a style=\"color: #0000ff;\" href=\"https:\/\/ulpmat.com\/de\/kontakt-us\/\">sich<\/a><\/span><br \/>\nbitte <span style=\"color: #0000ff;\"><a style=\"color: #0000ff;\" href=\"https:\/\/ulpmat.com\/de\/kontakt-us\/\">an uns<\/a><\/span><br \/>\n.<\/p>\n<h2><span style=\"font-size: 14pt;\">Produkt-Highlights<\/span><\/h2>\n<p>Hochreines Pulver<br \/>\nHervorragende thermische Stabilit\u00e4t<br \/>\nGute elektrische Leitf\u00e4higkeit<br \/>\nF\u00fcr zahlreiche Anwendungen geeignet<br \/>\nEinheitliche Partikelgr\u00f6\u00dfe<br \/>\nChargenstabilit\u00e4t<br \/>\nStrenge Qualit\u00e4tskontrolle An Ihre Bed\u00fcrfnisse<br \/>\n<span style=\"color: #0000ff;\"><a style=\"color: #0000ff;\" href=\"https:\/\/ulpmat.com\/de\/service\/personalisierung\/\">anpassbar<\/a><\/span><\/p>\n<h2><span style=\"font-size: 14pt;\">Anwendungen von Mangan-Tellurid-Pulver<\/span><\/h2>\n<p>Halbleitermaterialien: Als wichtiges Material in der Halbleiterindustrie wird es h\u00e4ufig bei der Herstellung von optoelektronischen Ger\u00e4ten und Solarzellen verwendet. Aufgrund seiner ausgezeichneten elektrischen Leitf\u00e4higkeit spielt es eine entscheidende Rolle in hocheffizienten Halbleiterger\u00e4ten.<\/p>\n<p><span style=\"color: #0000ff;\"><a style=\"color: #0000ff;\" href=\"https:\/\/ulpmat.com\/de\/anwendung\/materialien-fuer-die-optik\/\">Optoelektronische<\/a><\/span><br \/>\nGer\u00e4te: Als hocheffizientes optoelektronisches Material wird MnTe-Pulver h\u00e4ufig bei der Herstellung von Fotodetektoren und Lasern verwendet, wo es zur Verbesserung der Ger\u00e4teleistung und -stabilit\u00e4t beitr\u00e4gt, und findet breite Anwendung in den Bereichen Laserkommunikation und Bildsensoren.<\/p>\n<p>Thermoelektrische Materialien: MnTe-Pulver besitzt ausgezeichnete thermoelektrische Eigenschaften und wird h\u00e4ufig bei der Herstellung von thermoelektrischen K\u00fchlmaterialien und thermoelektrischen Stromerzeugungsger\u00e4ten verwendet, wodurch es breite Anwendungsm\u00f6glichkeiten in der Energier\u00fcckgewinnung und thermoelektrischen Stromerzeugung bietet.<\/p>\n<p>Katalysatoranwendungen: MnTe-Pulver zeigt bei bestimmten katalytischen Reaktionen eine signifikante katalytische Aktivit\u00e4t und wird h\u00e4ufig bei der Gasverarbeitung und organischen Reaktionen eingesetzt, wo es hocheffiziente katalytische Effekte erzielt.<\/p>\n<h2><span style=\"color: #0000ff;\"><a style=\"color: #0000ff;\" href=\"https:\/\/ulpmat.com\/de\/unternehmen\/faqs\/\"><span style=\"font-size: 14pt;\">H\u00e4ufig gestellte Fragen<\/span><\/a><\/span><\/h2>\n<p>F1: Was sind die Hauptanwendungsbereiche dieses Pulvers?<br \/>\nA1: Es wird h\u00e4ufig in Halbleitermaterialien, optoelektronischen Ger\u00e4ten, thermoelektrischen Materialien und Katalysatoren verwendet und ist eine ideale Wahl f\u00fcr die Herstellung von Hochleistungsmaterialien und -ger\u00e4ten.<\/p>\n<p>F2: Welche Rolle spielt Mangan-Tellurid-Pulver im Halbleiterbereich?<br \/>\nA2: Als elektronisches Material im Halbleiterbereich bietet es eine ausgezeichnete elektrische Leitf\u00e4higkeit und wird h\u00e4ufig bei der Herstellung von optoelektronischen Ger\u00e4ten und Solarzellen verwendet.<\/p>\n<p>F3: Wie wirkt sich Mangan-Tellurid-Pulver auf die Leistung von thermoelektrischen Materialien aus?<br \/>\nA3: Es besitzt ausgezeichnete thermoelektrische Eigenschaften und kann zur Herstellung von thermoelektrischen K\u00fchl- und Stromerzeugungsmaterialien verwendet werden, wodurch die Effizienz von thermoelektrischen Ger\u00e4ten verbessert wird.<\/p>\n<p>F4: Wie w\u00e4hlt man die Reinheit aus?<br \/>\nA4: Die Reinheit sollte auf der Grundlage der Anwendungsanforderungen bestimmt werden. Halbleiter- und optoelektronische Anwendungen erfordern in der Regel eine h\u00f6here Reinheit, w\u00e4hrend andere industrielle Anwendungen relativ geringere Reinheitsanforderungen haben.<\/p>\n<h2><span style=\"font-size: 14pt;\">Berichte<\/span><\/h2>\n<p>Jede Charge wird geliefert mit:<br \/>\n<span style=\"color: #0000ff;\"><a style=\"color: #0000ff;\" href=\"https:\/\/ulpmat.com\/de\/dokumente\/zertifikat-der-analyse\/\">Analysezertifikat (COA)<\/a><\/span><\/p>\n<p><span style=\"color: #0000ff;\"><a style=\"color: #0000ff;\" href=\"https:\/\/ulpmat.com\/de\/dokumente\/technisches-datenblatt\/\">Technisches Datenblatt (TDS)<\/a><\/span><\/p>\n<p><span style=\"color: #0000ff;\"><a style=\"color: #0000ff;\" href=\"https:\/\/ulpmat.com\/de\/dokumente\/sicherheitsdatenblatt\/\">Sicherheitsdatenblatt (MSDS)<\/a><\/span><br \/>\nTestberichte von Dritten sind auf Anfrage erh\u00e4ltlich<\/p>\n<h2><span style=\"font-size: 14pt;\">Warum sollten Sie sich f\u00fcr uns entscheiden?<\/span><\/h2>\n<p>Wir sind bestrebt, hochreines, hochwertiges MnTe-Pulver anzubieten. Strenge Qualit\u00e4tskontrollen und fortschrittliche Produktionsprozesse gew\u00e4hrleisten die Konsistenz jeder Charge. Durch ma\u00dfgeschneiderte Dienstleistungen und umfassenden technischen Support bieten wir unseren Kunden die am besten geeigneten Produktl\u00f6sungen, damit sie in verschiedenen Anwendungsbereichen optimale Leistungen erzielen k\u00f6nnen.<\/p>\n","protected":false},"excerpt":{"rendered":"<p>\u00dcbersicht \u00fcber Mangantelluridpulver Mangantelluridpulver ist eine Verbindung aus Mangan und Tellur, die h\u00e4ufig in der Halbleiter- und Optoelektronikbranche verwendet wird. Es weist eine ausgezeichnete thermische Stabilit\u00e4t und elektrische Leitf\u00e4higkeit auf und eignet sich daher ideal f\u00fcr die Herstellung von Hochleistungsmaterialien und -ger\u00e4ten. Wir bieten hochreines MnTe-Pulver mit einheitlicher Partikelgr\u00f6\u00dfe an, das f\u00fcr zahlreiche industrielle Anwendungen [&hellip;]<\/p>\n","protected":false},"featured_media":52086,"template":"","meta":{"_acf_changed":false},"product_brand":[132],"product_cat":[670,1090],"product_tag":[7863],"class_list":{"0":"post-52085","1":"product","2":"type-product","3":"status-publish","4":"has-post-thumbnail","6":"product_brand-ulpmat","7":"product_cat-chalkogenid-materialien","8":"product_cat-chalkogenid-materialien-de","9":"product_tag-mangantellurid-pulver","11":"first","12":"instock","13":"shipping-taxable","14":"product-type-variable"},"acf":[],"_links":{"self":[{"href":"https:\/\/ulpmat.com\/de\/wp-json\/wp\/v2\/product\/52085","targetHints":{"allow":["GET"]}}],"collection":[{"href":"https:\/\/ulpmat.com\/de\/wp-json\/wp\/v2\/product"}],"about":[{"href":"https:\/\/ulpmat.com\/de\/wp-json\/wp\/v2\/types\/product"}],"wp:featuredmedia":[{"embeddable":true,"href":"https:\/\/ulpmat.com\/de\/wp-json\/wp\/v2\/media\/52086"}],"wp:attachment":[{"href":"https:\/\/ulpmat.com\/de\/wp-json\/wp\/v2\/media?parent=52085"}],"wp:term":[{"taxonomy":"product_brand","embeddable":true,"href":"https:\/\/ulpmat.com\/de\/wp-json\/wp\/v2\/product_brand?post=52085"},{"taxonomy":"product_cat","embeddable":true,"href":"https:\/\/ulpmat.com\/de\/wp-json\/wp\/v2\/product_cat?post=52085"},{"taxonomy":"product_tag","embeddable":true,"href":"https:\/\/ulpmat.com\/de\/wp-json\/wp\/v2\/product_tag?post=52085"}],"curies":[{"name":"wp","href":"https:\/\/api.w.org\/{rel}","templated":true}]}}