{"id":51964,"date":"2026-01-06T11:35:35","date_gmt":"2026-01-06T03:35:35","guid":{"rendered":"https:\/\/ulpmat.com\/product\/chrom-metall-4\/"},"modified":"2026-01-06T11:35:35","modified_gmt":"2026-01-06T03:35:35","slug":"chrom-metall-4","status":"publish","type":"product","link":"https:\/\/ulpmat.com\/de\/produkt\/chrom-metall-4\/","title":{"rendered":"Chrom-Metall"},"content":{"rendered":"<h2><span style=\"font-size: 14pt;\">\u00dcbersicht \u00fcber Chrommetallteile<\/span><\/h2>\n<p><span style=\"color: #0000ff;\"><a style=\"color: #0000ff;\" href=\"https:\/\/ulpmat.com\/de\/search\/?type=name&#038;keyword=Chromium+meta\">Chrommetal<\/a>l<a style=\"color: #0000ff;\" href=\"https:\/\/ulpmat.com\/de\/search\/?type=name&#038;keyword=Chromium+meta\">teile<\/a><\/span><br \/>\nsind ein metallisches Material mit ausgezeichneter Korrosionsbest\u00e4ndigkeit und Hochtemperaturbest\u00e4ndigkeit, das in verschiedenen Industriebereichen weit verbreitet ist. Aufgrund seiner guten mechanischen Eigenschaften und chemischen Stabilit\u00e4t eignet es sich ideal f\u00fcr die Herstellung von hochbest\u00e4ndigen Legierungen, elektronischen Bauteilen und vielem mehr.<\/p>\n<p>Wir bieten hochwertige Chrommetallbleche f\u00fcr unterschiedliche industrielle Anforderungen, einschlie\u00dflich kundenspezifischer Spezifikationen und Gr\u00f6\u00dfen. Bei <span style=\"color: #0000ff;\"><a style=\"color: #0000ff;\" href=\"https:\/\/ulpmat.com\/de\/kontakt-us\/\">Fragen<\/a><\/span><br \/>\nzu<span style=\"color: #0000ff;\"> <a style=\"color: #0000ff;\" href=\"https:\/\/ulpmat.com\/de\/service\/personalisierung\/\">Sonderanfertigungen<\/a><\/span><br \/>\noder Produkten k\u00f6nnen Sie <span style=\"color: #0000ff;\"><a style=\"color: #0000ff;\" href=\"https:\/\/ulpmat.com\/de\/kontakt-us\/\">sich<\/a><\/span><br \/>\ngerne <span style=\"color: #0000ff;\"><a style=\"color: #0000ff;\" href=\"https:\/\/ulpmat.com\/de\/kontakt-us\/\">an uns wenden<\/a><\/span><br \/>\n.<\/p>\n<h2><span style=\"font-size: 14pt;\">Produkt-Highlights<\/span><\/h2>\n<p>Hochreines Metallblech<br \/>\nHohe Temperaturbest\u00e4ndigkeit<br \/>\nGute Korrosionsbest\u00e4ndigkeit<br \/>\nHohe mechanische Festigkeit<br \/>\nGeeignet f\u00fcr verschiedene Anwendungen<br \/>\n<span style=\"color: #0000ff;\"><a style=\"color: #0000ff;\" href=\"https:\/\/ulpmat.com\/de\/service\/personalisierung\/\">Anpassbare<\/a><\/span><br \/>\nSpezifikationen<br \/>\nStabile Lieferkette<br \/>\nStrenge Qualit\u00e4tskontrolle<\/p>\n<h2><span style=\"font-size: 14pt;\">Anwendungen von Chrommetallteilen<\/span><\/h2>\n<p><strong>Herstellung von Hochtemperaturlegierungen:<\/strong><br \/>\nWeit verbreitet in der Herstellung von Hochtemperaturlegierungen, insbesondere in der Luft- und Raumfahrt und in High-End-Maschinen. Dank seiner Hochtemperaturbest\u00e4ndigkeit beh\u00e4lt es auch unter extremen Temperaturbedingungen seine hervorragende Leistungsf\u00e4higkeit und ist damit ein wichtiger Werkstoff f\u00fcr die Herstellung von Gasturbinen und anderen Hochtemperaturkomponenten.<\/p>\n<p><strong>Elektronische Komponenten:<\/strong><br \/>\nEs hat wichtige Anwendungen in der Elektronikindustrie, insbesondere bei der Herstellung von Batterien, Schaltern, leitf\u00e4higen Kontaktmaterialien usw., wo es f\u00fcr zuverl\u00e4ssige Leitf\u00e4higkeit und Haltbarkeit sorgt und die Lebensdauer elektronischer Ger\u00e4te verl\u00e4ngert.<\/p>\n<p><strong>Chemische Anlagen:<\/strong><br \/>\nIn der chemischen Industrie wird es h\u00e4ufig bei der Herstellung von Reaktoren, Rohren und Beh\u00e4ltern verwendet. Seine ausgezeichnete Korrosionsbest\u00e4ndigkeit und Hochtemperaturbest\u00e4ndigkeit machen es zu einem idealen Material f\u00fcr die petrochemische und andere chemische Verarbeitung.<\/p>\n<p><strong>Abriebfeste Oberfl\u00e4chenbehandlung:<\/strong><br \/>\nAufgrund seiner H\u00e4rte und Abriebfestigkeit wird Chromblech h\u00e4ufig f\u00fcr die Oberfl\u00e4chenbehandlung von abriebfesten Materialien und Werkzeugen verwendet und spielt insbesondere bei der Herstellung von Hochleistungs-Schneidwerkzeugen, Schleifmitteln und Schwermaschinen eine entscheidende Rolle.<\/p>\n<h2><span style=\"color: #0000ff;\"><a style=\"color: #0000ff;\" href=\"https:\/\/ulpmat.com\/de\/unternehmen\/faqs\/\"><span style=\"font-size: 14pt;\">H\u00e4ufig gestellte Fragen<\/span><\/a><\/span><\/h2>\n<p>F1: Was sind die Hauptanwendungsbereiche von Chromblech?<br \/>\nA1: Sie werden h\u00e4ufig in der Herstellung von Hochtemperaturlegierungen, elektronischen Bauteilen, chemischen Anlagen und bei der abriebfesten Oberfl\u00e4chenbehandlung eingesetzt und sind ein wichtiger Rohstoff in vielen Industriezweigen.<\/p>\n<p>F2: Wie wirkt sich die Reinheit von Chromblech auf seine Anwendungsbereiche aus?<br \/>\nA2: Hochreines Chromblech bietet eine bessere Korrosionsbest\u00e4ndigkeit und thermische Stabilit\u00e4t und eignet sich f\u00fcr Anwendungen mit hohen Reinheitsanforderungen, wie z. B. in der Luft- und Raumfahrt, bei elektronischen Bauteilen und in chemischen Reaktoren.<\/p>\n<p>F3: Welche Rolle spielt Chromblech in elektronischen Bauteilen?<br \/>\nA3: Es bietet eine ausgezeichnete elektrische Leitf\u00e4higkeit und Korrosionsbest\u00e4ndigkeit in elektronischen Bauteilen und wird h\u00e4ufig in elektronischen Bauteilen wie Batterien, elektrischen Kontaktmaterialien und Schaltern verwendet, um die Haltbarkeit und Effizienz von Ger\u00e4ten zu verbessern.<\/p>\n<p>F4: Wie sind Chrombleche zu lagern?<br \/>\nA4: Sie sollten in einer trockenen, k\u00fchlen Umgebung gelagert werden, wobei der Kontakt mit Feuchtigkeit zu vermeiden ist, um ihre hervorragenden mechanischen Eigenschaften und ihre chemische Stabilit\u00e4t zu erhalten.<\/p>\n<h2><span style=\"font-size: 14pt;\">Bericht<\/span><\/h2>\n<p>Jede Charge wird geliefert mit:<br \/>\n<span style=\"color: #0000ff;\"><a style=\"color: #0000ff;\" href=\"https:\/\/ulpmat.com\/de\/dokumente\/zertifikat-der-analyse\/\"><u>Analysezertifikat (COA)<\/u><\/a><\/span><\/p>\n<p><span style=\"color: #0000ff;\"><a style=\"color: #0000ff;\" href=\"https:\/\/ulpmat.com\/de\/dokumente\/technisches-datenblatt\/\"><u>Technisches Datenblatt (TDS)<\/u><\/a><\/span><\/p>\n<p><span style=\"color: #0000ff;\"><a style=\"color: #0000ff;\" href=\"https:\/\/ulpmat.com\/de\/dokumente\/sicherheitsdatenblatt\/\"><u>Sicherheitsdatenblatt (MSDS)<\/u><\/a><\/span><br \/>\nGr\u00f6\u00dfenpr\u00fcfbericht<br \/>\nPr\u00fcfberichte von Dritten sind auf Anfrage erh\u00e4ltlich<\/p>\n<h2><span style=\"font-size: 14pt;\">. Warum sollten Sie sich f\u00fcr uns entscheiden?<\/span><\/h2>\n<p>Wir bieten hochreine, hochwertige Chrombleche, die die Leistung und Stabilit\u00e4t jeder Charge gew\u00e4hrleisten. Mit unserer umfangreichen Branchenerfahrung und einem strengen Qualit\u00e4tskontrollsystem k\u00f6nnen wir ma\u00dfgeschneiderte Dienstleistungen anbieten und unseren Kunden durch umfassenden Kundendienst dabei helfen, die Produktleistung zu verbessern. Entscheiden Sie sich f\u00fcr uns und Sie erhalten eine zuverl\u00e4ssige Lieferung und technischen Support.<\/p>\n","protected":false},"excerpt":{"rendered":"<p>\u00dcbersicht \u00fcber Chrommetallteile Chrommetallteile sind ein metallisches Material mit ausgezeichneter Korrosionsbest\u00e4ndigkeit und Hochtemperaturbest\u00e4ndigkeit, das in verschiedenen Industriebereichen weit verbreitet ist. Aufgrund seiner guten mechanischen Eigenschaften und chemischen Stabilit\u00e4t eignet es sich ideal f\u00fcr die Herstellung von hochbest\u00e4ndigen Legierungen, elektronischen Bauteilen und vielem mehr. Wir bieten hochwertige Chrommetallbleche f\u00fcr unterschiedliche industrielle Anforderungen, einschlie\u00dflich kundenspezifischer Spezifikationen und [&hellip;]<\/p>\n","protected":false},"featured_media":51965,"template":"","meta":{"_acf_changed":false},"product_brand":[132],"product_cat":[299],"product_tag":[7839],"class_list":{"0":"post-51964","1":"product","2":"type-product","3":"status-publish","4":"has-post-thumbnail","6":"product_brand-ulpmat","7":"product_cat-verdampfen-von-materialien","8":"product_tag-chrom-metall-stucke","10":"first","11":"instock","12":"shipping-taxable","13":"product-type-variable"},"acf":[],"_links":{"self":[{"href":"https:\/\/ulpmat.com\/de\/wp-json\/wp\/v2\/product\/51964","targetHints":{"allow":["GET"]}}],"collection":[{"href":"https:\/\/ulpmat.com\/de\/wp-json\/wp\/v2\/product"}],"about":[{"href":"https:\/\/ulpmat.com\/de\/wp-json\/wp\/v2\/types\/product"}],"wp:featuredmedia":[{"embeddable":true,"href":"https:\/\/ulpmat.com\/de\/wp-json\/wp\/v2\/media\/51965"}],"wp:attachment":[{"href":"https:\/\/ulpmat.com\/de\/wp-json\/wp\/v2\/media?parent=51964"}],"wp:term":[{"taxonomy":"product_brand","embeddable":true,"href":"https:\/\/ulpmat.com\/de\/wp-json\/wp\/v2\/product_brand?post=51964"},{"taxonomy":"product_cat","embeddable":true,"href":"https:\/\/ulpmat.com\/de\/wp-json\/wp\/v2\/product_cat?post=51964"},{"taxonomy":"product_tag","embeddable":true,"href":"https:\/\/ulpmat.com\/de\/wp-json\/wp\/v2\/product_tag?post=51964"}],"curies":[{"name":"wp","href":"https:\/\/api.w.org\/{rel}","templated":true}]}}