{"id":51787,"date":"2026-01-06T11:35:37","date_gmt":"2026-01-06T03:35:37","guid":{"rendered":"https:\/\/ulpmat.com\/product\/chrom-metall\/"},"modified":"2026-01-06T11:35:37","modified_gmt":"2026-01-06T03:35:37","slug":"chrom-metall","status":"publish","type":"product","link":"https:\/\/ulpmat.com\/de\/produkt\/chrom-metall\/","title":{"rendered":"Chrom-Metall"},"content":{"rendered":"<h2><span style=\"font-size: 14pt;\">\u00dcbersicht \u00fcber Chrom-Metall-Sputtertargets<\/span><\/h2>\n<p><span style=\"color: #0000ff;\"><a style=\"color: #0000ff;\" href=\"https:\/\/ulpmat.com\/de\/search\/?type=name&#038;keyword=Chromium+metal\">Chrom-Metall<\/a><\/span><br \/>\n-Sputtertargets sind hochreine Chrom-Metallmaterialien, die h\u00e4ufig bei der D\u00fcnnschichtabscheidung und Oberfl\u00e4chenbehandlung eingesetzt werden. Sie kommen h\u00e4ufig in den Produktionsprozessen von <span style=\"color: #0000ff;\"><a style=\"color: #0000ff;\" href=\"https:\/\/ulpmat.com\/de\/anwendung\/halbleiter-materialien\/\">Halbleitern<\/a><\/span><br \/>\n, <span style=\"color: #0000ff;\"><a style=\"color: #0000ff;\" href=\"https:\/\/ulpmat.com\/de\/anwendung\/materialien-fuer-die-optik\/\">optischen<\/a><\/span><br \/>\nBeschichtungen und Korrosionsschutzbeschichtungen zum Einsatz.<\/p>\n<p>Wir bieten hochwertige Chrom-Metall-Sputtertargets an, um den Anforderungen verschiedener industrieller Anwendungen gerecht zu werden. Bitte <span style=\"color: #0000ff;\"><a style=\"color: #0000ff;\" href=\"https:\/\/ulpmat.com\/de\/kontakt-us\/\">kontaktieren<\/a><\/span><br \/>\nSie<span style=\"color: #0000ff;\"><a style=\"color: #0000ff;\" href=\"https:\/\/ulpmat.com\/de\/kontakt-us\/\"> uns<\/a><\/span><br \/>\n, wenn Sie <span style=\"color: #0000ff;\"><a style=\"color: #0000ff;\" href=\"https:\/\/ulpmat.com\/de\/service\/personalisierung\/\">Sonderanfertigungen<\/a><\/span><br \/>\nben\u00f6tigen.<\/p>\n<h2><span style=\"font-size: 14pt;\">Produkt-Highlights<\/span><\/h2>\n<p>Hohe Reinheit<br \/>\nHervorragende Sputterleistung<br \/>\nStabile elektrische und chemische Stabilit\u00e4t<br \/>\nPr\u00e4zise Abmessungen und Formen<br \/>\n<span style=\"color: #0000ff;\"><a style=\"color: #0000ff;\" href=\"https:\/\/ulpmat.com\/de\/service\/personalisierung\/\">Anpassbare<\/a><\/span><br \/>\nDienstleistungen<br \/>\nOptionale <span style=\"color: #0000ff;\"><a style=\"color: #0000ff;\" href=\"https:\/\/ulpmat.com\/de\/service\/ziel-bindung\/\">Verbindung<\/a><\/span><br \/>\nund R\u00fcckwand<br \/>\nSchnelle Lieferung und <span style=\"color: #0000ff;\"><a style=\"color: #0000ff;\" href=\"https:\/\/ulpmat.com\/de\/service\/technische-unterstuetzung\/\">technischer Support<\/a><\/span><\/p>\n<h2><span style=\"font-size: 14pt;\">Anwendungen von Chrom-Metall-Sputtertargets<\/span><\/h2>\n<p><strong>Halbleiterfertigung:<\/strong><br \/>\nChrom-Metall-Targets werden in Halbleiterfertigungsprozessen f\u00fcr die Galvanisierung und D\u00fcnnschichtabscheidung verwendet, um die Chip-Leistung zu verbessern.<br \/>\n<strong><span style=\"color: #0000ff;\"><a style=\"color: #0000ff;\" href=\"https:\/\/ulpmat.com\/de\/anwendung\/materialien-fuer-die-optik\/\">Optische<\/a> <\/span>Beschichtungen:<\/strong><br \/>\nWerden f\u00fcr Beschichtungen auf hochpr\u00e4zisen optischen Linsen und Filtern verwendet, um eine stabile optische Leistung zu gew\u00e4hrleisten.<br \/>\n<strong>Korrosionsschutzbeschichtungen:<\/strong><br \/>\nBilden eine robuste Korrosionsschutzschicht auf der Oberfl\u00e4che von Industrieanlagen und Werkzeugen und verl\u00e4ngern so deren Lebensdauer.<br \/>\n<strong>Magnetische Materialien:<\/strong><br \/>\nChrom-Metall-Sputter-Targets werden h\u00e4ufig bei der Herstellung von magnetischen D\u00fcnnschichtmaterialien f\u00fcr verschiedene Sensoren und Speicherger\u00e4te verwendet.<\/p>\n<h2><span style=\"color: #0000ff;\"><a style=\"color: #0000ff;\" href=\"https:\/\/ulpmat.com\/de\/unternehmen\/faqs\/\"><span style=\"font-size: 14pt;\">FAQ<\/span><\/a><\/span><\/h2>\n<p>F1: Wie hoch ist die Reinheit Ihrer Chromtargets?<br \/>\nA1: Wir bieten eine Reinheit von bis zu 99,99 %, wodurch eine \u00fcberragende Leistung in einer Vielzahl von Anwendungen gew\u00e4hrleistet ist.<\/p>\n<p>F2: Sind Chrom-Sputter-Targets f\u00fcr die Oberfl\u00e4chenbeschichtung und D\u00fcnnschichtfertigung geeignet?<br \/>\nA2: Ja, Chrom-Sputter-Targets werden h\u00e4ufig in der Oberfl\u00e4chenbeschichtung und D\u00fcnnschichtfertigung eingesetzt, insbesondere in der Halbleiter- und Optikindustrie.<\/p>\n<p>F3: In welchen Gr\u00f6\u00dfen sind Chrom-Targets erh\u00e4ltlich?<br \/>\nA3: Wir bieten eine Vielzahl von Standardgr\u00f6\u00dfen f\u00fcr Chrom-Targets an und k\u00f6nnen je nach Kundenwunsch verschiedene Gr\u00f6\u00dfen und Formen anpassen.<\/p>\n<p>F4: Wie lang ist die typische Lieferzeit f\u00fcr Chrom-Targets?<br \/>\nA4: Wir veranlassen den Versand in der Regel so schnell wie m\u00f6glich nach Zahlungseingang, aber die genaue Lieferzeit h\u00e4ngt von der Bestellmenge ab.<\/p>\n<h2><span style=\"font-size: 14pt;\">Berichte<\/span><\/h2>\n<p>Jede Charge wird mit folgenden Dokumenten geliefert:<br \/>\n<span style=\"color: #0000ff;\"><a style=\"color: #0000ff;\" href=\"https:\/\/ulpmat.com\/de\/dokumente\/zertifikat-der-analyse\/\"><u>Analysezertifikat (COA)<\/u><\/a><\/span><\/p>\n<p><span style=\"color: #0000ff;\"><a style=\"color: #0000ff;\" href=\"https:\/\/ulpmat.com\/de\/dokumente\/technisches-datenblatt\/\"><u>Technisches Datenblatt (TDS)<\/u><\/a><\/span><\/p>\n<p><span style=\"color: #0000ff;\"><a style=\"color: #0000ff;\" href=\"https:\/\/ulpmat.com\/de\/dokumente\/sicherheitsdatenblatt\/\"><u>Sicherheitsdatenblatt (MSDS)<\/u><\/a><\/span><br \/>\nGr\u00f6\u00dfenpr\u00fcfbericht<br \/>\nPr\u00fcfberichte von Drittanbietern sind auf Anfrage erh\u00e4ltlich<\/p>\n<h2><span style=\"font-size: 14pt;\">. Warum sollten Sie sich f\u00fcr uns entscheiden?<\/span><\/h2>\n<p>Unser Unternehmen verf\u00fcgt \u00fcber langj\u00e4hrige Erfahrung in der Herstellung von Chrom-Metall-Sputter-Targets, bietet hochwertige Produkte und ma\u00dfgeschneiderte Dienstleistungen und legt Wert auf p\u00fcnktliche Lieferung und technischen Support f\u00fcr unsere Kunden. Entscheiden Sie sich f\u00fcr uns und profitieren Sie von zuverl\u00e4ssiger Produktqualit\u00e4t und effizientem Service.<\/p>\n","protected":false},"excerpt":{"rendered":"<p>\u00dcbersicht \u00fcber Chrom-Metall-Sputtertargets Chrom-Metall -Sputtertargets sind hochreine Chrom-Metallmaterialien, die h\u00e4ufig bei der D\u00fcnnschichtabscheidung und Oberfl\u00e4chenbehandlung eingesetzt werden. Sie kommen h\u00e4ufig in den Produktionsprozessen von Halbleitern , optischen Beschichtungen und Korrosionsschutzbeschichtungen zum Einsatz. Wir bieten hochwertige Chrom-Metall-Sputtertargets an, um den Anforderungen verschiedener industrieller Anwendungen gerecht zu werden. Bitte kontaktieren Sie uns , wenn Sie Sonderanfertigungen ben\u00f6tigen. [&hellip;]<\/p>\n","protected":false},"featured_media":51788,"template":"","meta":{"_acf_changed":false},"product_brand":[132],"product_cat":[278],"product_tag":[7821],"class_list":{"0":"post-51787","1":"product","2":"type-product","3":"status-publish","4":"has-post-thumbnail","6":"product_brand-ulpmat","7":"product_cat-metall-sputtering-target","8":"product_tag-chrom-metall-sputtering-target","10":"first","11":"instock","12":"shipping-taxable","13":"product-type-variable"},"acf":[],"_links":{"self":[{"href":"https:\/\/ulpmat.com\/de\/wp-json\/wp\/v2\/product\/51787","targetHints":{"allow":["GET"]}}],"collection":[{"href":"https:\/\/ulpmat.com\/de\/wp-json\/wp\/v2\/product"}],"about":[{"href":"https:\/\/ulpmat.com\/de\/wp-json\/wp\/v2\/types\/product"}],"wp:featuredmedia":[{"embeddable":true,"href":"https:\/\/ulpmat.com\/de\/wp-json\/wp\/v2\/media\/51788"}],"wp:attachment":[{"href":"https:\/\/ulpmat.com\/de\/wp-json\/wp\/v2\/media?parent=51787"}],"wp:term":[{"taxonomy":"product_brand","embeddable":true,"href":"https:\/\/ulpmat.com\/de\/wp-json\/wp\/v2\/product_brand?post=51787"},{"taxonomy":"product_cat","embeddable":true,"href":"https:\/\/ulpmat.com\/de\/wp-json\/wp\/v2\/product_cat?post=51787"},{"taxonomy":"product_tag","embeddable":true,"href":"https:\/\/ulpmat.com\/de\/wp-json\/wp\/v2\/product_tag?post=51787"}],"curies":[{"name":"wp","href":"https:\/\/api.w.org\/{rel}","templated":true}]}}