{"id":51637,"date":"2026-01-06T11:35:40","date_gmt":"2026-01-06T03:35:40","guid":{"rendered":"https:\/\/ulpmat.com\/product\/chrom-oxid-3\/"},"modified":"2026-01-06T11:35:40","modified_gmt":"2026-01-06T03:35:40","slug":"chrom-oxid-3","status":"publish","type":"product","link":"https:\/\/ulpmat.com\/de\/produkt\/chrom-oxid-3\/","title":{"rendered":"Chrom-Oxid"},"content":{"rendered":"<h2><span style=\"font-size: 14pt;\">\u00dcbersicht \u00fcber Chromoxidgranulat<\/span><\/h2>\n<p><span style=\"color: #0000ff;\"><a style=\"color: #0000ff;\" href=\"https:\/\/ulpmat.com\/de\/search\/?type=name&#038;keyword=Chromium+Oxide\">Chromoxid<\/a><\/span><br \/>\ngranulat besteht aus hochreinen Chromoxidpartikeln mit ausgezeichneter Abriebfestigkeit und Korrosionsbest\u00e4ndigkeit. Es wird h\u00e4ufig in Beschichtungen, Keramik, Stahl und bei der Herstellung von Katalysatoren in chemischen Reaktionen verwendet.<\/p>\n<p>Wir bieten hochwertiges Chromoxidgranulat, das strengen Qualit\u00e4tsstandards entspricht und f\u00fcr eine Vielzahl von industriellen Anwendungen geeignet ist. Wenn Sie Fragen zum Produkt haben oder <span style=\"color: #0000ff;\"><a style=\"color: #0000ff;\" href=\"https:\/\/ulpmat.com\/de\/service\/personalisierung\/\">eine Sonderanfertigung<\/a><\/span><br \/>\nben\u00f6tigen, k\u00f6nnen Sie <span style=\"color: #0000ff;\"><a style=\"color: #0000ff;\" href=\"https:\/\/ulpmat.com\/de\/kontakt-us\/\">sich<\/a><\/span><br \/>\ngerne <span style=\"color: #0000ff;\"><a style=\"color: #0000ff;\" href=\"https:\/\/ulpmat.com\/de\/kontakt-us\/\">an uns wenden<\/a><\/span><br \/>\n.<\/p>\n<h2><span style=\"font-size: 14pt;\">Produkt-Highlights<\/span><\/h2>\n<p>Hohe Reinheit<br \/>\nAusgezeichnete Abrieb- und Korrosionsbest\u00e4ndigkeit<br \/>\nStabile chemische Eigenschaften<br \/>\nGute thermische Stabilit\u00e4t<br \/>\n<span style=\"color: #0000ff;\"><a style=\"color: #0000ff;\" href=\"https:\/\/ulpmat.com\/de\/service\/personalisierung\/\">Anpassbare<\/a><\/span><br \/>\nPartikelgr\u00f6\u00dfe<br \/>\nGeeignet f\u00fcr vielf\u00e4ltige industrielle Anwendungen<\/p>\n<h2><span style=\"font-size: 14pt;\">Anwendungen von Chromoxidgranulat<\/span><\/h2>\n<p><strong>Beschichtungen und Farbstoffe:<\/strong><br \/>\nWeit verbreitet in der Herstellung von umweltfreundlichen Beschichtungen und Farbstoffen, bietet es stabile Farben und eine ausgezeichnete Deckkraft und eignet sich f\u00fcr die Beschichtungsindustrie und die Keramikherstellung.<br \/>\n<strong>Keramikherstellung:<\/strong><br \/>\nIn der Keramikindustrie verbessern Chromoxidpartikel als Zusatzstoff die physikalischen Eigenschaften von Keramik und erh\u00f6hen die Hochtemperaturbest\u00e4ndigkeit und H\u00e4rte des Produkts.<br \/>\n<strong>Stahlschmelzen:<\/strong><br \/>\nWird in den Entschwefelungs- und Desoxidationsprozessen der Stahlherstellung verwendet und verbessert die Qualit\u00e4t und Haltbarkeit von Stahl.<br \/>\n<strong>Katalysatorherstellung:<\/strong><br \/>\nWird zur Verbesserung der Reaktions effizienz bei der Katalysatorherstellung verwendet und findet breite Anwendung in katalytischen Reaktionen in der chemischen und petrochemischen Industrie.<\/p>\n<h2><span style=\"color: #0000ff;\"><a style=\"color: #0000ff;\" href=\"https:\/\/ulpmat.com\/de\/unternehmen\/faqs\/\"><span style=\"font-size: 14pt;\">H\u00e4ufig gestellte Fragen<\/span><\/a><\/span><\/h2>\n<p>F1: Wie hoch ist die Reinheit von Chromoxidgranulat?<br \/>\nA1: Wir bieten hochreines Chromoxidgranulat mit einer Reinheit von 99,5 % an, das eine hervorragende Leistung in verschiedenen Anwendungen gew\u00e4hrleistet.<\/p>\n<p>F2: Kann die Partikelgr\u00f6\u00dfe von Chromoxidgranulat angepasst werden?<br \/>\nA2: Ja, wir bieten Granulat in verschiedenen Gr\u00f6\u00dfen an und k\u00f6nnen es an die Bed\u00fcrfnisse unserer Kunden anpassen, um sicherzustellen, dass unterschiedliche Prozessanforderungen erf\u00fcllt werden.<\/p>\n<p>F3: Wie korrosionsbest\u00e4ndig ist Cr2O3-Granulat?<br \/>\nA3: Es verf\u00fcgt \u00fcber eine ausgezeichnete Korrosionsbest\u00e4ndigkeit und kann \u00fcber l\u00e4ngere Zeitr\u00e4ume in verschiedenen sauren und alkalischen Umgebungen eingesetzt werden, wodurch es f\u00fcr raue Bedingungen in der chemischen und industriellen Produktion geeignet ist.<\/p>\n<p>F4: F\u00fcr welche Branchen sind Chromoxidgranulate geeignet?<br \/>\nA4: Sie werden h\u00e4ufig in Beschichtungen, Keramik, Stahlschmelzen, der Katalysatorherstellung und vielen anderen Branchen eingesetzt und eignen sich als Materialzusatz in verschiedenen industriellen Produktionsprozessen.<\/p>\n<h2><span style=\"font-size: 14pt;\">Bericht<\/span><\/h2>\n<p>Jede Charge wird geliefert mit:<br \/>\n<span style=\"color: #0000ff;\"><a style=\"color: #0000ff;\" href=\"https:\/\/ulpmat.com\/de\/dokumente\/zertifikat-der-analyse\/\"><u>Analysezertifikat (COA)<\/u><\/a><\/span><\/p>\n<p><span style=\"color: #0000ff;\"><a style=\"color: #0000ff;\" href=\"https:\/\/ulpmat.com\/de\/dokumente\/technisches-datenblatt\/\"><u>Technisches Datenblatt (TDS)<\/u><\/a><\/span><\/p>\n<p><span style=\"color: #0000ff;\"><a style=\"color: #0000ff;\" href=\"https:\/\/ulpmat.com\/de\/dokumente\/sicherheitsdatenblatt\/\"><u>Sicherheitsdatenblatt (MSDS)<\/u><\/a><\/span><br \/>\nGr\u00f6\u00dfenpr\u00fcfbericht<br \/>\nPr\u00fcfberichte von Drittanbietern sind auf Anfrage erh\u00e4ltlich<\/p>\n<h2><span style=\"font-size: 14pt;\">. Warum sollten Sie sich f\u00fcr uns entscheiden?<\/span><\/h2>\n<p>Unser Unternehmen konzentriert sich auf die Bereitstellung hochwertiger Chromoxidgranulate und verf\u00fcgt \u00fcber fortschrittliche Produktionstechnologie und umfangreiche Branchenerfahrung. Wenn Sie sich f\u00fcr uns entscheiden, erhalten Sie stabile und zuverl\u00e4ssige Produkte sowie professionellen<span style=\"color: #0000ff;\"><a style=\"color: #0000ff;\" href=\"https:\/\/ulpmat.com\/de\/service\/technische-unterstuetzung\/\"> technischen Support<\/a><\/span><br \/>\n, der Ihnen hilft, Ihre Produktionseffizienz und Produktqualit\u00e4t zu verbessern.<\/p>\n","protected":false},"excerpt":{"rendered":"<p>\u00dcbersicht \u00fcber Chromoxidgranulat Chromoxid granulat besteht aus hochreinen Chromoxidpartikeln mit ausgezeichneter Abriebfestigkeit und Korrosionsbest\u00e4ndigkeit. Es wird h\u00e4ufig in Beschichtungen, Keramik, Stahl und bei der Herstellung von Katalysatoren in chemischen Reaktionen verwendet. Wir bieten hochwertiges Chromoxidgranulat, das strengen Qualit\u00e4tsstandards entspricht und f\u00fcr eine Vielzahl von industriellen Anwendungen geeignet ist. Wenn Sie Fragen zum Produkt haben oder [&hellip;]<\/p>\n","protected":false},"featured_media":51638,"template":"","meta":{"_acf_changed":false},"product_brand":[132],"product_cat":[299],"product_tag":[7791],"class_list":{"0":"post-51637","1":"product","2":"type-product","3":"status-publish","4":"has-post-thumbnail","6":"product_brand-ulpmat","7":"product_cat-verdampfen-von-materialien","8":"product_tag-chromoxid-granulat","10":"first","11":"instock","12":"shipping-taxable","13":"product-type-variable"},"acf":[],"_links":{"self":[{"href":"https:\/\/ulpmat.com\/de\/wp-json\/wp\/v2\/product\/51637","targetHints":{"allow":["GET"]}}],"collection":[{"href":"https:\/\/ulpmat.com\/de\/wp-json\/wp\/v2\/product"}],"about":[{"href":"https:\/\/ulpmat.com\/de\/wp-json\/wp\/v2\/types\/product"}],"wp:featuredmedia":[{"embeddable":true,"href":"https:\/\/ulpmat.com\/de\/wp-json\/wp\/v2\/media\/51638"}],"wp:attachment":[{"href":"https:\/\/ulpmat.com\/de\/wp-json\/wp\/v2\/media?parent=51637"}],"wp:term":[{"taxonomy":"product_brand","embeddable":true,"href":"https:\/\/ulpmat.com\/de\/wp-json\/wp\/v2\/product_brand?post=51637"},{"taxonomy":"product_cat","embeddable":true,"href":"https:\/\/ulpmat.com\/de\/wp-json\/wp\/v2\/product_cat?post=51637"},{"taxonomy":"product_tag","embeddable":true,"href":"https:\/\/ulpmat.com\/de\/wp-json\/wp\/v2\/product_tag?post=51637"}],"curies":[{"name":"wp","href":"https:\/\/api.w.org\/{rel}","templated":true}]}}