{"id":51608,"date":"2026-01-06T11:35:40","date_gmt":"2026-01-06T03:35:40","guid":{"rendered":"https:\/\/ulpmat.com\/product\/chrom-oxid-2\/"},"modified":"2026-01-06T11:35:40","modified_gmt":"2026-01-06T03:35:40","slug":"chrom-oxid-2","status":"publish","type":"product","link":"https:\/\/ulpmat.com\/de\/produkt\/chrom-oxid-2\/","title":{"rendered":"Chrom-Oxid"},"content":{"rendered":"<h2><span style=\"font-size: 14pt;\">\u00dcbersicht \u00fcber Chromoxidpulver<\/span><\/h2>\n<p><span style=\"color: #0000ff;\"><a style=\"color: #0000ff;\" href=\"https:\/\/ulpmat.com\/de\/search\/?type=name&#038;keyword=Chromium+oxide\">Chromoxidpulver<\/a><\/span><br \/>\nist ein hochreines Chromoxidpulver mit ausgezeichneter chemischer Stabilit\u00e4t und hoher Temperaturbest\u00e4ndigkeit. Es wird unter anderem h\u00e4ufig in Beschichtungen, Keramik, Metalloberfl\u00e4chenbehandlung und Katalysatorherstellung verwendet.<\/p>\n<p>Wir bieten hochwertiges Cr2O3-Pulver, das strenge Industriestandards erf\u00fcllt und je nach Kundenwunsch an unterschiedliche Spezifikationen angepasst werden kann. Bei Fragen oder W\u00fcnschen <span style=\"color: #0000ff;\"><a style=\"color: #0000ff;\" href=\"https:\/\/ulpmat.com\/de\/kontakt-us\/\">wenden Sie<\/a><\/span><br \/>\n<span style=\"color: #0000ff;\"><a style=\"color: #0000ff;\" href=\"https:\/\/ulpmat.com\/de\/kontakt-us\/\">sich<\/a><\/span><br \/>\nbitte <span style=\"color: #0000ff;\"><a style=\"color: #0000ff;\" href=\"https:\/\/ulpmat.com\/de\/kontakt-us\/\">an uns<\/a><\/span><br \/>\n.<\/p>\n<h2><span style=\"font-size: 14pt;\">Produkt-Highlights<\/span><\/h2>\n<p>Hohe Reinheit<br \/>\nAusgezeichnete Hochtemperaturbest\u00e4ndigkeit und chemische Stabilit\u00e4t<br \/>\nFeine Partikelgr\u00f6\u00dfenkontrolle<br \/>\nGute Farbstabilit\u00e4t<br \/>\nGeeignet f\u00fcr vielf\u00e4ltige industrielle Anwendungen<br \/>\n<span style=\"color: #0000ff;\"><a style=\"color: #0000ff;\" href=\"https:\/\/ulpmat.com\/de\/service\/personalisierung\/\">Anpassungs<\/a><\/span><br \/>\nservice verf\u00fcgbar<\/p>\n<h2><span style=\"font-size: 14pt;\">Anwendungen von Chromoxidpulver<\/span><\/h2>\n<p><strong>Beschichtungen und Farbstoffe:<\/strong><br \/>\nChromoxidpulver ist ein wichtiger Rohstoff f\u00fcr die Herstellung von umweltfreundlichen Beschichtungen und Farbstoffen, die lebendige und stabile Farben liefern. Es wird h\u00e4ufig in der Keramik-, Farben- und Lederf\u00e4rbeindustrie sowie in anderen Branchen eingesetzt.<br \/>\n<strong>Keramikherstellung:<\/strong><br \/>\nIn der Keramikindustrie wird dieses Pulver als Farbstoff verwendet, um die H\u00e4rte und Hochtemperaturbest\u00e4ndigkeit von Keramik zu erh\u00f6hen und deren Qualit\u00e4t und Leistung zu verbessern.<br \/>\n<strong>Metalloberfl\u00e4chenbehandlung:<\/strong><br \/>\nDieses Pulver verbessert die Korrosions- und Oxidationsbest\u00e4ndigkeit bei der Metalloberfl\u00e4chenbehandlung und wird h\u00e4ufig in der Luft- und Raumfahrt sowie in der Automobilindustrie eingesetzt.<br \/>\n<strong>Katalysatoren:<\/strong><br \/>\nEs spielt eine entscheidende Rolle bei der Herstellung von Katalysatoren, insbesondere bei petrochemischen und umweltbezogenen katalytischen Reaktionen, da es die Reaktions effizienz verbessert und die Lebensdauer der Katalysatoren verl\u00e4ngert.<\/p>\n<h2><a href=\"https:\/\/ulpmat.com\/de\/unternehmen\/faqs\/\"><span style=\"font-size: 14pt; color: #0000ff;\">H\u00e4ufig gestellte Fragen<\/span><\/a><\/h2>\n<p>F1: Wie hoch ist die Reinheit des Chromoxidpulvers?<br \/>\nA1: Unser Pulver hat eine Reinheit von bis zu 99,95 %, was seine Stabilit\u00e4t und hohe Effizienz in industriellen Anwendungen gew\u00e4hrleistet.<\/p>\n<p>F2: Wie wird die Partikelgr\u00f6\u00dfe des Chromoxidpulvers kontrolliert?<br \/>\nA2: Wir bieten Pulver in verschiedenen Partikelgr\u00f6\u00dfen an und k\u00f6nnen die Partikelgr\u00f6\u00dfen an unterschiedliche Anwendungsanforderungen anpassen.<\/p>\n<p>F3: Wie hoch ist die Temperaturbest\u00e4ndigkeit des Chromoxidpulvers?<br \/>\nA3: Es hat eine ausgezeichnete Hochtemperaturbest\u00e4ndigkeit und kann bei Temperaturen bis zu 1000 \u00b0C stabil eingesetzt werden, wodurch es f\u00fcr Hochtemperaturverarbeitungs- und Beschichtungsanwendungen geeignet ist.<\/p>\n<p>F4: Was sind die Hauptverwendungszwecke von Chromoxidpulver?<br \/>\nA4: Dieses Pulver wird haupts\u00e4chlich in Beschichtungen, Keramik, Metalloberfl\u00e4chenbehandlung, Katalysatorherstellung und anderen Bereichen verwendet und findet breite Anwendung in der t\u00e4glichen Chemie-, Elektronik- und Luftfahrtindustrie.<\/p>\n<h2><span style=\"font-size: 14pt;\">Bericht<\/span><\/h2>\n<p>Jede Charge wird geliefert mit: <span style=\"color: #0000ff;\"><a style=\"color: #0000ff;\" href=\"https:\/\/ulpmat.com\/de\/dokumente\/zertifikat-der-analyse\/\"><u>Analysezertifikat (COA)<\/u><\/a><\/span><\/p>\n<p><span style=\"color: #0000ff;\"><a style=\"color: #0000ff;\" href=\"https:\/\/ulpmat.com\/de\/dokumente\/technisches-datenblatt\/\"><u>Technisches Datenblatt (TDS)<\/u><\/a><\/span><\/p>\n<p><span style=\"color: #0000ff;\"><a style=\"color: #0000ff;\" href=\"https:\/\/ulpmat.com\/de\/dokumente\/sicherheitsdatenblatt\/\"><u>Sicherheitsdatenblatt (MSDS)<\/u><\/a><\/span><br \/>\nPr\u00fcfberichte von Drittanbietern auf Anfrage erh\u00e4ltlich<\/p>\n<h2><span style=\"font-size: 14pt;\">Warum sollten Sie sich f\u00fcr uns entscheiden?<\/span><\/h2>\n<p>Unser Unternehmen konzentriert sich auf die Herstellung von hochwertigem Chromoxidpulver und setzt dabei fortschrittliche Technologien und ein strenges Qualit\u00e4tsmanagementsystem ein, um eine stabile und zuverl\u00e4ssige Produktleistung zu gew\u00e4hrleisten. Wenn Sie sich f\u00fcr uns entscheiden, erhalten Sie einen pers\u00f6nlichen Service, eine schnelle Lieferung und technischen Support, damit Ihre Projekte reibungslos voranschreiten.<\/p>\n","protected":false},"excerpt":{"rendered":"<p>\u00dcbersicht \u00fcber Chromoxidpulver Chromoxidpulver ist ein hochreines Chromoxidpulver mit ausgezeichneter chemischer Stabilit\u00e4t und hoher Temperaturbest\u00e4ndigkeit. Es wird unter anderem h\u00e4ufig in Beschichtungen, Keramik, Metalloberfl\u00e4chenbehandlung und Katalysatorherstellung verwendet. Wir bieten hochwertiges Cr2O3-Pulver, das strenge Industriestandards erf\u00fcllt und je nach Kundenwunsch an unterschiedliche Spezifikationen angepasst werden kann. Bei Fragen oder W\u00fcnschen wenden Sie sich bitte an uns [&hellip;]<\/p>\n","protected":false},"featured_media":51609,"template":"","meta":{"_acf_changed":false},"product_brand":[132],"product_cat":[336],"product_tag":[7785],"class_list":{"0":"post-51608","1":"product","2":"type-product","3":"status-publish","4":"has-post-thumbnail","6":"product_brand-ulpmat","7":"product_cat-oxide","8":"product_tag-chromoxid-pulver","10":"first","11":"instock","12":"shipping-taxable","13":"product-type-variable"},"acf":[],"_links":{"self":[{"href":"https:\/\/ulpmat.com\/de\/wp-json\/wp\/v2\/product\/51608","targetHints":{"allow":["GET"]}}],"collection":[{"href":"https:\/\/ulpmat.com\/de\/wp-json\/wp\/v2\/product"}],"about":[{"href":"https:\/\/ulpmat.com\/de\/wp-json\/wp\/v2\/types\/product"}],"wp:featuredmedia":[{"embeddable":true,"href":"https:\/\/ulpmat.com\/de\/wp-json\/wp\/v2\/media\/51609"}],"wp:attachment":[{"href":"https:\/\/ulpmat.com\/de\/wp-json\/wp\/v2\/media?parent=51608"}],"wp:term":[{"taxonomy":"product_brand","embeddable":true,"href":"https:\/\/ulpmat.com\/de\/wp-json\/wp\/v2\/product_brand?post=51608"},{"taxonomy":"product_cat","embeddable":true,"href":"https:\/\/ulpmat.com\/de\/wp-json\/wp\/v2\/product_cat?post=51608"},{"taxonomy":"product_tag","embeddable":true,"href":"https:\/\/ulpmat.com\/de\/wp-json\/wp\/v2\/product_tag?post=51608"}],"curies":[{"name":"wp","href":"https:\/\/api.w.org\/{rel}","templated":true}]}}