{"id":51476,"date":"2026-01-06T11:35:42","date_gmt":"2026-01-06T03:35:42","guid":{"rendered":"https:\/\/ulpmat.com\/product\/chromkarbid\/"},"modified":"2026-01-06T11:35:42","modified_gmt":"2026-01-06T03:35:42","slug":"chromkarbid","status":"publish","type":"product","link":"https:\/\/ulpmat.com\/de\/produkt\/chromkarbid\/","title":{"rendered":"Chromkarbid"},"content":{"rendered":"<h2><span style=\"font-size: 14pt;\">\u00dcbersicht \u00fcber Chromkarbid-Sputtertargets<\/span><\/h2>\n<p><span style=\"color: #0000ff;\"><a style=\"color: #0000ff;\" href=\"https:\/\/ulpmat.com\/de\/search\/?type=name&#038;keyword=Chromium+carbide\">Chromkarbid<\/a><\/span><br \/>\n-Sputtertargets sind hochleistungsf\u00e4hige Chromkarbid-Targets mit ausgezeichneter Verschlei\u00dffestigkeit und Hochtemperaturbest\u00e4ndigkeit. Sie werden h\u00e4ufig in hochwertigen Beschichtungen, verschlei\u00dffesten Materialien und bei der Oberfl\u00e4chenbehandlung von mechanischen Ger\u00e4ten eingesetzt.<\/p>\n<p>Wir bieten hochwertige Cr3C2-Sputtertargets an, die eine \u00fcberragende Leistung bei der D\u00fcnnschichtabscheidung und Beschichtung gew\u00e4hrleisten. Bitte <span style=\"color: #0000ff;\"><a style=\"color: #0000ff;\" href=\"https:\/\/ulpmat.com\/de\/kontakt-us\/\">kontaktieren<\/a><\/span><br \/>\nSie <span style=\"color: #0000ff;\"><a style=\"color: #0000ff;\" href=\"https:\/\/ulpmat.com\/de\/kontakt-us\/\">uns<\/a><\/span><br \/>\nbei individuellen Anpassungsw\u00fcnschen oder technischen Fragen.<\/p>\n<h2><span style=\"font-size: 14pt;\">Produkt-Highlights<\/span><\/h2>\n<p>Extrem hohe H\u00e4rte und Verschlei\u00dffestigkeit<br \/>\nAusgezeichnete Oxidationsbest\u00e4ndigkeit<br \/>\nGute Hochtemperaturstabilit\u00e4t<br \/>\nPr\u00e4zise Abmessungen und Formen der Targets<br \/>\nLange Lebensdauer Anpassungsservice verf\u00fcgbar<\/p>\n<h2><span style=\"font-size: 14pt;\">Anwendungen von Chromkarbid-Sputter-Targets<\/span><\/h2>\n<p><strong>Verschlei\u00dffeste Beschichtungen<\/strong><br \/>\n: Weit verbreitet in Hartbeschichtungsanwendungen, insbesondere bei Oberfl\u00e4chenbeschichtungen f\u00fcr Metall- und Maschinenteile, zur Verbesserung der Verschlei\u00dffestigkeit von Anlagen und zur Verl\u00e4ngerung ihrer Lebensdauer.<\/p>\n<p><strong>Hochtemperaturlegierungen:<\/strong><br \/>\nDieses Target wird h\u00e4ufig bei der Herstellung von Hochtemperaturlegierungen eingesetzt, um deren Hochtemperaturbest\u00e4ndigkeit zu verbessern, und eignet sich besonders f\u00fcr die Luft- und Raumfahrt sowie die metallverarbeitende Industrie.<\/p>\n<p><strong>Werkzeuge und Maschinenkomponenten:<\/strong><br \/>\nBietet extrem hohe H\u00e4rte und Verschlei\u00dffestigkeit bei der Herstellung von Schneidwerkzeugen, Bohrern und anderen verschlei\u00dffesten Werkzeugen, die h\u00e4ufig in Branchen wie der Erd\u00f6l- und Bergbauindustrie eingesetzt werden.<\/p>\n<p><strong>Oberfl\u00e4chenh\u00e4rtung:<\/strong><br \/>\nCr3C2-Sputter-Targets werden f\u00fcr Oberfl\u00e4chenh\u00e4rtungsbehandlungen verwendet und verbessern die H\u00e4rte und Korrosionsbest\u00e4ndigkeit von Metalloberfl\u00e4chen erheblich. Sie eignen sich f\u00fcr Ger\u00e4te und Komponenten, die eine hohe Verschlei\u00dffestigkeit erfordern.<\/p>\n<h2><span style=\"color: #0000ff;\"><a style=\"color: #0000ff;\" href=\"https:\/\/ulpmat.com\/de\/unternehmen\/faqs\/\"><span style=\"font-size: 14pt;\">H\u00e4ufig gestellte Fragen<\/span><\/a><\/span><\/h2>\n<p>F1: Wie garantieren Sie die Reinheit Ihrer Chromkarbid-Sputter-Targets?<br \/>\nA1: Wir stellen sicher, dass jede Charge von Targets durch fortschrittliche Produktionsprozesse und strenge Qualit\u00e4tsmanagementverfahren hohe Reinheitsstandards erf\u00fcllt, wodurch ihre Stabilit\u00e4t und Zuverl\u00e4ssigkeit in High-End-Anwendungen gew\u00e4hrleistet ist.<\/p>\n<p>F2: Wie hoch ist die Sputter-Effizienz von Chromcarbid-Sputter-Targets?<br \/>\nA2: Die Targets haben eine ausgezeichnete Sputter-Effizienz, die die Abscheidung hochwertiger D\u00fcnnschichten in kurzer Zeit erm\u00f6glicht, wodurch sie sich ideal f\u00fcr die Gro\u00dfserienfertigung eignen.<\/p>\n<p>F3: Sind diese Targets f\u00fcr Beschichtungen in Hochtemperaturumgebungen geeignet?<br \/>\nA3: Ja, die Targets weisen eine ausgezeichnete Hochtemperaturbest\u00e4ndigkeit auf, die einen stabilen Einsatz \u00fcber l\u00e4ngere Zeitr\u00e4ume in Hochtemperaturumgebungen erm\u00f6glicht, wodurch sie sich besonders f\u00fcr Hochtemperaturanwendungen und Hochtemperaturbeschichtungen eignen.<\/p>\n<p>F4: Wie hoch ist die H\u00e4rte von Cr3C2-Sputter-Targets?<br \/>\nA4: Die Targets haben eine extrem hohe H\u00e4rte und bieten eine ausgezeichnete Verschlei\u00dffestigkeit und Abriebfestigkeit, wodurch sie sich f\u00fcr die Oberfl\u00e4chenbehandlung in verschiedenen Umgebungen mit hohem Verschlei\u00df eignen.<\/p>\n<h2><span style=\"font-size: 14pt;\">Berichte<\/span><\/h2>\n<p>Jede Charge wird geliefert mit:<br \/>\n<span style=\"color: #0000ff;\"><a style=\"color: #0000ff;\" href=\"https:\/\/ulpmat.com\/de\/dokumente\/zertifikat-der-analyse\/\"><u>Analysezertifikat (COA)<\/u><\/a><\/span><\/p>\n<p><span style=\"color: #0000ff;\"><a style=\"color: #0000ff;\" href=\"https:\/\/ulpmat.com\/de\/dokumente\/technisches-datenblatt\/\"><u>Technisches Datenblatt (TDS)<\/u><\/a><\/span><\/p>\n<p><span style=\"color: #0000ff;\"><a style=\"color: #0000ff;\" href=\"https:\/\/ulpmat.com\/de\/dokumente\/sicherheitsdatenblatt\/\"><u>Sicherheitsdatenblatt (MSDS)<\/u><\/a><\/span><br \/>\nGr\u00f6\u00dfenpr\u00fcfbericht<br \/>\nPr\u00fcfberichte von Drittanbietern sind auf Anfrage erh\u00e4ltlich.<\/p>\n<h2><span style=\"font-size: 14pt;\">Warum sollten Sie sich f\u00fcr uns entscheiden?<\/span><\/h2>\n<p>Unser Unternehmen ist auf die Herstellung hochwertiger Cr3C2-Sputter-Targets spezialisiert und verf\u00fcgt \u00fcber fortschrittliche Fertigungstechnologien und ein strenges Qualit\u00e4tsmanagementsystem. Wenn Sie sich f\u00fcr uns entscheiden, erhalten Sie stabile und zuverl\u00e4ssige Produkte, eine schnelle Lieferung und umfassenden <span style=\"color: #0000ff;\"><a style=\"color: #0000ff;\" href=\"https:\/\/ulpmat.com\/de\/service\/technische-unterstuetzung\/\">technischen Support,<\/a><\/span><br \/>\nwodurch der reibungslose Ablauf Ihrer Projekte gew\u00e4hrleistet ist.<\/p>\n","protected":false},"excerpt":{"rendered":"<p>\u00dcbersicht \u00fcber Chromkarbid-Sputtertargets Chromkarbid -Sputtertargets sind hochleistungsf\u00e4hige Chromkarbid-Targets mit ausgezeichneter Verschlei\u00dffestigkeit und Hochtemperaturbest\u00e4ndigkeit. Sie werden h\u00e4ufig in hochwertigen Beschichtungen, verschlei\u00dffesten Materialien und bei der Oberfl\u00e4chenbehandlung von mechanischen Ger\u00e4ten eingesetzt. Wir bieten hochwertige Cr3C2-Sputtertargets an, die eine \u00fcberragende Leistung bei der D\u00fcnnschichtabscheidung und Beschichtung gew\u00e4hrleisten. Bitte kontaktieren Sie uns bei individuellen Anpassungsw\u00fcnschen oder technischen Fragen. Produkt-Highlights [&hellip;]<\/p>\n","protected":false},"featured_media":51482,"template":"","meta":{"_acf_changed":false},"product_brand":[132],"product_cat":[451],"product_tag":[],"class_list":{"0":"post-51476","1":"product","2":"type-product","3":"status-publish","4":"has-post-thumbnail","6":"product_brand-ulpmat","7":"product_cat-keramisches-sputtering-target","9":"first","10":"instock","11":"shipping-taxable","12":"product-type-variable"},"acf":[],"_links":{"self":[{"href":"https:\/\/ulpmat.com\/de\/wp-json\/wp\/v2\/product\/51476","targetHints":{"allow":["GET"]}}],"collection":[{"href":"https:\/\/ulpmat.com\/de\/wp-json\/wp\/v2\/product"}],"about":[{"href":"https:\/\/ulpmat.com\/de\/wp-json\/wp\/v2\/types\/product"}],"wp:featuredmedia":[{"embeddable":true,"href":"https:\/\/ulpmat.com\/de\/wp-json\/wp\/v2\/media\/51482"}],"wp:attachment":[{"href":"https:\/\/ulpmat.com\/de\/wp-json\/wp\/v2\/media?parent=51476"}],"wp:term":[{"taxonomy":"product_brand","embeddable":true,"href":"https:\/\/ulpmat.com\/de\/wp-json\/wp\/v2\/product_brand?post=51476"},{"taxonomy":"product_cat","embeddable":true,"href":"https:\/\/ulpmat.com\/de\/wp-json\/wp\/v2\/product_cat?post=51476"},{"taxonomy":"product_tag","embeddable":true,"href":"https:\/\/ulpmat.com\/de\/wp-json\/wp\/v2\/product_tag?post=51476"}],"curies":[{"name":"wp","href":"https:\/\/api.w.org\/{rel}","templated":true}]}}