{"id":51428,"date":"2026-01-06T11:35:43","date_gmt":"2026-01-06T03:35:43","guid":{"rendered":"https:\/\/ulpmat.com\/product\/chromaluminid\/"},"modified":"2026-01-06T11:35:43","modified_gmt":"2026-01-06T03:35:43","slug":"chromaluminid","status":"publish","type":"product","link":"https:\/\/ulpmat.com\/de\/produkt\/chromaluminid\/","title":{"rendered":"Chromaluminid"},"content":{"rendered":"<h2><span style=\"font-size: 14pt;\">\u00dcbersicht \u00fcber Chromaluminid-Sputter-Targets<\/span><\/h2>\n<p><span style=\"color: #0000ff;\"><a style=\"color: #0000ff;\" href=\"https:\/\/ulpmat.com\/de\/search\/?type=name&#038;keyword=Chromium+aluminide\">Chromaluminid<\/a><\/span><br \/>\n-Sputter-Targets bieten eine ausgezeichnete Verschlei\u00dffestigkeit und Hochtemperaturstabilit\u00e4t. Sie werden h\u00e4ufig bei der D\u00fcnnschichtabscheidung, elektrooptischen<span style=\"color: #0000ff;\"><\/span><br \/>\nBeschichtungen und Hochtemperaturlegierungen eingesetzt und eignen sich besonders f\u00fcr Industrieanlagen, die eine hohe Hitze- und Korrosionsbest\u00e4ndigkeit erfordern.<\/p>\n<p>Wir bieten hochwertige CrAl-Sputter-Targets, die strengen Industriestandards entsprechen und f\u00fcr eine Vielzahl von D\u00fcnnschichtbeschichtungsanwendungen geeignet sind. Bei individuellen Anpassungsw\u00fcnschen oder technischen Fragen k\u00f6nnen Sie <span style=\"color: #0000ff;\"><a style=\"color: #0000ff;\" href=\"https:\/\/ulpmat.com\/de\/kontakt-us\/\">sich<\/a><\/span><br \/>\ngerne <span style=\"color: #0000ff;\"><a style=\"color: #0000ff;\" href=\"https:\/\/ulpmat.com\/de\/kontakt-us\/\">an uns wenden<\/a><\/span><br \/>\n.<\/p>\n<h2><span style=\"font-size: 14pt;\">Produkt-Highlights<\/span><\/h2>\n<p>Hervorragende Hochtemperaturbest\u00e4ndigkeit<br \/>\nHervorragende Korrosionsbest\u00e4ndigkeit<br \/>\nHohe Verschlei\u00dffestigkeit<br \/>\nPr\u00e4zise Steuerung von Targetgr\u00f6\u00dfe und -form<br \/>\nHohe Sputter-Effizienz<br \/>\nIndividuell anpassbare Dienstleistungen<br \/>\nAnpassbare <span style=\"color: #0000ff;\"><a style=\"color: #0000ff;\" href=\"https:\/\/ulpmat.com\/de\/service\/ziel-bindung\/\">Verbindung<\/a><\/span><br \/>\nund R\u00fcckwand<\/p>\n<h2><span style=\"font-size: 14pt;\">Anwendungen von Chrom-Aluminid-Sputter-Targets<\/span><\/h2>\n<p><strong>D\u00fcnnschichtabscheidung:<\/strong><br \/>\nTargets werden h\u00e4ufig bei der D\u00fcnnschichtabscheidung in optoelektronischen Ger\u00e4ten, der Halbleiterherstellung und anderen Bereichen eingesetzt und liefern hochwertige Schichten, die die Leistung und Stabilit\u00e4t der Ger\u00e4te verbessern.<\/p>\n<p><strong>Elektrooptische<span style=\"color: #0000ff;\"> <\/span>Beschichtung:<\/strong><br \/>\nDieses Target hat wichtige Anwendungen in optischen und elektrooptischen Beschichtungen, verbessert die Haltbarkeit von Linsen und Filtern erheblich und erh\u00f6ht deren Lichtdurchl\u00e4ssigkeit und Antireflexeigenschaften.<\/p>\n<p><strong>Hochtemperaturlegierungen:<\/strong><br \/>\nTargets werden bei der Herstellung von Hochtemperaturlegierungen verwendet, um deren Oxidationsbest\u00e4ndigkeit und thermische Stabilit\u00e4t zu verbessern. Sie werden h\u00e4ufig in Hochtemperatur-Betriebsumgebungen in Branchen wie der Luft- und Raumfahrt und der Petrochemie eingesetzt.<\/p>\n<p><strong>Oberfl\u00e4chenbehandlung:<\/strong><br \/>\nWird zum H\u00e4rten und zum Korrosionsschutz von Metall- und Legierungsoberfl\u00e4chen verwendet, besonders geeignet f\u00fcr industrielle Umgebungen, die eine hohe Verschlei\u00df- und Korrosionsbest\u00e4ndigkeit erfordern.<\/p>\n<h2><span style=\"color: #0000ff;\"><a style=\"color: #0000ff;\" href=\"https:\/\/ulpmat.com\/de\/unternehmen\/faqs\/\"><span style=\"font-size: 14pt;\">H\u00e4ufig gestellte Fragen<\/span><\/a><\/span><\/h2>\n<p>F1: Wie werden Chromaluminid-Sputter-Targets verpackt?<br \/>\nA1: Wir verwenden hochversiegelte Verpackungen f\u00fcr unsere Targets, um sicherzustellen, dass das Produkt w\u00e4hrend des Transports vor Feuchtigkeit, Verunreinigungen oder mechanischen Besch\u00e4digungen gesch\u00fctzt ist und seine Stabilit\u00e4t und Unversehrtheit bewahrt.<\/p>\n<p>F2: Wie hoch ist die Sputter-Effizienz dieses Targets?<br \/>\nA2: Das Target hat eine sehr hohe Sputter-Effizienz, die eine schnelle Abscheidung gleichm\u00e4\u00dfiger und stabiler D\u00fcnnschichten erm\u00f6glicht, wodurch es sich besonders f\u00fcr die Gro\u00dfserienfertigung und Anforderungen an eine hocheffiziente Abscheidung eignet.<\/p>\n<p>F3: Sind Chromaluminid-Sputtertargets f\u00fcr Beschichtungen in Hochtemperaturumgebungen geeignet?<br \/>\nA3: Ja, das Target verf\u00fcgt \u00fcber eine ausgezeichnete Hochtemperaturbest\u00e4ndigkeit und kann \u00fcber l\u00e4ngere Zeitr\u00e4ume in Hochtemperaturumgebungen stabil betrieben werden, wodurch es sich besonders f\u00fcr Hochtemperaturbeschichtungen und D\u00fcnnschichtanwendungen eignet.<\/p>\n<p>F4: Kann die Gr\u00f6\u00dfe von Chromaluminid-Sputtertargets individuell angepasst werden?<br \/>\nA4: Wir bieten Sputtertargets in verschiedenen Spezifikationen an. Kunden k\u00f6nnen die Gr\u00f6\u00dfe, Form und andere technische Parameter der Targets nach ihren Bed\u00fcrfnissen anpassen, um sicherzustellen, dass sie den Anwendungsanforderungen entsprechen.<\/p>\n<h2><span style=\"font-size: 14pt;\">Berichte<\/span><\/h2>\n<p>Jede Charge wird geliefert mit:<br \/>\n<span style=\"color: #0000ff;\"><a style=\"color: #0000ff;\" href=\"https:\/\/ulpmat.com\/de\/dokumente\/zertifikat-der-analyse\/\"><u>Analysezertifikat (COA)<\/u><\/a><\/span><\/p>\n<p><span style=\"color: #0000ff;\"><a style=\"color: #0000ff;\" href=\"https:\/\/ulpmat.com\/de\/dokumente\/technisches-datenblatt\/\"><u>Technisches Datenblatt (TDS)<\/u><\/a><\/span><\/p>\n<p><span style=\"color: #0000ff;\"><a style=\"color: #0000ff;\" href=\"https:\/\/ulpmat.com\/de\/dokumente\/sicherheitsdatenblatt\/\"><u>Sicherheitsdatenblatt (MSDS)<\/u><\/a><\/span><br \/>\nGr\u00f6\u00dfenpr\u00fcfbericht<br \/>\nTestberichte von Drittanbietern sind auf Anfrage erh\u00e4ltlich<\/p>\n<h2><span style=\"font-size: 14pt;\">. Warum sollten Sie sich f\u00fcr uns entscheiden?<\/span><\/h2>\n<p>Unser Unternehmen verf\u00fcgt \u00fcber langj\u00e4hrige Branchenerfahrung und hat sich der Bereitstellung hochwertiger CrAl-Sputter-Targets und personalisierter Anpassungsdienstleistungen verschrieben. Wenn Sie sich f\u00fcr uns entscheiden, erhalten Sie stabile und zuverl\u00e4ssige Produkte, eine schnelle Lieferung und umfassenden <span style=\"color: #0000ff;\"><a style=\"color: #0000ff;\" href=\"https:\/\/ulpmat.com\/de\/service\/technische-unterstuetzung\/\">technischen Support,<\/a><\/span><br \/>\nder zum Erfolg Ihrer Projekte beitr\u00e4gt.<\/p>\n","protected":false},"excerpt":{"rendered":"<p>\u00dcbersicht \u00fcber Chromaluminid-Sputter-Targets Chromaluminid -Sputter-Targets bieten eine ausgezeichnete Verschlei\u00dffestigkeit und Hochtemperaturstabilit\u00e4t. Sie werden h\u00e4ufig bei der D\u00fcnnschichtabscheidung, elektrooptischen Beschichtungen und Hochtemperaturlegierungen eingesetzt und eignen sich besonders f\u00fcr Industrieanlagen, die eine hohe Hitze- und Korrosionsbest\u00e4ndigkeit erfordern. Wir bieten hochwertige CrAl-Sputter-Targets, die strengen Industriestandards entsprechen und f\u00fcr eine Vielzahl von D\u00fcnnschichtbeschichtungsanwendungen geeignet sind. Bei individuellen Anpassungsw\u00fcnschen oder [&hellip;]<\/p>\n","protected":false},"featured_media":51429,"template":"","meta":{"_acf_changed":false},"product_brand":[132],"product_cat":[562],"product_tag":[7761],"class_list":{"0":"post-51428","1":"product","2":"type-product","3":"status-publish","4":"has-post-thumbnail","6":"product_brand-ulpmat","7":"product_cat-legierung-sputtering-target","8":"product_tag-chromaluminid-sputtering-target","10":"first","11":"instock","12":"shipping-taxable","13":"product-type-variable"},"acf":[],"_links":{"self":[{"href":"https:\/\/ulpmat.com\/de\/wp-json\/wp\/v2\/product\/51428","targetHints":{"allow":["GET"]}}],"collection":[{"href":"https:\/\/ulpmat.com\/de\/wp-json\/wp\/v2\/product"}],"about":[{"href":"https:\/\/ulpmat.com\/de\/wp-json\/wp\/v2\/types\/product"}],"wp:featuredmedia":[{"embeddable":true,"href":"https:\/\/ulpmat.com\/de\/wp-json\/wp\/v2\/media\/51429"}],"wp:attachment":[{"href":"https:\/\/ulpmat.com\/de\/wp-json\/wp\/v2\/media?parent=51428"}],"wp:term":[{"taxonomy":"product_brand","embeddable":true,"href":"https:\/\/ulpmat.com\/de\/wp-json\/wp\/v2\/product_brand?post=51428"},{"taxonomy":"product_cat","embeddable":true,"href":"https:\/\/ulpmat.com\/de\/wp-json\/wp\/v2\/product_cat?post=51428"},{"taxonomy":"product_tag","embeddable":true,"href":"https:\/\/ulpmat.com\/de\/wp-json\/wp\/v2\/product_tag?post=51428"}],"curies":[{"name":"wp","href":"https:\/\/api.w.org\/{rel}","templated":true}]}}