{"id":51328,"date":"2026-01-06T11:35:46","date_gmt":"2026-01-06T03:35:46","guid":{"rendered":"https:\/\/ulpmat.com\/product\/chromiii-fluorid\/"},"modified":"2026-01-06T11:35:46","modified_gmt":"2026-01-06T03:35:46","slug":"chromiii-fluorid","status":"publish","type":"product","link":"https:\/\/ulpmat.com\/de\/produkt\/chromiii-fluorid\/","title":{"rendered":"Chrom(III)-fluorid"},"content":{"rendered":"<h2><span style=\"font-size: 14pt;\">\u00dcbersicht \u00fcber Chromfluoridpulver<\/span><\/h2>\n<p><span style=\"color: #0000ff;\"><a style=\"color: #0000ff;\" href=\"https:\/\/ulpmat.com\/de\/search\/?type=name&#038;keyword=Crf3\">Chromfluoridpulver<\/a><\/span><br \/>\nist ein hochreines Chromfluoridpulver mit ausgezeichneter chemischer Stabilit\u00e4t und breitem Anwendungspotenzial. Es findet wichtige Anwendungen in der Galvanotechnik, der chemischen Katalyse und bei Hochleistungswerkstoffen, insbesondere zur Verbesserung der Korrosions- und Oxidationsbest\u00e4ndigkeit von Werkstoffen.<\/p>\n<p>Wir bieten hochwertiges CrF3-Pulver, das eine hervorragende Leistung in verschiedenen industriellen Anwendungen gew\u00e4hrleistet. Bei technischen Fragen oder Produktanfragen k\u00f6nnen Sie <span style=\"color: #0000ff;\"><a style=\"color: #0000ff;\" href=\"https:\/\/ulpmat.com\/de\/kontakt-us\/\">sich<\/a><\/span><br \/>\ngerne <span style=\"color: #0000ff;\"><a style=\"color: #0000ff;\" href=\"https:\/\/ulpmat.com\/de\/kontakt-us\/\">an uns wenden<\/a><\/span><br \/>\n.<\/p>\n<h2><span style=\"font-size: 14pt;\">Produkt-Highlights<\/span><\/h2>\n<p>Hohe Reinheit und gute Stabilit\u00e4t<br \/>\nStarke Oxidationsbest\u00e4ndigkeit<br \/>\nHocheffiziente chemische Reaktivit\u00e4t<br \/>\nFeine Partikelkontrolle<br \/>\nGeeignet f\u00fcr vielf\u00e4ltige industrielle Anwendungen<br \/>\n<span style=\"color: #0000ff;\"><a style=\"color: #0000ff;\" href=\"https:\/\/ulpmat.com\/de\/service\/personalisierung\/\">Kundenspezifische<\/a><\/span><br \/>\nProduktionsdienstleistungen <\/p>\n<h2><span style=\"font-size: 14pt;\">verf\u00fcgbar<br \/>\nAnwendungen von Chromfluoridpulver<\/span><\/h2>\n<p><strong>Galvanikindustrie:<\/strong><br \/>\nAls Chromquellenmaterial im Galvanisierungsprozess kann das Pulver die Haftung und Korrosionsbest\u00e4ndigkeit von Beschichtungen erheblich verbessern und wird h\u00e4ufig bei der Oberfl\u00e4chenbehandlung von Automobil-, Luftfahrt- und Maschinenteilen eingesetzt.<br \/>\n<strong>Chemische Katalyse:<\/strong><br \/>\nDas Pulver hat wichtige Anwendungen in chemischen Katalysereaktionen, verbessert die Katalysatoraktivit\u00e4t und Reaktionseffizienz und eignet sich besonders f\u00fcr petrochemische und organische Synthesereaktionen.<br \/>\n<strong>Herstellung von Hochleistungswerkstoffen:<\/strong><br \/>\nWeit verbreitet in der Herstellung von hochtemperatur- und korrosionsbest\u00e4ndigen Werkstoffen zur Verbesserung ihrer thermischen und chemischen Stabilit\u00e4t, mit Anwendungen in der Luft- und Raumfahrt sowie in der High-End-Fertigungsindustrie.<br \/>\n<span style=\"color: #0000ff;\"><a style=\"color: #0000ff;\" href=\"https:\/\/ulpmat.com\/de\/product-category\/anorganische-pulver\/halogenid-materialien\/\"><strong>Fluoridsynthese:<\/strong><\/a><\/span><br \/>\nAls wichtiger Rohstoff f\u00fcr die Fluoridsynthese wird es h\u00e4ufig bei der Herstellung von Fluoridprodukten verwendet und weist eine hohe chemische Aktivit\u00e4t und Reaktivit\u00e4t auf.<\/p>\n<h2><span style=\"color: #0000ff;\"><a style=\"color: #0000ff;\" href=\"https:\/\/ulpmat.com\/de\/unternehmen\/faqs\/\"><span style=\"font-size: 14pt;\">H\u00e4ufig gestellte Fragen<\/span><\/a><\/span><\/h2>\n<p>F1: Wie gro\u00df ist die Partikelgr\u00f6\u00dfe von Chrom(III)-Fluorid-Pulver?<br \/>\nA1: Wir k\u00f6nnen Pulver mit unterschiedlichen Partikelgr\u00f6\u00dfen entsprechend den Kundenanforderungen liefern, die von Mikrometern bis Nanometern reichen, um sicherzustellen, dass die Anforderungen verschiedener Anwendungsbereiche erf\u00fcllt werden.<\/p>\n<p>F2: Was sind die besonderen Eigenschaften von Chromfluoridpulver?<br \/>\nA2: Das Pulver verf\u00fcgt \u00fcber eine ausgezeichnete Oxidationsbest\u00e4ndigkeit und Korrosionsbest\u00e4ndigkeit und kann \u00fcber einen langen Zeitraum hinweg stabil in Umgebungen mit hohen Temperaturen und korrosiven Bedingungen eingesetzt werden, wodurch es sich f\u00fcr Anwendungen eignet, die eine hohe Haltbarkeit und Stabilit\u00e4t erfordern.<\/p>\n<p>F3: Ist Chromfluoridpulver f\u00fcr katalytische Reaktionen geeignet?<br \/>\nA3: Ja, es hat ausgezeichnete katalytische Wirkungen in katalytischen Reaktionen und wird h\u00e4ufig in petrochemischen und anderen organischen Synthesereaktionen eingesetzt, um die Reaktionsleistung und Selektivit\u00e4t zu verbessern.<\/p>\n<p>F4: Wie wird Chromfluoridpulver verpackt?<br \/>\nA4: Wir verpacken das Pulver in versiegelten, feuchtigkeitsgesch\u00fctzten Beuteln und anschlie\u00dfend in stabilen Kartons, um sicherzustellen, dass das Produkt w\u00e4hrend des Transports nicht besch\u00e4digt wird und seine Stabilit\u00e4t beh\u00e4lt.<\/p>\n<h2><span style=\"font-size: 14pt;\">Berichte<\/span><\/h2>\n<p>Jede Charge wird geliefert mit:<br \/>\n<span style=\"color: #0000ff;\"><a style=\"color: #0000ff;\" href=\"https:\/\/ulpmat.com\/de\/dokumente\/zertifikat-der-analyse\/\">Analysezertifikat (COA)<\/a><\/span><\/p>\n<p><span style=\"color: #0000ff;\"><a style=\"color: #0000ff;\" href=\"https:\/\/ulpmat.com\/de\/dokumente\/technisches-datenblatt\/\">Technisches Datenblatt (TDS)<\/a><\/span><\/p>\n<p><span style=\"color: #0000ff;\"><a style=\"color: #0000ff;\" href=\"https:\/\/ulpmat.com\/de\/dokumente\/sicherheitsdatenblatt\/\">Sicherheitsdatenblatt (MSDS)<\/a><\/span><br \/>\nPr\u00fcfberichte von Drittanbietern sind auf Anfrage erh\u00e4ltlich<\/p>\n<h2><span style=\"font-size: 14pt;\">Warum sollten Sie sich f\u00fcr uns entscheiden?<\/span><\/h2>\n<p>Unser Unternehmen hat sich der Lieferung von hochwertigem CrF3-Pulver verschrieben und verf\u00fcgt \u00fcber fortschrittliche Produktionstechnologie und ein strenges Qualit\u00e4tsmanagementsystem. Wenn Sie sich f\u00fcr uns entscheiden, erhalten Sie stabile und zuverl\u00e4ssige Produkte, schnelle Lieferung und umfassenden <span style=\"color: #0000ff;\"><a style=\"color: #0000ff;\" href=\"https:\/\/ulpmat.com\/de\/service\/technische-unterstuetzung\/\">technischen Support<\/a><\/span><br \/>\n, damit Ihre Projekte reibungslos ablaufen.<\/p>\n","protected":false},"excerpt":{"rendered":"<p>\u00dcbersicht \u00fcber Chromfluoridpulver Chromfluoridpulver ist ein hochreines Chromfluoridpulver mit ausgezeichneter chemischer Stabilit\u00e4t und breitem Anwendungspotenzial. Es findet wichtige Anwendungen in der Galvanotechnik, der chemischen Katalyse und bei Hochleistungswerkstoffen, insbesondere zur Verbesserung der Korrosions- und Oxidationsbest\u00e4ndigkeit von Werkstoffen. Wir bieten hochwertiges CrF3-Pulver, das eine hervorragende Leistung in verschiedenen industriellen Anwendungen gew\u00e4hrleistet. Bei technischen Fragen oder Produktanfragen [&hellip;]<\/p>\n","protected":false},"featured_media":51329,"template":"","meta":{"_acf_changed":false},"product_brand":[132],"product_cat":[318],"product_tag":[7737],"class_list":{"0":"post-51328","1":"product","2":"type-product","3":"status-publish","4":"has-post-thumbnail","6":"product_brand-ulpmat","7":"product_cat-halogenid-materialien","8":"product_tag-chromiii-fluorid-pulver","10":"first","11":"instock","12":"shipping-taxable","13":"product-type-variable"},"acf":[],"_links":{"self":[{"href":"https:\/\/ulpmat.com\/de\/wp-json\/wp\/v2\/product\/51328","targetHints":{"allow":["GET"]}}],"collection":[{"href":"https:\/\/ulpmat.com\/de\/wp-json\/wp\/v2\/product"}],"about":[{"href":"https:\/\/ulpmat.com\/de\/wp-json\/wp\/v2\/types\/product"}],"wp:featuredmedia":[{"embeddable":true,"href":"https:\/\/ulpmat.com\/de\/wp-json\/wp\/v2\/media\/51329"}],"wp:attachment":[{"href":"https:\/\/ulpmat.com\/de\/wp-json\/wp\/v2\/media?parent=51328"}],"wp:term":[{"taxonomy":"product_brand","embeddable":true,"href":"https:\/\/ulpmat.com\/de\/wp-json\/wp\/v2\/product_brand?post=51328"},{"taxonomy":"product_cat","embeddable":true,"href":"https:\/\/ulpmat.com\/de\/wp-json\/wp\/v2\/product_cat?post=51328"},{"taxonomy":"product_tag","embeddable":true,"href":"https:\/\/ulpmat.com\/de\/wp-json\/wp\/v2\/product_tag?post=51328"}],"curies":[{"name":"wp","href":"https:\/\/api.w.org\/{rel}","templated":true}]}}