{"id":51124,"date":"2026-01-06T11:35:50","date_gmt":"2026-01-06T03:35:50","guid":{"rendered":"https:\/\/ulpmat.com\/product\/chromsilicid-3\/"},"modified":"2026-01-06T11:35:50","modified_gmt":"2026-01-06T03:35:50","slug":"chromsilicid-3","status":"publish","type":"product","link":"https:\/\/ulpmat.com\/de\/produkt\/chromsilicid-3\/","title":{"rendered":"Chromsilicid"},"content":{"rendered":"<h2><span style=\"font-size: 14pt;\">\u00dcbersicht \u00fcber Chromsilicid-Granulat<\/span><\/h2>\n<p><span style=\"color: #0000ff;\"><a style=\"color: #0000ff;\" href=\"https:\/\/ulpmat.com\/de\/search\/?type=name&#038;keyword=Chromium+Silicide\">Chromsilicid<\/a><\/span><br \/>\n-Granulat, bestehend aus Verbindungen von Chrom und Silizium, verf\u00fcgt \u00fcber eine ausgezeichnete Hochtemperaturstabilit\u00e4t und Korrosionsbest\u00e4ndigkeit und wird h\u00e4ufig bei der Herstellung von Hochtemperaturmaterialien, elektronischen Bauteilen und Legierungen verwendet. Es verbessert nicht nur effektiv die Produktleistung, sondern bleibt auch unter rauen Umgebungsbedingungen stabil.<\/p>\n<p>Wir bieten CrSi2-Granulat an, das speziell f\u00fcr Hochtemperatur- und Hochfestigkeitsanwendungen entwickelt wurde, um Ihren technischen Anforderungen gerecht zu werden. Bei Fragen oder individuellen<span style=\"color: #0000ff;\"><\/span><br \/>\nAnpassungsw\u00fcnschen <span style=\"color: #0000ff;\"><a style=\"color: #0000ff;\" href=\"https:\/\/ulpmat.com\/de\/kontakt-us\/\">wenden Sie sich<\/a><\/span><br \/>\nbitte <span style=\"color: #0000ff;\"><a style=\"color: #0000ff;\" href=\"https:\/\/ulpmat.com\/de\/kontakt-us\/\">an uns<\/a><\/span><br \/>\n.<\/p>\n<h2><span style=\"font-size: 14pt;\">Produkt-Highlights<\/span><\/h2>\n<p>Hervorragende Hochtemperaturstabilit\u00e4t<br \/>\nHervorragende Korrosionsbest\u00e4ndigkeit<br \/>\nGute mechanische Festigkeit<br \/>\nVerbesserte Verschlei\u00dffestigkeit und Oxidationsbest\u00e4ndigkeit<br \/>\nHocheffiziente W\u00e4rmeleitf\u00e4higkeit<br \/>\nMa\u00dfgeschneiderte Spezifikationen f\u00fcr unterschiedliche Anforderungen<\/p>\n<h2><span style=\"font-size: 14pt;\">Anwendungen von Chromsilizid-Granulat<\/span><\/h2>\n<p><strong>Hochtemperaturmaterialien:<\/strong><br \/>\nDiese Partikel weisen eine ausgezeichnete Hochtemperaturstabilit\u00e4t auf und werden h\u00e4ufig bei der Herstellung von Hochtemperaturlegierungen verwendet, da sie auch bei extremen Temperaturen ihre hervorragenden physikalischen Eigenschaften beibehalten.<\/p>\n<p><strong>Elektronische Bauteile:<\/strong><br \/>\nDiese Partikel werden h\u00e4ufig bei der Herstellung von elektronischen Bauteilen als leitf\u00e4hige oder w\u00e4rmeleitende Materialien verwendet, um die thermische Stabilit\u00e4t und Leistung der Ger\u00e4te zu verbessern.<\/p>\n<p><strong>Verschlei\u00dffeste Beschichtungen:<\/strong><br \/>\nDiese Partikel werden h\u00e4ufig in der Beschichtungstechnik eingesetzt und verbessern die Verschlei\u00dffestigkeit und Oxidationsbest\u00e4ndigkeit von Oberfl\u00e4chen. Sie eignen sich f\u00fcr mechanische Teile, Werkzeuge und Luft- und Raumfahrtger\u00e4te.<\/p>\n<p><strong>Metallurgische Industrie:<\/strong><br \/>\nAls Zusatzstoff in der metallurgischen Industrie tragen diese Granulate zur Verbesserung der Z\u00e4higkeit und Korrosionsbest\u00e4ndigkeit von Legierungen bei und werden h\u00e4ufig bei der Herstellung von Stahl, Aluminiumlegierungen usw. verwendet.<\/p>\n<h2><span style=\"color: #0000ff;\"><a style=\"color: #0000ff;\" href=\"https:\/\/ulpmat.com\/de\/unternehmen\/faqs\/\"><span style=\"font-size: 14pt;\">H\u00e4ufig gestellte Fragen<\/span><\/a><\/span><\/h2>\n<p>F1: Welche Anforderungen gelten f\u00fcr die Verpackung und Lagerung von Chromsilizid-Granulat?<br \/>\nA1: Es wird eine professionelle Verpackung verwendet, um sicherzustellen, dass w\u00e4hrend des Transports keine Sch\u00e4den entstehen. Es wird empfohlen, das Produkt in einer trockenen, k\u00fchlen Umgebung zu lagern und Feuchtigkeit und starke Temperaturschwankungen zu vermeiden, um sicherzustellen, dass seine Qualit\u00e4t nicht beeintr\u00e4chtigt wird.<\/p>\n<p>F2: In welchen Bereichen wird Chromsilizid-Granulat eingesetzt?<br \/>\nA2: Weit verbreitet in der Herstellung von Hochtemperaturlegierungen, elektronischen Bauteilen, Beschichtungstechnologie und der metallurgischen Industrie, besonders geeignet f\u00fcr den Einsatz in extremen Umgebungen.<\/p>\n<p>F3: Wie garantieren Sie die Reinheit und Qualit\u00e4t von Chromsilicid-Granulat?<br \/>\nA3: Wir wenden ein strenges Qualit\u00e4tskontrollsystem an und f\u00fchren in jeder Phase, von der Rohstoffbeschaffung bis zur Produktion, strenge Tests durch, um sicherzustellen, dass die Reinheit und Qualit\u00e4t des Granulats den Standards entspricht.<\/p>\n<p>F4: Welche Leistungsmerkmale weisen CrSi2-Granulate bei hohen Temperaturen auf?<br \/>\nA4: Sie weisen eine ausgezeichnete Stabilit\u00e4t und Korrosionsbest\u00e4ndigkeit in Hochtemperaturumgebungen auf, halten rauen Betriebsbedingungen unter Hochtemperaturbedingungen stand und eignen sich f\u00fcr Hochtemperaturanwendungen.<\/p>\n<h2><span style=\"font-size: 14pt;\">Berichte<\/span><\/h2>\n<p>Jede Charge wird mit<br \/>\n<span style=\"color: #0000ff;\"><a style=\"color: #0000ff;\" href=\"https:\/\/ulpmat.com\/de\/dokumente\/zertifikat-der-analyse\/\"><u>folgenden Unterlagen<\/u><\/a><\/span><br \/>\ngeliefert:<br \/>\n<span style=\"color: #0000ff;\"><a style=\"color: #0000ff;\" href=\"https:\/\/ulpmat.com\/de\/dokumente\/zertifikat-der-analyse\/\"><u>Analysezertifikat (COA)<\/u><\/a><\/span><\/p>\n<p><span style=\"color: #0000ff;\"><a style=\"color: #0000ff;\" href=\"https:\/\/ulpmat.com\/de\/dokumente\/technisches-datenblatt\/\"><u>Technisches Datenblatt (TDS)<\/u><\/a><\/span><\/p>\n<p><span style=\"color: #0000ff;\"><a style=\"color: #0000ff;\" href=\"https:\/\/ulpmat.com\/de\/dokumente\/sicherheitsdatenblatt\/\"><u>Sicherheitsdatenblatt (MSDS)<\/u><\/a><\/span><br \/>\nGr\u00f6\u00dfenpr\u00fcfbericht<br \/>\nPr\u00fcfberichte von Drittanbietern sind auf Anfrage erh\u00e4ltlich<\/p>\n<h2><span style=\"font-size: 14pt;\">. Warum sollten Sie sich f\u00fcr uns entscheiden?<\/span><\/h2>\n<p>Wir sind auf die Herstellung von CrSi2-Granulat spezialisiert und verf\u00fcgen \u00fcber fortschrittliche Produktionsprozesse und ein strenges Qualit\u00e4tskontrollsystem. Wenn Sie sich f\u00fcr uns entscheiden, erhalten Sie hochwertige Produkte und ma\u00dfgeschneiderte Dienstleistungen und profitieren gleichzeitig von umfassendem <span style=\"color: #0000ff;\"><a style=\"color: #0000ff;\" href=\"https:\/\/ulpmat.com\/de\/service\/technische-unterstuetzung\/\">technischen Support<\/a><\/span><br \/>\n, der zum Erfolg Ihrer Projekte beitr\u00e4gt.<\/p>\n","protected":false},"excerpt":{"rendered":"<p>\u00dcbersicht \u00fcber Chromsilicid-Granulat Chromsilicid -Granulat, bestehend aus Verbindungen von Chrom und Silizium, verf\u00fcgt \u00fcber eine ausgezeichnete Hochtemperaturstabilit\u00e4t und Korrosionsbest\u00e4ndigkeit und wird h\u00e4ufig bei der Herstellung von Hochtemperaturmaterialien, elektronischen Bauteilen und Legierungen verwendet. Es verbessert nicht nur effektiv die Produktleistung, sondern bleibt auch unter rauen Umgebungsbedingungen stabil. Wir bieten CrSi2-Granulat an, das speziell f\u00fcr Hochtemperatur- und [&hellip;]<\/p>\n","protected":false},"featured_media":51128,"template":"","meta":{"_acf_changed":false},"product_brand":[132],"product_cat":[299],"product_tag":[7676],"class_list":{"0":"post-51124","1":"product","2":"type-product","3":"status-publish","4":"has-post-thumbnail","6":"product_brand-ulpmat","7":"product_cat-verdampfen-von-materialien","8":"product_tag-chromsilicid-granulat","10":"first","11":"instock","12":"shipping-taxable","13":"product-type-variable"},"acf":[],"_links":{"self":[{"href":"https:\/\/ulpmat.com\/de\/wp-json\/wp\/v2\/product\/51124","targetHints":{"allow":["GET"]}}],"collection":[{"href":"https:\/\/ulpmat.com\/de\/wp-json\/wp\/v2\/product"}],"about":[{"href":"https:\/\/ulpmat.com\/de\/wp-json\/wp\/v2\/types\/product"}],"wp:featuredmedia":[{"embeddable":true,"href":"https:\/\/ulpmat.com\/de\/wp-json\/wp\/v2\/media\/51128"}],"wp:attachment":[{"href":"https:\/\/ulpmat.com\/de\/wp-json\/wp\/v2\/media?parent=51124"}],"wp:term":[{"taxonomy":"product_brand","embeddable":true,"href":"https:\/\/ulpmat.com\/de\/wp-json\/wp\/v2\/product_brand?post=51124"},{"taxonomy":"product_cat","embeddable":true,"href":"https:\/\/ulpmat.com\/de\/wp-json\/wp\/v2\/product_cat?post=51124"},{"taxonomy":"product_tag","embeddable":true,"href":"https:\/\/ulpmat.com\/de\/wp-json\/wp\/v2\/product_tag?post=51124"}],"curies":[{"name":"wp","href":"https:\/\/api.w.org\/{rel}","templated":true}]}}