{"id":50932,"date":"2026-01-08T14:45:05","date_gmt":"2026-01-08T06:45:05","guid":{"rendered":"https:\/\/ulpmat.com\/product\/vanadium-metall-5\/"},"modified":"2026-01-08T14:45:05","modified_gmt":"2026-01-08T06:45:05","slug":"vanadium-metall-5","status":"publish","type":"product","link":"https:\/\/ulpmat.com\/de\/produkt\/vanadium-metall-5\/","title":{"rendered":"Vanadium-Metall"},"content":{"rendered":"<h2><span style=\"font-size: 14pt;\">Vanadium-Metallfolie \u2013 \u00dcbersicht<\/span><\/h2>\n<p><span style=\"color: #0000ff;\"><a style=\"color: #0000ff;\" href=\"https:\/\/ulpmat.com\/de\/search\/?type=name&#038;keyword=Vanadium+metal\">Vanadium<\/a><\/span><br \/>\n-Metallfolie verf\u00fcgt \u00fcber eine ausgezeichnete Korrosionsbest\u00e4ndigkeit und Festigkeit und wird daher h\u00e4ufig in der Luft- und Raumfahrt, bei der Herstellung von <span style=\"color: #0000ff;\"><a style=\"color: #0000ff;\" href=\"https:\/\/ulpmat.com\/de\/anwendung\/batterie-materialien\/\">Batterien<\/a><\/span><br \/>\nund Hochtemperaturlegierungen eingesetzt. Aufgrund ihrer hohen elektrischen Leitf\u00e4higkeit und ihrer Best\u00e4ndigkeit gegen\u00fcber hohen Temperaturen ist sie in Hightech-Bereichen unverzichtbar.<\/p>\n<p>Wir bieten ma\u00dfgeschneiderte Vanadium-Metallfolie f\u00fcr vielf\u00e4ltige industrielle Anforderungen. <span style=\"color: #0000ff;\"><a style=\"color: #0000ff;\" href=\"https:\/\/ulpmat.com\/de\/kontakt-us\/\">Kontaktieren Sie uns<\/a><\/span><br \/>\nf\u00fcr detaillierte Informationen und <span style=\"color: #0000ff;\"><a style=\"color: #0000ff;\" href=\"https:\/\/ulpmat.com\/de\/service\/technische-unterstuetzung\/\">technischen Support<\/a><\/span><br \/>\n.<\/p>\n<h2><span style=\"font-size: 14pt;\">Produkt-Highlights<\/span><\/h2>\n<p>Ausgezeichnete Korrosionsbest\u00e4ndigkeit<br \/>\nHohe Festigkeit und Z\u00e4higkeit<br \/>\nGute elektrische Leitf\u00e4higkeit<br \/>\nHohe Temperaturbest\u00e4ndigkeit<br \/>\nStabile mechanische Eigenschaften<br \/>\n<span style=\"color: #0000ff;\"><a style=\"color: #0000ff;\" href=\"https:\/\/ulpmat.com\/de\/service\/personalisierung\/\">Anpassbare<\/a><\/span><br \/>\nSpezifikationen f\u00fcr unterschiedliche Anforderungen<\/p>\n<h2><span style=\"font-size: 14pt;\">Vanadium-Metallfolie \u2013 Anwendungsbereiche<\/span><\/h2>\n<p><strong>Luft- und Raumfahrt:<\/strong><br \/>\nVerwendung in Strukturkomponenten f\u00fcr Flugzeuge und Raumfahrzeuge, wo sie zuverl\u00e4ssige Hochtemperaturleistung und Korrosionsbest\u00e4ndigkeit bietet und einen langfristig stabilen Betrieb von Flugzeugen gew\u00e4hrleistet.<\/p>\n<p><strong><span style=\"color: #0000ff;\"><a style=\"color: #0000ff;\" href=\"https:\/\/ulpmat.com\/de\/anwendung\/batterie-materialien\/\">B<\/a><\/span>atterieherstellung:<\/strong><br \/>\nVanadium-Metallfolie spielt eine entscheidende Rolle in Vanadium-Redox-Flow-Batterien und Lithium-Batterien, wo sie f\u00fcr eine h\u00f6here Energieeffizienz und l\u00e4ngere Batterielebensdauer sorgt.<\/p>\n<p><strong>Herstellung von Hochtemperaturlegierungen:<\/strong><br \/>\nWird bei der Herstellung von Hochtemperaturlegierungen verwendet, die f\u00fcr Hochtemperaturumgebungen wie Gasturbinen geeignet sind, und tr\u00e4gt zur Verbesserung der Lebensdauer und Stabilit\u00e4t mechanischer Komponenten bei.<\/p>\n<p><strong>Chemische Industrie:<\/strong><br \/>\nAufgrund der Korrosionsbest\u00e4ndigkeit von Vanadium wird es in verschiedenen chemischen Reaktoren und Verarbeitungssystemen verwendet, wodurch die Lebensdauer der Anlagen verl\u00e4ngert und die Produktionseffizienz verbessert wird.<\/p>\n<h2><span style=\"color: #0000ff;\"><a style=\"color: #0000ff;\" href=\"https:\/\/ulpmat.com\/de\/unternehmen\/faqs\/\"><span style=\"font-size: 14pt;\">H\u00e4ufig gestellte Fragen<\/span><\/a><\/span><\/h2>\n<p>F1: Kann Vanadiumfolie bei extrem hohen Temperaturen verwendet werden?<br \/>\nA1: Ja, Vanadiumfolie ist extrem temperaturbest\u00e4ndig und kann in Umgebungen mit Temperaturen von bis zu 1000 \u00b0C stabil betrieben werden.<\/p>\n<p>F2: Ist Vanadiumfolie f\u00fcr die Batterieherstellung geeignet?<br \/>\nA2: Ja, dieses Material wird in Flussbatterien und Lithiumbatterien verwendet und verbessert die Effizienz und Lebensdauer der Batterien.<\/p>\n<p>F3: Wie ist die Korrosionsbest\u00e4ndigkeit von Vanadiumfolie?<br \/>\nA3: Diese Folie hat eine ausgezeichnete Korrosionsbest\u00e4ndigkeit und eignet sich besonders f\u00fcr Ger\u00e4te, die in chemischen und feuchten Umgebungen betrieben werden.<\/p>\n<p>F4: Kann Vanadiumfolie in kundenspezifischen Spezifikationen geliefert werden?<br \/>\nA4: Ja, wir bieten Produkte in verschiedenen St\u00e4rken und Gr\u00f6\u00dfen an, um den spezifischen Kundenanforderungen gerecht zu werden.<\/p>\n<h2><span style=\"font-size: 14pt;\">Berichte<\/span><\/h2>\n<p>Jede Charge wird geliefert mit:<br \/>\n<span style=\"color: #0000ff;\"><a style=\"color: #0000ff;\" href=\"https:\/\/ulpmat.com\/de\/dokumente\/zertifikat-der-analyse\/\"><u>Analysezertifikat (COA)<\/u><\/a><\/span><\/p>\n<p><span style=\"color: #0000ff;\"><a style=\"color: #0000ff;\" href=\"https:\/\/ulpmat.com\/de\/dokumente\/technisches-datenblatt\/\"><u>Technisches Datenblatt (TDS)<\/u><\/a><\/span><\/p>\n<p><span style=\"color: #0000ff;\"><a style=\"color: #0000ff;\" href=\"https:\/\/ulpmat.com\/de\/dokumente\/sicherheitsdatenblatt\/\"><u>Sicherheitsdatenblatt (MSDS)<\/u><\/a><\/span><br \/>\nGr\u00f6\u00dfenpr\u00fcfbericht<br \/>\nPr\u00fcfberichte von Drittanbietern sind auf Anfrage erh\u00e4ltlich.<\/p>\n<h2><span style=\"font-size: 14pt;\">Warum sollten Sie sich f\u00fcr uns entscheiden?<\/span><\/h2>\n<p>Wir sind bestrebt, hochwertige, ma\u00dfgeschneiderte Vanadiumfolienprodukte anzubieten. Dank unserer langj\u00e4hrigen Branchenerfahrung k\u00f6nnen wir pr\u00e4zisen technischen Support und L\u00f6sungen anbieten, die auf die Bed\u00fcrfnisse unserer Kunden zugeschnitten sind. Unsere Produkte sind von stabiler Qualit\u00e4t und werden p\u00fcnktlich geliefert, was uns das Vertrauen und Lob zahlreicher Kunden aus verschiedenen Branchen eingebracht hat.<\/p>\n","protected":false},"excerpt":{"rendered":"<p>Vanadium-Metallfolie \u2013 \u00dcbersicht Vanadium -Metallfolie verf\u00fcgt \u00fcber eine ausgezeichnete Korrosionsbest\u00e4ndigkeit und Festigkeit und wird daher h\u00e4ufig in der Luft- und Raumfahrt, bei der Herstellung von Batterien und Hochtemperaturlegierungen eingesetzt. Aufgrund ihrer hohen elektrischen Leitf\u00e4higkeit und ihrer Best\u00e4ndigkeit gegen\u00fcber hohen Temperaturen ist sie in Hightech-Bereichen unverzichtbar. Wir bieten ma\u00dfgeschneiderte Vanadium-Metallfolie f\u00fcr vielf\u00e4ltige industrielle Anforderungen. Kontaktieren Sie [&hellip;]<\/p>\n","protected":false},"featured_media":50933,"template":"","meta":{"_acf_changed":false},"product_brand":[132],"product_cat":[397],"product_tag":[7629],"class_list":{"0":"post-50932","1":"product","2":"type-product","3":"status-publish","4":"has-post-thumbnail","6":"product_brand-ulpmat","7":"product_cat-andere-materialien","8":"product_tag-vanadium-metall-folie","10":"first","11":"instock","12":"shipping-taxable","13":"product-type-variable"},"acf":[],"_links":{"self":[{"href":"https:\/\/ulpmat.com\/de\/wp-json\/wp\/v2\/product\/50932","targetHints":{"allow":["GET"]}}],"collection":[{"href":"https:\/\/ulpmat.com\/de\/wp-json\/wp\/v2\/product"}],"about":[{"href":"https:\/\/ulpmat.com\/de\/wp-json\/wp\/v2\/types\/product"}],"wp:featuredmedia":[{"embeddable":true,"href":"https:\/\/ulpmat.com\/de\/wp-json\/wp\/v2\/media\/50933"}],"wp:attachment":[{"href":"https:\/\/ulpmat.com\/de\/wp-json\/wp\/v2\/media?parent=50932"}],"wp:term":[{"taxonomy":"product_brand","embeddable":true,"href":"https:\/\/ulpmat.com\/de\/wp-json\/wp\/v2\/product_brand?post=50932"},{"taxonomy":"product_cat","embeddable":true,"href":"https:\/\/ulpmat.com\/de\/wp-json\/wp\/v2\/product_cat?post=50932"},{"taxonomy":"product_tag","embeddable":true,"href":"https:\/\/ulpmat.com\/de\/wp-json\/wp\/v2\/product_tag?post=50932"}],"curies":[{"name":"wp","href":"https:\/\/api.w.org\/{rel}","templated":true}]}}