{"id":50903,"date":"2026-01-08T14:45:06","date_gmt":"2026-01-08T06:45:06","guid":{"rendered":"https:\/\/ulpmat.com\/product\/vanadium-metall-4\/"},"modified":"2026-01-08T14:45:06","modified_gmt":"2026-01-08T06:45:06","slug":"vanadium-metall-4","status":"publish","type":"product","link":"https:\/\/ulpmat.com\/de\/produkt\/vanadium-metall-4\/","title":{"rendered":"Vanadium-Metall"},"content":{"rendered":"<h2><span style=\"font-size: 14pt;\">Vanadium-Metallpellets \u2013 \u00dcbersicht<\/span><\/h2>\n<p><span style=\"color: #0000ff;\"><a style=\"color: #0000ff;\" href=\"https:\/\/ulpmat.com\/de\/search\/?type=name&#038;keyword=Vanadium+metal\">Vanadium<\/a><\/span><br \/>\n-Metallpellets sind ein metallischer Rohstoff, der f\u00fcr seinen hohen Schmelzpunkt, seine hohe Festigkeit und seine hervorragenden Legierungseigenschaften bekannt ist. Sie werden h\u00e4ufig zur Herstellung von Hochleistungslegierungen und Funktionswerkstoffen verwendet. Zu den Anwendungsbereichen geh\u00f6ren die Herstellung von Sputtertargets, das Schmelzen von Spezialstahl, Energiespeichermaterialien sowie die Forschung und Entwicklung im Bereich fortschrittlicher Werkstoffe.<\/p>\n<p>Wir k\u00f6nnen Vanadium-Metallpellets in verschiedenen Partikelgr\u00f6\u00dfen entsprechend den Kundenanforderungen stabil liefern, die sowohl f\u00fcr Forschungs- als auch f\u00fcr industrielle Anwendungen geeignet sind. Bitte <span style=\"color: #0000ff;\"><a style=\"color: #0000ff;\" href=\"https:\/\/ulpmat.com\/de\/kontakt-us\/\">kontaktieren Sie uns<\/a><\/span><br \/>\nf\u00fcr<span style=\"color: #0000ff;\"><a style=\"color: #0000ff;\" href=\"https:\/\/ulpmat.com\/de\/service\/technische-unterstuetzung\/\"> technischen Support<\/a><\/span><br \/>\nund Informationen zu Mustern.<\/p>\n<h2><span style=\"font-size: 14pt;\">Produkt-Highlights<\/span><\/h2>\n<p>Stabile Metallaktivit\u00e4t<br \/>\nGleichm\u00e4\u00dfige Partikelmorphologie<br \/>\nHoher Schmelzpunkt und hohe Festigkeit<br \/>\nGeeignet f\u00fcr Sekund\u00e4rschmelzen und Legieren<br \/>\nGute Prozessanpassungsf\u00e4higkeit<br \/>\nKann f\u00fcr die Herstellung von Sputter-Rohmaterialien verwendet werden<\/p>\n<h2><span style=\"font-size: 14pt;\">Anwendungen von Vanadium-Metallpellets<\/span><\/h2>\n<p><strong>Herstellung von Sputtertargets:<\/strong><br \/>\nVanadium-Metallpellets k\u00f6nnen als Rohmaterial f\u00fcr Sputtertargets verwendet werden. Durch Schmelzen, Gie\u00dfen und Bearbeiten k\u00f6nnen sie zu planaren oder rotierenden Targets f\u00fcr die funktionale D\u00fcnnschichtabscheidung verarbeitet werden.<\/p>\n<p><strong>Vanadium- und eisenbasierte Legierungszus\u00e4tze:<\/strong><br \/>\nBei der Herstellung von Spezialst\u00e4hlen und Hochtemperaturlegierungen werden Vanadiumpellets h\u00e4ufig als Legierungszus\u00e4tze verwendet, um die K\u00f6rner zu verfeinern und die Materialfestigkeit und Verschlei\u00dffestigkeit zu verbessern.<\/p>\n<p><strong>Forschung zu neuen Energie- und Energiespeichermaterialien:<\/strong><br \/>\nVanadiumhaltige Materialien haben einen hohen Stellenwert in Flussbatterien und Energiespeichersystemen. Vanadiummetallpartikel werden h\u00e4ufig bei der Synthese von Materialien im Versuchs- oder Pilotma\u00dfstab verwendet.<\/p>\n<p><strong>Wissenschaftliche Forschung und Materialentwicklung:<\/strong><br \/>\nGeeignet f\u00fcr <span style=\"color: #0000ff;\"><a style=\"color: #0000ff;\" href=\"https:\/\/ulpmat.com\/de\/unternehmen\/fe\/\">Forschungs-<\/a><\/span><br \/>\n<span style=\"color: #0000ff;\"><a style=\"color: #0000ff;\" href=\"https:\/\/ulpmat.com\/de\/unternehmen\/fe\/\">und<\/a><\/span><br \/>\nEntwicklungsabteilungen von Universit\u00e4ten, Forschungsinstituten und Unternehmen f\u00fcr die Grundlagenforschung zu neuartigen Vanadiumverbindungen, intermetallischen Verbindungen und Funktionsmaterialien.<\/p>\n<h2><span style=\"color: #0000ff; font-size: 14pt;\"><a style=\"color: #0000ff;\" href=\"https:\/\/ulpmat.com\/de\/unternehmen\/faqs\/\"><strong>H\u00e4ufig gestellte Fragen<\/strong><\/a><\/span><\/h2>\n<p>F1: K\u00f6nnen Vanadiummetallpartikel direkt in Sputterprozessen verwendet werden?<br \/>\nA1: Im Allgemeinen werden sie nicht direkt zum Sputtern verwendet. Stattdessen werden sie als Rohmaterial f\u00fcr die Targetvorbereitung verwendet. Nach dem Schmelzen und der Verarbeitung werden sie zu Sputtertargets f\u00fcr den Einsatz verarbeitet.<\/p>\n<p>F2: Welche Vorsichtsma\u00dfnahmen sind bei der Verwendung von Vanadiummetallpartikeln zu beachten?<br \/>\nA2: Es wird empfohlen, sie in einer trockenen, inerten oder sauerstoffarmen Umgebung zu lagern und zu handhaben und eine l\u00e4ngere Exposition gegen\u00fcber Luft zu vermeiden, um die Auswirkungen der Oberfl\u00e4chenoxidation auf nachfolgende Prozesse zu verringern.<\/p>\n<p>F3: Welche Schmelz- oder Verarbeitungsmethoden sind f\u00fcr Vanadiummetallpartikel geeignet?<br \/>\nA3: Dieses Produkt eignet sich f\u00fcr Vakuumschmelzen, Schutzgasschmelzen und pulvermetallurgische Verfahren. Die spezifische Methode kann entsprechend der endg\u00fcltigen Anwendung ausgew\u00e4hlt werden.<\/p>\n<h2><span style=\"font-size: 14pt;\">Berichte<\/span><\/h2>\n<p>Jede Charge wird geliefert mit:<br \/>\n<span style=\"color: #0000ff;\"><a style=\"color: #0000ff;\" href=\"https:\/\/ulpmat.com\/de\/dokumente\/zertifikat-der-analyse\/\"><u>Analysezertifikat (COA)<\/u><\/a><\/span><\/p>\n<p><span style=\"color: #0000ff;\"><a style=\"color: #0000ff;\" href=\"https:\/\/ulpmat.com\/de\/dokumente\/technisches-datenblatt\/\"><u>Technisches Datenblatt (TDS)<\/u><\/a><\/span><\/p>\n<p><span style=\"color: #0000ff;\"><a style=\"color: #0000ff;\" href=\"https:\/\/ulpmat.com\/de\/dokumente\/sicherheitsdatenblatt\/\"><u>Sicherheitsdatenblatt (MSDS)<\/u><\/a><\/span><br \/>\nGr\u00f6\u00dfenpr\u00fcfbericht<br \/>\nPr\u00fcfberichte von Dritten sind auf Anfrage erh\u00e4ltlich.<\/p>\n<h2><span style=\"font-size: 14pt;\">Warum sollten Sie sich f\u00fcr uns entscheiden?<\/span><\/h2>\n<p>Wir sind auf die langfristige, stabile Lieferung von Rohstoffen f\u00fcr Metalle und anorganische Materialien spezialisiert. Wir sind mit den praktischen Anwendungsanforderungen von Vanadiummaterialien in den Bereichen Sputtern, Legieren und wissenschaftliche Forschung vertraut. Wir bieten zuverl\u00e4ssige Produktkonsistenz, klare technische Dokumentation und flexible Anpassungsunterst\u00fctzung, um unseren Kunden einen effizienten Projektfortschritt zu erm\u00f6glichen.<\/p>\n","protected":false},"excerpt":{"rendered":"<p>Vanadium-Metallpellets \u2013 \u00dcbersicht Vanadium -Metallpellets sind ein metallischer Rohstoff, der f\u00fcr seinen hohen Schmelzpunkt, seine hohe Festigkeit und seine hervorragenden Legierungseigenschaften bekannt ist. Sie werden h\u00e4ufig zur Herstellung von Hochleistungslegierungen und Funktionswerkstoffen verwendet. Zu den Anwendungsbereichen geh\u00f6ren die Herstellung von Sputtertargets, das Schmelzen von Spezialstahl, Energiespeichermaterialien sowie die Forschung und Entwicklung im Bereich fortschrittlicher Werkstoffe. [&hellip;]<\/p>\n","protected":false},"featured_media":50904,"template":"","meta":{"_acf_changed":false},"product_brand":[132],"product_cat":[299],"product_tag":[7623],"class_list":{"0":"post-50903","1":"product","2":"type-product","3":"status-publish","4":"has-post-thumbnail","6":"product_brand-ulpmat","7":"product_cat-verdampfen-von-materialien","8":"product_tag-vanadium-metall-pellets","10":"first","11":"instock","12":"shipping-taxable","13":"product-type-variable"},"acf":[],"_links":{"self":[{"href":"https:\/\/ulpmat.com\/de\/wp-json\/wp\/v2\/product\/50903","targetHints":{"allow":["GET"]}}],"collection":[{"href":"https:\/\/ulpmat.com\/de\/wp-json\/wp\/v2\/product"}],"about":[{"href":"https:\/\/ulpmat.com\/de\/wp-json\/wp\/v2\/types\/product"}],"wp:featuredmedia":[{"embeddable":true,"href":"https:\/\/ulpmat.com\/de\/wp-json\/wp\/v2\/media\/50904"}],"wp:attachment":[{"href":"https:\/\/ulpmat.com\/de\/wp-json\/wp\/v2\/media?parent=50903"}],"wp:term":[{"taxonomy":"product_brand","embeddable":true,"href":"https:\/\/ulpmat.com\/de\/wp-json\/wp\/v2\/product_brand?post=50903"},{"taxonomy":"product_cat","embeddable":true,"href":"https:\/\/ulpmat.com\/de\/wp-json\/wp\/v2\/product_cat?post=50903"},{"taxonomy":"product_tag","embeddable":true,"href":"https:\/\/ulpmat.com\/de\/wp-json\/wp\/v2\/product_tag?post=50903"}],"curies":[{"name":"wp","href":"https:\/\/api.w.org\/{rel}","templated":true}]}}