{"id":50879,"date":"2026-01-08T14:45:06","date_gmt":"2026-01-08T06:45:06","guid":{"rendered":"https:\/\/ulpmat.com\/product\/vanadium-metall-3\/"},"modified":"2026-01-08T14:45:06","modified_gmt":"2026-01-08T06:45:06","slug":"vanadium-metall-3","status":"publish","type":"product","link":"https:\/\/ulpmat.com\/de\/produkt\/vanadium-metall-3\/","title":{"rendered":"Vanadium-Metall"},"content":{"rendered":"<h2><span style=\"font-size: 14pt;\">Vanadium-Metallpulver \u2013 \u00dcbersicht<\/span><\/h2>\n<p><span style=\"color: #0000ff;\"><a style=\"color: #0000ff;\" href=\"https:\/\/ulpmat.com\/de\/search\/?type=name&#038;keyword=Vanadium+metal\">Vanadium<\/a><\/span><br \/>\n-Metallpulver ist ein grundlegender metallischer Rohstoff mit ausgezeichneter Verarbeitbarkeit und metallischen Eigenschaften, der sich f\u00fcr verschiedene Materialsynthese- und Formungsprozesse eignet. Es wird h\u00e4ufig in der Pulvermetallurgie, der Legierungsherstellung, der Forschung zu Funktionsmaterialien und verwandten industriellen und wissenschaftlichen Forschungsbereichen verwendet.<\/p>\n<p>Wir k\u00f6nnen eine stabile Versorgung mit Vanadium-Metallpulver-L\u00f6sungen bieten, um unterschiedliche Anwendungsanforderungen zu erf\u00fcllen. Bitte <span style=\"color: #0000ff;\"><a style=\"color: #0000ff;\" href=\"https:\/\/ulpmat.com\/de\/kontakt-us\/\">kontaktieren Sie uns<\/a><\/span><br \/>\nf\u00fcr Muster und technische Informationen.<\/p>\n<h2><span style=\"font-size: 14pt;\">Produkt-Highlights<\/span><\/h2>\n<p>Gleichm\u00e4\u00dfige Pulvermorphologie<br \/>\nEinfach herzustellen und zu mischen<br \/>\nAnpassungsf\u00e4hig an verschiedene Formgebungsprozesse<br \/>\nStabile grundlegende Metalleigenschaften<br \/>\nGeeignet f\u00fcr die Weiterverarbeitung<br \/>\nVielseitig einsetzbar f\u00fcr Forschung und Produktion<\/p>\n<h2><span style=\"font-size: 14pt;\">Anwendungen von Vanadium-Metallpulver<\/span><\/h2>\n<p><strong>Pulvermetallurgie Materialherstellung:<\/strong><br \/>\nVanadium-Metallpulver eignet sich f\u00fcr pulvermetallurgische Prozesse wie Pressen und Sintern und kann zur Herstellung von hochleistungsf\u00e4higen Materialien auf Vanadium- oder Multimetallbasis verwendet werden.<\/p>\n<p><strong>Legierungs- und Zwischenmaterialsynthese:<\/strong><br \/>\nIn der Legierungsforschung und -produktion kann Vanadiummetallpulver als Rohstoff zur Verbesserung der mechanischen und strukturellen Eigenschaften von Materialien verwendet werden.<\/p>\n<p><strong>Funktionsmaterialien und Forschung zu neuen Materialien:<\/strong><br \/>\nDieses Pulver wird h\u00e4ufig in Laboren und Forschungsphasen verwendet, um das Potenzial von Vanadium-bezogenen Materialien in Bezug auf Struktur, Eigenschaften und Anwendungen zu untersuchen.<\/p>\n<p><strong>Anwendungen in der industriellen und wissenschaftlichen Forschung:<\/strong><br \/>\nGeeignet f\u00fcr Universit\u00e4ten, Forschungseinrichtungen und F&amp;E-Abteilungen von Unternehmen zur Prozessverifizierung, f\u00fcr Pilotversuche und zur Bewertung der Materialleistung.<\/p>\n<h2><span style=\"color: #0000ff; font-size: 14pt;\"><a style=\"color: #0000ff;\" href=\"https:\/\/ulpmat.com\/de\/unternehmen\/faqs\/\">H\u00e4ufig gestellte Fragen<\/a><\/span><\/h2>\n<p>F1: F\u00fcr welche Verarbeitungsmethoden ist Vanadiummetallpulver geeignet?<br \/>\nA1: Dieses Produkt kann in verschiedenen Prozessen wie Pressen, Sintern und Granulieren verwendet werden. Die spezifische Methode kann je nach Endanwendung ausgew\u00e4hlt werden.<\/p>\n<p>F2: Welche Vorsichtsma\u00dfnahmen sollten bei der Lagerung von Vanadiummetallpulver getroffen werden?<br \/>\nA2: Es wird empfohlen, es in einer versiegelten, trockenen Umgebung zu lagern und Feuchtigkeit und l\u00e4ngere Einwirkung von Luft zu vermeiden, um die Stabilit\u00e4t des Pulvers zu gew\u00e4hrleisten.<\/p>\n<p>F3: Ist Vanadiummetallpulver f\u00fcr die Laborforschung geeignet?<br \/>\nA3: Ja, dieses Produkt eignet sich gut f\u00fcr die Materialentwicklung, Prozessverifizierung und Leistungspr\u00fcfung.<\/p>\n<p>F4: Was sind die Eigenschaften von Vanadiummetallpulver im Vergleich zu Sch\u00fcttgut oder Granulat?<br \/>\nA4: Die Pulverform ist besser f\u00fcr eine gleichm\u00e4\u00dfige Mischung und feine Dosierung geeignet und eignet sich f\u00fcr Anwendungen, die eine pr\u00e4zise Zusammensetzungskontrolle erfordern.<\/p>\n<h2><span style=\"font-size: 14pt;\">Berichte<\/span><\/h2>\n<p>Jede Charge wird geliefert mit:<br \/>\n<span style=\"color: #0000ff;\"><a style=\"color: #0000ff;\" href=\"https:\/\/ulpmat.com\/de\/dokumente\/zertifikat-der-analyse\/\"><u>Analysezertifikat (COA)<\/u><\/a><\/span><\/p>\n<p><span style=\"color: #0000ff;\"><a style=\"color: #0000ff;\" href=\"https:\/\/ulpmat.com\/de\/dokumente\/technisches-datenblatt\/\"><u>Technisches Datenblatt (TDS)<\/u><\/a><\/span><\/p>\n<p><span style=\"color: #0000ff;\"><a style=\"color: #0000ff;\" href=\"https:\/\/ulpmat.com\/de\/dokumente\/sicherheitsdatenblatt\/\"><u>Sicherheitsdatenblatt (MSDS)<\/u><\/a><\/span><br \/>\nTestberichte von Drittanbietern sind auf Anfrage erh\u00e4ltlich<\/p>\n<h2><span style=\"font-size: 14pt;\">. Warum sollten Sie sich f\u00fcr uns entscheiden?<\/span><\/h2>\n<p>Wir sind auf die langfristige Lieferung von Rohstoffen f\u00fcr Metalle und anorganische Materialien spezialisiert. Wir sind mit den praktischen Anwendungsanforderungen von Vanadiummetallpulver in der wissenschaftlichen Forschung und Industrie vertraut und k\u00f6nnen eine stabile Produktqualit\u00e4t, klare technische Dokumentation und kontinuierlichen Service-Support bieten, um unseren Kunden bei der Kostensenkung zu helfen.<\/p>\n","protected":false},"excerpt":{"rendered":"<p>Vanadium-Metallpulver \u2013 \u00dcbersicht Vanadium -Metallpulver ist ein grundlegender metallischer Rohstoff mit ausgezeichneter Verarbeitbarkeit und metallischen Eigenschaften, der sich f\u00fcr verschiedene Materialsynthese- und Formungsprozesse eignet. Es wird h\u00e4ufig in der Pulvermetallurgie, der Legierungsherstellung, der Forschung zu Funktionsmaterialien und verwandten industriellen und wissenschaftlichen Forschungsbereichen verwendet. Wir k\u00f6nnen eine stabile Versorgung mit Vanadium-Metallpulver-L\u00f6sungen bieten, um unterschiedliche Anwendungsanforderungen zu [&hellip;]<\/p>\n","protected":false},"featured_media":50880,"template":"","meta":{"_acf_changed":false},"product_brand":[132],"product_cat":[280],"product_tag":[7617],"class_list":{"0":"post-50879","1":"product","2":"type-product","3":"status-publish","4":"has-post-thumbnail","6":"product_brand-ulpmat","7":"product_cat-reine-metalle-legierungen","8":"product_tag-vanadium-metall-pulver","10":"first","11":"instock","12":"shipping-taxable","13":"product-type-variable"},"acf":[],"_links":{"self":[{"href":"https:\/\/ulpmat.com\/de\/wp-json\/wp\/v2\/product\/50879","targetHints":{"allow":["GET"]}}],"collection":[{"href":"https:\/\/ulpmat.com\/de\/wp-json\/wp\/v2\/product"}],"about":[{"href":"https:\/\/ulpmat.com\/de\/wp-json\/wp\/v2\/types\/product"}],"wp:featuredmedia":[{"embeddable":true,"href":"https:\/\/ulpmat.com\/de\/wp-json\/wp\/v2\/media\/50880"}],"wp:attachment":[{"href":"https:\/\/ulpmat.com\/de\/wp-json\/wp\/v2\/media?parent=50879"}],"wp:term":[{"taxonomy":"product_brand","embeddable":true,"href":"https:\/\/ulpmat.com\/de\/wp-json\/wp\/v2\/product_brand?post=50879"},{"taxonomy":"product_cat","embeddable":true,"href":"https:\/\/ulpmat.com\/de\/wp-json\/wp\/v2\/product_cat?post=50879"},{"taxonomy":"product_tag","embeddable":true,"href":"https:\/\/ulpmat.com\/de\/wp-json\/wp\/v2\/product_tag?post=50879"}],"curies":[{"name":"wp","href":"https:\/\/api.w.org\/{rel}","templated":true}]}}