{"id":50820,"date":"2026-01-08T14:45:07","date_gmt":"2026-01-08T06:45:07","guid":{"rendered":"https:\/\/ulpmat.com\/product\/vanadium-metall-2\/"},"modified":"2026-01-08T14:45:07","modified_gmt":"2026-01-08T06:45:07","slug":"vanadium-metall-2","status":"publish","type":"product","link":"https:\/\/ulpmat.com\/de\/produkt\/vanadium-metall-2\/","title":{"rendered":"Vanadium-Metall"},"content":{"rendered":"<h2><span style=\"font-size: 14pt;\">\u00dcbersicht \u00fcber Vanadium-Metall-Sputtertargets<\/span><\/h2>\n<p><span style=\"color: #000080;\"><a style=\"color: #000080;\" href=\"https:\/\/ulpmat.com\/de\/search\/?type=name&#038;keyword=Vanadium+metal\"><span style=\"color: #0000ff;\">Vanadium-Metall<\/span><\/a><\/span><br \/>\n-Sputtertargets sind funktionale Metallmaterialien, die f\u00fcr die D\u00fcnnschichtabscheidung verwendet werden und sich durch hervorragende Stabilit\u00e4t und kontrollierbare Sputterleistung auszeichnen. Diese Produkte finden breite Anwendung in Halbleiter-D\u00fcnnschichten, funktionalen Beschichtungen, wissenschaftlichen Forschungsexperimenten und verwandten Vakuumabscheidungsbereichen.<\/p>\n<p>Wir bieten Vanadium-Metall-Sputtertargets in verschiedenen Gr\u00f6\u00dfen und Strukturen an und unterst\u00fctzen kundenspezifische Bearbeitungen. Bitte<span style=\"color: #0000ff;\"><a style=\"color: #0000ff;\" href=\"https:\/\/ulpmat.com\/de\/kontakt-us\/\"> kontaktieren Sie uns<\/a><\/span><br \/>\nf\u00fcr technische L\u00f6sungen.<\/p>\n<h2><span style=\"font-size: 14pt;\">Produkt-Highlights<\/span><\/h2>\n<p>Gleichm\u00e4\u00dfige Metallzusammensetzung<br \/>\nStabiler Sputterprozess<br \/>\nHohe Targetdichte<br \/>\nKompatibel mit verschiedenen Vakuumanlagen<br \/>\nGeeignet f\u00fcr Backplane<span style=\"color: #0000ff;\"><a style=\"color: #0000ff;\" href=\"https:\/\/ulpmat.com\/de\/service\/ziel-bindung\/\">-Bonding<\/a><\/span><br \/>\nKundenspezifische Gr\u00f6\u00dfen m\u00f6glich<\/p>\n<h2><span style=\"font-size: 14pt;\">Anwendungen von Vanadium-Metall-Sputtertargets<\/span><\/h2>\n<p><strong><span style=\"color: #0000ff;\"><a style=\"color: #0000ff;\" href=\"https:\/\/ulpmat.com\/de\/anwendung\/halbleiter-materialien\/\">Halbleiter-<\/a> <\/span>und mikroelektronische D\u00fcnnschichten:<\/strong><br \/>\nVanadium-Metall-Sputtertargets k\u00f6nnen zur Abscheidung von Vanadium-Metall-D\u00fcnnschichten verwendet werden, die f\u00fcr die Herstellung von mikroelektronischen Bauelementen und verwandten Strukturschichten geeignet sind.<\/p>\n<p><strong>Funktionale Beschichtungen und Oberfl\u00e4chenmodifizierung:<\/strong><br \/>\nIm Bereich der funktionalen Beschichtungen wird dieses Target h\u00e4ufig zur Herstellung von Metall-D\u00fcnnschichten mit Verschlei\u00dffestigkeit, Leitf\u00e4higkeit oder besonderen physikalischen Eigenschaften verwendet.<\/p>\n<p><strong>Wissenschaftliche Forschung und Labor-Sputterstudien:<\/strong><br \/>\nVanadium-Targets werden in Universit\u00e4ten und Forschungseinrichtungen h\u00e4ufig f\u00fcr die Prozessforschung und Leistungspr\u00fcfung neuartiger D\u00fcnnschichtmaterialien eingesetzt.<\/p>\n<p><strong>Spezialmaterialien und Prozessentwicklung:<\/strong><br \/>\nVanadium-Metall-Sputtertargets dienen als wichtige Quelle f\u00fcr die Metallabscheidung bei der Entwicklung neuer Materialien und Prozesse.<\/p>\n<h2><span style=\"color: #0000ff;\"><a style=\"color: #0000ff;\" href=\"https:\/\/ulpmat.com\/de\/unternehmen\/faqs\/\"><span style=\"font-size: 14pt;\">H\u00e4ufig gestellte Fragen<\/span><\/a><\/span><\/h2>\n<p>F1: Welche Sputtermethode eignet sich f\u00fcr Vanadium-Metall-Sputtertargets?<br \/>\nA1: Diese Targets k\u00f6nnen f\u00fcr DC-Sputtern oder RF-Sputtern verwendet werden; die spezifische Methode h\u00e4ngt von der Ger\u00e4tekonfiguration und den Prozessanforderungen ab.<\/p>\n<p>F2: Sind Vanadiumtargets w\u00e4hrend des Sputterns stabil?<br \/>\nA2: Unter geeigneten Prozessparametern weisen Vanadiummetalltargets eine gute Sputterstabilit\u00e4t auf, was zur Erzielung gleichm\u00e4\u00dfiger D\u00fcnnschichten beitr\u00e4gt.<\/p>\n<p>F3: K\u00f6nnen Vanadiummetall-Sputtertargets auf eine R\u00fcckwand gebondet werden?<br \/>\nA3: Ja, je nach Anwendungsanforderungen k\u00f6nnen Vanadiumtargets auf Materialien wie Kupferr\u00fcckw\u00e4nde gebondet werden, um die W\u00e4rmeableitung und die Installationsstabilit\u00e4t zu verbessern.<\/p>\n<p>F4: Ist ein Vanadium-Target f\u00fcr die Forschung oder die Massenproduktion geeignet?<br \/>\nA4: Dieses Produkt eignet sich sowohl f\u00fcr die Prozessverifizierung in wissenschaftlichen Forschungsexperimenten als auch f\u00fcr Kleinserien oder kundenspezifische Produktionsszenarien.<\/p>\n<h2><span style=\"font-size: 14pt;\">Berichte<\/span><\/h2>\n<p>Jede Charge wird mit<br \/>\n<span style=\"color: #0000ff;\"><a style=\"color: #0000ff;\" href=\"https:\/\/ulpmat.com\/de\/dokumente\/zertifikat-der-analyse\/\"><u>folgenden Dokumenten<\/u><\/a><\/span><br \/>\ngeliefert:<br \/>\n<span style=\"color: #0000ff;\"><a style=\"color: #0000ff;\" href=\"https:\/\/ulpmat.com\/de\/dokumente\/zertifikat-der-analyse\/\"><u>Analysezertifikat (COA)<\/u><\/a><\/span><\/p>\n<p><span style=\"color: #0000ff;\"><a style=\"color: #0000ff;\" href=\"https:\/\/ulpmat.com\/de\/dokumente\/technisches-datenblatt\/\"><u>Technisches Datenblatt (TDS)<\/u><\/a><\/span><\/p>\n<p><span style=\"color: #0000ff;\"><a style=\"color: #0000ff;\" href=\"https:\/\/ulpmat.com\/de\/dokumente\/sicherheitsdatenblatt\/\"><u>Sicherheitsdatenblatt (MSDS)<\/u><\/a><\/span><br \/>\nGr\u00f6\u00dfenpr\u00fcfbericht<br \/>\nTestberichte von Drittanbietern sind auf Anfrage erh\u00e4ltlich<\/p>\n<h2><span style=\"font-size: 14pt;\">. Warum sollten Sie sich f\u00fcr uns entscheiden?<\/span><\/h2>\n<p>Wir konzentrieren uns seit langem auf die Lieferung von Sputtertargets und verwandten Metallmaterialien. Wir sind mit den Anwendungseigenschaften von Vanadiummetall bei der D\u00fcnnschichtabscheidung vertraut und k\u00f6nnen eine stabile Targetqualit\u00e4t, flexible Anpassungsm\u00f6glichkeiten und <span style=\"color: #0000ff;\"><a style=\"color: #0000ff;\" href=\"https:\/\/ulpmat.com\/de\/service\/technische-unterstuetzung\/\">einen<\/a><\/span><br \/>\nklaren <span style=\"color: #0000ff;\"><a style=\"color: #0000ff;\" href=\"https:\/\/ulpmat.com\/de\/service\/technische-unterstuetzung\/\">technischen Support<\/a><\/span><br \/>\nbieten, um Kunden bei der reibungslosen Umsetzung ihrer Sputterprojekte zu unterst\u00fctzen.<\/p>\n","protected":false},"excerpt":{"rendered":"<p>\u00dcbersicht \u00fcber Vanadium-Metall-Sputtertargets Vanadium-Metall -Sputtertargets sind funktionale Metallmaterialien, die f\u00fcr die D\u00fcnnschichtabscheidung verwendet werden und sich durch hervorragende Stabilit\u00e4t und kontrollierbare Sputterleistung auszeichnen. Diese Produkte finden breite Anwendung in Halbleiter-D\u00fcnnschichten, funktionalen Beschichtungen, wissenschaftlichen Forschungsexperimenten und verwandten Vakuumabscheidungsbereichen. Wir bieten Vanadium-Metall-Sputtertargets in verschiedenen Gr\u00f6\u00dfen und Strukturen an und unterst\u00fctzen kundenspezifische Bearbeitungen. Bitte kontaktieren Sie uns f\u00fcr [&hellip;]<\/p>\n","protected":false},"featured_media":50821,"template":"","meta":{"_acf_changed":false},"product_brand":[132],"product_cat":[278],"product_tag":[7611],"class_list":{"0":"post-50820","1":"product","2":"type-product","3":"status-publish","4":"has-post-thumbnail","6":"product_brand-ulpmat","7":"product_cat-metall-sputtering-target","8":"product_tag-vanadium-metall-sputtering-target","10":"first","11":"instock","12":"shipping-taxable","13":"product-type-variable"},"acf":[],"_links":{"self":[{"href":"https:\/\/ulpmat.com\/de\/wp-json\/wp\/v2\/product\/50820","targetHints":{"allow":["GET"]}}],"collection":[{"href":"https:\/\/ulpmat.com\/de\/wp-json\/wp\/v2\/product"}],"about":[{"href":"https:\/\/ulpmat.com\/de\/wp-json\/wp\/v2\/types\/product"}],"wp:featuredmedia":[{"embeddable":true,"href":"https:\/\/ulpmat.com\/de\/wp-json\/wp\/v2\/media\/50821"}],"wp:attachment":[{"href":"https:\/\/ulpmat.com\/de\/wp-json\/wp\/v2\/media?parent=50820"}],"wp:term":[{"taxonomy":"product_brand","embeddable":true,"href":"https:\/\/ulpmat.com\/de\/wp-json\/wp\/v2\/product_brand?post=50820"},{"taxonomy":"product_cat","embeddable":true,"href":"https:\/\/ulpmat.com\/de\/wp-json\/wp\/v2\/product_cat?post=50820"},{"taxonomy":"product_tag","embeddable":true,"href":"https:\/\/ulpmat.com\/de\/wp-json\/wp\/v2\/product_tag?post=50820"}],"curies":[{"name":"wp","href":"https:\/\/api.w.org\/{rel}","templated":true}]}}