{"id":50792,"date":"2026-01-08T14:45:07","date_gmt":"2026-01-08T06:45:07","guid":{"rendered":"https:\/\/ulpmat.com\/product\/vanadium-metall\/"},"modified":"2026-01-08T14:45:07","modified_gmt":"2026-01-08T06:45:07","slug":"vanadium-metall","status":"publish","type":"product","link":"https:\/\/ulpmat.com\/de\/produkt\/vanadium-metall\/","title":{"rendered":"Vanadium-Metall"},"content":{"rendered":"<h2><span style=\"font-size: 14pt;\">Vanadium-Metall-Rotationsziel \u00dcbersicht<\/span><\/h2>\n<p><span style=\"color: #0000ff;\"><a style=\"color: #0000ff;\" href=\"https:\/\/ulpmat.com\/de\/search\/?type=name&#038;keyword=Vanadium+metal\">Vanadium-Metall<\/a><a style=\"color: #0000ff;\" href=\"https:\/\/ulpmat.com\/de\/product-category\/erstklassige-materialien\/rotierende-zielscheiben\/\">-Rotationsziele<\/a><\/span><br \/>\nsind hocheffiziente Sputtermaterialien f\u00fcr die kontinuierliche D\u00fcnnschichtabscheidung, die sich f\u00fcr den langfristigen stabilen Betrieb in Vakuumbeschichtungsprozessen eignen. Dieses Produkt wird vor allem in gro\u00dffl\u00e4chigen Beschichtungen, bei der Herstellung funktionaler D\u00fcnnschichten sowie in Industrie- und Forschungsbereichen mit hohen Anforderungen an die Schichtkonsistenz eingesetzt.<\/p>\n<p>Wir k\u00f6nnen Vanadium-Metall-Rotationssputterziele liefern, die an unterschiedliche Ger\u00e4tespezifikationen angepasst sind, und unterst\u00fctzen kundenspezifische Strukturen und Abmessungen. Bitte <span style=\"color: #0000ff;\"><a style=\"color: #0000ff;\" href=\"https:\/\/ulpmat.com\/de\/kontakt-us\/\">kontaktieren Sie uns<\/a><\/span><br \/>\nf\u00fcr <span style=\"color: #0000ff;\"><a style=\"color: #0000ff;\" href=\"https:\/\/ulpmat.com\/de\/service\/technische-unterstuetzung\/\">technische Unterst\u00fctzung.<\/a><\/span><\/p>\n<h2><span style=\"font-size: 14pt;\">Produkt-Highlights<\/span><\/h2>\n<p>Geeignet f\u00fcr kontinuierliche Sputterprozesse<br \/>\nHohe Target-Auslastung<br \/>\nGute Filmgleichm\u00e4\u00dfigkeit<br \/>\nHohe strukturelle Stabilit\u00e4t<br \/>\nUnterst\u00fctzt die R\u00fcckseitenverbindung<br \/>\nKompatibel mit g\u00e4ngigen Beschichtungsanlagen<\/p>\n<h2><span style=\"font-size: 14pt;\">Anwendungen von Vanadium-Metall-Rotations-Targets<\/span><\/h2>\n<p><strong>Gro\u00dffl\u00e4chige funktionale D\u00fcnnschichtabscheidung:<\/strong><br \/>\nVanadium-Metall-Rotations-Targets eignen sich f\u00fcr das kontinuierliche Sputtern von gro\u00dffl\u00e4chigen Substraten, verbessern die Produktionseffizienz und sorgen f\u00fcr eine gleichm\u00e4\u00dfige Filmdicke.<\/p>\n<p><strong>Industrielle Vakuumbeschichtung:<\/strong><br \/>\nIn industriellen Beschichtungsanlagen tragen Rotationstargets dazu bei, den Einwegzyklus zu verl\u00e4ngern, Ausfallzeiten f\u00fcr den Austausch zu reduzieren und die Gesamtkapazit\u00e4t zu erh\u00f6hen.<\/p>\n<p><strong>Beschichtung von <span style=\"color: #0000ff;\"><a style=\"color: #0000ff;\" href=\"https:\/\/ulpmat.com\/de\/anwendung\/halbleiter-materialien\/\">Halbleitern<\/a><\/span> und elektronischen Bauteilen:<\/strong><br \/>\nDieses Targetmaterial kann zur Herstellung von Vanadium-basierten D\u00fcnnschichten verwendet werden und erf\u00fcllt die Anforderungen elektronischer Bauteile an Filmstabilit\u00e4t und Wiederholbarkeit.<\/p>\n<p><strong>Forschung und Validierung der Prozessskalierung:<\/strong><br \/>\nRotierende Targets eignen sich f\u00fcr die Prozessskalierung von der Versuchs- zur Pilotphase und werden zur Bewertung der Abscheidungsleistung von Vanadium-D\u00fcnnschichten unter verschiedenen Betriebsbedingungen verwendet.<\/p>\n<h2><span style=\"color: #0000ff;\"><a style=\"color: #0000ff;\" href=\"https:\/\/ulpmat.com\/de\/unternehmen\/faqs\/\"><span style=\"font-size: 14pt;\">H\u00e4ufig gestellte Fragen<\/span><\/a><\/span><\/h2>\n<p>F1: Was sind die Hauptvorteile eines rotierenden Vanadium-Metall-Targets gegen\u00fcber einem planaren Target?<br \/>\nA1: Das rotierende Target aktualisiert seine Oberfl\u00e4che w\u00e4hrend des Sputterns kontinuierlich, was zur Verbesserung der Targetausnutzung und der Filmgleichm\u00e4\u00dfigkeit beitr\u00e4gt.<\/p>\n<p>F2: Ist ein rotierendes Vanadium-Target f\u00fcr den langfristigen Dauerbetrieb geeignet?<br \/>\nA2: Ja, dieses Produkt ist f\u00fcr kontinuierliche Sputterbedingungen ausgelegt und kann \u00fcber l\u00e4ngere Zeitr\u00e4ume stabil eingesetzt werden.<\/p>\n<p>F3: Muss ein rotierendes Vanadium-Metall-Target mit einem Back-Tube verbunden werden?<br \/>\nA3: In der Regel ja. Je nach den Anforderungen der Anlage wird das Vanadium-Target mit einem Metall-Back-Tube verbunden, um die W\u00e4rmeableitung und die mechanische Stabilit\u00e4t zu verbessern.<\/p>\n<p>F4: F\u00fcr welche Arten von Beschichtungsanlagen ist das rotierende Vanadium-Target geeignet?<br \/>\nA4: Dieses Target ist mit verschiedenen industriellen Beschichtungsanlagen kompatibel; spezifische Schnittstellen und Abmessungen k\u00f6nnen entsprechend den Anlagenparametern angepasst werden.<\/p>\n<h2><span style=\"font-size: 14pt;\">Berichte<\/span><\/h2>\n<p>Jede Charge wird geliefert mit:<br \/>\n<span style=\"color: #0000ff;\"><a style=\"color: #0000ff;\" href=\"https:\/\/ulpmat.com\/de\/dokumente\/zertifikat-der-analyse\/\"><u>Analysezertifikat (COA)<\/u><\/a><\/span><\/p>\n<p><span style=\"color: #0000ff;\"><a style=\"color: #0000ff;\" href=\"https:\/\/ulpmat.com\/de\/dokumente\/technisches-datenblatt\/\"><u>Technisches Datenblatt (TDS)<\/u><\/a><\/span><\/p>\n<p><span style=\"color: #0000ff;\"><a style=\"color: #0000ff;\" href=\"https:\/\/ulpmat.com\/de\/dokumente\/sicherheitsdatenblatt\/\"><u>Sicherheitsdatenblatt (MSDS)<\/u><\/a><\/span><br \/>\nGr\u00f6\u00dfenpr\u00fcfbericht<br \/>\nPr\u00fcfberichte von Drittanbietern sind auf Anfrage erh\u00e4ltlich<\/p>\n<h2><span style=\"font-size: 14pt;\">. Warum sollten Sie sich f\u00fcr uns entscheiden?<\/span><\/h2>\n<p>Wir verf\u00fcgen \u00fcber umfangreiche Erfahrung mit rotierenden Sputtertargets und verwandten metallischen Werkstoffen, sind mit den Prozesseigenschaften von Vanadiummetall beim kontinuierlichen Sputtern vertraut und k\u00f6nnen zuverl\u00e4ssige Produktkonsistenz, flexible Anpassungsm\u00f6glichkeiten und klare technische Kommunikation bieten, um Kunden zu einer stabilen und effizienten D\u00fcnnschichtproduktion zu verhelfen.<\/p>\n","protected":false},"excerpt":{"rendered":"<p>Vanadium-Metall-Rotationsziel \u00dcbersicht Vanadium-Metall-Rotationsziele sind hocheffiziente Sputtermaterialien f\u00fcr die kontinuierliche D\u00fcnnschichtabscheidung, die sich f\u00fcr den langfristigen stabilen Betrieb in Vakuumbeschichtungsprozessen eignen. Dieses Produkt wird vor allem in gro\u00dffl\u00e4chigen Beschichtungen, bei der Herstellung funktionaler D\u00fcnnschichten sowie in Industrie- und Forschungsbereichen mit hohen Anforderungen an die Schichtkonsistenz eingesetzt. Wir k\u00f6nnen Vanadium-Metall-Rotationssputterziele liefern, die an unterschiedliche Ger\u00e4tespezifikationen angepasst sind, [&hellip;]<\/p>\n","protected":false},"featured_media":50793,"template":"","meta":{"_acf_changed":false},"product_brand":[132],"product_cat":[278,466],"product_tag":[7605],"class_list":{"0":"post-50792","1":"product","2":"type-product","3":"status-publish","4":"has-post-thumbnail","6":"product_brand-ulpmat","7":"product_cat-metall-sputtering-target","8":"product_cat-rotierende-zielscheiben","9":"product_tag-vanadium-metall-drehscheibe","11":"first","12":"instock","13":"shipping-taxable","14":"product-type-variable"},"acf":[],"_links":{"self":[{"href":"https:\/\/ulpmat.com\/de\/wp-json\/wp\/v2\/product\/50792","targetHints":{"allow":["GET"]}}],"collection":[{"href":"https:\/\/ulpmat.com\/de\/wp-json\/wp\/v2\/product"}],"about":[{"href":"https:\/\/ulpmat.com\/de\/wp-json\/wp\/v2\/types\/product"}],"wp:featuredmedia":[{"embeddable":true,"href":"https:\/\/ulpmat.com\/de\/wp-json\/wp\/v2\/media\/50793"}],"wp:attachment":[{"href":"https:\/\/ulpmat.com\/de\/wp-json\/wp\/v2\/media?parent=50792"}],"wp:term":[{"taxonomy":"product_brand","embeddable":true,"href":"https:\/\/ulpmat.com\/de\/wp-json\/wp\/v2\/product_brand?post=50792"},{"taxonomy":"product_cat","embeddable":true,"href":"https:\/\/ulpmat.com\/de\/wp-json\/wp\/v2\/product_cat?post=50792"},{"taxonomy":"product_tag","embeddable":true,"href":"https:\/\/ulpmat.com\/de\/wp-json\/wp\/v2\/product_tag?post=50792"}],"curies":[{"name":"wp","href":"https:\/\/api.w.org\/{rel}","templated":true}]}}