{"id":50688,"date":"2026-01-08T14:45:09","date_gmt":"2026-01-08T06:45:09","guid":{"rendered":"https:\/\/ulpmat.com\/product\/vanadium-oxid-3\/"},"modified":"2026-01-08T14:45:09","modified_gmt":"2026-01-08T06:45:09","slug":"vanadium-oxid-3","status":"publish","type":"product","link":"https:\/\/ulpmat.com\/de\/produkt\/vanadium-oxid-3\/","title":{"rendered":"Vanadium-Oxid"},"content":{"rendered":"<h2><span style=\"font-size: 14pt;\">Vanadiumoxid-Sputter-Targets \u2013 \u00dcbersicht<\/span><\/h2>\n<p><span style=\"color: #0000ff;\"><a style=\"color: #0000ff;\" href=\"https:\/\/ulpmat.com\/de\/search\/?type=name&#038;keyword=Vanadium+Oxide\">Vanadiumoxid<\/a><\/span><br \/>\n-Sputter-Targets sind typische Vanadiumoxid-Targets, die sich f\u00fcr die Herstellung von funktionalen D\u00fcnnschichten mit <span style=\"color: #0000ff;\"><a style=\"color: #0000ff;\" href=\"https:\/\/ulpmat.com\/de\/anwendung\/materialien-fuer-die-optik\/\">optischen<\/a><\/span><br \/>\nund elektrischen Eigenschaften eignen. Dieses Material wird h\u00e4ufig in Forschungsbereichen wie intelligenten Materialien, funktionalen Beschichtungen und verwandten D\u00fcnnschichtprozessen verwendet.<\/p>\n<p>Wir bieten V2O5-Sputter-Target-Verarbeitungs- und Lieferdienstleistungen entsprechend den unterschiedlichen Ger\u00e4teanforderungen. Bitte<span style=\"color: #0000ff;\"><a style=\"color: #0000ff;\" href=\"https:\/\/ulpmat.com\/de\/kontakt-us\/\"> kontaktieren Sie uns<\/a><\/span><br \/>\nf\u00fcr die entsprechenden Spezifikationen.<\/p>\n<h2><span style=\"font-size: 14pt;\">Produkt-Highlights<\/span><\/h2>\n<p>Definitive Oxidphasenzusammensetzung<br \/>\nDichte Targetstruktur<br \/>\nStabiler und kontrollierbarer Sputterprozess<br \/>\nGute D\u00fcnnschichtkonsistenz<br \/>\nGeeignet f\u00fcr RF-Sputtern<br \/>\nUnterst\u00fctzt Backplane<span style=\"color: #0000ff;\"><a style=\"color: #0000ff;\" href=\"https:\/\/ulpmat.com\/de\/service\/ziel-bindung\/\">-Bonding<\/a><\/span><br \/>\n-Strukturen<\/p>\n<h2><span style=\"font-size: 14pt;\">Anwendungen von Vanadiumoxid-Sputter-Targets<\/span><\/h2>\n<p><span style=\"color: #000000;\"><strong>Elektrochrome und optische D\u00fcnnschichten:<\/strong><\/span><br \/>\nKann zur Herstellung von D\u00fcnnschichten mit optischen Steuerungsfunktionen verwendet werden, mit Anwendungswert in der Forschung zu intelligenten Fenstern und optischen Funktionsmaterialien.<\/p>\n<p><strong>Funktionale sensorbezogene D\u00fcnnschichten:<\/strong><br \/>\nMit diesem Target hergestellte D\u00fcnnschichten weisen gute Reaktionseigenschaften auf Ver\u00e4nderungen in der \u00e4u\u00dferen Umgebung auf und eignen sich f\u00fcr die Forschung und Entwicklung von Sensormaterialien.<\/p>\n<p><strong>Forschung zu D\u00fcnnschichten f\u00fcr Energie und Energiespeichermaterialien:<\/strong><br \/>\nV2O5-D\u00fcnnschichten sind f\u00fcr die Forschung im Bereich energiebezogener Materialien von Bedeutung, und Sputtertargets bieten eine stabile Quelle f\u00fcr ihre Herstellung.<\/p>\n<p><strong>Forschung und Optimierung von Prozessparametern:<\/strong><br \/>\nGeeignet f\u00fcr Universit\u00e4ten und Forschungseinrichtungen, verwendet f\u00fcr die Optimierung von Sputterparametern, die Steuerung der D\u00fcnnschichtstruktur und Leistungstests.<\/p>\n<h2><span style=\"color: #0000ff;\"><a style=\"color: #0000ff;\" href=\"https:\/\/ulpmat.com\/de\/unternehmen\/faqs\/\"><span style=\"font-size: 14pt;\">H\u00e4ufig gestellte Fragen<\/span><\/a><\/span><\/h2>\n<p>F1: Was ist die Hauptaufgabe von Vanadiumoxid-Sputtertargets bei der D\u00fcnnschichtabscheidung?<br \/>\nA1: Dieses Target dient als Materialquelle f\u00fcr Vanadiumoxid-D\u00fcnnschichten, die zur Bildung von Funktionsschichten mit spezifischen optischen, elektrischen oder chemischen Eigenschaften verwendet werden.<\/p>\n<p>F2: Gibt es besondere Anforderungen an die Sputterparameter bei der Verwendung von V\u2082O\u2085-Targets?<br \/>\nA2: Die Sputterleistung, das Gasverh\u00e4ltnis und die Substrattemperatur beeinflussen die D\u00fcnnschichtstruktur, und in der Regel ist eine Prozessoptimierung auf der Grundlage der Zielanwendung erforderlich.<\/p>\n<p>F3: Sind Vanadiumoxid-Sputtertargets bei langfristiger Verwendung stabil?<br \/>\nA3: Unter angemessenen Sputterbedingungen weist das Target eine gute strukturelle Stabilit\u00e4t auf und eignet sich f\u00fcr kontinuierliche oder wiederholte Abscheidungsexperimente.<\/p>\n<p>F4: In welchen Forschungsbereichen werden D\u00fcnnschichten, die mit Vanadiumoxid-Targets hergestellt wurden, h\u00e4ufig verwendet?<br \/>\nA4: Sie werden h\u00e4ufig in elektrochromen, energiebezogenen D\u00fcnnschichten, sensorischen Funktionsmaterialien und der Forschung zu neuartigen Oxid-D\u00fcnnschichten verwendet.<\/p>\n<h2><span style=\"font-size: 14pt;\">Bericht<\/span><\/h2>\n<p>Jede Charge wird geliefert mit:<br \/>\n<span style=\"color: #0000ff;\"><a style=\"color: #0000ff;\" href=\"https:\/\/ulpmat.com\/de\/dokumente\/zertifikat-der-analyse\/\"><u>Analysezertifikat (COA)<\/u><\/a><\/span><\/p>\n<p><span style=\"color: #0000ff;\"><a style=\"color: #0000ff;\" href=\"https:\/\/ulpmat.com\/de\/dokumente\/technisches-datenblatt\/\"><u>Technisches Datenblatt (TDS)<\/u><\/a><\/span><\/p>\n<p><span style=\"color: #0000ff;\"><a style=\"color: #0000ff;\" href=\"https:\/\/ulpmat.com\/de\/dokumente\/sicherheitsdatenblatt\/\"><u>Sicherheitsdatenblatt (MSDS)<\/u><\/a><\/span><br \/>\nGr\u00f6\u00dfenpr\u00fcfbericht<br \/>\nPr\u00fcfberichte von Drittanbietern sind auf Anfrage erh\u00e4ltlich<\/p>\n<h2><span style=\"font-size: 14pt;\">. Warum sollten Sie sich f\u00fcr uns entscheiden?<\/span><\/h2>\n<p>Wir sind auf die langfristige Lieferung von Oxid-Sputter-Targets spezialisiert, kennen die Anwendungseigenschaften von V\u2082O\u2085 in funktionalen D\u00fcnnschichten und k\u00f6nnen eine stabile Produktqualit\u00e4t, flexible <span style=\"color: #0000ff;\"><a style=\"color: #0000ff;\" href=\"https:\/\/ulpmat.com\/de\/service\/personalisierung\/\">Spezifikationsanpassungen<\/a><\/span><br \/>\nund <span style=\"color: #0000ff;\"><a style=\"color: #0000ff;\" href=\"https:\/\/ulpmat.com\/de\/service\/technische-unterstuetzung\/\">einen<\/a><\/span><br \/>\nklaren <span style=\"color: #0000ff;\"><a style=\"color: #0000ff;\" href=\"https:\/\/ulpmat.com\/de\/service\/technische-unterstuetzung\/\">technischen Support<\/a><\/span><br \/>\nbieten<span style=\"color: #0000ff;\">.<\/span><\/p>\n","protected":false},"excerpt":{"rendered":"<p>Vanadiumoxid-Sputter-Targets \u2013 \u00dcbersicht Vanadiumoxid -Sputter-Targets sind typische Vanadiumoxid-Targets, die sich f\u00fcr die Herstellung von funktionalen D\u00fcnnschichten mit optischen und elektrischen Eigenschaften eignen. Dieses Material wird h\u00e4ufig in Forschungsbereichen wie intelligenten Materialien, funktionalen Beschichtungen und verwandten D\u00fcnnschichtprozessen verwendet. Wir bieten V2O5-Sputter-Target-Verarbeitungs- und Lieferdienstleistungen entsprechend den unterschiedlichen Ger\u00e4teanforderungen. Bitte kontaktieren Sie uns f\u00fcr die entsprechenden Spezifikationen. Produkt-Highlights [&hellip;]<\/p>\n","protected":false},"featured_media":50690,"template":"","meta":{"_acf_changed":false},"product_brand":[132],"product_cat":[451],"product_tag":[7533],"class_list":{"0":"post-50688","1":"product","2":"type-product","3":"status-publish","4":"has-post-thumbnail","6":"product_brand-ulpmat","7":"product_cat-keramisches-sputtering-target","8":"product_tag-vanadium-oxid-sputtering-target","10":"first","11":"instock","12":"shipping-taxable","13":"product-type-variable"},"acf":[],"_links":{"self":[{"href":"https:\/\/ulpmat.com\/de\/wp-json\/wp\/v2\/product\/50688","targetHints":{"allow":["GET"]}}],"collection":[{"href":"https:\/\/ulpmat.com\/de\/wp-json\/wp\/v2\/product"}],"about":[{"href":"https:\/\/ulpmat.com\/de\/wp-json\/wp\/v2\/types\/product"}],"wp:featuredmedia":[{"embeddable":true,"href":"https:\/\/ulpmat.com\/de\/wp-json\/wp\/v2\/media\/50690"}],"wp:attachment":[{"href":"https:\/\/ulpmat.com\/de\/wp-json\/wp\/v2\/media?parent=50688"}],"wp:term":[{"taxonomy":"product_brand","embeddable":true,"href":"https:\/\/ulpmat.com\/de\/wp-json\/wp\/v2\/product_brand?post=50688"},{"taxonomy":"product_cat","embeddable":true,"href":"https:\/\/ulpmat.com\/de\/wp-json\/wp\/v2\/product_cat?post=50688"},{"taxonomy":"product_tag","embeddable":true,"href":"https:\/\/ulpmat.com\/de\/wp-json\/wp\/v2\/product_tag?post=50688"}],"curies":[{"name":"wp","href":"https:\/\/api.w.org\/{rel}","templated":true}]}}