{"id":50654,"date":"2026-01-08T14:45:10","date_gmt":"2026-01-08T06:45:10","guid":{"rendered":"https:\/\/ulpmat.com\/product\/vanadium-sulfid\/"},"modified":"2026-01-08T14:45:10","modified_gmt":"2026-01-08T06:45:10","slug":"vanadium-sulfid","status":"publish","type":"product","link":"https:\/\/ulpmat.com\/de\/produkt\/vanadium-sulfid\/","title":{"rendered":"Vanadium-Sulfid"},"content":{"rendered":"<h2><span style=\"font-size: 14pt;\">\u00dcbersicht \u00fcber Vanadiumsulfidpulver<\/span><\/h2>\n<p><span style=\"color: #0000ff;\"><a style=\"color: #0000ff;\" href=\"https:\/\/ulpmat.com\/de\/search\/?type=name&#038;keyword=Vanadium+sulfide\">Vanadiumsulfidpulver<\/a><\/span><br \/>\nist ein \u00dcbergangsmetallsulfidmaterial mit einzigartigen elektrischen und chemischen Eigenschaften, wodurch es sich f\u00fcr die Forschung im Bereich Funktionsmaterialien eignet. Dieses Produkt wird haupts\u00e4chlich in neuen Energiematerialien, elektronischen Funktionsmaterialien und verwandten Grundlagenforschungsbereichen eingesetzt.<\/p>\n<p>Wir k\u00f6nnen eine stabile Versorgung mit V2S3-Pulver gew\u00e4hrleisten, um den Anforderungen von Forschung und Experimenten gerecht zu werden. Bitte <span style=\"color: #0000ff;\"><a style=\"color: #0000ff;\" href=\"https:\/\/ulpmat.com\/de\/kontakt-us\/\">kontaktieren Sie uns<\/a><\/span><br \/>\nf\u00fcr technische Informationen und Unterst\u00fctzung.<\/p>\n<h2><span style=\"font-size: 14pt;\">Produkt-Highlights<\/span><\/h2>\n<p>\u00dcbergangsmetallsulfidstruktur<br \/>\nStabile chemische Zusammensetzung<br \/>\nGeeignet f\u00fcr die Forschung an Funktionsmaterialien<br \/>\nEinfach zu synthetisieren und zu modifizieren<br \/>\nKann in verschiedenen experimentellen Prozessen verwendet werden<br \/>\nHochgradig zielgerichtete Forschungsanwendungen<\/p>\n<h2><span style=\"font-size: 14pt;\">Anwendungen von Vanadiumsulfidpulver<\/span><\/h2>\n<p><strong>Forschung an neuen Energie- und Energiespeichermaterialien:<\/strong><br \/>\nV2S3-Pulver hat einen explorativen Wert in der energiebezogenen Materialforschung und kann verwendet werden, um seine potenzielle Leistung in elektrochemischen Systemen zu untersuchen.<br \/>\n<strong>Entwicklung elektronischer und funktioneller Materialien:<\/strong><br \/>\nDieses Material kann als funktionelle Phase in der Forschung an elektronischen Materialien verwendet werden und dabei helfen, die Anwendungsm\u00f6glichkeiten von Sulfiden in elektrischen Eigenschaften zu erforschen.<br \/>\n<strong>Forschung zur Materialsynthese und -modifizierung:<\/strong><br \/>\nWird h\u00e4ufig als Vorl\u00e4ufer oder Zwischenmaterial bei der Synthese anderer Sulfide oder Verbundwerkstoffe verwendet.<br \/>\n<strong>Geeignet f\u00fcr den Laborgebrauch an Universit\u00e4ten und Forschungseinrichtungen:<\/strong><br \/>\nGeeignet f\u00fcr Materialleistungstests, Strukturanalysen und Grundlagenforschung in einer Laborumgebung.<\/p>\n<h2><span style=\"color: #0000ff;\"><a style=\"color: #0000ff;\" href=\"https:\/\/ulpmat.com\/de\/unternehmen\/faqs\/\"><span style=\"font-size: 14pt;\">H\u00e4ufig gestellte Fragen<\/span><\/a><\/span><\/h2>\n<p>F1: Um welche Art von Material handelt es sich bei Vanadiumsulfidpulver?<br \/>\nA1: V2S3 ist ein \u00dcbergangsmetallsulfidmaterial, das h\u00e4ufig in der Forschung im Zusammenhang mit Funktions- und Energiematerialien verwendet wird.<\/p>\n<p>F2: Wird Vanadiumsulfidpulver haupts\u00e4chlich in der Forschung oder in der Industrie verwendet?<br \/>\nA2: Derzeit wird es haupts\u00e4chlich in der Forschungs- und Materialentwicklungsphase zur Leistungsuntersuchung und Prozessverifizierung verwendet.<\/p>\n<p>F3: Wie wird V2S3-Pulver typischerweise in Experimenten verwendet?<br \/>\nA3: Dieses Pulver kann direkt in der Materialsynthese, in Modifikationsexperimenten oder als Reaktionspartner in der entsprechenden Forschung verwendet werden.<\/p>\n<p>F4: Welche Vorsichtsma\u00dfnahmen sollten bei der Lagerung von Vanadiumsulfidpulver getroffen werden?<br \/>\nA4: Es wird empfohlen, es in einer versiegelten, trockenen Umgebung zu lagern und Feuchtigkeit und l\u00e4ngere Einwirkung von Luft zu vermeiden, um die Materialstabilit\u00e4t zu gew\u00e4hrleisten.<\/p>\n<h2><span style=\"font-size: 14pt;\">Berichte<\/span><\/h2>\n<p>Jede Charge wird geliefert mit:<br \/>\n<span style=\"color: #0000ff;\"><a style=\"color: #0000ff;\" href=\"https:\/\/ulpmat.com\/de\/dokumente\/zertifikat-der-analyse\/\"><u>Analysezertifikat (COA)<\/u><\/a><\/span><\/p>\n<p><span style=\"color: #0000ff;\"><a style=\"color: #0000ff;\" href=\"https:\/\/ulpmat.com\/de\/dokumente\/technisches-datenblatt\/\"><u>Technisches Datenblatt (TDS)<\/u><\/a><\/span><\/p>\n<p><span style=\"color: #0000ff;\"><a style=\"color: #0000ff;\" href=\"https:\/\/ulpmat.com\/de\/dokumente\/sicherheitsdatenblatt\/\"><u>Sicherheitsdatenblatt (MSDS)<\/u><\/a><\/span><br \/>\nTestberichte von Drittanbietern sind auf Anfrage erh\u00e4ltlich<\/p>\n<h2><span style=\"font-size: 14pt;\">Warum sollten Sie sich f\u00fcr uns entscheiden?<\/span><\/h2>\n<p>Wir konzentrieren uns seit langem auf die Lieferung von \u00dcbergangsmetallverbindungen und funktionellen Materialpulvern. Wir sind mit den Anwendungsanforderungen von V2S3 in der wissenschaftlichen Forschung und Materialentwicklung vertraut und k\u00f6nnen eine stabile Produktqualit\u00e4t, klare technische Dokumentation und effiziente Kommunikationsunterst\u00fctzung bieten, um unseren Kunden zu helfen, ihre Forschung reibungslos voranzutreiben.<\/p>\n","protected":false},"excerpt":{"rendered":"<p>\u00dcbersicht \u00fcber Vanadiumsulfidpulver Vanadiumsulfidpulver ist ein \u00dcbergangsmetallsulfidmaterial mit einzigartigen elektrischen und chemischen Eigenschaften, wodurch es sich f\u00fcr die Forschung im Bereich Funktionsmaterialien eignet. Dieses Produkt wird haupts\u00e4chlich in neuen Energiematerialien, elektronischen Funktionsmaterialien und verwandten Grundlagenforschungsbereichen eingesetzt. Wir k\u00f6nnen eine stabile Versorgung mit V2S3-Pulver gew\u00e4hrleisten, um den Anforderungen von Forschung und Experimenten gerecht zu werden. Bitte [&hellip;]<\/p>\n","protected":false},"featured_media":50655,"template":"","meta":{"_acf_changed":false},"product_brand":[132],"product_cat":[670,1090],"product_tag":[7587],"class_list":{"0":"post-50654","1":"product","2":"type-product","3":"status-publish","4":"has-post-thumbnail","6":"product_brand-ulpmat","7":"product_cat-chalkogenid-materialien","8":"product_cat-chalkogenid-materialien-de","9":"product_tag-vanadium-sulfid-pulver","11":"first","12":"instock","13":"shipping-taxable","14":"product-type-variable"},"acf":[],"_links":{"self":[{"href":"https:\/\/ulpmat.com\/de\/wp-json\/wp\/v2\/product\/50654","targetHints":{"allow":["GET"]}}],"collection":[{"href":"https:\/\/ulpmat.com\/de\/wp-json\/wp\/v2\/product"}],"about":[{"href":"https:\/\/ulpmat.com\/de\/wp-json\/wp\/v2\/types\/product"}],"wp:featuredmedia":[{"embeddable":true,"href":"https:\/\/ulpmat.com\/de\/wp-json\/wp\/v2\/media\/50655"}],"wp:attachment":[{"href":"https:\/\/ulpmat.com\/de\/wp-json\/wp\/v2\/media?parent=50654"}],"wp:term":[{"taxonomy":"product_brand","embeddable":true,"href":"https:\/\/ulpmat.com\/de\/wp-json\/wp\/v2\/product_brand?post=50654"},{"taxonomy":"product_cat","embeddable":true,"href":"https:\/\/ulpmat.com\/de\/wp-json\/wp\/v2\/product_cat?post=50654"},{"taxonomy":"product_tag","embeddable":true,"href":"https:\/\/ulpmat.com\/de\/wp-json\/wp\/v2\/product_tag?post=50654"}],"curies":[{"name":"wp","href":"https:\/\/api.w.org\/{rel}","templated":true}]}}