{"id":50504,"date":"2026-01-08T14:45:11","date_gmt":"2026-01-08T06:45:11","guid":{"rendered":"https:\/\/ulpmat.com\/product\/vanadiumkarbid\/"},"modified":"2026-01-08T14:45:11","modified_gmt":"2026-01-08T06:45:11","slug":"vanadiumkarbid","status":"publish","type":"product","link":"https:\/\/ulpmat.com\/de\/produkt\/vanadiumkarbid\/","title":{"rendered":"Vanadiumkarbid"},"content":{"rendered":"<h2><span style=\"font-size: 14pt;\">Vanadiumkarbid-Sputter-Targets \u2013 \u00dcbersicht<\/span><\/h2>\n<p><span style=\"color: #0000ff;\"><a style=\"color: #0000ff;\" href=\"https:\/\/ulpmat.com\/de\/search\/?type=name&#038;keyword=Vanadium+carbide\">Vanadiumkarbid<\/a><\/span><br \/>\n-Sputter-Targets sind funktionelle Targets, die eine hohe H\u00e4rte und chemische Stabilit\u00e4t vereinen und f\u00fcr verschiedene physikalische Gasphasenabscheidungsverfahren geeignet sind. Die daraus hergestellten D\u00fcnnschichten weisen eine hervorragende Verschlei\u00dffestigkeit, thermische Stabilit\u00e4t und Strukturdichte auf.<\/p>\n<p>Wir bieten Vanadiumkarbid-Sputter-Targets in verschiedenen Spezifikationen und mit unterschiedlichen Zusammensetzungssteuerungsschemata an. Bitte <span style=\"color: #0000ff;\"><a style=\"color: #0000ff;\" href=\"https:\/\/ulpmat.com\/de\/kontakt-us\/\">kontaktieren Sie uns<\/a><\/span><br \/>\nf\u00fcr <span style=\"color: #0000ff;\"><a style=\"color: #0000ff;\" href=\"https:\/\/ulpmat.com\/de\/service\/personalisierung\/\">Anpassungen<\/a><\/span><br \/>\nund<span style=\"color: #0000ff;\"><a style=\"color: #0000ff;\" href=\"https:\/\/ulpmat.com\/de\/service\/technische-unterstuetzung\/\"> technischen Support.<\/a><\/span><\/p>\n<h2><span style=\"font-size: 14pt;\">Produkt-Highlights<\/span><\/h2>\n<p>Hochhartes Target-System<br \/>\nStabiler Sputterprozess<br \/>\nGute Filmdichte<br \/>\nHervorragende Verschlei\u00dffestigkeit<br \/>\nHohe chemische Stabilit\u00e4t<br \/>\nAnpassbare Spezifikationen und Strukturen<\/p>\n<h2><span style=\"font-size: 14pt;\">Anwendungen von Vanadiumkarbid-Sputter-Targets<\/span><\/h2>\n<p><strong>Herstellung verschlei\u00dffester Funktionsfilme:<\/strong><br \/>\nGeeignet f\u00fcr die Herstellung hochharter, verschlei\u00dffester Filme, die die Lebensdauer und Verschlei\u00dffestigkeit von Substratoberfl\u00e4chen deutlich verbessern.<br \/>\n<strong>Hochtemperatur-Schutzbeschichtungen:<\/strong><br \/>\nDank seiner ausgezeichneten thermischen Stabilit\u00e4t k\u00f6nnen Schutzbeschichtungen f\u00fcr den Einsatz in Hochtemperaturumgebungen aufgebracht werden, wobei die strukturelle Stabilit\u00e4t und Leistungsf\u00e4higkeit erhalten bleiben.<br \/>\n<strong>Modifizierung von Werkzeug- und Formoberfl\u00e4chen:<\/strong><br \/>\nDie Bildung von Vanadiumkarbidschichten auf Werkzeug- oder Formoberfl\u00e4chen durch Sputtern tr\u00e4gt zur Verringerung des Reibungskoeffizienten und zur Verbesserung der Gesamtlebensdauer bei.<br \/>\n<strong>Funktionsmaterialien und wissenschaftliche D\u00fcnnschichtforschung:<\/strong><br \/>\nDieses Sputtertarget wird h\u00e4ufig in der Forschung zu funktionalen D\u00fcnnschichten und neuartigen Beschichtungsstrukturen verwendet und eignet sich f\u00fcr Anwendungen im Labor- und Pilotma\u00dfstab.<\/p>\n<h2><span style=\"color: #0000ff;\"><a style=\"color: #0000ff;\" href=\"https:\/\/ulpmat.com\/de\/unternehmen\/faqs\/\"><span style=\"font-size: 14pt;\">H\u00e4ufig gestellte Fragen<\/span><\/a><\/span><\/h2>\n<p>F1: F\u00fcr welche Abscheidungsmethode eignet sich das Vanadiumcarbid-Sputtertargets?<br \/>\nA1: Dieses Target wird haupts\u00e4chlich in physikalischen Gasphasenabscheidungsprozessen (PVD) verwendet. Der Sputterprozess ist stabil und die Schichtgleichm\u00e4\u00dfigkeit ist gut.<\/p>\n<p>F2: Neigt das Target w\u00e4hrend des Gebrauchs zu Rissen?<br \/>\nA2: Unter angemessenen Prozessparametern ist die Targetstruktur stabil und neigt nicht zu abnormalen Rissen oder Abl\u00f6sungen.<\/p>\n<p>F3: Wie wirkt sich das Target auf die Folienleistung aus?<br \/>\nA3: Die Dichte und die Gleichm\u00e4\u00dfigkeit der Zusammensetzung des Targets wirken sich direkt auf die H\u00e4rte, die Haftung und die Verschlei\u00dffestigkeit der Folie aus.<\/p>\n<p>F4: Kann es f\u00fcr kontinuierliches oder langfristiges Sputtern verwendet werden?<br \/>\nA4: Ja, es ist geeignet. Unter guten K\u00fchl- und Prozesskontrollbedingungen kann es die Anforderungen des kontinuierlichen Sputterns erf\u00fcllen.<\/p>\n<h2><span style=\"font-size: 14pt;\">Bericht<\/span><\/h2>\n<p>Jede Charge wird geliefert mit:<br \/>\n<span style=\"color: #0000ff;\"><a style=\"color: #0000ff;\" href=\"https:\/\/ulpmat.com\/de\/dokumente\/zertifikat-der-analyse\/\"><u>Analysezertifikat (COA)<\/u><\/a><\/span><\/p>\n<p><span style=\"color: #0000ff;\"><a style=\"color: #0000ff;\" href=\"https:\/\/ulpmat.com\/de\/dokumente\/technisches-datenblatt\/\"><u>Technisches Datenblatt (TDS)<\/u><\/a><\/span><\/p>\n<p><span style=\"color: #0000ff;\"><a style=\"color: #0000ff;\" href=\"https:\/\/ulpmat.com\/de\/dokumente\/sicherheitsdatenblatt\/\"><u>Sicherheitsdatenblatt (MSDS)<\/u><\/a><\/span><br \/>\nGr\u00f6\u00dfenpr\u00fcfbericht<br \/>\nPr\u00fcfberichte von Drittanbietern sind auf Anfrage erh\u00e4ltlich<\/p>\n<h2><span style=\"font-size: 14pt;\">. Warum sollten Sie sich f\u00fcr uns entscheiden?<\/span><\/h2>\n<p>Wir verf\u00fcgen \u00fcber umfangreiche Erfahrung in der Vorbereitung von funktionalen Sputtertargets und der Anwendungsunterst\u00fctzung, sodass wir zuverl\u00e4ssig Vanadiumcarbid-Sputtertargets mit kontrollierbaren Parametern liefern k\u00f6nnen. Dar\u00fcber hinaus bieten wir ma\u00dfgeschneiderte technische Beratung auf der Grundlage der Prozessanforderungen unserer Kunden, um die Filmqualit\u00e4t und Prozessstabilit\u00e4t zu verbessern.<\/p>\n","protected":false},"excerpt":{"rendered":"<p>Vanadiumkarbid-Sputter-Targets \u2013 \u00dcbersicht Vanadiumkarbid -Sputter-Targets sind funktionelle Targets, die eine hohe H\u00e4rte und chemische Stabilit\u00e4t vereinen und f\u00fcr verschiedene physikalische Gasphasenabscheidungsverfahren geeignet sind. Die daraus hergestellten D\u00fcnnschichten weisen eine hervorragende Verschlei\u00dffestigkeit, thermische Stabilit\u00e4t und Strukturdichte auf. Wir bieten Vanadiumkarbid-Sputter-Targets in verschiedenen Spezifikationen und mit unterschiedlichen Zusammensetzungssteuerungsschemata an. Bitte kontaktieren Sie uns f\u00fcr Anpassungen und technischen [&hellip;]<\/p>\n","protected":false},"featured_media":50505,"template":"","meta":{"_acf_changed":false},"product_brand":[132],"product_cat":[451],"product_tag":[7557],"class_list":{"0":"post-50504","1":"product","2":"type-product","3":"status-publish","4":"has-post-thumbnail","6":"product_brand-ulpmat","7":"product_cat-keramisches-sputtering-target","8":"product_tag-vanadiumkarbid-sputtering-target","10":"first","11":"instock","12":"shipping-taxable","13":"product-type-variable"},"acf":[],"_links":{"self":[{"href":"https:\/\/ulpmat.com\/de\/wp-json\/wp\/v2\/product\/50504","targetHints":{"allow":["GET"]}}],"collection":[{"href":"https:\/\/ulpmat.com\/de\/wp-json\/wp\/v2\/product"}],"about":[{"href":"https:\/\/ulpmat.com\/de\/wp-json\/wp\/v2\/types\/product"}],"wp:featuredmedia":[{"embeddable":true,"href":"https:\/\/ulpmat.com\/de\/wp-json\/wp\/v2\/media\/50505"}],"wp:attachment":[{"href":"https:\/\/ulpmat.com\/de\/wp-json\/wp\/v2\/media?parent=50504"}],"wp:term":[{"taxonomy":"product_brand","embeddable":true,"href":"https:\/\/ulpmat.com\/de\/wp-json\/wp\/v2\/product_brand?post=50504"},{"taxonomy":"product_cat","embeddable":true,"href":"https:\/\/ulpmat.com\/de\/wp-json\/wp\/v2\/product_cat?post=50504"},{"taxonomy":"product_tag","embeddable":true,"href":"https:\/\/ulpmat.com\/de\/wp-json\/wp\/v2\/product_tag?post=50504"}],"curies":[{"name":"wp","href":"https:\/\/api.w.org\/{rel}","templated":true}]}}