{"id":50405,"date":"2026-01-08T14:45:13","date_gmt":"2026-01-08T06:45:13","guid":{"rendered":"https:\/\/ulpmat.com\/product\/vanadium-oxid-2\/"},"modified":"2026-01-08T14:45:13","modified_gmt":"2026-01-08T06:45:13","slug":"vanadium-oxid-2","status":"publish","type":"product","link":"https:\/\/ulpmat.com\/de\/produkt\/vanadium-oxid-2\/","title":{"rendered":"Vanadium-Oxid"},"content":{"rendered":"<h2><span style=\"font-size: 14pt;\">Vanadiumoxidpulver \u2013 \u00dcbersicht<\/span><\/h2>\n<p><span style=\"color: #0000ff;\"><a style=\"color: #0000ff;\" href=\"https:\/\/ulpmat.com\/de\/search\/?type=name&#038;keyword=Vanadium+oxide\">Vanadiumoxidpulver<\/a><\/span><br \/>\nist ein \u00dcbergangsmetalloxidmaterial mit reversiblen Phasen\u00fcbergangseigenschaften, das einen Metall-Isolator-\u00dcbergang nahe Raumtemperatur erreicht. Es wird h\u00e4ufig in intelligenten Temperaturregelungssystemen, <span style=\"color: #0000ff;\"><a style=\"color: #0000ff;\" href=\"https:\/\/ulpmat.com\/de\/anwendung\/materialien-fuer-die-optik\/\">optischen<\/a><\/span><br \/>\nGer\u00e4ten und funktionalen D\u00fcnnschichtmaterialien verwendet.<\/p>\n<p>Wir bieten VO2-Pulver mit unterschiedlichen Partikelgr\u00f6\u00dfen und Kristallformen an und unterst\u00fctzen Sie bei der kundenspezifischen Verarbeitung und technischen Beratung. Bitte <span style=\"color: #0000ff;\"><a style=\"color: #0000ff;\" href=\"https:\/\/ulpmat.com\/de\/kontakt-us\/\">kontaktieren Sie uns<\/a><\/span><br \/>\nf\u00fcr detaillierte Parameter.<\/p>\n<h2><span style=\"font-size: 14pt;\">Produkt-Highlights<\/span><\/h2>\n<p>Reversibler Metall-Isolator-Phasen\u00fcbergang<br \/>\nHervorragende intelligente Temperaturregelungsleistung<br \/>\nHohe Reinheit und kontrollierbare Kristallform<br \/>\nGleichm\u00e4\u00dfige Partikelgr\u00f6\u00dfenverteilung<br \/>\nGute D\u00fcnnschicht-Herstellungsleistung<br \/>\nZuverl\u00e4ssige Chargenstabilit\u00e4t<\/p>\n<h2><span style=\"font-size: 14pt;\">Anwendungen von Vanadiumoxidpulver<\/span><\/h2>\n<p><strong>Intelligente thermische Steuerungsbeschichtungen:<\/strong><br \/>\nKann zur Herstellung temperaturgesteuerter intelligenter Beschichtungen verwendet werden, die die Infrarotdurchl\u00e4ssigkeit entsprechend den \u00c4nderungen der Umgebungstemperatur anpassen und so Energieeinsparungen und W\u00e4rmemanagement erzielen.<br \/>\n<strong><span style=\"color: #0000ff;\"><a style=\"color: #0000ff;\" href=\"https:\/\/ulpmat.com\/de\/anwendung\/materialien-fuer-die-optik\/\">Optische<\/a> <\/span>Steuerger\u00e4te:<\/strong><br \/>\nUnter Ausnutzung der Phasen\u00fcbergangseigenschaften von VO2 kann es in optischen Modulatoren, intelligenten Fenstern und abstimmbaren Infrarotger\u00e4ten eingesetzt werden, wodurch die Reaktionsgeschwindigkeit und Leistung der Ger\u00e4te verbessert wird.<br \/>\n<strong>Funktionale D\u00fcnnschichtmaterialien:<\/strong><br \/>\nVO2-Pulver eignet sich zur Herstellung funktionaler D\u00fcnnschichten, die in elektronischen Ger\u00e4ten, optoelektronischen Ger\u00e4ten und Sensoren verwendet werden k\u00f6nnen, um die Leistungsstabilit\u00e4t von D\u00fcnnschichten zu verbessern.<br \/>\n<strong>Forschung und Materialentwicklung:<\/strong><br \/>\nBei der Erforschung neuartiger Phasenwechselmaterialien und intelligenter D\u00fcnnschichten bietet VO\u2082-Pulver eine zuverl\u00e4ssige und kontrollierbare Materialgrundlage f\u00fcr Experimente.<\/p>\n<h2><span style=\"color: #0000ff; font-size: 14pt;\"><a style=\"color: #0000ff;\" href=\"https:\/\/ulpmat.com\/de\/unternehmen\/faqs\/\">H\u00e4ufig gestellte Fragen<\/a><\/span><\/h2>\n<p>F1: Ist die Phasen\u00fcbergangstemperatur von Vanadiumoxidpulver einstellbar?<br \/>\nA1: Die Metall-Isolator-Phasen\u00fcbergangstemperatur von VO\u2082 kann durch Dotierung oder Prozesssteuerung entsprechend angepasst werden, um unterschiedlichen Anwendungsanforderungen gerecht zu werden.<\/p>\n<p>F2: F\u00fcr welche D\u00fcnnschicht-Herstellungsverfahren ist VO\u2082-Pulver geeignet?<br \/>\nA2: Es kann in verschiedenen D\u00fcnnschicht-Herstellungsverfahren wie Spr\u00fchen, Sputtern oder chemischer Gasphasenabscheidung verwendet werden.<\/p>\n<p>F3: Ist VO\u2082-Pulver bei hohen Temperaturen stabil?<br \/>\nA3: Innerhalb eines angemessenen Temperaturbereichs bleiben die Phasen\u00fcbergangseigenschaften des Pulvers stabil, aber bei \u00fcberm\u00e4\u00dfig hohen Temperaturen oder unter stark reduzierenden Umgebungsbedingungen sollte auf Ver\u00e4nderungen in der Materialstruktur geachtet werden.<\/p>\n<p>F4: Was sind die Vorsichtsma\u00dfnahmen bei der Verwendung von Vanadiumoxidpulver?<br \/>\nA4: Vermeiden Sie das Einatmen von Staub, lagern Sie es trocken und achten Sie w\u00e4hrend der Verarbeitung und D\u00fcnnschichtherstellung auf die Temperatur- und Umgebungskontrolle.<\/p>\n<h2><span style=\"font-size: 14pt;\">Bericht<\/span><\/h2>\n<p>Jede Charge wird geliefert mit:<br \/>\n<span style=\"color: #0000ff;\"><a style=\"color: #0000ff;\" href=\"https:\/\/ulpmat.com\/de\/dokumente\/zertifikat-der-analyse\/\"><u>Analysezertifikat (COA)<\/u><\/a><\/span><\/p>\n<p><span style=\"color: #0000ff;\"><a style=\"color: #0000ff;\" href=\"https:\/\/ulpmat.com\/de\/dokumente\/technisches-datenblatt\/\"><u>Technisches Datenblatt (TDS)<\/u><\/a><\/span><\/p>\n<p><span style=\"color: #0000ff;\"><a style=\"color: #0000ff;\" href=\"https:\/\/ulpmat.com\/de\/dokumente\/sicherheitsdatenblatt\/\"><u>Sicherheitsdatenblatt (MSDS)<\/u><\/a><\/span><br \/>\nTestberichte von Drittanbietern sind auf Anfrage erh\u00e4ltlich<\/p>\n<h2><span style=\"font-size: 14pt;\">Warum sollten Sie sich f\u00fcr uns entscheiden?<\/span><\/h2>\n<p>Wir sind auf die Forschung und Lieferung von funktionellen Vanadiumoxid-Materialien spezialisiert und bieten VO2-Pulver mit stabilen Phasen\u00fcbergangseigenschaften und kontrollierbarer Partikelgr\u00f6\u00dfe. Dar\u00fcber hinaus bieten wir professionellen technischen Support, der auf die Anwendungsszenarien unserer Kunden zugeschnitten ist und zur zuverl\u00e4ssigen Entwicklung intelligenter D\u00fcnnschichten und Ger\u00e4te beitr\u00e4gt.<\/p>\n","protected":false},"excerpt":{"rendered":"<p>Vanadiumoxidpulver \u2013 \u00dcbersicht Vanadiumoxidpulver ist ein \u00dcbergangsmetalloxidmaterial mit reversiblen Phasen\u00fcbergangseigenschaften, das einen Metall-Isolator-\u00dcbergang nahe Raumtemperatur erreicht. Es wird h\u00e4ufig in intelligenten Temperaturregelungssystemen, optischen Ger\u00e4ten und funktionalen D\u00fcnnschichtmaterialien verwendet. Wir bieten VO2-Pulver mit unterschiedlichen Partikelgr\u00f6\u00dfen und Kristallformen an und unterst\u00fctzen Sie bei der kundenspezifischen Verarbeitung und technischen Beratung. Bitte kontaktieren Sie uns f\u00fcr detaillierte Parameter. Produkt-Highlights [&hellip;]<\/p>\n","protected":false},"featured_media":50406,"template":"","meta":{"_acf_changed":false},"product_brand":[132],"product_cat":[336],"product_tag":[7539],"class_list":{"0":"post-50405","1":"product","2":"type-product","3":"status-publish","4":"has-post-thumbnail","6":"product_brand-ulpmat","7":"product_cat-oxide","8":"product_tag-vanadium-oxid-pulver","10":"first","11":"instock","12":"shipping-taxable","13":"product-type-variable"},"acf":[],"_links":{"self":[{"href":"https:\/\/ulpmat.com\/de\/wp-json\/wp\/v2\/product\/50405","targetHints":{"allow":["GET"]}}],"collection":[{"href":"https:\/\/ulpmat.com\/de\/wp-json\/wp\/v2\/product"}],"about":[{"href":"https:\/\/ulpmat.com\/de\/wp-json\/wp\/v2\/types\/product"}],"wp:featuredmedia":[{"embeddable":true,"href":"https:\/\/ulpmat.com\/de\/wp-json\/wp\/v2\/media\/50406"}],"wp:attachment":[{"href":"https:\/\/ulpmat.com\/de\/wp-json\/wp\/v2\/media?parent=50405"}],"wp:term":[{"taxonomy":"product_brand","embeddable":true,"href":"https:\/\/ulpmat.com\/de\/wp-json\/wp\/v2\/product_brand?post=50405"},{"taxonomy":"product_cat","embeddable":true,"href":"https:\/\/ulpmat.com\/de\/wp-json\/wp\/v2\/product_cat?post=50405"},{"taxonomy":"product_tag","embeddable":true,"href":"https:\/\/ulpmat.com\/de\/wp-json\/wp\/v2\/product_tag?post=50405"}],"curies":[{"name":"wp","href":"https:\/\/api.w.org\/{rel}","templated":true}]}}