{"id":50379,"date":"2026-01-08T14:45:13","date_gmt":"2026-01-08T06:45:13","guid":{"rendered":"https:\/\/ulpmat.com\/product\/vanadium-oxid\/"},"modified":"2026-01-08T14:45:13","modified_gmt":"2026-01-08T06:45:13","slug":"vanadium-oxid","status":"publish","type":"product","link":"https:\/\/ulpmat.com\/de\/produkt\/vanadium-oxid\/","title":{"rendered":"Vanadium-Oxid"},"content":{"rendered":"<h2><span style=\"font-size: 14pt;\">Vanadiumoxid-Sputter-Targets \u2013 \u00dcbersicht<\/span><\/h2>\n<p><span style=\"color: #0000ff;\"><a style=\"color: #0000ff;\" href=\"https:\/\/ulpmat.com\/de\/search\/?type=name&#038;keyword=Vanadium+oxide\">Vanadiumoxid<\/a><\/span><br \/>\n-Sputter-Targets sind reversible Metall-Isolator-Phasenwechsel-Funktionstargets, die f\u00fcr verschiedene physikalische Gasphasenabscheidungsverfahren geeignet sind. Sie k\u00f6nnen zur Herstellung dichter, stabiler, intelligenter Funktionsd\u00fcnnschichten verwendet werden, die in der optischen Modulation und im W\u00e4rmemanagement weit verbreitet sind.<\/p>\n<p>Wir bieten VO2-Sputter-Targets in verschiedenen Gr\u00f6\u00dfen, Kristallformen und Dichtungskontrollen an. <span style=\"color: #0000ff;\"><a style=\"color: #0000ff;\" href=\"https:\/\/ulpmat.com\/de\/kontakt-us\/\">Kontaktieren Sie uns<\/a><\/span><br \/>\nf\u00fcr ma\u00dfgeschneiderte L\u00f6sungen und <span style=\"color: #0000ff;\"><a style=\"color: #0000ff;\" href=\"https:\/\/ulpmat.com\/de\/service\/technische-unterstuetzung\/\">technischen Support.<\/a><\/span><\/p>\n<h2><span style=\"font-size: 14pt;\">Produkt-Highlights<\/span><\/h2>\n<p>Hochdichtes Target<br \/>\nGute Sputterstabilit\u00e4t<br \/>\nKontrollierbare Phasenwechselleistung des D\u00fcnnfilms<br \/>\nGeeignet f\u00fcr die Herstellung intelligenter D\u00fcnnfilme zur W\u00e4rmeregulierung<br \/>\nAnpassbare Gr\u00f6\u00dfe und Kristallform<br \/>\nZuverl\u00e4ssige Chargenkonsistenz<\/p>\n<h2><span style=\"font-size: 14pt;\">Anwendungen von Vanadiumoxid-Sputter-Targets<\/span><\/h2>\n<p><strong>Herstellung intelligenter D\u00fcnnfilme zur W\u00e4rmeregulierung:<\/strong><br \/>\nGeeignet f\u00fcr die Abscheidung intelligenter, temperaturgesteuerter D\u00fcnnfilme, die die Infrarotdurchl\u00e4ssigkeit entsprechend den Umgebungstemperatur\u00e4nderungen anpassen und so Energieeinsparungen und W\u00e4rmemanagementfunktionen erm\u00f6glichen.<br \/>\n<strong>Beschichtung <span style=\"color: #0000ff;\"><a style=\"color: #0000ff;\" href=\"https:\/\/ulpmat.com\/de\/anwendung\/materialien-fuer-die-optik\/\">optischer<\/a> <\/span>Modulationsvorrichtungen:<\/strong><br \/>\nDurch Sputtern gebildete VO2-D\u00fcnnschichten k\u00f6nnen in optischen Modulatoren, intelligenten Fenstern und Infrarotvorrichtungen verwendet werden und verbessern die Reaktionsgeschwindigkeit und Stabilit\u00e4t der Vorrichtungen.<br \/>\n<strong>Funktionale elektronische D\u00fcnnschichten:<\/strong><br \/>\nVO2-Targets eignen sich f\u00fcr die Herstellung funktionaler elektronischer D\u00fcnnschichten f\u00fcr Sensoren und elektronische Vorrichtungen und gew\u00e4hrleisten eine konsistente und zuverl\u00e4ssige Schichtleistung.<br \/>\n<strong>Forschung und Prozessentwicklung:<\/strong><br \/>\nTargets werden h\u00e4ufig in der Forschung zu VO2-D\u00fcnnschichten und phasenwechselnden Funktionsmaterialien verwendet und bieten eine stabile Materialgrundlage f\u00fcr Anwendungen im Labor- und Pilotma\u00dfstab.<\/p>\n<h2><span style=\"color: #0000ff;\"><a style=\"color: #0000ff;\" href=\"https:\/\/ulpmat.com\/de\/unternehmen\/faqs\/\"><span style=\"font-size: 14pt;\">H\u00e4ufig gestellte Fragen<\/span><\/a><\/span><\/h2>\n<p>F1: Welche Sputterprozesse eignen sich f\u00fcr Vanadiumoxid-Targets?<br \/>\nA1: Sie k\u00f6nnen f\u00fcr Magnetron-Sputtern, DC-Sputtern oder RF-Sputtern verwendet werden und gew\u00e4hrleisten die Kontinuit\u00e4t und strukturelle Gleichm\u00e4\u00dfigkeit der Schicht.<\/p>\n<p>F2: Wie wirkt sich die Dichte des Targets auf die Folienleistung aus?<br \/>\nA2: Targets mit hoher Dichte tragen zur Bildung von Funktionsfolien mit guter Haftung und dichter Struktur bei und verbessern die Stabilit\u00e4t der Phasenwechsel-Eigenschaften.<\/p>\n<p>F3: Sind Targets f\u00fcr langfristiges kontinuierliches Sputtern geeignet?<br \/>\nA3: Mit geeigneter K\u00fchlung und Prozesssteuerung k\u00f6nnen Anforderungen an kontinuierliche oder langfristige Abscheidung erf\u00fcllt werden.<\/p>\n<p>F4: Welche Vorsichtsma\u00dfnahmen sollten bei der Verwendung von VO2-Targets getroffen werden?<br \/>\nA4: Es wird empfohlen, das Target sauber und trocken zu halten, St\u00f6\u00dfe und Staubinhalation w\u00e4hrend des Betriebs zu vermeiden und die Sputtertemperatur und -atmosph\u00e4re gem\u00e4\u00df den empfohlenen Parametern des Ger\u00e4ts zu steuern.<\/p>\n<h2><span style=\"font-size: 14pt;\">Bericht<\/span><\/h2>\n<p>Jede Charge wird geliefert mit:<br \/>\n<span style=\"color: #0000ff;\"><a style=\"color: #0000ff;\" href=\"https:\/\/ulpmat.com\/de\/dokumente\/zertifikat-der-analyse\/\"><u>Analysezertifikat (COA)<\/u><\/a><\/span><\/p>\n<p><span style=\"color: #0000ff;\"><a style=\"color: #0000ff;\" href=\"https:\/\/ulpmat.com\/de\/dokumente\/technisches-datenblatt\/\"><u>Technisches Datenblatt (TDS)<\/u><\/a><\/span><\/p>\n<p><span style=\"color: #0000ff;\"><a style=\"color: #0000ff;\" href=\"https:\/\/ulpmat.com\/de\/dokumente\/sicherheitsdatenblatt\/\"><u>Sicherheitsdatenblatt (MSDS)<\/u><\/a><\/span><br \/>\nGr\u00f6\u00dfenpr\u00fcfbericht<br \/>\nPr\u00fcfberichte von Drittanbietern sind auf Anfrage erh\u00e4ltlich.<\/p>\n<h2><span style=\"font-size: 14pt;\">Warum sollten Sie sich f\u00fcr uns entscheiden?<\/span><\/h2>\n<p>Wir konzentrieren uns seit langem auf die Herstellung und Anwendungsunterst\u00fctzung von funktionalen Vanadiumoxid-Sputter-Targets, bieten dichte, stabile VO2-Sputter-Targets und professionelle Beratung, die auf die Prozessanforderungen unserer Kunden zugeschnitten ist, um eine hochwertige Herstellung von intelligenten D\u00fcnnschichten und funktionalen Ger\u00e4ten zu gew\u00e4hrleisten.<\/p>\n","protected":false},"excerpt":{"rendered":"<p>Vanadiumoxid-Sputter-Targets \u2013 \u00dcbersicht Vanadiumoxid -Sputter-Targets sind reversible Metall-Isolator-Phasenwechsel-Funktionstargets, die f\u00fcr verschiedene physikalische Gasphasenabscheidungsverfahren geeignet sind. Sie k\u00f6nnen zur Herstellung dichter, stabiler, intelligenter Funktionsd\u00fcnnschichten verwendet werden, die in der optischen Modulation und im W\u00e4rmemanagement weit verbreitet sind. Wir bieten VO2-Sputter-Targets in verschiedenen Gr\u00f6\u00dfen, Kristallformen und Dichtungskontrollen an. Kontaktieren Sie uns f\u00fcr ma\u00dfgeschneiderte L\u00f6sungen und technischen Support. [&hellip;]<\/p>\n","protected":false},"featured_media":50380,"template":"","meta":{"_acf_changed":false},"product_brand":[132],"product_cat":[451],"product_tag":[7533],"class_list":{"0":"post-50379","1":"product","2":"type-product","3":"status-publish","4":"has-post-thumbnail","6":"product_brand-ulpmat","7":"product_cat-keramisches-sputtering-target","8":"product_tag-vanadium-oxid-sputtering-target","10":"first","11":"instock","12":"shipping-taxable","13":"product-type-variable"},"acf":[],"_links":{"self":[{"href":"https:\/\/ulpmat.com\/de\/wp-json\/wp\/v2\/product\/50379","targetHints":{"allow":["GET"]}}],"collection":[{"href":"https:\/\/ulpmat.com\/de\/wp-json\/wp\/v2\/product"}],"about":[{"href":"https:\/\/ulpmat.com\/de\/wp-json\/wp\/v2\/types\/product"}],"wp:featuredmedia":[{"embeddable":true,"href":"https:\/\/ulpmat.com\/de\/wp-json\/wp\/v2\/media\/50380"}],"wp:attachment":[{"href":"https:\/\/ulpmat.com\/de\/wp-json\/wp\/v2\/media?parent=50379"}],"wp:term":[{"taxonomy":"product_brand","embeddable":true,"href":"https:\/\/ulpmat.com\/de\/wp-json\/wp\/v2\/product_brand?post=50379"},{"taxonomy":"product_cat","embeddable":true,"href":"https:\/\/ulpmat.com\/de\/wp-json\/wp\/v2\/product_cat?post=50379"},{"taxonomy":"product_tag","embeddable":true,"href":"https:\/\/ulpmat.com\/de\/wp-json\/wp\/v2\/product_tag?post=50379"}],"curies":[{"name":"wp","href":"https:\/\/api.w.org\/{rel}","templated":true}]}}