{"id":50105,"date":"2026-01-08T16:15:51","date_gmt":"2026-01-08T08:15:51","guid":{"rendered":"https:\/\/ulpmat.com\/product\/scandium-oxid-3\/"},"modified":"2026-01-08T16:15:51","modified_gmt":"2026-01-08T08:15:51","slug":"scandium-oxid-3","status":"publish","type":"product","link":"https:\/\/ulpmat.com\/de\/produkt\/scandium-oxid-3\/","title":{"rendered":"Scandium-Oxid"},"content":{"rendered":"<h2><span style=\"font-size: 14pt;\">\u00dcbersicht \u00fcber Scandiumoxid-Granulat<\/span><\/h2>\n<p><span style=\"color: #0000ff;\"><a style=\"color: #0000ff;\" href=\"https:\/\/ulpmat.com\/de\/search\/?type=name&#038;keyword=Scandium+oxide\">Scandiumoxid<\/a><\/span><br \/>\n-Granulat ist ein k\u00f6rniges anorganisches Material aus hochreinem Scandiumoxid, das sich durch eine ausgezeichnete chemische und thermische Stabilit\u00e4t auszeichnet. Dieses Produkt wird h\u00e4ufig bei der Herstellung von Hochleistungskeramik, <span style=\"color: #0000ff;\"><a style=\"color: #0000ff;\" href=\"https:\/\/ulpmat.com\/de\/anwendung\/materialien-fuer-die-optik\/\">optischen<\/a><\/span><br \/>\nMaterialien und hochleistungsf\u00e4higen Funktionsmaterialien verwendet.<\/p>\n<p>Wir bieten Scandiumoxid-Granulat in verschiedenen Partikelgr\u00f6\u00dfenbereichen an, um unterschiedlichen Prozessanforderungen gerecht zu werden, und das sowohl f\u00fcr Forschungszwecke als auch f\u00fcr industrielle Anwendungen.<\/p>\n<h2><span style=\"font-size: 14pt;\">Produkt-Highlights<\/span><\/h2>\n<p>Hochreines Scandiumoxid-Rohmaterial<br \/>\nPartikelmorphologie, gute Flie\u00dff\u00e4higkeit<br \/>\nEinfache quantitative Dosierung<br \/>\nChemisch stabil<br \/>\nHohe Chargenkonsistenz<br \/>\nGeeignet f\u00fcr gro\u00dftechnische Anwendungen<\/p>\n<h2><span style=\"font-size: 14pt;\">Anwendungen von Scandiumoxid-Granulat<\/span><\/h2>\n<p><strong>Hochkeramische Werkstoffe:<\/strong><br \/>\nKann Keramiksystemen als funktionelle oder modifizierende Komponente zugesetzt werden, um die Dichte und die Gesamtleistung des Materials zu verbessern.<br \/>\n<strong>Herstellung <span style=\"color: #0000ff;\"><a style=\"color: #0000ff;\" href=\"https:\/\/ulpmat.com\/de\/anwendung\/materialien-fuer-die-optik\/\">optischer<\/a> <\/span>Materialien:<\/strong><br \/>\nBei der Herstellung optischer Materialien tragen Granulate zu einer stabilen Zusammensetzungsverteilung bei und erf\u00fcllen die Anforderungen an die Materialhomogenit\u00e4t.<br \/>\n<strong>Forschung zu funktionellen Oxiden:<\/strong><br \/>\nDieses Produkt wird h\u00e4ufig in der experimentellen Forschung zu neuartigen Oxidmaterialien eingesetzt und bietet eine zuverl\u00e4ssige Grundlage f\u00fcr die Formulierungsentwicklung und Leistungspr\u00fcfung.<br \/>\n<strong>Hochtemperatur-Materialsysteme:<\/strong><br \/>\nScandiumoxid-Granulate behalten ihre strukturelle Stabilit\u00e4t bei hohen Temperaturen bei und eignen sich daher f\u00fcr die Entwicklung hochtemperaturbest\u00e4ndiger Materialien und damit verbundener Prozesse.<\/p>\n<h2><span style=\"color: #0000ff;\"><a style=\"color: #0000ff;\" href=\"https:\/\/ulpmat.com\/de\/unternehmen\/faqs\/\"><span style=\"font-size: 14pt;\">H\u00e4ufig<\/span><\/a><\/span><\/h2>\n<h2><span style=\"color: #0000ff;\"><a style=\"color: #0000ff;\" href=\"https:\/\/ulpmat.com\/de\/unternehmen\/faqs\/\"><span style=\"font-size: 14pt;\">gestellte<\/span><\/a><\/span><\/h2>\n<p>Fragen<br \/>\nF1: Was sind die Vorteile von Scandiumoxid-Granulat gegen\u00fcber Pulver?<br \/>\nA1: Partikel sind einfacher zu handhaben und zu wiegen, und die Dosierung l\u00e4sst sich beim Mischen und Zuf\u00fchren leichter kontrollieren.<\/p>\n<p>F2: Sind Scandiumoxid-Granulate f\u00fcr Hochtemperaturanwendungen geeignet?<br \/>\nA2: Scandiumoxid selbst hat eine gute thermische Stabilit\u00e4t und erf\u00fcllt die Anforderungen verschiedener Hochtemperatur-Materialsysteme.<\/p>\n<p>F3: Kann die Partikelgr\u00f6\u00dfe des Produkts ausgew\u00e4hlt werden?<br \/>\nA3: Der Partikelgr\u00f6\u00dfenbereich kann entsprechend den Anwendungsanforderungen angepasst werden und unterst\u00fctzt verschiedene Versuchs- und Produktionsszenarien.<\/p>\n<p>F4: Was sind die Hauptanwendungsbereiche von Scandiumoxid-Granulat?<br \/>\nA4: Es wird haupts\u00e4chlich in Keramik, <span style=\"color: #0000ff;\"><a style=\"color: #0000ff;\" href=\"https:\/\/ulpmat.com\/de\/anwendung\/materialien-fuer-die-optik\/\">optischen<\/a><\/span><br \/>\nMaterialien und funktionalen oxidbezogenen Bereichen verwendet.<\/p>\n<h2><span style=\"font-size: 14pt;\">Bericht<\/span><\/h2>\n<p>Jede Charge wird mit folgenden Dokumenten geliefert:<br \/>\n<span style=\"color: #0000ff;\"><a style=\"color: #0000ff;\" href=\"https:\/\/ulpmat.com\/de\/dokumente\/zertifikat-der-analyse\/\"><u>Analysezertifikat (COA)<\/u><\/a><\/span><\/p>\n<p><span style=\"color: #0000ff;\"><a style=\"color: #0000ff;\" href=\"https:\/\/ulpmat.com\/de\/dokumente\/technisches-datenblatt\/\"><u>Technisches Datenblatt (TDS)<\/u><\/a><\/span><\/p>\n<p><span style=\"color: #0000ff;\"><a style=\"color: #0000ff;\" href=\"https:\/\/ulpmat.com\/de\/dokumente\/sicherheitsdatenblatt\/\"><u>Sicherheitsdatenblatt (MSDS)<\/u><\/a><\/span><br \/>\nGr\u00f6\u00dfenpr\u00fcfbericht<br \/>\nPr\u00fcfberichte von Dritten sind auf Anfrage erh\u00e4ltlich.<\/p>\n<h2><span style=\"font-size: 14pt;\">Warum sollten Sie sich f\u00fcr uns entscheiden?<\/span><\/h2>\n<p>Wir verf\u00fcgen \u00fcber ein stabiles Liefersystem und Erfahrung im Qualit\u00e4tsmanagement im Bereich hochreiner anorganischer Oxidmaterialien, sodass wir unseren Kunden Scandiumoxid-Granulatprodukte mit klarer Korngr\u00f6\u00dfe, stabiler Leistung und langfristiger Nachkaufbarkeit anbieten k\u00f6nnen, die den Anforderungen verschiedener Forschungs- und Industrieanwendungen gerecht werden.<\/p>\n","protected":false},"excerpt":{"rendered":"<p>\u00dcbersicht \u00fcber Scandiumoxid-Granulat Scandiumoxid -Granulat ist ein k\u00f6rniges anorganisches Material aus hochreinem Scandiumoxid, das sich durch eine ausgezeichnete chemische und thermische Stabilit\u00e4t auszeichnet. Dieses Produkt wird h\u00e4ufig bei der Herstellung von Hochleistungskeramik, optischen Materialien und hochleistungsf\u00e4higen Funktionsmaterialien verwendet. Wir bieten Scandiumoxid-Granulat in verschiedenen Partikelgr\u00f6\u00dfenbereichen an, um unterschiedlichen Prozessanforderungen gerecht zu werden, und das sowohl f\u00fcr [&hellip;]<\/p>\n","protected":false},"featured_media":50097,"template":"","meta":{"_acf_changed":false},"product_brand":[132],"product_cat":[299],"product_tag":[7467],"class_list":{"0":"post-50105","1":"product","2":"type-product","3":"status-publish","4":"has-post-thumbnail","6":"product_brand-ulpmat","7":"product_cat-verdampfen-von-materialien","8":"product_tag-scandium-oxid-granulat","10":"first","11":"instock","12":"shipping-taxable","13":"product-type-variable"},"acf":[],"_links":{"self":[{"href":"https:\/\/ulpmat.com\/de\/wp-json\/wp\/v2\/product\/50105","targetHints":{"allow":["GET"]}}],"collection":[{"href":"https:\/\/ulpmat.com\/de\/wp-json\/wp\/v2\/product"}],"about":[{"href":"https:\/\/ulpmat.com\/de\/wp-json\/wp\/v2\/types\/product"}],"wp:featuredmedia":[{"embeddable":true,"href":"https:\/\/ulpmat.com\/de\/wp-json\/wp\/v2\/media\/50097"}],"wp:attachment":[{"href":"https:\/\/ulpmat.com\/de\/wp-json\/wp\/v2\/media?parent=50105"}],"wp:term":[{"taxonomy":"product_brand","embeddable":true,"href":"https:\/\/ulpmat.com\/de\/wp-json\/wp\/v2\/product_brand?post=50105"},{"taxonomy":"product_cat","embeddable":true,"href":"https:\/\/ulpmat.com\/de\/wp-json\/wp\/v2\/product_cat?post=50105"},{"taxonomy":"product_tag","embeddable":true,"href":"https:\/\/ulpmat.com\/de\/wp-json\/wp\/v2\/product_tag?post=50105"}],"curies":[{"name":"wp","href":"https:\/\/api.w.org\/{rel}","templated":true}]}}