{"id":50003,"date":"2026-01-08T16:15:53","date_gmt":"2026-01-08T08:15:53","guid":{"rendered":"https:\/\/ulpmat.com\/product\/scandium-sulfid\/"},"modified":"2026-01-08T16:15:53","modified_gmt":"2026-01-08T08:15:53","slug":"scandium-sulfid","status":"publish","type":"product","link":"https:\/\/ulpmat.com\/de\/produkt\/scandium-sulfid\/","title":{"rendered":"Scandium-Sulfid"},"content":{"rendered":"<h2><span style=\"font-size: 14pt;\">\u00dcbersicht \u00fcber Scandiumsulfidpulver<\/span><\/h2>\n<p><span style=\"color: #0000ff;\"><a style=\"color: #0000ff;\" href=\"https:\/\/ulpmat.com\/de\/search\/?type=name&#038;keyword=Scandium+sulfide\">Scandiumsulfid<\/a><\/span><br \/>\nist ein funktionales Pulvermaterial aus Seltenerdsulfid mit einer einzigartigen Kristallstruktur, das f\u00fcr seine hervorragenden Halbleiter- und optischen Eigenschaften bekannt ist. Dieses Material bietet ein erhebliches Anwendungspotenzial in den Bereichen hochleistungsf\u00e4hige thermoelektrische Umwandlung, <span style=\"color: #0000ff;\"><a style=\"color: #0000ff;\" href=\"https:\/\/ulpmat.com\/de\/anwendung\/materialien-fuer-die-optik\/\">Infrarotoptik<\/a><\/span><br \/>\nund fortschrittliche elektronische Ger\u00e4te.<\/p>\n<p>Wir sind auf die Lieferung von Scandiumsulfidpulvern unterschiedlicher Reinheit, Partikelgr\u00f6\u00dfe und Kristallform spezialisiert. Bitte <span style=\"color: #0000ff;\"><a style=\"color: #0000ff;\" href=\"https:\/\/ulpmat.com\/de\/kontakt-us\/\">kontaktieren Sie uns<\/a><\/span><br \/>\nf\u00fcr detaillierte Informationen, wenn Sie spezifische technische Anforderungen haben.<\/p>\n<h2><span style=\"font-size: 14pt;\">Produkt-Highlights<\/span><\/h2>\n<p>Pr\u00e4zise St\u00f6chiometrie<br \/>\nStrenge Kontrolle des Sauerstoffgehalts<br \/>\nGleichm\u00e4\u00dfige und konzentrierte Partikelgr\u00f6\u00dfenverteilung<br \/>\nStabile Leistung zwischen den Chargen<\/p>\n<h2><span style=\"font-size: 14pt;\">Anwendungen von Scandiumsulfidpulver<\/span><\/h2>\n<p><strong>Thermoelektrische Umwandlungsger\u00e4te<\/strong><br \/>\n: Scandiumsulfid ist ein Kernbestandteil hocheffizienter thermoelektrischer Materialien, die in der Lage sind, industrielle Abw\u00e4rme direkt in nutzbare elektrische Energie umzuwandeln.<br \/>\n<strong>Infrarot-Optikfenster:<\/strong><br \/>\nAufgrund seiner hervorragenden Durchl\u00e4ssigkeit in bestimmten Infrarotbereichen kann es zur Herstellung von leistungsstarken Infrarotfenstern und -linsen f\u00fcr Milit\u00e4r- und Sicherheitsanwendungen verwendet werden.<br \/>\n<strong>Elektronenemissionsmaterialien:<\/strong><br \/>\nAls Kathodenmaterial f\u00fcr Feldemissionsanzeigen und Hochleistungs-Elektronenquellen weist es eine niedrige Austrittsarbeit und eine gute Emissionsstabilit\u00e4t auf.<br \/>\n<strong>Festk\u00f6rperelektrolyt:<\/strong><br \/>\nEs wird in neuartigen Festk\u00f6rper-Sulfidbatterien verwendet und bietet eine h\u00f6here Lithium-Ionen-Leitf\u00e4higkeit, wodurch die Batteriesicherheit und die Energiedichte verbessert werden.<\/p>\n<h2><span style=\"color: #0000ff;\"><a style=\"color: #0000ff;\" href=\"https:\/\/ulpmat.com\/de\/unternehmen\/faqs\/\"><span style=\"font-size: 14pt;\">H\u00e4ufig gestellte Fragen<\/span><\/a><\/span><\/h2>\n<p>F1: Was sind die wichtigsten Lagerbedingungen f\u00fcr Scandiumsulfidpulver?<br \/>\nA1: Das Produkt ist empfindlich gegen\u00fcber Luft und Feuchtigkeit. Es wird empfohlen, es unter Inertgas oder Vakuumbedingungen versiegelt zu lagern, um seine chemische Aktivit\u00e4t zu erhalten.<\/p>\n<p>F2: Wie wird der Sauerstoffgehalt w\u00e4hrend des Produktionsprozesses kontrolliert?<br \/>\nA2: Wir wenden einen streng kontrollierten Synthese- und Nachbearbeitungsprozess unter Inertatmosph\u00e4re an und verwenden einen hochempfindlichen Sauerstoffanalysator, um sicherzustellen, dass der Sauerstoffgehalt des Produkts den Anforderungen von High-End-Anwendungen entspricht.<\/p>\n<p>F3: K\u00f6nnen bestimmte Partikelgr\u00f6\u00dfen entsprechend den Sinteranforderungen angepasst werden?<br \/>\nA3: Ja. Wir k\u00f6nnen optimierte Pulverprodukte mit spezifischen Partikelgr\u00f6\u00dfen und Morphologien bereitstellen, die auf Ihre nachfolgenden Formungs- und Sinterprozesse (wie Hei\u00dfpressen, Entladungsplasmasintern) abgestimmt sind.<\/p>\n<p>F4: Wie giftig ist Scandiumsulfid und welche Vorsichtsma\u00dfnahmen sollten bei der Handhabung getroffen werden?<br \/>\nA4: Scandiumsulfid selbst hat eine geringe Toxizit\u00e4t, aber da es sich um ein feines Pulver handelt, muss bei der Handhabung dennoch Schutzausr\u00fcstung getragen werden, um ein Einatmen zu vermeiden, und es sollte gem\u00e4\u00df dem Sicherheitsdatenblatt (SDS) gehandhabt werden.<\/p>\n<h2><span style=\"font-size: 14pt;\">Bericht<\/span><\/h2>\n<p>Jede Charge wird geliefert mit:<br \/>\n<span style=\"color: #0000ff;\"><a style=\"color: #0000ff;\" href=\"https:\/\/ulpmat.com\/de\/dokumente\/zertifikat-der-analyse\/\"><u>Analysezertifikat (COA)<\/u><\/a><\/span><\/p>\n<p><span style=\"color: #0000ff;\"><a style=\"color: #0000ff;\" href=\"https:\/\/ulpmat.com\/de\/dokumente\/technisches-datenblatt\/\"><u>Technisches Datenblatt (TDS)<\/u><\/a><\/span><\/p>\n<p><span style=\"color: #0000ff;\"><a style=\"color: #0000ff;\" href=\"https:\/\/ulpmat.com\/de\/dokumente\/sicherheitsdatenblatt\/\"><u>Sicherheitsdatenblatt (MSDS)<\/u><\/a><\/span><br \/>\nTestberichte von Drittanbietern auf Anfrage erh\u00e4ltlich<\/p>\n<h2><span style=\"font-size: 14pt;\">Warum sollten Sie sich f\u00fcr uns entscheiden?<\/span><\/h2>\n<p>Wir st\u00fctzen uns auf eine ausgereifte Technologieplattform f\u00fcr die Synthese von Seltenerdverbindungen und konzentrieren uns auf die Entwicklung und Produktion von speziellen Funktionsmaterialien wie Scandiumsulfid. Dank unserer fundierten Kenntnisse der Mikrostruktur und der makroskopischen Eigenschaften von Materialien k\u00f6nnen wir nicht nur hochwertige, hochkonsistente Pulverprodukte liefern, sondern auch professionelle technische Beratung von der Materialauswahl bis zur Prozessanpassung bieten, die auf Ihre Endanwendungsszenarien zugeschnitten ist. Wir sind ein vertrauensw\u00fcrdiger Partner f\u00fcr Forschung, Entwicklung und Produktion.<\/p>\n","protected":false},"excerpt":{"rendered":"<p>\u00dcbersicht \u00fcber Scandiumsulfidpulver Scandiumsulfid ist ein funktionales Pulvermaterial aus Seltenerdsulfid mit einer einzigartigen Kristallstruktur, das f\u00fcr seine hervorragenden Halbleiter- und optischen Eigenschaften bekannt ist. Dieses Material bietet ein erhebliches Anwendungspotenzial in den Bereichen hochleistungsf\u00e4hige thermoelektrische Umwandlung, Infrarotoptik und fortschrittliche elektronische Ger\u00e4te. Wir sind auf die Lieferung von Scandiumsulfidpulvern unterschiedlicher Reinheit, Partikelgr\u00f6\u00dfe und Kristallform spezialisiert. Bitte [&hellip;]<\/p>\n","protected":false},"featured_media":50007,"template":"","meta":{"_acf_changed":false},"product_brand":[132],"product_cat":[670,319],"product_tag":[7449],"class_list":{"0":"post-50003","1":"product","2":"type-product","3":"status-publish","4":"has-post-thumbnail","6":"product_brand-ulpmat","7":"product_cat-chalkogenid-materialien","8":"product_cat-materialien-der-seltenen-erden","9":"product_tag-scandium-sulfid-pulver","11":"first","12":"instock","13":"shipping-taxable","14":"product-type-variable"},"acf":[],"_links":{"self":[{"href":"https:\/\/ulpmat.com\/de\/wp-json\/wp\/v2\/product\/50003","targetHints":{"allow":["GET"]}}],"collection":[{"href":"https:\/\/ulpmat.com\/de\/wp-json\/wp\/v2\/product"}],"about":[{"href":"https:\/\/ulpmat.com\/de\/wp-json\/wp\/v2\/types\/product"}],"wp:featuredmedia":[{"embeddable":true,"href":"https:\/\/ulpmat.com\/de\/wp-json\/wp\/v2\/media\/50007"}],"wp:attachment":[{"href":"https:\/\/ulpmat.com\/de\/wp-json\/wp\/v2\/media?parent=50003"}],"wp:term":[{"taxonomy":"product_brand","embeddable":true,"href":"https:\/\/ulpmat.com\/de\/wp-json\/wp\/v2\/product_brand?post=50003"},{"taxonomy":"product_cat","embeddable":true,"href":"https:\/\/ulpmat.com\/de\/wp-json\/wp\/v2\/product_cat?post=50003"},{"taxonomy":"product_tag","embeddable":true,"href":"https:\/\/ulpmat.com\/de\/wp-json\/wp\/v2\/product_tag?post=50003"}],"curies":[{"name":"wp","href":"https:\/\/api.w.org\/{rel}","templated":true}]}}