{"id":49804,"date":"2026-01-12T14:47:26","date_gmt":"2026-01-12T06:47:26","guid":{"rendered":"https:\/\/ulpmat.com\/product\/calciumaluminat-calciumaluminiumoxid\/"},"modified":"2026-01-12T14:47:26","modified_gmt":"2026-01-12T06:47:26","slug":"calciumaluminat-calciumaluminiumoxid","status":"publish","type":"product","link":"https:\/\/ulpmat.com\/de\/produkt\/calciumaluminat-calciumaluminiumoxid\/","title":{"rendered":"Calciumaluminat (Calciumaluminiumoxid)"},"content":{"rendered":"<h2><span style=\"font-size: 14pt;\">\u00dcbersicht \u00fcber Calciumaluminat-Sputtertargets<\/span><\/h2>\n<p><span style=\"color: #0000ff;\"><a style=\"color: #0000ff;\" href=\"https:\/\/ulpmat.com\/de\/search\/?type=name&#038;keyword=Calcium+aluminate\">Calciumaluminat<\/a><\/span><br \/>\n-Sputtertarg<\/p>\n<h2><span style=\"font-size: 14pt;\">ets<\/span><\/h2>\n<p>sind hochreine Keramiktargets, die in der physikalischen Gasphasenabscheidung (PVD) eingesetzt werden. Sie werden in erster Linie verwendet, um Calciumaluminat-Schichten mit hervorragenden optischen, elektrischen oder sch\u00fctzenden Eigenschaften auf Substratoberfl\u00e4chen aufzubringen, und finden breite Anwendung in der Optoelektronik, Displaytechnologie und Oberfl\u00e4chentechnik.<\/p>\n<p>Wir sind auf die Herstellung und Lieferung von hochdichten, hochreinen Calciumaluminat-Sputter-Targets in verschiedenen Spezifikationen spezialisiert. Kundenspezifische Gr\u00f6\u00dfen und <span style=\"color: #0000ff;\"><a style=\"color: #0000ff;\" href=\"https:\/\/ulpmat.com\/de\/service\/ziel-bindung\/\">Bonding<\/a><\/span><br \/>\n-Dienstleistungen sind verf\u00fcgbar. F\u00fcr technische Beratung oder Musterbewertung k\u00f6nnen Sie <span style=\"color: #0000ff;\"><a style=\"color: #0000ff;\" href=\"https:\/\/ulpmat.com\/de\/kontakt-us\/\">sich<\/a><\/span><br \/>\njederzeit <span style=\"color: #0000ff;\"><a style=\"color: #0000ff;\" href=\"https:\/\/ulpmat.com\/de\/kontakt-us\/\">an uns wenden<\/a><\/span><br \/>\n.<\/p>\n<h2><span style=\"font-size: 14pt;\">Produkt-Highlights<\/span><\/h2>\n<p>Ultrahohe Reinheit und Dichte<br \/>\nHervorragende Mikrostruktur<br \/>\nVielf\u00e4ltige Spezifikationsoptionen<br \/>\nZuverl\u00e4ssiger <a href=\"https:\/\/ulpmat.com\/de\/service\/ziel-bindung\/\"><span style=\"color: #0000ff;\">Bonding<\/span><\/a><br \/>\n-Prozess<\/p>\n<h2><span style=\"font-size: 14pt;\">Anwendungsbereiche von Calciumaluminat-Sputter-Targets<\/span><\/h2>\n<p><strong><span style=\"color: #0000ff;\"><a style=\"color: #0000ff;\" href=\"https:\/\/ulpmat.com\/de\/anwendung\/materialien-fuer-die-optik\/\">Optische<\/a> <\/span>Beschichtungsanwendungen:<\/strong><br \/>\nZur Herstellung von Antireflexbeschichtungen, Schutzfilmen oder Funktionsfilmen mit spezifischen Brechungsindizes f\u00fcr optische Komponenten, um die Leistung optischer Systeme zu verbessern.<br \/>\n<strong>Elektronik und Display-Technologie:<\/strong><br \/>\nDient als dielektrisches Material oder Pufferschichtmaterial in D\u00fcnnschicht-Abscheidungsprozessen f\u00fcr Flachbildschirme, Halbleiterbauelemente und Speicherkomponenten.<br \/>\n<strong>Verschlei\u00dffeste Schutzbeschichtungen:<\/strong><br \/>\nDas Aufbringen von Calciumaluminat-Schichten auf Werkzeuge, Formen oder Pr\u00e4zisionskomponenten verbessert die Oberfl\u00e4chenh\u00e4rte, Verschlei\u00dffestigkeit und Korrosionsbest\u00e4ndigkeit erheblich.<br \/>\n<strong>Forschung zu neuen Funktionsmaterialien:<\/strong><br \/>\nDient als grundlegende Sputterquelle f\u00fcr die Erforschung neuartiger ferroelektrischer, fluoreszierender oder katalytischer D\u00fcnnschichtmaterialien und unterst\u00fctzt damit Spitzenforschung und die Entwicklung von High-End-Produkten.<\/p>\n<h2><span style=\"color: #0000ff;\"><a style=\"color: #0000ff;\" href=\"https:\/\/ulpmat.com\/de\/unternehmen\/faqs\/\"><span style=\"font-size: 14pt;\">H\u00e4ufig gestellte Fragen<\/span><\/a><\/span><\/h2>\n<p>F1: Welche speziellen Prozessparameter sind f\u00fcr Calciumaluminat-Targets beim Sputtern erforderlich?<br \/>\nA1: Um Schichten mit genauen st\u00f6chiometrischen Verh\u00e4ltnissen zu erzielen, wird im Allgemeinen reaktives Sputtern unter geeigneten Leistungs- und Sauerstoffpartialdruckbedingungen empfohlen. Die spezifischen Parameter m\u00fcssen je nach Ihrer Ausr\u00fcstung und Ihren Film-Anforderungen optimiert werden.<\/p>\n<p>F2: Wie wirken sich die Dichte und Reinheit des Targets auf den endg\u00fcltigen Film aus?<br \/>\nA2: Eine hohe Dichte reduziert effektiv das Partikelspritzen w\u00e4hrend des Sputterns und verbessert die Kompaktheit des Films. Eine hohe Reinheit ist entscheidend, um eine pr\u00e4zise chemische Zusammensetzung, eine stabile Leistung und ein Minimum an Verunreinigungen oder Defekten im Film zu gew\u00e4hrleisten.<\/p>\n<p>F3: Bieten Sie kundenspezifische Anpassungen f\u00fcr kleine oder speziell geformte Targets an?<br \/>\nA3: Ja. Wir bieten kundenspezifische Target-L\u00f6sungen in speziellen Abmessungen, Formen oder Verbundstrukturen, um Ihren Anforderungen in der Forschung und Entwicklung oder bei der Kleinserienfertigung gerecht zu werden. Bitte wenden Sie sich f\u00fcr detaillierte Informationen an unser technisches Team.<\/p>\n<p>F4: Wie lang ist die typische Lebensdauer eines Targets und welche Faktoren beeinflussen diese?<br \/>\nA4: Die Lebensdauer h\u00e4ngt von mehreren Faktoren ab, darunter die Sputterleistung, die Gleichm\u00e4\u00dfigkeit der ge\u00e4tzten Fl\u00e4che und die K\u00fchlleistung. Die richtige Verwendung und eine ausreichende K\u00fchlung der Target-Oberfl\u00e4che sind wirksame Methoden, um die Lebensdauer zu verl\u00e4ngern.<\/p>\n<h2><span style=\"font-size: 14pt;\">Bericht<\/span><\/h2>\n<p>Jede Charge wird mit folgenden<br \/>\n<span style=\"color: #0000ff;\"><a style=\"color: #0000ff;\" href=\"https:\/\/ulpmat.com\/de\/dokumente\/zertifikat-der-analyse\/\"><u>Unterlagen<\/u><\/a><\/span><br \/>\ngeliefert:<br \/>\n<span style=\"color: #0000ff;\"><a style=\"color: #0000ff;\" href=\"https:\/\/ulpmat.com\/de\/dokumente\/zertifikat-der-analyse\/\"><u>Analysezertifikat (COA)<\/u><\/a><\/span><\/p>\n<p><span style=\"color: #0000ff;\"><a style=\"color: #0000ff;\" href=\"https:\/\/ulpmat.com\/de\/dokumente\/technisches-datenblatt\/\"><u>Technisches Datenblatt (TDS)<\/u><\/a><\/span><\/p>\n<p><span style=\"color: #0000ff;\"><a style=\"color: #0000ff;\" href=\"https:\/\/ulpmat.com\/de\/dokumente\/sicherheitsdatenblatt\/\"><u>Sicherheitsdatenblatt (MSDS)<\/u><\/a><\/span><br \/>\nGr\u00f6\u00dfenpr\u00fcfbericht<br \/>\nPr\u00fcfberichte von Drittanbietern sind auf Anfrage erh\u00e4ltlich.<\/p>\n<h2><span style=\"font-size: 14pt;\">Warum sollten Sie uns vertrauen?<\/span><\/h2>\n<p>Wir sind auf die Forschung und Entwicklung sowie die Herstellung von fortschrittlichen keramischen Sputtertargets spezialisiert und kennen die zentralen Qualit\u00e4tsanforderungen an Targets f\u00fcr D\u00fcnnschichtbeschichtungsprozesse genau. Von der Synthese hochreiner Pulver \u00fcber die pr\u00e4zise Formgebung\/Sintern bis hin zu strengen zerst\u00f6rungsfreien Pr\u00fcfungen f\u00fchren wir w\u00e4hrend des gesamten Prozesses ein sorgf\u00e4ltiges Management durch. Wir m\u00f6chten Ihr zuverl\u00e4ssiger Lieferant f\u00fcr Kernmaterialien in der Entwicklung und Industrialisierung neuer Materialien werden und bieten Ihnen au\u00dfergew\u00f6hnliche Produktleistung, professionellen technischen Support vor dem Kauf und zuverl\u00e4ssige Lieferkapazit\u00e4ten.<\/p>\n","protected":false},"excerpt":{"rendered":"<p>\u00dcbersicht \u00fcber Calciumaluminat-Sputtertargets Calciumaluminat -Sputtertarg ets sind hochreine Keramiktargets, die in der physikalischen Gasphasenabscheidung (PVD) eingesetzt werden. Sie werden in erster Linie verwendet, um Calciumaluminat-Schichten mit hervorragenden optischen, elektrischen oder sch\u00fctzenden Eigenschaften auf Substratoberfl\u00e4chen aufzubringen, und finden breite Anwendung in der Optoelektronik, Displaytechnologie und Oberfl\u00e4chentechnik. Wir sind auf die Herstellung und Lieferung von hochdichten, hochreinen [&hellip;]<\/p>\n","protected":false},"featured_media":49805,"template":"","meta":{"_acf_changed":false},"product_brand":[132],"product_cat":[451],"product_tag":[7388],"class_list":{"0":"post-49804","1":"product","2":"type-product","3":"status-publish","4":"has-post-thumbnail","6":"product_brand-ulpmat","7":"product_cat-keramisches-sputtering-target","8":"product_tag-kalziumaluminat-kalziumaluminiumoxid-sputtering-target","10":"first","11":"instock","12":"shipping-taxable","13":"product-type-variable"},"acf":[],"_links":{"self":[{"href":"https:\/\/ulpmat.com\/de\/wp-json\/wp\/v2\/product\/49804","targetHints":{"allow":["GET"]}}],"collection":[{"href":"https:\/\/ulpmat.com\/de\/wp-json\/wp\/v2\/product"}],"about":[{"href":"https:\/\/ulpmat.com\/de\/wp-json\/wp\/v2\/types\/product"}],"wp:featuredmedia":[{"embeddable":true,"href":"https:\/\/ulpmat.com\/de\/wp-json\/wp\/v2\/media\/49805"}],"wp:attachment":[{"href":"https:\/\/ulpmat.com\/de\/wp-json\/wp\/v2\/media?parent=49804"}],"wp:term":[{"taxonomy":"product_brand","embeddable":true,"href":"https:\/\/ulpmat.com\/de\/wp-json\/wp\/v2\/product_brand?post=49804"},{"taxonomy":"product_cat","embeddable":true,"href":"https:\/\/ulpmat.com\/de\/wp-json\/wp\/v2\/product_cat?post=49804"},{"taxonomy":"product_tag","embeddable":true,"href":"https:\/\/ulpmat.com\/de\/wp-json\/wp\/v2\/product_tag?post=49804"}],"curies":[{"name":"wp","href":"https:\/\/api.w.org\/{rel}","templated":true}]}}