{"id":49775,"date":"2026-01-12T14:47:27","date_gmt":"2026-01-12T06:47:27","guid":{"rendered":"https:\/\/ulpmat.com\/product\/kalziumborid\/"},"modified":"2026-01-12T14:47:27","modified_gmt":"2026-01-12T06:47:27","slug":"kalziumborid","status":"publish","type":"product","link":"https:\/\/ulpmat.com\/de\/produkt\/kalziumborid\/","title":{"rendered":"Kalziumborid"},"content":{"rendered":"<h2><span style=\"font-size: 14pt;\">\u00dcbersicht \u00fcber Calciumboridpulver<\/span><\/h2>\n<p><span style=\"color: #0000ff;\"><a style=\"color: #0000ff;\" href=\"https:\/\/ulpmat.com\/de\/search\/?type=name&#038;keyword=Calcium+boride\">Calciumboridpulver<\/a><\/span><br \/>\nist ein hochleistungsf\u00e4higes Keramikpulver mit einer einzigartigen Kristallstruktur, das schwarz oder grauschwarz erscheint. Es ist bekannt f\u00fcr seine au\u00dfergew\u00f6hnliche H\u00e4rte, seine hervorragende elektrische Leitf\u00e4higkeit und seine hervorragenden Neutronenabsorptionseigenschaften und dient als wichtiger Rohstoff f\u00fcr Hochtemperatur-Strukturmaterialien, spezielle Funktionsbeschichtungen und die Nuklearindustrie.<\/p>\n<p>Wir sind auf die Herstellung und Lieferung von hochreinem Calciumhexaborid-Pulver mit <span style=\"color: #0000ff;\"><a style=\"color: #0000ff;\" href=\"https:\/\/ulpmat.com\/de\/service\/personalisierung\/\">anpassbaren<\/a><\/span><br \/>\nPartikelgr\u00f6\u00dfen spezialisiert, um den strengen Anforderungen verschiedener Anwendungen gerecht zu werden. F\u00fcr spezifische technische Spezifikationen oder Musteranfragen k\u00f6nnen Sie <span style=\"color: #0000ff;\"><a style=\"color: #0000ff;\" href=\"https:\/\/ulpmat.com\/de\/kontakt-us\/\">sich<\/a><\/span><br \/>\njederzeit <span style=\"color: #0000ff;\"><a style=\"color: #0000ff;\" href=\"https:\/\/ulpmat.com\/de\/kontakt-us\/\">an uns wenden<\/a><\/span><br \/>\n.<\/p>\n<h2><span style=\"font-size: 14pt;\">Produkt-Highlights<\/span><\/h2>\n<p>Au\u00dfergew\u00f6hnliche physikalische Eigenschaften<br \/>\nHoher Neutronenabsorptionsquerschnitt<br \/>\nHervorragende thermische Stabilit\u00e4t<br \/>\nHohe Reinheit und anpassbare Partikelgr\u00f6\u00dfe<\/p>\n<h2><span style=\"font-size: 14pt;\">Anwendungen von Calciumhexaborid-Pulver<\/span><\/h2>\n<p><strong>Nuklearindustrie und Strahlenschutz:<\/strong><br \/>\nDient als effizienter Neutronenabsorber in Steuerst\u00e4ben von Kernreaktoren, Abschirmungsmaterialien und Lagerst\u00e4tten f\u00fcr abgebrannte Brennelemente.<br \/>\n<strong>Fortschrittliche Feuerfestmaterialien:<\/strong><br \/>\nBei Einarbeitung in oxidische oder nicht-oxidische Feuerfestmaterialien verbessert es deutlich die Hochtemperaturfestigkeit, die Temperaturwechselbest\u00e4ndigkeit und die Best\u00e4ndigkeit gegen Erosion durch geschmolzenes Metall.<br \/>\n<strong>Verschlei\u00dffeste Beschichtungen und Verbundwerkstoffe:<\/strong><br \/>\nDient als Verst\u00e4rkungsphase in Metall- oder Keramikmatrix-Verbundwerkstoffen oder bildet durch thermisches Spritzen extrem verschlei\u00dffeste und korrosionsbest\u00e4ndige Schutzbeschichtungen.<br \/>\n<strong>Elektronenemissionsmaterialien:<\/strong><br \/>\nAufgrund seiner geringen Austrittsarbeit und seiner hervorragenden Leitf\u00e4higkeit ist es ein bevorzugtes Material f\u00fcr hocheffiziente Elektronenemissionskathoden (z. B. Kathoden f\u00fcr Elektronenmikroskope).<\/p>\n<h2><span style=\"color: #0000ff;\"><a style=\"color: #0000ff;\" href=\"https:\/\/ulpmat.com\/de\/unternehmen\/faqs\/\"><span style=\"font-size: 14pt;\">H\u00e4ufig<\/span><\/a><\/span><\/h2>\n<h2><span style=\"color: #0000ff;\"><a style=\"color: #0000ff;\" href=\"https:\/\/ulpmat.com\/de\/unternehmen\/faqs\/\"><span style=\"font-size: 14pt;\">gestellte<\/span><\/a><\/span><\/h2>\n<p>Fragen<br \/>\nF1: Was sind die wichtigsten chemischen Eigenschaften von Calciumhexaboridpulver?<br \/>\nA1: Calciumhexaborid weist relativ stabile chemische Eigenschaften auf, kann jedoch bei erh\u00f6hten Temperaturen (z. B. \u00fcber 800 \u00b0C) an der Luft oxidieren. Die Verarbeitung bei hohen Temperaturen wird unter inerter Atmosph\u00e4re empfohlen, w\u00e4hrend die routinem\u00e4\u00dfige Lagerung trockene Bedingungen erfordert.<\/p>\n<p>F2: Was sind die Hauptunterschiede in der Anwendung zwischen Pulvern unterschiedlicher Partikelgr\u00f6\u00dfen?<br \/>\nA2: Die Partikelgr\u00f6\u00dfe wirkt sich direkt auf die Sinteraktivit\u00e4t des Pulvers, die Dispersion in Verbundwerkstoffen und den Verdichtungsgrad im Endprodukt aus. Nanopulver weisen eine h\u00f6here Aktivit\u00e4t auf und sind f\u00fcr das Niedertemperatursintern von feink\u00f6rnigen Materialien besser geeignet; Mikropulver bieten Vorteile hinsichtlich der Prozesssteuerbarkeit und der Kosten.<\/p>\n<p>F3: Welche potenziellen Auswirkungen hat dieses Produkt auf die Gesundheit und welche Vorsichtsma\u00dfnahmen sollten bei der Handhabung getroffen werden?<br \/>\nA3: Da es sich um ein feines Partikelpulver handelt, sollte das Einatmen oder der Kontakt mit den Augen vermieden werden. Die Handhabung sollte in einem Abzug unter Verwendung geeigneter pers\u00f6nlicher Schutzausr\u00fcstung (PSA) wie Staubmasken, Handschuhen und Schutzbrillen gem\u00e4\u00df den Chemikaliensicherheitsvorschriften erfolgen.<\/p>\n<p>F4: K\u00f6nnen oberfl\u00e4chenmodifizierte Pulver geliefert werden, um meinen spezifischen Prozessanforderungen gerecht zu werden?<br \/>\nA4: Ja. Wir bieten gezielte Oberfl\u00e4chenbehandlungsdienstleistungen wie Beschichtung oder Modifizierung an, um die Pulverdispersion und <span style=\"color: #0000ff;\"><a style=\"color: #0000ff;\" href=\"https:\/\/ulpmat.com\/de\/service\/ziel-bindung\/\">die<\/a><\/span><br \/>\n<span style=\"color: #0000ff;\"><a style=\"color: #0000ff;\" href=\"https:\/\/ulpmat.com\/de\/service\/ziel-bindung\/\">Grenzfl\u00e4chenbindung<\/a><\/span><br \/>\ninnerhalb bestimmter Matrizen (z. B. Polymere, Metalle) zu verbessern. Bitte wenden Sie sich f\u00fcr weitere Informationen an unser technisches Team.<\/p>\n<h2><span style=\"font-size: 14pt;\">Bericht<\/span><\/h2>\n<p>Jede Charge wird mit folgenden Unterlagen geliefert:<br \/>\nAnalysezertifikat (COA)<br \/>\nTechnisches Datenblatt (TDS)<br \/>\nSicherheitsdatenblatt (MSDS)<br \/>\nPr\u00fcfberichte von Drittanbietern auf Anfrage erh\u00e4ltlich<\/p>\n<h2><span style=\"font-size: 14pt;\">Warum sollten Sie uns vertrauen?<\/span><\/h2>\n<p>Als spezialisierter Anbieter von Borverbindungen gehen wir \u00fcber Standardprodukte aus Calciumhexaborid hinaus und sind Ihr L\u00f6sungspartner f\u00fcr technische Herausforderungen. Durch den Einsatz fortschrittlicher Synthese- und Reinigungstechnologien gew\u00e4hrleisten wir eine gleichbleibende Reinheit, Partikelgr\u00f6\u00dfe und Leistung aller Produkte.<\/p>\n","protected":false},"excerpt":{"rendered":"<p>\u00dcbersicht \u00fcber Calciumboridpulver Calciumboridpulver ist ein hochleistungsf\u00e4higes Keramikpulver mit einer einzigartigen Kristallstruktur, das schwarz oder grauschwarz erscheint. Es ist bekannt f\u00fcr seine au\u00dfergew\u00f6hnliche H\u00e4rte, seine hervorragende elektrische Leitf\u00e4higkeit und seine hervorragenden Neutronenabsorptionseigenschaften und dient als wichtiger Rohstoff f\u00fcr Hochtemperatur-Strukturmaterialien, spezielle Funktionsbeschichtungen und die Nuklearindustrie. Wir sind auf die Herstellung und Lieferung von hochreinem Calciumhexaborid-Pulver mit [&hellip;]<\/p>\n","protected":false},"featured_media":49776,"template":"","meta":{"_acf_changed":false},"product_brand":[132],"product_cat":[712],"product_tag":[7382],"class_list":{"0":"post-49775","1":"product","2":"type-product","3":"status-publish","4":"has-post-thumbnail","6":"product_brand-ulpmat","7":"product_cat-feuerfeste-materialien","8":"product_tag-calciumborid-pulver","10":"first","11":"instock","12":"shipping-taxable","13":"product-type-variable"},"acf":[],"_links":{"self":[{"href":"https:\/\/ulpmat.com\/de\/wp-json\/wp\/v2\/product\/49775","targetHints":{"allow":["GET"]}}],"collection":[{"href":"https:\/\/ulpmat.com\/de\/wp-json\/wp\/v2\/product"}],"about":[{"href":"https:\/\/ulpmat.com\/de\/wp-json\/wp\/v2\/types\/product"}],"wp:featuredmedia":[{"embeddable":true,"href":"https:\/\/ulpmat.com\/de\/wp-json\/wp\/v2\/media\/49776"}],"wp:attachment":[{"href":"https:\/\/ulpmat.com\/de\/wp-json\/wp\/v2\/media?parent=49775"}],"wp:term":[{"taxonomy":"product_brand","embeddable":true,"href":"https:\/\/ulpmat.com\/de\/wp-json\/wp\/v2\/product_brand?post=49775"},{"taxonomy":"product_cat","embeddable":true,"href":"https:\/\/ulpmat.com\/de\/wp-json\/wp\/v2\/product_cat?post=49775"},{"taxonomy":"product_tag","embeddable":true,"href":"https:\/\/ulpmat.com\/de\/wp-json\/wp\/v2\/product_tag?post=49775"}],"curies":[{"name":"wp","href":"https:\/\/api.w.org\/{rel}","templated":true}]}}