{"id":49737,"date":"2026-01-12T14:47:27","date_gmt":"2026-01-12T06:47:27","guid":{"rendered":"https:\/\/ulpmat.com\/product\/kalziumchlorid\/"},"modified":"2026-01-12T14:47:27","modified_gmt":"2026-01-12T06:47:27","slug":"kalziumchlorid","status":"publish","type":"product","link":"https:\/\/ulpmat.com\/de\/produkt\/kalziumchlorid\/","title":{"rendered":"Kalziumchlorid"},"content":{"rendered":"<h2><span style=\"font-size: 14pt;\">\u00dcbersicht \u00fcber Calciumchloridpulver<\/span><\/h2>\n<p><span style=\"color: #0000ff;\"><a style=\"color: #0000ff;\" href=\"https:\/\/ulpmat.com\/de\/search\/?type=name&#038;keyword=Calcium+chloride\">Calciumchloridpulver<\/a><\/span><br \/>\nist eine anorganische Salzverbindung, die \u00fcblicherweise als wei\u00dfe Granulate oder Pulver auftritt. Es weist eine starke Hygroskopizit\u00e4t und L\u00f6slichkeit auf. Es wird in vielen Branchen wie der Fertigung, dem Bauwesen, der Lebensmittelverarbeitung und dem Umweltschutz eingesetzt und dient als grundlegender und unverzichtbarer chemischer Rohstoff.<\/p>\n<p>Wir bieten hochreines Calciumchloridpulver mit kundenspezifischen Verpackungs- und Gro\u00dfhandelsoptionen an. F\u00fcr detaillierte Spezifikationen und Preise k\u00f6nnen Sie <span style=\"color: #0000ff;\"><a style=\"color: #0000ff;\" href=\"https:\/\/ulpmat.com\/de\/kontakt-us\/\">sich<\/a><\/span><br \/>\njederzeit <span style=\"color: #0000ff;\"><a style=\"color: #0000ff;\" href=\"https:\/\/ulpmat.com\/de\/kontakt-us\/\">an uns wenden<\/a><\/span><br \/>\n.<\/p>\n<h2><span style=\"font-size: 14pt;\">Produkt-Highlights<\/span><\/h2>\n<p>Hohe Reinheit<br \/>\nGeringer Gehalt an Verunreinigungen<br \/>\nGleichbleibende Qualit\u00e4t<br \/>\nStarke Hygroskopizit\u00e4t<br \/>\nSchnelle Aufl\u00f6sung<br \/>\nHohe Effizienz<br \/>\nVerschiedene Spezifikationen verf\u00fcgbar<br \/>\nKundenspezifische Partikelgr\u00f6\u00dfe m\u00f6glich<br \/>\nSichere und zuverl\u00e4ssige Anwendung<\/p>\n<h2><span style=\"font-size: 14pt;\">Anwendungsbereiche von Calciumchloridpulver<\/span><\/h2>\n<p><strong>Schnee- und Eisschmelze:<\/strong><br \/>\nAls umweltfreundliches Enteisungsmittel senkt es schnell den Gefrierpunkt, um Schnee und Eis effektiv von Stra\u00dfen, Flugh\u00e4fen und anderen Oberfl\u00e4chen zu entfernen und gleichzeitig Sch\u00e4den an Stra\u00dfenbel\u00e4gen und Vegetation zu minimieren.<br \/>\n<strong>Trocknung und Feuchtigkeitskontrolle:<\/strong><br \/>\nAufgrund seiner au\u00dfergew\u00f6hnlichen hygroskopischen Eigenschaften wird es h\u00e4ufig zum Trocknen von Industriegasen, Fl\u00fcssigkeiten und Feststoffen verwendet und dient als Feuchtigkeitsbarriere in Lagerh\u00e4usern und w\u00e4hrend des Transports.<br \/>\n<strong>Anwendungen in der Bauindustrie:<\/strong><br \/>\nDie Zugabe von Calciumchlorid zu Beton beschleunigt das Abbinden und die fr\u00fche Festigkeitsentwicklung und verbessert so die Baueffizienz \u2013 besonders geeignet f\u00fcr Projekte bei niedrigen Temperaturen.<br \/>\n<strong>Lebensmittelverarbeitung und Pharmazeutika:<\/strong><br \/>\nCalciumchlorid in Lebensmittelqualit\u00e4t dient als Gerinnungsmittel, Stabilisator oder Calciumverst\u00e4rker in Sojaprodukten, Getr\u00e4nken und Nahrungserg\u00e4nzungsmitteln und erf\u00fcllt die Sicherheits- und Lebensmittelstandards.<\/p>\n<h2><span style=\"color: #0000ff; font-size: 14pt;\"><a style=\"color: #0000ff;\" href=\"https:\/\/ulpmat.com\/de\/unternehmen\/faqs\/\">H\u00e4ufig gestellte Fragen<\/a><\/span><\/h2>\n<p>F1: Beeintr\u00e4chtigt die Klumpenbildung von Calciumchlorid nach Feuchtigkeitsaufnahme seine Leistung?<br \/>\nA1: Verklumpungen sind eine normale Eigenschaft aufgrund seiner hygroskopischen Eigenschaften. Es kann zerkleinert und verwendet werden, ohne dass seine chemischen Eigenschaften beeintr\u00e4chtigt werden. Wir empfehlen, es in einer trockenen Umgebung versiegelt zu lagern, um seinen lockeren Zustand zu verl\u00e4ngern.<\/p>\n<p>F2: K\u00f6nnen kleine Probenmengen zum Testen bereitgestellt werden?<br \/>\nA2: Ja. Wir unterst\u00fctzen den Versand von Proben an Kunden zur Qualit\u00e4ts- und Anwendungstestung. Die spezifischen Richtlinien f\u00fcr Proben k\u00f6nnen Sie bei unserer Vertriebs- oder Technikabteilung erfragen.<\/p>\n<p>F3: Wie sollte Calciumchloridpulver gelagert werden?<br \/>\nA3: In einem verschlossenen Beh\u00e4lter in einer k\u00fchlen, trockenen Umgebung mit strengem Feuchtigkeitsschutz lagern.<\/p>\n<p>F4: In welchen Branchen wird Calciumchloridpulver typischerweise verwendet?<br \/>\nA4: Industriell wird es haupts\u00e4chlich in kritischen Anwendungen wie feuchtigkeitsbest\u00e4ndiger Trocknung, Stra\u00dfenenteisung, Fr\u00fchfestigkeitsverbesserung von Beton und \u00d6lfeldbohrungen eingesetzt.<\/p>\n<h2><span style=\"font-size: 14pt;\">Bericht<\/span><\/h2>\n<p>Jede Charge wird geliefert mit:<br \/>\n<span style=\"color: #0000ff;\"><a style=\"color: #0000ff;\" href=\"https:\/\/ulpmat.com\/de\/dokumente\/zertifikat-der-analyse\/\"><u>Analysezertifikat (COA)<\/u><\/a><\/span><\/p>\n<p><span style=\"color: #0000ff;\"><a style=\"color: #0000ff;\" href=\"https:\/\/ulpmat.com\/de\/dokumente\/technisches-datenblatt\/\"><u>Technisches Datenblatt (TDS)<\/u><\/a><\/span><\/p>\n<p><span style=\"color: #0000ff;\"><a style=\"color: #0000ff;\" href=\"https:\/\/ulpmat.com\/de\/dokumente\/sicherheitsdatenblatt\/\"><u>Sicherheitsdatenblatt (MSDS)<\/u><\/a><\/span><br \/>\nPr\u00fcfberichte von Drittanbietern auf Anfrage erh\u00e4ltlich<\/p>\n<h2><span style=\"font-size: 14pt;\">Warum sollten Sie sich f\u00fcr uns entscheiden?<\/span><\/h2>\n<p>Wir sind nicht nur ein Lieferant von Calciumchloridprodukten, sondern Ihr zuverl\u00e4ssiger L\u00f6sungspartner f\u00fcr vielf\u00e4ltige industrielle Anwendungen. Dank unserer gro\u00df angelegten Produktionsanlagen und strengen Qualit\u00e4tskontrollsysteme stellen wir sicher, dass jeder Schritt \u2013 von den Rohstoffen bis zu den Fertigprodukten \u2013 strengen Standards entspricht.<\/p>\n","protected":false},"excerpt":{"rendered":"<p>\u00dcbersicht \u00fcber Calciumchloridpulver Calciumchloridpulver ist eine anorganische Salzverbindung, die \u00fcblicherweise als wei\u00dfe Granulate oder Pulver auftritt. Es weist eine starke Hygroskopizit\u00e4t und L\u00f6slichkeit auf. Es wird in vielen Branchen wie der Fertigung, dem Bauwesen, der Lebensmittelverarbeitung und dem Umweltschutz eingesetzt und dient als grundlegender und unverzichtbarer chemischer Rohstoff. Wir bieten hochreines Calciumchloridpulver mit kundenspezifischen Verpackungs- [&hellip;]<\/p>\n","protected":false},"featured_media":49738,"template":"","meta":{"_acf_changed":false},"product_brand":[132],"product_cat":[318],"product_tag":[7370],"class_list":{"0":"post-49737","1":"product","2":"type-product","3":"status-publish","4":"has-post-thumbnail","6":"product_brand-ulpmat","7":"product_cat-halogenid-materialien","8":"product_tag-calciumchlorid-pulver","10":"first","11":"instock","12":"shipping-taxable","13":"product-type-variable"},"acf":[],"_links":{"self":[{"href":"https:\/\/ulpmat.com\/de\/wp-json\/wp\/v2\/product\/49737","targetHints":{"allow":["GET"]}}],"collection":[{"href":"https:\/\/ulpmat.com\/de\/wp-json\/wp\/v2\/product"}],"about":[{"href":"https:\/\/ulpmat.com\/de\/wp-json\/wp\/v2\/types\/product"}],"wp:featuredmedia":[{"embeddable":true,"href":"https:\/\/ulpmat.com\/de\/wp-json\/wp\/v2\/media\/49738"}],"wp:attachment":[{"href":"https:\/\/ulpmat.com\/de\/wp-json\/wp\/v2\/media?parent=49737"}],"wp:term":[{"taxonomy":"product_brand","embeddable":true,"href":"https:\/\/ulpmat.com\/de\/wp-json\/wp\/v2\/product_brand?post=49737"},{"taxonomy":"product_cat","embeddable":true,"href":"https:\/\/ulpmat.com\/de\/wp-json\/wp\/v2\/product_cat?post=49737"},{"taxonomy":"product_tag","embeddable":true,"href":"https:\/\/ulpmat.com\/de\/wp-json\/wp\/v2\/product_tag?post=49737"}],"curies":[{"name":"wp","href":"https:\/\/api.w.org\/{rel}","templated":true}]}}