{"id":49719,"date":"2026-01-12T14:47:27","date_gmt":"2026-01-12T06:47:27","guid":{"rendered":"https:\/\/ulpmat.com\/product\/kalziumkarbonat\/"},"modified":"2026-01-12T14:47:27","modified_gmt":"2026-01-12T06:47:27","slug":"kalziumkarbonat","status":"publish","type":"product","link":"https:\/\/ulpmat.com\/de\/produkt\/kalziumkarbonat\/","title":{"rendered":"Kalziumkarbonat"},"content":{"rendered":"<h2><span style=\"font-size: 14pt;\">\u00dcbersicht \u00fcber Calciumcarbonatpulver<\/span><\/h2>\n<p><span style=\"color: #0000ff;\"><a style=\"color: #0000ff;\" href=\"https:\/\/ulpmat.com\/de\/search\/?type=name&#038;keyword=Calcium+carbonate\">Calciumcarbonatpulver<\/a><\/span><br \/>\nist eine nat\u00fcrlich vorkommende und weit verbreitete anorganische Verbindung, die haupts\u00e4chlich aus Mineralien wie Kalkstein und Marmor gewonnen und in der Regel zu einem feinen wei\u00dfen Pulver verarbeitet wird. Als wichtiger industrieller F\u00fcllstoff und funktioneller Zusatzstoff dient es als grundlegender und unverzichtbarer Rohstoff in zahlreichen Branchen, darunter Kunststoff, Papierherstellung, Beschichtungen und Baumaterialien.<\/p>\n<p>Wir bieten eine vielf\u00e4ltige Produktpalette von schwerem bis leichtem Calciumcarbonat, die verschiedene Partikelgr\u00f6\u00dfen, Wei\u00dfgradstufen und Oberfl\u00e4chenbehandlungsanforderungen abdeckt. F\u00fcr Muster oder technische Spezifikationen, die auf Ihre Prozessanforderungen zugeschnitten sind, k\u00f6nnen Sie <span style=\"color: #0000ff;\"><a style=\"color: #0000ff;\" href=\"https:\/\/ulpmat.com\/de\/kontakt-us\/\">sich<\/a><\/span><br \/>\njederzeit <span style=\"color: #0000ff;\"><a style=\"color: #0000ff;\" href=\"https:\/\/ulpmat.com\/de\/kontakt-us\/\">an uns wenden<\/a><\/span><br \/>\n.<\/p>\n<h2><span style=\"font-size: 14pt;\">Produkt-Highlights<\/span><\/h2>\n<p>Hohe Reinheit und hervorragender Wei\u00dfgrad<br \/>\nPr\u00e4zise und kontrollierbare Partikelgr\u00f6\u00dfenverteilung<br \/>\nOberfl\u00e4chenmodifizierung f\u00fcr verbesserte Kompatibilit\u00e4t<br \/>\nHohe F\u00fcllrate und kosteng\u00fcnstige Vorteile<br \/>\nStabile chemische und physikalische Eigenschaften<\/p>\n<h2><span style=\"font-size: 14pt;\">Anwendungen von Calciumcarbonatpulver<\/span><\/h2>\n<p><strong>Kunststoff- und Gummiindustrie:<\/strong><br \/>\nDient als F\u00fcllstoff und Verst\u00e4rkungsmittel, verbessert effektiv die Dimensionsstabilit\u00e4t, Steifigkeit und Schlagfestigkeit von Produkten und senkt gleichzeitig die Produktionskosten erheblich.<br \/>\n<strong>Papierindustrie:<\/strong><br \/>\nWird als Papierf\u00fcllstoff und Beschichtungspigment verwendet, verbessert die Opazit\u00e4t, den Wei\u00dfgrad, die Gl\u00e4tte und die Bedruckbarkeit von Papier und schont gleichzeitig die Holzressourcen.<br \/>\n<strong>Farben- und Tintenindustrie:<\/strong><br \/>\nAls K\u00f6rperpigment sorgt es f\u00fcr strukturelle F\u00fcllung, erh\u00f6ht das Volumen, reguliert die Rheologie und verbessert die Abriebfestigkeit des Farbfilms, was zu einer \u00fcberlegenen Produktleistung f\u00fchrt.<br \/>\n<strong>Baustoffe und Dichtstoffe:<\/strong><br \/>\nAls wichtiger Bestandteil bei der Herstellung von Kitt, Dichtstoffen, Kunststein und Zementprodukten verbessert es die Verarbeitbarkeit und die mechanischen Eigenschaften des Endprodukts.<\/p>\n<h2><span style=\"color: #0000ff;\"><a style=\"color: #0000ff;\" href=\"https:\/\/ulpmat.com\/de\/unternehmen\/faqs\/\"><span style=\"font-size: 14pt;\">H\u00e4ufig gestellte Fragen<\/span><\/a><\/span><\/h2>\n<p>F1: Ist Calciumcarbonat sicher? Welche Auswirkungen hat es auf die menschliche Gesundheit und die Umwelt?<br \/>\nA1: Calciumcarbonat ist ein nat\u00fcrlich vorkommender, ungiftiger Stoff, der h\u00e4ufig in Lebensmitteln, Arzneimitteln und Kosmetika verwendet wird. Produkte in Industriequalit\u00e4t sind bei normaler Verwendung und unter Einhaltung von Schutzma\u00dfnahmen sicher. Staub sollte wie \u00fcblicher Industriestaub behandelt werden, um \u00fcberm\u00e4\u00dfiges Einatmen zu vermeiden.<\/p>\n<p>F2: Was sind die wesentlichen Unterschiede in der Anwendung von Pulvern mit unterschiedlichen Partikelgr\u00f6\u00dfen?<br \/>\nA2: Die Partikelgr\u00f6\u00dfe hat einen direkten Einfluss auf die F\u00fcllleistung und den Oberfl\u00e4chenglanz des Endprodukts. Grobe Partikelgr\u00f6\u00dfen (z. B. 800 Mesh) werden in erster Linie zur Volumenvergr\u00f6\u00dferung und F\u00fcllung verwendet. Ultrafeine Partikelgr\u00f6\u00dfen (z. B. 1250 Mesh und h\u00f6her) bieten eine hervorragende Verst\u00e4rkung, Oberfl\u00e4chengl\u00e4tte und Glanz.<\/p>\n<p>F3: Welche Vorteile bietet oberfl\u00e4chenbehandeltes Calciumcarbonat (z. B. mit Titanat oder Stearat)?<br \/>\nA3: Die Oberfl\u00e4chenbehandlung verbessert die Grenzfl\u00e4chenkompatibilit\u00e4t zwischen Calciumcarbonat und organischen Polymeren (z. B. Kunststoffen, Gummi) erheblich, reduziert die Agglomeration und verbessert die Dispersion. Dies verbessert die mechanischen Eigenschaften und die Verarbeitungsflie\u00dff\u00e4higkeit von Verbundwerkstoffen.<\/p>\n<p>F4: Was sind die Hauptvorteile von Calciumcarbonat gegen\u00fcber anderen F\u00fcllstoffen wie Talk oder Kaolin?<br \/>\nA4: Die Hauptst\u00e4rken von Calciumcarbonat liegen in seiner au\u00dfergew\u00f6hnlichen Kosteneffizienz, seiner \u00fcberlegenen Wei\u00dfe, seinem niedrigen Abriebwert und seinem stabilen pH-Wert, was es zu einem der vielseitigsten und am h\u00e4ufigsten verwendeten F\u00fcllstoffe macht.<\/p>\n<h2><span style=\"font-size: 14pt;\">Bericht<\/span><\/h2>\n<p>Jede Charge wird geliefert mit:<br \/>\n<span style=\"color: #0000ff;\"><a style=\"color: #0000ff;\" href=\"https:\/\/ulpmat.com\/de\/dokumente\/zertifikat-der-analyse\/\"><u>Analysezertifikat (COA)<\/u><\/a><\/span><\/p>\n<p><span style=\"color: #0000ff;\"><a style=\"color: #0000ff;\" href=\"https:\/\/ulpmat.com\/de\/dokumente\/technisches-datenblatt\/\"><u>Technisches Datenblatt (TDS)<\/u><\/a><\/span><\/p>\n<p><span style=\"color: #0000ff;\"><a style=\"color: #0000ff;\" href=\"https:\/\/ulpmat.com\/de\/dokumente\/sicherheitsdatenblatt\/\"><u>Sicherheitsdatenblatt (MSDS)<\/u><\/a><\/span><br \/>\nTestberichte von Drittanbietern sind auf Anfrage erh\u00e4ltlich<\/p>\n<h2><span style=\"font-size: 14pt;\">Warum sollten Sie sich f\u00fcr uns entscheiden?<\/span><\/h2>\n<p>Wir sind auf die Verarbeitung nichtmetallischer Mineralien spezialisiert und konzentrieren uns auf die fortschrittliche Entwicklung und pr\u00e4zise Herstellung von Calciumcarbonatprodukten. \u00dcber die Standardspezifikationen hinaus bieten wir ma\u00dfgeschneiderte Produktl\u00f6sungen und technischen Support, die auf die spezifischen Herausforderungen Ihrer Branche in Bezug auf Rezepturen und Prozesse zugeschnitten sind.<\/p>\n","protected":false},"excerpt":{"rendered":"<p>\u00dcbersicht \u00fcber Calciumcarbonatpulver Calciumcarbonatpulver ist eine nat\u00fcrlich vorkommende und weit verbreitete anorganische Verbindung, die haupts\u00e4chlich aus Mineralien wie Kalkstein und Marmor gewonnen und in der Regel zu einem feinen wei\u00dfen Pulver verarbeitet wird. Als wichtiger industrieller F\u00fcllstoff und funktioneller Zusatzstoff dient es als grundlegender und unverzichtbarer Rohstoff in zahlreichen Branchen, darunter Kunststoff, Papierherstellung, Beschichtungen und [&hellip;]<\/p>\n","protected":false},"featured_media":49720,"template":"","meta":{"_acf_changed":false},"product_brand":[132],"product_cat":[1185],"product_tag":[7364],"class_list":{"0":"post-49719","1":"product","2":"type-product","3":"status-publish","4":"has-post-thumbnail","6":"product_brand-ulpmat","7":"product_cat-andere-saeuren","8":"product_tag-calciumcarbonat-pulver","10":"first","11":"instock","12":"shipping-taxable","13":"product-type-variable"},"acf":[],"_links":{"self":[{"href":"https:\/\/ulpmat.com\/de\/wp-json\/wp\/v2\/product\/49719","targetHints":{"allow":["GET"]}}],"collection":[{"href":"https:\/\/ulpmat.com\/de\/wp-json\/wp\/v2\/product"}],"about":[{"href":"https:\/\/ulpmat.com\/de\/wp-json\/wp\/v2\/types\/product"}],"wp:featuredmedia":[{"embeddable":true,"href":"https:\/\/ulpmat.com\/de\/wp-json\/wp\/v2\/media\/49720"}],"wp:attachment":[{"href":"https:\/\/ulpmat.com\/de\/wp-json\/wp\/v2\/media?parent=49719"}],"wp:term":[{"taxonomy":"product_brand","embeddable":true,"href":"https:\/\/ulpmat.com\/de\/wp-json\/wp\/v2\/product_brand?post=49719"},{"taxonomy":"product_cat","embeddable":true,"href":"https:\/\/ulpmat.com\/de\/wp-json\/wp\/v2\/product_cat?post=49719"},{"taxonomy":"product_tag","embeddable":true,"href":"https:\/\/ulpmat.com\/de\/wp-json\/wp\/v2\/product_tag?post=49719"}],"curies":[{"name":"wp","href":"https:\/\/api.w.org\/{rel}","templated":true}]}}