{"id":49557,"date":"2026-01-12T14:47:30","date_gmt":"2026-01-12T06:47:30","guid":{"rendered":"https:\/\/ulpmat.com\/product\/kalziumhydrid\/"},"modified":"2026-01-12T14:47:30","modified_gmt":"2026-01-12T06:47:30","slug":"kalziumhydrid","status":"publish","type":"product","link":"https:\/\/ulpmat.com\/de\/produkt\/kalziumhydrid\/","title":{"rendered":"Kalziumhydrid"},"content":{"rendered":"<h2><span style=\"font-size: 14pt;\">\u00dcbersicht \u00fcber Calciumhydridpulver<\/span><\/h2>\n<p><span style=\"color: #0000ff;\"><a style=\"color: #0000ff;\" href=\"https:\/\/ulpmat.com\/de\/search\/?type=name&#038;keyword=Calcium+hydride\">Calciumhydridpulver<\/a><\/span><br \/>\nist eine anorganische Verbindung aus Calcium und Wasserstoff, die typischerweise als grauwei\u00dfes Pulver oder in Klumpenform auftritt. Es weist eine starke Hygroskopizit\u00e4t und Reaktivit\u00e4t auf. Es dient in erster Linie als starkes Reduktionsmittel, hochwirksames Trocknungsmittel und tragbare Wasserstoffquelle und findet breite Anwendung in der organischen Synthese, der Spezialmetallverh\u00fcttung und der wissenschaftlichen Forschung.<\/p>\n<p>Wir bieten Calciumhydridpulver in verschiedenen Reinheitsgraden und Partikelgr\u00f6\u00dfen an, mit kundenspezifischer Produktion und sicherer Verpackung, die auf Ihre Prozessanforderungen zugeschnitten ist. F\u00fcr technische Spezifikationen oder Kooperationsgespr\u00e4che k\u00f6nnen Sie <span style=\"color: #0000ff;\"><a style=\"color: #0000ff;\" href=\"https:\/\/ulpmat.com\/de\/kontakt-us\/\">sich<\/a><\/span><br \/>\njederzeit <span style=\"color: #0000ff;\"><a style=\"color: #0000ff;\" href=\"https:\/\/ulpmat.com\/de\/kontakt-us\/\">an uns wenden<\/a><\/span><br \/>\n.<\/p>\n<h2><span style=\"font-size: 14pt;\">Produkt-Highlights<\/span><\/h2>\n<p>Hohe chemische Reinheit f\u00fcr au\u00dfergew\u00f6hnliche Reaktionswirksamkeit<br \/>\nGleichm\u00e4\u00dfige, kontrollierbare Partikelgr\u00f6\u00dfe f\u00fcr pr\u00e4zise Dosierung und Dispersion<br \/>\nHermetisch versiegelte Verpackung f\u00fcr Lagerstabilit\u00e4t<br \/>\nHohe Wasserstofffreisetzungsrate mit \u00fcberlegener Wasserstoffreinheit<\/p>\n<h2><span style=\"font-size: 14pt;\">Anwendungen von Calciumhydridpulver<\/span><\/h2>\n<p><strong>Organische Synthese und chemische Reduktion:<\/strong><br \/>\nAls starkes Reduktionsmittel reduziert es effektiv sauerstoffhaltige funktionelle Gruppen (z. B. Aldehyde, Ketone) zu Alkoholen oder entfernt Halogene aus Halogeniden und spielt damit eine entscheidende Rolle bei der Synthese von Feinchemikalien und pharmazeutischen Zwischenprodukten.<br \/>\n<strong>Hocheffizientes Tiefentrocknungsmittel:<\/strong><br \/>\nZeigt eine au\u00dfergew\u00f6hnliche Aufnahmef\u00e4higkeit f\u00fcr Feuchtigkeit und Spuren von Sauerstoff und wird h\u00e4ufig zum Trocknen von wasserempfindlichen organischen L\u00f6sungsmitteln (z. B. Ether, Benzole) und Edelgasen verwendet, wobei es eine weit \u00fcber herk\u00f6mmliche Trocknungsmittel hinausgehende Trocknungsleistung erbringt.<br \/>\n<strong>Metallurgie und Pulverherstellung:<\/strong><br \/>\nBei hohen Temperaturen dient es als Reduktionsmittel zur Herstellung hochreiner Seltenmetalle wie Tantal und Niob. Es fungiert auch als Desoxidationsmittel f\u00fcr Metallpulver wie Titan und Zirkonium.<br \/>\n<strong>Tragbare Wasserstoffquelle:<\/strong><br \/>\nReagiert mit Wasser, um schnell hochreinen Wasserstoff zu erzeugen, und bietet eine sichere und bequeme L\u00f6sung f\u00fcr Vor-Ort-Analysen, Brennstoffzellentests oder die Gasversorgung an abgelegenen Orten.<\/p>\n<h2><span style=\"font-size: 14pt; color: #0000ff;\"><a style=\"color: #0000ff;\" href=\"https:\/\/ulpmat.com\/de\/unternehmen\/faqs\/\">H\u00e4ufig gestellte Fragen<\/a><\/span><\/h2>\n<p>F1: Was sind die wichtigsten Sicherheitsrisiken im Zusammenhang mit Calciumhydrid bei der Handhabung und Lagerung?<br \/>\nA1: Das Hauptrisiko besteht in seiner heftigen Reaktion mit Feuchtigkeit (einschlie\u00dflich Luftfeuchtigkeit), bei der brennbares und explosives Wasserstoffgas freigesetzt wird und gleichzeitig erhebliche W\u00e4rme entsteht. Eine strikte Isolierung von Luft und Feuchtigkeit ist unerl\u00e4sslich; Handhabung und Lagerung m\u00fcssen unter trockenen, inerten Atmosph\u00e4ren erfolgen.<\/p>\n<p>F2: Wie sollte Calciumhydridabfall sicher entsorgt werden?<br \/>\nA2: Nicht direkt entsorgen. Deaktivieren Sie es mit einer langsamen, kontrollierten Methode (z. B. durch Zugabe gro\u00dfer Mengen wasserfreien Isopropylalkohols oder Mineral\u00f6ls unter gr\u00fcndlichem R\u00fchren). Sobald die Reaktion abgeschlossen ist und kein weiteres Gas mehr entsteht, entsorgen Sie es als chemischen Abfall \u00fcber eine spezialisierte Einrichtung.<\/p>\n<p>F3: Welche Vorteile hat es als Trocknungsmittel gegen\u00fcber Molekularsieben und Silikagel?<br \/>\nA3: Seine Trocknungskapazit\u00e4t (Restfeuchtegehalt nach der Trocknung) \u00fcbertrifft die von Molekularsieben und Silikagel bei weitem und erreicht extrem niedrige Taupunkte, die f\u00fcr anspruchsvollste Tiefentrocknungsanwendungen geeignet sind. Es ist jedoch teurer, erfordert strenge Betriebsbedingungen und kann nicht regeneriert werden.<\/p>\n<p>F4: Wie hoch ist die Reinheit des durch die Reaktion erzeugten Wasserstoffs? Enth\u00e4lt er andere Verunreinigungsgase?<br \/>\nA4: Calciumhydrid erzeugt theoretisch reinen Wasserstoff, wenn es mit Wasser reagiert. Wenn jedoch Verunreinigungen in den Rohstoffen oder im Wasser vorhanden sind, k\u00f6nnen Spuren von Gasen (wie Ammoniak oder Phosphin) entstehen. F\u00fcr Anwendungen mit extrem hohen Reinheitsanforderungen wird empfohlen, das erzeugte Gas zu reinigen oder ultrahochreine Rohstoffe zu verwenden.<\/p>\n<h2><span style=\"font-size: 14pt;\">Bericht<\/span><\/h2>\n<p>Jede Charge wird geliefert mit:<br \/>\n<span style=\"color: #0000ff;\"><a style=\"color: #0000ff;\" href=\"https:\/\/ulpmat.com\/de\/dokumente\/zertifikat-der-analyse\/\"><u>Analysezertifikat (COA)<\/u><\/a><\/span><\/p>\n<p><span style=\"color: #0000ff;\"><a style=\"color: #0000ff;\" href=\"https:\/\/ulpmat.com\/de\/dokumente\/technisches-datenblatt\/\"><u>Technisches Datenblatt (TDS)<\/u><\/a><\/span><\/p>\n<p><span style=\"color: #0000ff;\"><a style=\"color: #0000ff;\" href=\"https:\/\/ulpmat.com\/de\/dokumente\/sicherheitsdatenblatt\/\"><u>Sicherheitsdatenblatt (MSDS)<\/u><\/a><\/span><br \/>\nPr\u00fcfberichte von Dritten sind auf Anfrage erh\u00e4ltlich<\/p>\n<h2><span style=\"font-size: 14pt;\">Warum sollten Sie sich f\u00fcr uns entscheiden?<\/span><\/h2>\n<p>Wir sind auf die Forschung und Entwicklung sowie die sichere Produktion hochreaktiver Metallhydridmaterialien spezialisiert und verf\u00fcgen \u00fcber fundierte Fachkenntnisse im Umgang mit den gesetzlichen Anforderungen und technischen Herausforderungen von Spezialchemikalien wie Calciumhydrid. Wir liefern nicht nur hochwertige Produkte, sondern legen auch gro\u00dfen Wert auf die Bereitstellung sicherer, standardisierter Betriebsanweisungen.<\/p>\n","protected":false},"excerpt":{"rendered":"<p>\u00dcbersicht \u00fcber Calciumhydridpulver Calciumhydridpulver ist eine anorganische Verbindung aus Calcium und Wasserstoff, die typischerweise als grauwei\u00dfes Pulver oder in Klumpenform auftritt. Es weist eine starke Hygroskopizit\u00e4t und Reaktivit\u00e4t auf. Es dient in erster Linie als starkes Reduktionsmittel, hochwirksames Trocknungsmittel und tragbare Wasserstoffquelle und findet breite Anwendung in der organischen Synthese, der Spezialmetallverh\u00fcttung und der wissenschaftlichen [&hellip;]<\/p>\n","protected":false},"featured_media":49558,"template":"","meta":{"_acf_changed":false},"product_brand":[132],"product_cat":[336],"product_tag":[7328],"class_list":{"0":"post-49557","1":"product","2":"type-product","3":"status-publish","4":"has-post-thumbnail","6":"product_brand-ulpmat","7":"product_cat-oxide","8":"product_tag-calciumhydrid-pulver","10":"first","11":"instock","12":"shipping-taxable","13":"product-type-variable"},"acf":[],"_links":{"self":[{"href":"https:\/\/ulpmat.com\/de\/wp-json\/wp\/v2\/product\/49557","targetHints":{"allow":["GET"]}}],"collection":[{"href":"https:\/\/ulpmat.com\/de\/wp-json\/wp\/v2\/product"}],"about":[{"href":"https:\/\/ulpmat.com\/de\/wp-json\/wp\/v2\/types\/product"}],"wp:featuredmedia":[{"embeddable":true,"href":"https:\/\/ulpmat.com\/de\/wp-json\/wp\/v2\/media\/49558"}],"wp:attachment":[{"href":"https:\/\/ulpmat.com\/de\/wp-json\/wp\/v2\/media?parent=49557"}],"wp:term":[{"taxonomy":"product_brand","embeddable":true,"href":"https:\/\/ulpmat.com\/de\/wp-json\/wp\/v2\/product_brand?post=49557"},{"taxonomy":"product_cat","embeddable":true,"href":"https:\/\/ulpmat.com\/de\/wp-json\/wp\/v2\/product_cat?post=49557"},{"taxonomy":"product_tag","embeddable":true,"href":"https:\/\/ulpmat.com\/de\/wp-json\/wp\/v2\/product_tag?post=49557"}],"curies":[{"name":"wp","href":"https:\/\/api.w.org\/{rel}","templated":true}]}}