{"id":49539,"date":"2026-01-12T14:47:30","date_gmt":"2026-01-12T06:47:30","guid":{"rendered":"https:\/\/ulpmat.com\/product\/kalziumjodid\/"},"modified":"2026-01-12T14:47:30","modified_gmt":"2026-01-12T06:47:30","slug":"kalziumjodid","status":"publish","type":"product","link":"https:\/\/ulpmat.com\/de\/produkt\/kalziumjodid\/","title":{"rendered":"Kalziumjodid"},"content":{"rendered":"<h2><span style=\"font-size: 14pt;\">\u00dcbersicht \u00fcber Calciumiodidpulver<\/span><\/h2>\n<p><span style=\"color: #0000ff;\"><a style=\"color: #0000ff;\" href=\"https:\/\/ulpmat.com\/de\/search\/?type=name&#038;keyword=Calcium+iodide\">Calciumiodidpulver<\/a><\/span><br \/>\nist eine anorganische Salzverbindung,<br \/>\n<span style=\"color: #0000ff;\"><a style=\"color: #0000ff;\" href=\"https:\/\/ulpmat.com\/de\/search\/?type=name&#038;keyword=Calcium+iodide\">die<\/a><\/span><br \/>\ntypischerweise als wei\u00dfes bis hellgelbes hygroskopisches kristallines Pulver auftritt. Als wichtige funktionelle Quelle f\u00fcr Jod und Calcium hat es einen hohen Anwendungswert in der pharmazeutischen Herstellung, Tierern\u00e4hrung, Spezialmaterialsynthese und chemischen Forschung.<\/p>\n<p>Wir sind auf die Lieferung von Calciumiodidpulver in Reagenzqualit\u00e4t spezialisiert und bieten ma\u00dfgeschneiderte L\u00f6sungen f\u00fcr Ihre spezifischen Anwendungsanforderungen. <span style=\"color: #0000ff;\"><a style=\"color: #0000ff;\" href=\"https:\/\/ulpmat.com\/de\/kontakt-us\/\">Kontaktieren Sie uns<\/a><\/span><br \/>\njederzeit f\u00fcr technische Unterlagen und Angebote.<\/p>\n<h2><span style=\"font-size: 14pt;\">Produkt-Highlights<\/span><\/h2>\n<p>Hohe Reinheit mit minimalen Verunreinigungen<br \/>\nStrenge feuchtigkeitsgesch\u00fctzte Verpackung<br \/>\nPr\u00e4zises st\u00f6chiometrisches Verh\u00e4ltnis von Jod zu Kalzium<br \/>\nAusgezeichnete Wasserl\u00f6slichkeit und Reaktivit\u00e4t<\/p>\n<h2><span style=\"font-size: 14pt;\">Anwendungsbereiche von Calciumiodidpulver<\/span><\/h2>\n<p><strong>Pharmazeutische Industrie und Formulierungen:<\/strong><br \/>\nEin wichtiger Ausgangsstoff f\u00fcr die Synthese von jodhaltigen Kontrastmitteln, Schilddr\u00fcsenmedikamenten und verschiedenen pharmazeutischen Zwischenprodukten. Dient auch als Bestandteil bestimmter medizinischer Desinfektionsmittel und Augentropfen.<br \/>\n<strong>Chemische Synthese und Katalyse:<\/strong><br \/>\nIn der organischen Synthese dient es als mildes Iodierungsreagenz oder Lewis-S\u00e4ure-Katalysator, das h\u00e4ufig bei Halogenaustauschreaktionen und beim Aufbau komplexer iodierter Molek\u00fclstrukturen verwendet wird.<br \/>\n<strong>Spezialisierte <span style=\"color: #0000ff;\"><a style=\"color: #0000ff;\" href=\"https:\/\/ulpmat.com\/de\/anwendung\/materialien-fuer-die-optik\/\">optische<\/a> <\/span>Materialien:<\/strong><br \/>\nWird zur Herstellung von Funktionskristallen und optischen Gl\u00e4sern mit Szintillationseigenschaften oder spezifischen Durchl\u00e4ssigkeitsb\u00e4ndern verwendet und bildet die materielle Grundlage f\u00fcr hochwertige Fotodetektoren und Forschungsger\u00e4te.<\/p>\n<h2><span style=\"color: #0000ff;\"><a style=\"color: #0000ff;\" href=\"https:\/\/ulpmat.com\/de\/unternehmen\/faqs\/\"><span style=\"font-size: 14pt;\">H\u00e4ufig gestellte Fragen<\/span><\/a><\/span><\/h2>\n<p>F1: Wie sollte Calciumiodidpulver gelagert werden, um seine Stabilit\u00e4t zu erhalten?<br \/>\nA1: Eine strikte Feuchtigkeitsisolierung ist unerl\u00e4sslich. Lagern Sie es in einem k\u00fchlen, trockenen, verschlossenen Beh\u00e4lter. Wenn m\u00f6glich, bewahren Sie es in einem mit Inertgas gef\u00fcllten Trockenschrank auf, um Delikveszenz, Verklumpung oder oxidativen Abbau zu verhindern.<\/p>\n<p>F2: Was sind die wichtigsten Unterschiede in der Qualit\u00e4tskontrolle zwischen Produkten in pharmazeutischer und industrieller Qualit\u00e4t?<br \/>\nA2: \u00dcber die prim\u00e4ren Inhaltsanforderungen hinaus gelten f\u00fcr Produkte in pharmazeutischer Qualit\u00e4t extrem strenge Grenzwerte f\u00fcr Schwermetalle (z. B. Blei, Arsen), Alkalimetallverunreinigungen, mikrobielle Grenzwerte und die Klarheit der L\u00f6sung. Die Produktionsprozesse m\u00fcssen h\u00f6heren Qualit\u00e4tsmanagementstandards entsprechen.<\/p>\n<p>F3: Welche Sicherheitsvorkehrungen sollten bei der Verwendung von Calciumiodid getroffen werden?<br \/>\nA3: Vermeiden Sie das Einatmen von Staub. Tragen Sie bei der Handhabung Schutzmasken, Handschuhe und Schutzbrillen. Obwohl es von Natur aus eine geringe Toxizit\u00e4t aufweist, k\u00f6nnen \u00fcberm\u00e4\u00dfige Jodionen die Schilddr\u00fcsenfunktion beeintr\u00e4chtigen. Dar\u00fcber hinaus kann das Produkt hygroskopisch werden und bei Feuchtigkeitsaufnahme m\u00f6glicherweise korrosiv gegen\u00fcber Metallen sein, sodass eine ordnungsgem\u00e4\u00dfe Entsorgung erforderlich ist.<\/p>\n<p>F4: Wie sollten wasserfreies Calciumiodid und sein Hydrat f\u00fcr die Anwendung ausgew\u00e4hlt werden?<br \/>\nA4: Die wasserfreie Form bietet eine h\u00f6here Reinheit und eignet sich f\u00fcr feuchtigkeitsempfindliche Synthesereaktionen oder Anwendungen, die eine pr\u00e4zise Feuchtigkeitsmessung erfordern. Die hydratisierte Form ist stabiler, weniger hygroskopisch und kosteng\u00fcnstiger und wird h\u00e4ufig in Futtermittelzusatzstoffen, allgemeinen chemischen Reagenzien und anderen Szenarien verwendet, die unempfindlich gegen\u00fcber Feuchtigkeitsgehalt sind.<\/p>\n<h2><span style=\"font-size: 14pt;\">Bericht<\/span><\/h2>\n<p>Jede Charge wird geliefert mit:<br \/>\n<a href=\"https:\/\/ulpmat.com\/de\/dokumente\/zertifikat-der-analyse\/\"><u><span style=\"color: #0000ff;\">Analysezertifikat (COA)<\/span><\/u><\/a><\/p>\n<p><span style=\"color: #0000ff;\"><a style=\"color: #0000ff;\" href=\"https:\/\/ulpmat.com\/de\/dokumente\/technisches-datenblatt\/\"><u>Technisches Datenblatt (TDS)<\/u><\/a><\/span><\/p>\n<p><span style=\"color: #0000ff;\"><a style=\"color: #0000ff;\" href=\"https:\/\/ulpmat.com\/de\/dokumente\/sicherheitsdatenblatt\/\"><u>Sicherheitsdatenblatt (MSDS)<\/u><\/a><\/span><br \/>\nTestberichte von Drittanbietern auf Anfrage erh\u00e4ltlich<\/p>\n<h2><span style=\"font-size: 14pt;\">Warum uns w\u00e4hlen?<\/span><\/h2>\n<p>Wir sind auf die Forschung und Entwicklung sowie die Herstellung von hochreinen feinen Jodchemikalien spezialisiert und haben ein umfassendes Qualit\u00e4tskontroll- und feuchtigkeitsgesch\u00fctztes Verpackungssystem eingerichtet, um sicherzustellen, dass Calciumiodidprodukte von der Produktion bis zur Auslieferung eine au\u00dfergew\u00f6hnliche Stabilit\u00e4t aufweisen. Wir sind nicht nur ein zuverl\u00e4ssiger Rohstofflieferant, sondern auch Ihr technischer Anwendungspartner, der Ihnen professionelle Beratung bei der Produktauswahl und technischen Support bietet, der auf die spezifischen Anforderungen in den Bereichen pharmazeutische Synthese, Futtermittelformulierung, Materialwissenschaften und anderen Bereichen zugeschnitten ist.<\/p>\n","protected":false},"excerpt":{"rendered":"<p>\u00dcbersicht \u00fcber Calciumiodidpulver Calciumiodidpulver ist eine anorganische Salzverbindung, die typischerweise als wei\u00dfes bis hellgelbes hygroskopisches kristallines Pulver auftritt. Als wichtige funktionelle Quelle f\u00fcr Jod und Calcium hat es einen hohen Anwendungswert in der pharmazeutischen Herstellung, Tierern\u00e4hrung, Spezialmaterialsynthese und chemischen Forschung. Wir sind auf die Lieferung von Calciumiodidpulver in Reagenzqualit\u00e4t spezialisiert und bieten ma\u00dfgeschneiderte L\u00f6sungen f\u00fcr [&hellip;]<\/p>\n","protected":false},"featured_media":49540,"template":"","meta":{"_acf_changed":false},"product_brand":[132],"product_cat":[318],"product_tag":[7322],"class_list":{"0":"post-49539","1":"product","2":"type-product","3":"status-publish","4":"has-post-thumbnail","6":"product_brand-ulpmat","7":"product_cat-halogenid-materialien","8":"product_tag-kalziumjodid-pulver","10":"first","11":"instock","12":"shipping-taxable","13":"product-type-variable"},"acf":[],"_links":{"self":[{"href":"https:\/\/ulpmat.com\/de\/wp-json\/wp\/v2\/product\/49539","targetHints":{"allow":["GET"]}}],"collection":[{"href":"https:\/\/ulpmat.com\/de\/wp-json\/wp\/v2\/product"}],"about":[{"href":"https:\/\/ulpmat.com\/de\/wp-json\/wp\/v2\/types\/product"}],"wp:featuredmedia":[{"embeddable":true,"href":"https:\/\/ulpmat.com\/de\/wp-json\/wp\/v2\/media\/49540"}],"wp:attachment":[{"href":"https:\/\/ulpmat.com\/de\/wp-json\/wp\/v2\/media?parent=49539"}],"wp:term":[{"taxonomy":"product_brand","embeddable":true,"href":"https:\/\/ulpmat.com\/de\/wp-json\/wp\/v2\/product_brand?post=49539"},{"taxonomy":"product_cat","embeddable":true,"href":"https:\/\/ulpmat.com\/de\/wp-json\/wp\/v2\/product_cat?post=49539"},{"taxonomy":"product_tag","embeddable":true,"href":"https:\/\/ulpmat.com\/de\/wp-json\/wp\/v2\/product_tag?post=49539"}],"curies":[{"name":"wp","href":"https:\/\/api.w.org\/{rel}","templated":true}]}}