{"id":49469,"date":"2026-01-12T14:47:31","date_gmt":"2026-01-12T06:47:31","guid":{"rendered":"https:\/\/ulpmat.com\/product\/kalzium-oxid-2\/"},"modified":"2026-01-12T14:47:31","modified_gmt":"2026-01-12T06:47:31","slug":"kalzium-oxid-2","status":"publish","type":"product","link":"https:\/\/ulpmat.com\/de\/produkt\/kalzium-oxid-2\/","title":{"rendered":"Kalzium-Oxid"},"content":{"rendered":"<h2>\u00dcbersicht \u00fcber Calciumoxidpulver<\/h2>\n<p><span style=\"color: #0000ff;\"><a style=\"color: #0000ff;\" href=\"https:\/\/ulpmat.com\/de\/search\/?type=name&#038;keyword=Calcium+oxide\">Calciumoxidpulver<\/a><\/span><br \/>\nist ein wei\u00dfes oder grauwei\u00dfes, hochreaktives Feinpulver, das durch die sorgf\u00e4ltige Verarbeitung von Branntkalk gewonnen wird. Mit seiner immensen spezifischen Oberfl\u00e4che und schnellen Reaktivit\u00e4t dient es als grundlegender alkalischer Rohstoff und hocheffizientes Neutralisationsmittel in verschiedenen Industriezweigen, darunter Rauchgasreinigung, chemische Synthese, Bodenverbesserung und Baustoffherstellung.<\/p>\n<p>Wir bieten Calciumoxidpulver in verschiedenen Qualit\u00e4ten an, von der industriellen Standardqualit\u00e4t bis hin zu hochreaktiven Qualit\u00e4ten. Kundenspezifische Spezifikationen f\u00fcr die Maschenweite und Feuchtigkeitskontrolle sind verf\u00fcgbar. F\u00fcr detaillierte Produktparameter und ma\u00dfgeschneiderte L\u00f6sungen <span style=\"color: #0000ff;\"><a style=\"color: #0000ff;\" href=\"https:\/\/ulpmat.com\/de\/kontakt-us\/\">kontaktieren Sie uns<\/a><\/span><br \/>\nbitte<span style=\"color: #0000ff;\"><a style=\"color: #0000ff;\" href=\"https:\/\/ulpmat.com\/de\/kontakt-us\/\">.<\/a><\/span><\/p>\n<h2><span style=\"font-size: 14pt;\">Produkt-Highlights<\/span><\/h2>\n<p>Ultrahohe Reaktivit\u00e4t und Neutralisierungseffizienz<br \/>\nPr\u00e4zise kontrollierte Maschenweite und Partikelgr\u00f6\u00dfenverteilung<br \/>\nHoher effektiver Calciumgehalt mit geringem Verunreinigungsgrad<br \/>\nStrenge feuchtigkeitsgesch\u00fctzte Verpackung<\/p>\n<h2><span style=\"font-size: 14pt;\">Anwendungen von Calciumoxidpulver<\/span><\/h2>\n<p><strong>Industrielle Abgas- und Abwasserbehandlung:<\/strong><br \/>\nDient als effizientes Trockenentschwefelungsmittel und S\u00e4ureneutralisator f\u00fcr saures Abwasser, f\u00e4ngt schnell saure Schadstoffe wie Schwefeldioxid und Fluorwasserstoff ein und reagiert mit ihnen, um sie zu entfernen, und erf\u00fcllt damit strenge Umweltvorschriften.<br \/>\n<strong>Chemische Produktion und Synthese:<\/strong><br \/>\nEin unverzichtbarer wichtiger Rohstoff f\u00fcr die Herstellung von Kalziumkarbid, Bleichpulver, Kalziumverbindungen und zahlreichen anderen chemischen Produkten. Dient auch als Trocknungsmittel und Katalysatortr\u00e4ger in bestimmten Reaktionen.<br \/>\n<strong>Baustoffe und industrielle Hilfsstoffe:<\/strong><br \/>\nWird bei der Herstellung von Porenbeton, Kalkpulver und Kittpulver verwendet und verbessert die Verarbeitbarkeit und Endfestigkeit des Materials. Dient auch als Kl\u00e4rmittel oder Behandlungsmittel in der Zuckerraffination, Lederverarbeitung und anderen Industrien.<\/p>\n<h2><span style=\"font-size: 14pt; color: #0000ff;\"><a style=\"color: #0000ff;\" href=\"https:\/\/ulpmat.com\/de\/unternehmen\/faqs\/\">H\u00e4ufig gestellte Fragen<\/a><\/span><\/h2>\n<p>F1: Was sind die wichtigsten Vorsichtsma\u00dfnahmen f\u00fcr die Lagerung und Verwendung von Calciumoxidpulver?<br \/>\nA1: Das wichtigste Anliegen ist die strikte Vermeidung von Feuchtigkeit. Es muss in einer k\u00fchlen, trockenen, versiegelten Umgebung gelagert werden, isoliert von Wasser und sauren Substanzen. Aufgrund seiner exothermen, heftigen Reaktion mit Wasser muss bei der Handhabung vollst\u00e4ndige Schutzausr\u00fcstung getragen und die Sicherheitsvorschriften strikt befolgt werden.<\/p>\n<p>F2: Wie wirkt sich die Partikelgr\u00f6\u00dfe praktisch auf die Anwendungsleistung aus?<br \/>\nA2: Die Feinheit wirkt sich direkt auf die Reaktionsgeschwindigkeit und die Kontaktfl\u00e4che aus. H\u00f6here Maschenweiten ergeben eine gr\u00f6\u00dfere spezifische Oberfl\u00e4che, was in der Regel die Reaktionsgeschwindigkeit und Effizienz bei der Abgasbehandlung oder Neutralisationsreaktionen verbessert. Dies erfordert jedoch auch strengere Anforderungen an die feuchtigkeitsgesch\u00fctzte Verpackung.<\/p>\n<p>F3: Wie wird die Aktivit\u00e4t von Calciumoxidpulver getestet und bestimmt?<br \/>\nA3: Die Aktivit\u00e4t wird in der Regel durch Messung des Gehalts an \u201everf\u00fcgbarem Calciumoxid\u201d bewertet \u2013 dem Anteil, der mit S\u00e4uren reagieren kann. Das Standardverfahren umfasst eine pr\u00e4zise Bestimmung mittels Saccharose-Salzs\u00e4ure-Titration. Wir geben diese Daten in unseren Qualit\u00e4tspr\u00fcfberichten an.<\/p>\n<p>F4: Was sind die wichtigsten Anwendungsunterschiede zwischen Calciumoxidpulver und Calciumhydroxidpulver?<br \/>\nA4: Calciumoxid ist ein stark alkalisches Oxid, das mit Wasser unter starker W\u00e4rmeentwicklung zu Calciumhydroxid reagiert. Es weist eine h\u00f6here Reaktivit\u00e4t und Korrosivit\u00e4t auf und eignet sich daher f\u00fcr Anwendungen, die schnelle, kr\u00e4ftige Reaktionen erfordern. Calciumhydroxid hat eine relativ mildere Alkalit\u00e4t und eine etwas bessere L\u00f6slichkeit und wird h\u00e4ufig dort eingesetzt, wo eine anhaltende Alkalit\u00e4t erforderlich ist.<\/p>\n<h2><span style=\"font-size: 14pt;\">Berichte<\/span><\/h2>\n<p>Jede Charge wird geliefert mit:<br \/>\n<span style=\"color: #0000ff;\"><a style=\"color: #0000ff;\" href=\"https:\/\/ulpmat.com\/de\/dokumente\/zertifikat-der-analyse\/\"><u>Analysezertifikat (COA)<\/u><\/a><\/span><\/p>\n<p><span style=\"color: #0000ff;\"><a style=\"color: #0000ff;\" href=\"https:\/\/ulpmat.com\/de\/dokumente\/technisches-datenblatt\/\"><u>Technisches Datenblatt (TDS)<\/u><\/a><\/span><\/p>\n<p><span style=\"color: #0000ff;\"><a style=\"color: #0000ff;\" href=\"https:\/\/ulpmat.com\/de\/dokumente\/sicherheitsdatenblatt\/\"><u>Sicherheitsdatenblatt (MSDS)<\/u><\/a><\/span><br \/>\nPr\u00fcfberichte von Drittanbietern auf Anfrage erh\u00e4ltlich<\/p>\n<h2><span style=\"font-size: 14pt;\">Warum sollten Sie sich f\u00fcr uns entscheiden?<\/span><\/h2>\n<p>Wir sind auf die Tiefenverarbeitung und technologische Innovation von Calciumoxidprodukten spezialisiert und verf\u00fcgen \u00fcber spezielles Fachwissen in der Aufrechterhaltung der Pulverreaktivit\u00e4t und der Feuchtigkeitsschutzbehandlung. Wir liefern nicht nur Produkte, die den Standardspezifikationen entsprechen, sondern empfehlen auch die am besten geeignete Partikelgr\u00f6\u00dfe und Reaktivit\u00e4tsstufe auf der Grundlage der spezifischen Prozessanforderungen Ihrer Endanwendung.<\/p>\n","protected":false},"excerpt":{"rendered":"<p>\u00dcbersicht \u00fcber Calciumoxidpulver Calciumoxidpulver ist ein wei\u00dfes oder grauwei\u00dfes, hochreaktives Feinpulver, das durch die sorgf\u00e4ltige Verarbeitung von Branntkalk gewonnen wird. Mit seiner immensen spezifischen Oberfl\u00e4che und schnellen Reaktivit\u00e4t dient es als grundlegender alkalischer Rohstoff und hocheffizientes Neutralisationsmittel in verschiedenen Industriezweigen, darunter Rauchgasreinigung, chemische Synthese, Bodenverbesserung und Baustoffherstellung. Wir bieten Calciumoxidpulver in verschiedenen Qualit\u00e4ten an, von [&hellip;]<\/p>\n","protected":false},"featured_media":49470,"template":"","meta":{"_acf_changed":false},"product_brand":[132],"product_cat":[336],"product_tag":[7304],"class_list":{"0":"post-49469","1":"product","2":"type-product","3":"status-publish","4":"has-post-thumbnail","6":"product_brand-ulpmat","7":"product_cat-oxide","8":"product_tag-calciumoxid-pulver","10":"first","11":"instock","12":"shipping-taxable","13":"product-type-variable"},"acf":[],"_links":{"self":[{"href":"https:\/\/ulpmat.com\/de\/wp-json\/wp\/v2\/product\/49469","targetHints":{"allow":["GET"]}}],"collection":[{"href":"https:\/\/ulpmat.com\/de\/wp-json\/wp\/v2\/product"}],"about":[{"href":"https:\/\/ulpmat.com\/de\/wp-json\/wp\/v2\/types\/product"}],"wp:featuredmedia":[{"embeddable":true,"href":"https:\/\/ulpmat.com\/de\/wp-json\/wp\/v2\/media\/49470"}],"wp:attachment":[{"href":"https:\/\/ulpmat.com\/de\/wp-json\/wp\/v2\/media?parent=49469"}],"wp:term":[{"taxonomy":"product_brand","embeddable":true,"href":"https:\/\/ulpmat.com\/de\/wp-json\/wp\/v2\/product_brand?post=49469"},{"taxonomy":"product_cat","embeddable":true,"href":"https:\/\/ulpmat.com\/de\/wp-json\/wp\/v2\/product_cat?post=49469"},{"taxonomy":"product_tag","embeddable":true,"href":"https:\/\/ulpmat.com\/de\/wp-json\/wp\/v2\/product_tag?post=49469"}],"curies":[{"name":"wp","href":"https:\/\/api.w.org\/{rel}","templated":true}]}}