{"id":49407,"date":"2026-01-12T14:47:32","date_gmt":"2026-01-12T06:47:32","guid":{"rendered":"https:\/\/ulpmat.com\/product\/kalzium-selenid-2\/"},"modified":"2026-01-12T14:47:32","modified_gmt":"2026-01-12T06:47:32","slug":"kalzium-selenid-2","status":"publish","type":"product","link":"https:\/\/ulpmat.com\/de\/produkt\/kalzium-selenid-2\/","title":{"rendered":"Kalzium Selenid"},"content":{"rendered":"<h2><span style=\"font-size: 14pt;\">\u00dcbersicht \u00fcber Calciumselenid-Granulat<\/span><\/h2>\n<p><span style=\"color: #0000ff;\"><a style=\"color: #0000ff;\" href=\"https:\/\/ulpmat.com\/de\/search\/?type=name&#038;keyword=Calcium+selenide\">Calciumselenid<\/a><\/span><br \/>\n-Granulat ist eine Verbindung aus Calcium und Selen. Es liegt in einer stabilen Granulatform vor und vereint die Stabilit\u00e4t von Calcium mit der biologischen Aktivit\u00e4t von Selen. Es wird vor allem in der Herstellung fortschrittlicher Materialien und in der biomedizinischen Forschung verwendet.<\/p>\n<p>Wir sind auf die kundenspezifische Lieferung von hochwertigen Calciumselenid-Granulaten mit unterschiedlichen Reinheitsgraden und Partikelgr\u00f6\u00dfen spezialisiert, um Ihren Forschungs- oder Produktionsanforderungen gerecht zu werden. <span style=\"color: #0000ff;\"><a style=\"color: #0000ff;\" href=\"https:\/\/ulpmat.com\/de\/kontakt-us\/\">Kontaktieren Sie uns<\/a><\/span><br \/>\nf\u00fcr ma\u00dfgeschneiderte L\u00f6sungen.<\/p>\n<h2><span style=\"font-size: 14pt;\">Produkt-Highlights<\/span><\/h2>\n<p>Hochreines Material<br \/>\nEinzigartige Halbleiter- und optische Eigenschaften<br \/>\nBreites Anwendungspotenzial<br \/>\nMa\u00dfgeschneiderter Service<\/p>\n<h2><span style=\"font-size: 14pt;\">Anwendungen von Calciumselenid-Granulaten<\/span><\/h2>\n<p><strong><span style=\"color: #0000ff;\"><a style=\"color: #0000ff;\" href=\"https:\/\/ulpmat.com\/de\/anwendung\/halbleiter-materialien\/\">Halbleiter<\/a> <\/span>und <span style=\"color: #0000ff;\"><a style=\"color: #0000ff;\" href=\"https:\/\/ulpmat.com\/de\/anwendung\/materialien-fuer-die-optik\/\">Optoelektronik<\/a><\/span>:<\/strong><br \/>\nCalciumselenid dient als Funktionsschicht in D\u00fcnnschichttransistoren und optoelektronischen Bauelementen und verbessert die Leistung durch effiziente Ladungstransport- und Photolumineszenzeigenschaften.<br \/>\n<strong>Photovoltaische <span style=\"color: #0000ff;\"><a style=\"color: #0000ff;\" href=\"https:\/\/ulpmat.com\/de\/anwendung\/photovoltaische-solaranlagen\/\">Solar<\/a><\/span>zellen:<\/strong><br \/>\nAls Absorbermaterial weist Calciumselenid hohe Lichtabsorptionskoeffizienten auf und verbessert so die photovoltaische Umwandlungseffizienz erheblich.<br \/>\n<strong>Energiespeicher der n\u00e4chsten Generation:<\/strong><br \/>\nCalciumselenid ist ein vielversprechender Kandidat f\u00fcr Elektrodenmaterialien in Calcium-Ionen-Batterien. Dank der reichlich vorhandenen Calciumressourcen und der Kostenvorteile stellen diese Batterien eine praktikable Alternative zu Lithium-Ionen-Batterien dar.<br \/>\n<strong>Biomedizinische Forschung:<\/strong><br \/>\nStudien zeigen, dass mit Selen dotierte Materialien auf Calciumbasis (z. B. Calciumphosphat) eine verbesserte antimikrobielle Aktivit\u00e4t aufweisen. Calciumselenid kann als Selenquelle f\u00fcr die Entwicklung von Implantatbeschichtungen oder antimikrobiellen Bio-Ger\u00fcsten dienen.<\/p>\n<h2><span style=\"color: #0000ff;\"><a style=\"color: #0000ff;\" href=\"https:\/\/ulpmat.com\/de\/unternehmen\/faqs\/\"><span style=\"font-size: 14pt;\">H\u00e4ufig gestellte Fragen<\/span><\/a><\/span><\/h2>\n<p>F1: Wie sollte Calciumselenid-Granulat gelagert werden?<br \/>\nA1: Dieses Produkt muss in einem dicht verschlossenen Beh\u00e4lter, vor Licht gesch\u00fctzt, in einer trockenen, k\u00fchlen und gut bel\u00fcfteten Umgebung gelagert werden, um seine Stabilit\u00e4t und Aktivit\u00e4t zu erhalten. Treffen Sie w\u00e4hrend der Verwendung Vorsichtsma\u00dfnahmen gegen Feuchtigkeit.<\/p>\n<p>F2: Kann ich vor dem Kauf Muster anfordern?<br \/>\nA2: Ja. In der Regel stellen wir kleine kostenlose Muster zum Testen und Bewerten zur Verf\u00fcgung. Die Kunden tragen lediglich die Versandkosten.<\/p>\n<p>F3: Wie werden die Reinheit und Qualit\u00e4t des Produkts garantiert?<br \/>\nA3: Jede von uns gelieferte Charge entspricht den nationalen Standards, und jeder Lieferung liegt ein Qualit\u00e4tspr\u00fcfungsbericht bei. Kunden k\u00f6nnen die Einhaltung der relevanten Standards nach Erhalt \u00fcberpr\u00fcfen.<\/p>\n<p>F4: Was soll ich tun, wenn ich Fragen zur Menge oder Qualit\u00e4t des erhaltenen Produkts habe?<br \/>\nA4: Wenn Sie Bedenken hinsichtlich der Produktmenge oder -qualit\u00e4t haben, geben Sie bitte umgehend nach Erhalt der Ware Feedback. Wir werden aktiv mit Ihnen zusammenarbeiten, um das Problem zu l\u00f6sen.<\/p>\n<h2><span style=\"font-size: 14pt;\">Bericht<\/span><\/h2>\n<p>Jede Charge wird geliefert mit:<br \/>\n<span style=\"color: #0000ff;\"><a style=\"color: #0000ff;\" href=\"https:\/\/ulpmat.com\/de\/dokumente\/zertifikat-der-analyse\/\"><u>Analysezertifikat (COA)<\/u><\/a><\/span><\/p>\n<p><span style=\"color: #0000ff;\"><a style=\"color: #0000ff;\" href=\"https:\/\/ulpmat.com\/de\/dokumente\/technisches-datenblatt\/\"><u>Technisches Datenblatt (TDS)<\/u><\/a><\/span><\/p>\n<p><span style=\"color: #0000ff;\"><a style=\"color: #0000ff;\" href=\"https:\/\/ulpmat.com\/de\/dokumente\/sicherheitsdatenblatt\/\"><u>Sicherheitsdatenblatt (MSDS)<\/u><\/a><\/span><br \/>\nGr\u00f6\u00dfenpr\u00fcfbericht<br \/>\nPr\u00fcfberichte von Dritten sind auf Anfrage erh\u00e4ltlich.<\/p>\n<h2><span style=\"font-size: 14pt;\">Warum sollten Sie sich f\u00fcr uns entscheiden?<\/span><\/h2>\n<p>Wenn Sie sich f\u00fcr uns entscheiden, gewinnen Sie einen zuverl\u00e4ssigen und professionellen Partner. Wir liefern nicht nur hochreine Standardprodukte, sondern legen auch Wert darauf, die spezifischen Anforderungen Ihres Projekts zu verstehen, und bieten umfassende Dienstleistungen von der technischen Beratung und Anpassung der Spezifikationen bis hin zum Kundendienst. Wir sind bestrebt, die Effizienz und reibungslose Abwicklung Ihrer Forschungs- oder Produktionsprozesse mit hochwertigen Produkten und aufmerksamem Service zu verbessern und gemeinsam technologische Innovationen voranzutreiben.<\/p>\n","protected":false},"excerpt":{"rendered":"<p>\u00dcbersicht \u00fcber Calciumselenid-Granulat Calciumselenid -Granulat ist eine Verbindung aus Calcium und Selen. Es liegt in einer stabilen Granulatform vor und vereint die Stabilit\u00e4t von Calcium mit der biologischen Aktivit\u00e4t von Selen. Es wird vor allem in der Herstellung fortschrittlicher Materialien und in der biomedizinischen Forschung verwendet. Wir sind auf die kundenspezifische Lieferung von hochwertigen Calciumselenid-Granulaten [&hellip;]<\/p>\n","protected":false},"featured_media":49408,"template":"","meta":{"_acf_changed":false},"product_brand":[132],"product_cat":[299],"product_tag":[7292],"class_list":{"0":"post-49407","1":"product","2":"type-product","3":"status-publish","4":"has-post-thumbnail","6":"product_brand-ulpmat","7":"product_cat-verdampfen-von-materialien","8":"product_tag-calciumselenid-granulat","10":"first","11":"instock","12":"shipping-taxable","13":"product-type-variable"},"acf":[],"_links":{"self":[{"href":"https:\/\/ulpmat.com\/de\/wp-json\/wp\/v2\/product\/49407","targetHints":{"allow":["GET"]}}],"collection":[{"href":"https:\/\/ulpmat.com\/de\/wp-json\/wp\/v2\/product"}],"about":[{"href":"https:\/\/ulpmat.com\/de\/wp-json\/wp\/v2\/types\/product"}],"wp:featuredmedia":[{"embeddable":true,"href":"https:\/\/ulpmat.com\/de\/wp-json\/wp\/v2\/media\/49408"}],"wp:attachment":[{"href":"https:\/\/ulpmat.com\/de\/wp-json\/wp\/v2\/media?parent=49407"}],"wp:term":[{"taxonomy":"product_brand","embeddable":true,"href":"https:\/\/ulpmat.com\/de\/wp-json\/wp\/v2\/product_brand?post=49407"},{"taxonomy":"product_cat","embeddable":true,"href":"https:\/\/ulpmat.com\/de\/wp-json\/wp\/v2\/product_cat?post=49407"},{"taxonomy":"product_tag","embeddable":true,"href":"https:\/\/ulpmat.com\/de\/wp-json\/wp\/v2\/product_tag?post=49407"}],"curies":[{"name":"wp","href":"https:\/\/api.w.org\/{rel}","templated":true}]}}