{"id":49222,"date":"2026-01-13T09:49:48","date_gmt":"2026-01-13T01:49:48","guid":{"rendered":"https:\/\/ulpmat.com\/product\/kalium-molybdat-kalium-molybdaen-oxid\/"},"modified":"2026-01-13T09:49:48","modified_gmt":"2026-01-13T01:49:48","slug":"kalium-molybdat-kalium-molybdaen-oxid","status":"publish","type":"product","link":"https:\/\/ulpmat.com\/de\/produkt\/kalium-molybdat-kalium-molybdaen-oxid\/","title":{"rendered":"Kalium-Molybdat (Kalium-Molybd\u00e4n-Oxid)"},"content":{"rendered":"<h2><span style=\"font-size: 14pt;\">\u00dcbersicht \u00fcber Kaliummolybdatpulver<\/span><\/h2>\n<p><span style=\"color: #0000ff;\"><a style=\"color: #0000ff;\" href=\"https:\/\/ulpmat.com\/de\/search\/?type=name&#038;keyword=Potassium+molybdate\">Kaliummolybdatpulver<\/a><\/span><br \/>\nist ein l\u00f6slicher Molybd\u00e4nverbundstoff mit stabilen chemischen Eigenschaften und guter Reaktionssteuerbarkeit in verschiedenen chemischen Systemen. Dieses Produkt wird haupts\u00e4chlich bei der Herstellung von Funktionsmaterialien, chemischen Reaktionssystemen und Vorl\u00e4uferprozessen f\u00fcr molybd\u00e4nbezogene Materialien verwendet.<\/p>\n<p>Wir k\u00f6nnen K2MoO4-Pulver in stabiler Qualit\u00e4t liefern und die Lieferung in verschiedenen Spezifikationen unterst\u00fctzen. Bitte<span style=\"color: #0000ff;\"><a style=\"color: #0000ff;\" href=\"https:\/\/ulpmat.com\/de\/kontakt-us\/\"> kontaktieren Sie uns<\/a><\/span><br \/>\nf\u00fcr detaillierte Parameter und <span style=\"color: #0000ff;\"><a style=\"color: #0000ff;\" href=\"https:\/\/ulpmat.com\/de\/service\/technische-unterstuetzung\/\">technische Unterst\u00fctzung.<\/a><\/span><\/p>\n<h2><span style=\"font-size: 14pt;\">Produkt-Highlights<\/span><\/h2>\n<p>Stabiler Molybd\u00e4ngehalt<br \/>\nGute L\u00f6slichkeit<br \/>\nStrenge Kontrolle der Verunreinigungen<br \/>\nHohe Wiederholbarkeit der Chargen<br \/>\nGeeignet als Reaktionsvorl\u00e4ufer<br \/>\nKompatibel mit mehreren Prozesssystemen<\/p>\n<h2><span style=\"font-size: 14pt;\">Anwendungen von Kaliummolybdat-Pulver<\/span><\/h2>\n<p>Funktionsmaterialien und anorganische Synthese: Wird h\u00e4ufig bei der Herstellung von molybd\u00e4nhaltigen Funktionsmaterialien verwendet und hilft, Molybd\u00e4n w\u00e4hrend des Reaktionsprozesses gleichm\u00e4\u00dfig einzuf\u00fchren.<br \/>\nKatalyse und chemische Reaktionssysteme: In einigen katalytischen oder chemischen Syntheseverfahren nimmt K2MoO4 als Molybd\u00e4nquelle an der Reaktion teil, wodurch die Reaktionsstabilit\u00e4t des Systems verbessert werden kann.<br \/>\nElektronik und verwandte Materialforschung: Dieses Produkt eignet sich f\u00fcr die Bereiche Elektronikmaterialien und experimentelle Forschung und wird f\u00fcr die fr\u00fche Formulierungsentwicklung von Verbindungen auf Molybd\u00e4nbasis oder D\u00fcnnschichtmaterialien verwendet.<br \/>\nForschung und Laboranwendungen: Aufgrund seiner hervorragenden Kontrollierbarkeit wird K2MoO4-Pulver h\u00e4ufig in der Materialforschung und experimentellen Verifizierung an Universit\u00e4ten und Forschungseinrichtungen verwendet.<\/p>\n<h2><span style=\"font-size: 14pt; color: #0000ff;\"><a style=\"color: #0000ff;\" href=\"https:\/\/ulpmat.com\/de\/unternehmen\/faqs\/\">H\u00e4ufig gestellte Fragen<\/a><\/span><\/h2>\n<p>F1: Ist Kaliummolybdatpulver leicht wasserl\u00f6slich?<br \/>\nA1: Es hat eine gute Wasserl\u00f6slichkeit und eignet sich f\u00fcr Reaktionssysteme, die eine gleichm\u00e4\u00dfige Verteilung der Molybd\u00e4nquelle erfordern.<\/p>\n<p>F2: Ist dieses Produkt als Molybd\u00e4nvorl\u00e4ufer geeignet?<br \/>\nA2: Ja, K2MoO4 wird h\u00e4ufig als Vorl\u00e4ufer bei der Synthese von molybd\u00e4nhaltigen Materialien verwendet.<\/p>\n<p>F3: Welche Vorsichtsma\u00dfnahmen sind bei der Lagerung des Produkts zu beachten?<br \/>\nA3: Es wird empfohlen, es in einem verschlossenen Beh\u00e4lter zu lagern und Feuchtigkeit und l\u00e4ngere Einwirkung von Luft zu vermeiden.<\/p>\n<p>F4: K\u00f6nnen je nach Anforderungen unterschiedliche Spezifikationen bereitgestellt werden?<br \/>\nA4: Je nach Verwendungszweck k\u00f6nnen unterschiedliche Reinheitsgrade und Verpackungsl\u00f6sungen bereitgestellt werden.<\/p>\n<h2><span style=\"font-size: 14pt;\">Bericht<\/span><\/h2>\n<p>Jede Charge wird mit folgenden Unterlagen geliefert:<br \/>\n<span style=\"color: #0000ff;\"><a style=\"color: #0000ff;\" href=\"https:\/\/ulpmat.com\/de\/dokumente\/zertifikat-der-analyse\/\"><u>Analysezertifikat (COA)<\/u><\/a><\/span><\/p>\n<p><span style=\"color: #0000ff;\"><a style=\"color: #0000ff;\" href=\"https:\/\/ulpmat.com\/de\/dokumente\/technisches-datenblatt\/\"><u>Technisches Datenblatt (TDS)<\/u><\/a><\/span><\/p>\n<p><span style=\"color: #0000ff;\"><a style=\"color: #0000ff;\" href=\"https:\/\/ulpmat.com\/de\/dokumente\/sicherheitsdatenblatt\/\"><u>Sicherheitsdatenblatt (MSDS)<\/u><\/a><\/span><br \/>\nTestberichte von Drittanbietern sind auf Anfrage erh\u00e4ltlich<\/p>\n<h2><span style=\"font-size: 14pt;\">Warum sollten Sie sich f\u00fcr uns entscheiden?<\/span><\/h2>\n<p>Wir konzentrieren uns auf eine stabile Versorgung mit Rohstoffen f\u00fcr anorganische Funktionsmaterialien und legen dabei besonderen Wert auf Produktqualit\u00e4tskontrolle und technische Anpassungsf\u00e4higkeit. Wir k\u00f6nnen unseren Kunden zuverl\u00e4ssige und nachhaltige Materialunterst\u00fctzung in ihren Forschungs-, Entwicklungs- und Produktionsprozessen bieten.<\/p>\n","protected":false},"excerpt":{"rendered":"<p>\u00dcbersicht \u00fcber Kaliummolybdatpulver Kaliummolybdatpulver ist ein l\u00f6slicher Molybd\u00e4nverbundstoff mit stabilen chemischen Eigenschaften und guter Reaktionssteuerbarkeit in verschiedenen chemischen Systemen. Dieses Produkt wird haupts\u00e4chlich bei der Herstellung von Funktionsmaterialien, chemischen Reaktionssystemen und Vorl\u00e4uferprozessen f\u00fcr molybd\u00e4nbezogene Materialien verwendet. Wir k\u00f6nnen K2MoO4-Pulver in stabiler Qualit\u00e4t liefern und die Lieferung in verschiedenen Spezifikationen unterst\u00fctzen. Bitte kontaktieren Sie uns f\u00fcr [&hellip;]<\/p>\n","protected":false},"featured_media":49223,"template":"","meta":{"_acf_changed":false},"product_brand":[132],"product_cat":[1185],"product_tag":[7244],"class_list":{"0":"post-49222","1":"product","2":"type-product","3":"status-publish","4":"has-post-thumbnail","6":"product_brand-ulpmat","7":"product_cat-andere-saeuren","8":"product_tag-kaliummolybdat-kaliummolybdanoxid-pulver","10":"first","11":"instock","12":"shipping-taxable","13":"product-type-variable"},"acf":[],"_links":{"self":[{"href":"https:\/\/ulpmat.com\/de\/wp-json\/wp\/v2\/product\/49222","targetHints":{"allow":["GET"]}}],"collection":[{"href":"https:\/\/ulpmat.com\/de\/wp-json\/wp\/v2\/product"}],"about":[{"href":"https:\/\/ulpmat.com\/de\/wp-json\/wp\/v2\/types\/product"}],"wp:featuredmedia":[{"embeddable":true,"href":"https:\/\/ulpmat.com\/de\/wp-json\/wp\/v2\/media\/49223"}],"wp:attachment":[{"href":"https:\/\/ulpmat.com\/de\/wp-json\/wp\/v2\/media?parent=49222"}],"wp:term":[{"taxonomy":"product_brand","embeddable":true,"href":"https:\/\/ulpmat.com\/de\/wp-json\/wp\/v2\/product_brand?post=49222"},{"taxonomy":"product_cat","embeddable":true,"href":"https:\/\/ulpmat.com\/de\/wp-json\/wp\/v2\/product_cat?post=49222"},{"taxonomy":"product_tag","embeddable":true,"href":"https:\/\/ulpmat.com\/de\/wp-json\/wp\/v2\/product_tag?post=49222"}],"curies":[{"name":"wp","href":"https:\/\/api.w.org\/{rel}","templated":true}]}}