{"id":49091,"date":"2026-01-13T09:49:51","date_gmt":"2026-01-13T01:49:51","guid":{"rendered":"https:\/\/ulpmat.com\/product\/kaliumhexafluorophosphatv\/"},"modified":"2026-01-13T09:49:51","modified_gmt":"2026-01-13T01:49:51","slug":"kaliumhexafluorophosphatv","status":"publish","type":"product","link":"https:\/\/ulpmat.com\/de\/produkt\/kaliumhexafluorophosphatv\/","title":{"rendered":"Kaliumhexafluorophosphat(V)"},"content":{"rendered":"<h2><span style=\"font-size: 14pt;\">\u00dcbersicht \u00fcber Kaliumhexafluorophosphat-Pulver<\/span><\/h2>\n<p><span style=\"color: #0000ff;\"><a style=\"color: #0000ff;\" href=\"https:\/\/ulpmat.com\/de\/search\/?type=name&#038;keyword=Potassium+hexafluorophosphate\">Kaliumhexafluorophosphat<\/a><\/span><br \/>\n-Pulver ist eine g\u00e4ngige anorganische Fluorophosphatverbindung mit guter chemischer Stabilit\u00e4t und ionischen Eigenschaften. Dieses Produkt wird h\u00e4ufig in der Elektrochemie, bei Batteriematerialien und in der damit verbundenen wissenschaftlichen Forschung eingesetzt.<\/p>\n<p>Wir k\u00f6nnen hochreines KPF9-Pulver entsprechend den unterschiedlichen Anwendungsanforderungen stabil liefern und unterst\u00fctzen kundenspezifische Spezifikationen. Bitte <span style=\"color: #0000ff;\"><a style=\"color: #0000ff;\" href=\"https:\/\/ulpmat.com\/de\/kontakt-us\/\">kontaktieren Sie uns<\/a><\/span><br \/>\nf\u00fcr detaillierte technische Informationen.<\/p>\n<h2><span style=\"font-size: 14pt;\">Produkt-Highlights<\/span><\/h2>\n<p>Kontrollierbare Reinheit, Chargenstabilit\u00e4t<br \/>\nGute Ionenmigrationsleistung<br \/>\nGeeignet f\u00fcr verschiedene elektrochemische Systeme<br \/>\nGleichm\u00e4\u00dfige Pulverpartikelgr\u00f6\u00dfenverteilung<br \/>\nGeringer Gehalt an Verunreinigungen<br \/>\nGeeignet f\u00fcr wissenschaftliche Forschung und industrielle Anwendungen<\/p>\n<h2><span style=\"font-size: 14pt;\">Anwendungen von Kaliumhexafluorophosphat-Pulver<\/span><\/h2>\n<p>Elektrolytsystemforschung: Es wird h\u00e4ufig in der Elektrolytforschung verwendet und kann als Vergleichs- oder Funktionsadditiv zur Bewertung des elektrochemischen Verhaltens verschiedener Ionensysteme eingesetzt werden.<br \/>\nEntwicklung von Batteriematerialien: In neuartigen Batterien oder experimentellen Energiespeichersystemen kann es verwendet werden, um die Auswirkungen verschiedener Salzsysteme auf die Batterieleistung zu untersuchen.<br \/>\nElektrochemische Experimente und Analysen: Dieses Material eignet sich f\u00fcr elektrochemische Tests auf Laborebene, wie z. B. Grundlagenforschung zu Ionenleitf\u00e4higkeit und Grenzfl\u00e4chenreaktionen.<br \/>\nForschung zur Synthese anorganischer Materialien: Kaliumhexafluorophosphat (V)-Pulver kann als fluor- und phosphorhaltiger Vorl\u00e4ufer in der Forschung zur Syntheseweg von einigen anorganischen oder funktionellen Materialien verwendet werden.<\/p>\n<h2><span style=\"font-size: 14pt; color: #0000ff;\"><a style=\"color: #0000ff;\" href=\"https:\/\/ulpmat.com\/de\/unternehmen\/faqs\/\">H\u00e4ufig gestellte Fragen<\/a><\/span><\/h2>\n<p>F1: Ist Kaliumhexafluorophosphat (V)-Pulver hygroskopisch?<br \/>\nA1: Es ist etwas hygroskopisch. Es wird empfohlen, es unter trockenen, versiegelten Bedingungen zu lagern und zu verwenden.<\/p>\n<p>F2: Kann Kaliumhexafluorophosphat (V)-Pulver in Lithiumbatterien verwendet werden?<br \/>\nA2: Es wird h\u00e4ufiger f\u00fcr wissenschaftliche Forschung und Vergleichsstudien verwendet. Praktische Anwendungen erfordern eine Bewertung auf der Grundlage der Systemkompatibilit\u00e4t.<\/p>\n<p>F3: Hat die Reinheit von KPF6 einen wesentlichen Einfluss auf die Versuchsergebnisse?<br \/>\nA3: Die Reinheit wirkt sich direkt auf das Ionenverhalten und die Wiederholbarkeit der Versuche aus. Produkte mit h\u00f6herer Reinheit sind f\u00fcr stabile Testergebnisse f\u00f6rderlicher.<\/p>\n<p>F4: K\u00f6nnen Sie Verpackungen in kleinen Mengen oder in Forschungsqualit\u00e4t anbieten?<br \/>\nA4: Ja, wir unterst\u00fctzen verschiedene Verpackungsspezifikationen, um den Anforderungen der wissenschaftlichen Forschung und der Versuchsphase gerecht zu werden.<\/p>\n<h2><span style=\"font-size: 14pt;\">Bericht<\/span><\/h2>\n<p>Jede Charge wird geliefert mit:<br \/>\n<span style=\"color: #0000ff;\"><a style=\"color: #0000ff;\" href=\"https:\/\/ulpmat.com\/de\/dokumente\/zertifikat-der-analyse\/\"><u>Analysezertifikat (COA)<\/u><\/a><\/span><\/p>\n<p><span style=\"color: #0000ff;\"><a style=\"color: #0000ff;\" href=\"https:\/\/ulpmat.com\/de\/dokumente\/technisches-datenblatt\/\"><u>Technisches Datenblatt (TDS)<\/u><\/a><\/span><\/p>\n<p><span style=\"color: #0000ff;\"><a style=\"color: #0000ff;\" href=\"https:\/\/ulpmat.com\/de\/dokumente\/sicherheitsdatenblatt\/\"><u>Sicherheitsdatenblatt (MSDS)<\/u><\/a><\/span><br \/>\nTestberichte von Drittanbietern auf Anfrage erh\u00e4ltlich<\/p>\n<h2><span style=\"font-size: 14pt;\">Warum sollten Sie sich f\u00fcr uns entscheiden?<\/span><\/h2>\n<p>Wir sind auf die stabile Lieferung und Qualit\u00e4tskontrolle von anorganischen chemischen Materialien spezialisiert, sind mit den Anforderungen von Forschungs- und Industrieanwendern hinsichtlich Materialkonsistenz und R\u00fcckverfolgbarkeit vertraut und k\u00f6nnen eine langfristige, zuverl\u00e4ssige Zusammenarbeit in den Bereichen Kommunikation, Lieferung und technischer Support bieten.<\/p>\n","protected":false},"excerpt":{"rendered":"<p>\u00dcbersicht \u00fcber Kaliumhexafluorophosphat-Pulver Kaliumhexafluorophosphat -Pulver ist eine g\u00e4ngige anorganische Fluorophosphatverbindung mit guter chemischer Stabilit\u00e4t und ionischen Eigenschaften. Dieses Produkt wird h\u00e4ufig in der Elektrochemie, bei Batteriematerialien und in der damit verbundenen wissenschaftlichen Forschung eingesetzt. Wir k\u00f6nnen hochreines KPF9-Pulver entsprechend den unterschiedlichen Anwendungsanforderungen stabil liefern und unterst\u00fctzen kundenspezifische Spezifikationen. Bitte kontaktieren Sie uns f\u00fcr detaillierte technische [&hellip;]<\/p>\n","protected":false},"featured_media":49092,"template":"","meta":{"_acf_changed":false},"product_brand":[132],"product_cat":[318],"product_tag":[7203],"class_list":{"0":"post-49091","1":"product","2":"type-product","3":"status-publish","4":"has-post-thumbnail","6":"product_brand-ulpmat","7":"product_cat-halogenid-materialien","8":"product_tag-kaliumhexafluorophosphatv-pulver","10":"first","11":"instock","12":"shipping-taxable","13":"product-type-variable"},"acf":[],"_links":{"self":[{"href":"https:\/\/ulpmat.com\/de\/wp-json\/wp\/v2\/product\/49091","targetHints":{"allow":["GET"]}}],"collection":[{"href":"https:\/\/ulpmat.com\/de\/wp-json\/wp\/v2\/product"}],"about":[{"href":"https:\/\/ulpmat.com\/de\/wp-json\/wp\/v2\/types\/product"}],"wp:featuredmedia":[{"embeddable":true,"href":"https:\/\/ulpmat.com\/de\/wp-json\/wp\/v2\/media\/49092"}],"wp:attachment":[{"href":"https:\/\/ulpmat.com\/de\/wp-json\/wp\/v2\/media?parent=49091"}],"wp:term":[{"taxonomy":"product_brand","embeddable":true,"href":"https:\/\/ulpmat.com\/de\/wp-json\/wp\/v2\/product_brand?post=49091"},{"taxonomy":"product_cat","embeddable":true,"href":"https:\/\/ulpmat.com\/de\/wp-json\/wp\/v2\/product_cat?post=49091"},{"taxonomy":"product_tag","embeddable":true,"href":"https:\/\/ulpmat.com\/de\/wp-json\/wp\/v2\/product_tag?post=49091"}],"curies":[{"name":"wp","href":"https:\/\/api.w.org\/{rel}","templated":true}]}}