{"id":48984,"date":"2026-01-13T10:39:27","date_gmt":"2026-01-13T02:39:27","guid":{"rendered":"https:\/\/ulpmat.com\/product\/bor-oxid-2\/"},"modified":"2026-01-13T10:39:27","modified_gmt":"2026-01-13T02:39:27","slug":"bor-oxid-2","status":"publish","type":"product","link":"https:\/\/ulpmat.com\/de\/produkt\/bor-oxid-2\/","title":{"rendered":"Bor-Oxid"},"content":{"rendered":"<h2><span style=\"font-size: 14pt;\">\u00dcbersicht \u00fcber Boroxidpulver<\/span><\/h2>\n<p><span style=\"color: #0000ff;\"><a style=\"color: #0000ff;\" href=\"https:\/\/ulpmat.com\/de\/search\/?type=name&#038;keyword=Boron+oxide\">Boroxidpulver<\/a><\/span><br \/>\nist ein wichtiges anorganisches Boroxidmaterial mit ausgezeichneter Glasbildungsf\u00e4higkeit und chemischer Stabilit\u00e4t. Dieses Produkt wird h\u00e4ufig in der Glas-, Keramik- und Elektronikindustrie sowie in der anorganischen Chemieforschung eingesetzt.<\/p>\n<p>Wir k\u00f6nnen Boroxidpulver in verschiedenen Reinheitsgraden und Verpackungsspezifikationen liefern, um den Anforderungen von Experimenten und Produktionsprozessen gerecht zu werden. F\u00fcr weitere Informationen <span style=\"color: #0000ff;\"><a style=\"color: #0000ff;\" href=\"https:\/\/ulpmat.com\/de\/kontakt-us\/\">wenden Sie<\/a><\/span><br \/>\n<span style=\"color: #0000ff;\"><a style=\"color: #0000ff;\" href=\"https:\/\/ulpmat.com\/de\/kontakt-us\/\">sich<\/a><\/span><br \/>\nbitte <span style=\"color: #0000ff;\"><a style=\"color: #0000ff;\" href=\"https:\/\/ulpmat.com\/de\/kontakt-us\/\">an uns<\/a><\/span><br \/>\n.<\/p>\n<h2><span style=\"font-size: 14pt;\">Produkt-Highlights<\/span><\/h2>\n<p>Stabiler Borgehalt<br \/>\nGute Reaktivit\u00e4t<br \/>\nLeicht in geschmolzene Systeme einzubringen<br \/>\nGeeignet f\u00fcr Hochtemperaturprozesse<br \/>\nStrenge Kontrolle der Verunreinigungen<br \/>\nStabile Chargenlieferung<\/p>\n<h2><span style=\"font-size: 14pt;\">Anwendungen von Boroxidpulver<\/span><\/h2>\n<p>Glas- und Glasurformulierungen: Wird h\u00e4ufig in Glas- und Glasursystemen verwendet, um die Schmelztemperatur zu senken und die Materialtransparenz und chemische Stabilit\u00e4t zu verbessern.<br \/>\nFunktionale Keramikmaterialien: Bei der Herstellung von Keramikmaterialien kann es als Flussmittel oder Strukturmodifikator verwendet werden, um die Sinterleistung und Dichte zu verbessern.<br \/>\nElektronik und Verpackungsmaterialien: Dieses Material kann in elektronischen Verpackungen und verwandten anorganischen Materialien verwendet werden, um die thermischen und dielektrischen Eigenschaften zu optimieren.<br \/>\nAnorganische Chemie und Materialforschung: Geeignet f\u00fcr grundlegende chemische Reaktionsforschung und die Erforschung der Synthese neuartiger Materialien auf Borbasis.<\/p>\n<h2><span style=\"color: #0000ff;\"><a style=\"color: #0000ff;\" href=\"https:\/\/ulpmat.com\/de\/unternehmen\/faqs\/\"><span style=\"font-size: 14pt;\">H\u00e4ufig gestellte Fragen<\/span><\/a><\/span><\/h2>\n<p>F1: Ist Boroxidpulver hygroskopisch?<br \/>\nA1: Es weist eine gewisse Hygroskopizit\u00e4t auf. Es wird empfohlen, es in einem verschlossenen Beh\u00e4lter aufzubewahren und in einer trockenen Umgebung zu verwenden.<\/p>\n<p>F2: Ist Boroxid bei hohen Temperaturen stabil?<br \/>\nA2: Unter \u00fcblichen Hochtemperatur-Verarbeitungsbedingungen weist dieses Material eine gute thermische Stabilit\u00e4t auf.<\/p>\n<p>F3: In welchen Branchen wird Boroxid haupts\u00e4chlich verwendet?<br \/>\nA3: Haupts\u00e4chlich in Glas, Keramik, elektronischen Materialien und in der wissenschaftlichen Forschung.<\/p>\n<p>F4: Unterst\u00fctzen Sie den Kauf kleiner Chargen?<br \/>\nA4: Ja, wir unterst\u00fctzen dies und k\u00f6nnen verschiedene Verpackungsspezifikationen entsprechend den Kundenanforderungen anbieten.<\/p>\n<h2><span style=\"font-size: 14pt;\">Berichte<\/span><\/h2>\n<p>Jede Charge wird mit folgenden<br \/>\n<span style=\"color: #0000ff;\"><a style=\"color: #0000ff;\" href=\"https:\/\/ulpmat.com\/de\/dokumente\/zertifikat-der-analyse\/\"><u>Unterlagen<\/u><\/a><\/span><br \/>\ngeliefert:<br \/>\n<span style=\"color: #0000ff;\"><a style=\"color: #0000ff;\" href=\"https:\/\/ulpmat.com\/de\/dokumente\/zertifikat-der-analyse\/\"><u>Analysezertifikat (COA)<\/u><\/a><\/span><\/p>\n<p><span style=\"color: #0000ff;\"><a style=\"color: #0000ff;\" href=\"https:\/\/ulpmat.com\/de\/dokumente\/technisches-datenblatt\/\"><u>Technisches Datenblatt (TDS)<\/u><\/a><\/span><\/p>\n<p><span style=\"color: #0000ff;\"><a style=\"color: #0000ff;\" href=\"https:\/\/ulpmat.com\/de\/dokumente\/sicherheitsdatenblatt\/\"><u>Sicherheitsdatenblatt (MSDS)<\/u><\/a><\/span><br \/>\nTestberichte von Drittanbietern sind auf Anfrage erh\u00e4ltlich<\/p>\n<h2><span style=\"font-size: 14pt;\">Warum sollten Sie sich f\u00fcr uns entscheiden?<\/span><\/h2>\n<p>Wir konzentrieren uns auf die stabile Lieferung und das Qualit\u00e4tsmanagement von anorganischen Oxidmaterialien und bieten unseren Kunden zuverl\u00e4ssige Unterst\u00fctzung in Bezug auf Produktkonsistenz, Liefereffizienz und technische Kommunikation, was f\u00fcr eine langfristige Zusammenarbeit und kontinuierliche Beschaffungsanforderungen geeignet ist.<\/p>\n","protected":false},"excerpt":{"rendered":"<p>\u00dcbersicht \u00fcber Boroxidpulver Boroxidpulver ist ein wichtiges anorganisches Boroxidmaterial mit ausgezeichneter Glasbildungsf\u00e4higkeit und chemischer Stabilit\u00e4t. Dieses Produkt wird h\u00e4ufig in der Glas-, Keramik- und Elektronikindustrie sowie in der anorganischen Chemieforschung eingesetzt. Wir k\u00f6nnen Boroxidpulver in verschiedenen Reinheitsgraden und Verpackungsspezifikationen liefern, um den Anforderungen von Experimenten und Produktionsprozessen gerecht zu werden. F\u00fcr weitere Informationen wenden Sie [&hellip;]<\/p>\n","protected":false},"featured_media":48985,"template":"","meta":{"_acf_changed":false},"product_brand":[132],"product_cat":[336],"product_tag":[7173],"class_list":{"0":"post-48984","1":"product","2":"type-product","3":"status-publish","4":"has-post-thumbnail","6":"product_brand-ulpmat","7":"product_cat-oxide","8":"product_tag-bor-oxid-pulver","10":"first","11":"instock","12":"shipping-taxable","13":"product-type-variable"},"acf":[],"_links":{"self":[{"href":"https:\/\/ulpmat.com\/de\/wp-json\/wp\/v2\/product\/48984","targetHints":{"allow":["GET"]}}],"collection":[{"href":"https:\/\/ulpmat.com\/de\/wp-json\/wp\/v2\/product"}],"about":[{"href":"https:\/\/ulpmat.com\/de\/wp-json\/wp\/v2\/types\/product"}],"wp:featuredmedia":[{"embeddable":true,"href":"https:\/\/ulpmat.com\/de\/wp-json\/wp\/v2\/media\/48985"}],"wp:attachment":[{"href":"https:\/\/ulpmat.com\/de\/wp-json\/wp\/v2\/media?parent=48984"}],"wp:term":[{"taxonomy":"product_brand","embeddable":true,"href":"https:\/\/ulpmat.com\/de\/wp-json\/wp\/v2\/product_brand?post=48984"},{"taxonomy":"product_cat","embeddable":true,"href":"https:\/\/ulpmat.com\/de\/wp-json\/wp\/v2\/product_cat?post=48984"},{"taxonomy":"product_tag","embeddable":true,"href":"https:\/\/ulpmat.com\/de\/wp-json\/wp\/v2\/product_tag?post=48984"}],"curies":[{"name":"wp","href":"https:\/\/api.w.org\/{rel}","templated":true}]}}