{"id":48575,"date":"2026-01-15T13:55:04","date_gmt":"2026-01-15T05:55:04","guid":{"rendered":"https:\/\/ulpmat.com\/product\/magnesium-silicid-3\/"},"modified":"2026-01-15T13:55:04","modified_gmt":"2026-01-15T05:55:04","slug":"magnesium-silicid-3","status":"publish","type":"product","link":"https:\/\/ulpmat.com\/de\/produkt\/magnesium-silicid-3\/","title":{"rendered":"Magnesium-Silicid"},"content":{"rendered":"<h2><span style=\"font-size: 14pt;\">Magnesiumsilicid-Granulat \u2013 \u00dcbersicht<\/span><\/h2>\n<p><span style=\"color: #0000ff;\"><a style=\"color: #0000ff;\" href=\"https:\/\/ulpmat.com\/de\/search\/?type=name&#038;keyword=Magnesium+silicide\">Magnesiumsilicid<\/a><\/span><br \/>\n-Granulat ist ein intermetallischer Verbundwerkstoff aus Magnesium und Silizium, der sich durch eine stabile Zusammensetzung und kontrollierbare Reaktion auszeichnet. Es wird haupts\u00e4chlich in Legierungszus\u00e4tzen, der Materialsynthese und der damit verbundenen wissenschaftlichen Forschung und Prozessverifizierung verwendet.<\/p>\n<p>Wir k\u00f6nnen Magnesiumsilicid-Granulat in verschiedenen Partikelgr\u00f6\u00dfenbereichen und mit kontrollierter Zusammensetzung liefern, wobei wir kundenspezifische Verpackungen und eine stabile Lieferung anbieten. Bitte<span style=\"color: #0000ff;\"><a style=\"color: #0000ff;\" href=\"https:\/\/ulpmat.com\/de\/kontakt-us\/\"> kontaktieren Sie uns<\/a><\/span><br \/>\ndirekt f\u00fcr Parameter und Angebote.<\/p>\n<h2><span style=\"font-size: 14pt;\">Produkt-Highlights<\/span><\/h2>\n<p>Intermetallische Verbindungsk\u00f6rner<br \/>\nStabile Zusammensetzung<br \/>\nGleichm\u00e4\u00dfige Partikelgr\u00f6\u00dfe f\u00fcr einfache Zuf\u00fchrung<br \/>\nKontrollierbare Reaktionsfreisetzung<br \/>\nGeringer Gehalt an Verunreinigungen<br \/>\nKundenspezifische Spezifikationen verf\u00fcgbar<\/p>\n<h2><span style=\"font-size: 14pt;\">Anwendungen von Magnesium-Silizid-Granulat<\/span><\/h2>\n<p>Legierungsschmelzen und Zusammensetzungszusatz: Kann als Magnesium-Silizium-Quelle in bestimmten Legierungssystemen verwendet werden, um eine pr\u00e4zise Zusammensetzungszufuhr zu erreichen.<br \/>\nMaterialsynthese und Verwendung als Vorl\u00e4ufer: Kann als Reaktionsrohstoff bei der Herstellung von Funktionsmaterialien oder Verbundwerkstoffen verwendet werden und zur Regulierung von Struktur und Eigenschaften beitragen.<br \/>\nMetallurgische und Prozessforschung: Bei der Entwicklung metallurgischer und neuer Prozesse eignet sich dieses Produkt zur \u00dcberpr\u00fcfung von Reaktionswegen und Materialverhalten.<br \/>\nWissenschaftliche Forschung und Laboranwendungen: Aufgrund seiner kontrollierbaren Partikelgr\u00f6\u00dfe und genau definierten Zusammensetzung wird es h\u00e4ufig in der Grundlagenforschung an Universit\u00e4ten und Forschungseinrichtungen verwendet.<\/p>\n<h2><span style=\"font-size: 14pt; color: #0000ff;\"><a style=\"color: #0000ff;\" href=\"https:\/\/ulpmat.com\/de\/unternehmen\/faqs\/\">H\u00e4ufig gestellte Fragen<\/a><\/span><\/h2>\n<p>F1: Was ist der Unterschied zwischen Magnesiumsilicid-Granulat und elementarem Magnesium oder Silizium?<br \/>\nA1: Magnesiumsilicid ist eine Verbindung mit einem festen Zusammensetzungsverh\u00e4ltnis, wodurch der Reaktionsprozess besser kontrollierbar ist.<\/p>\n<p>F2: Neigt Magnesiumsilicid-Granulat dazu, mit Luft zu reagieren?<br \/>\nA2: Unter normalen Lagerbedingungen sind sie stabil. Vermeiden Sie w\u00e4hrend der Verwendung feuchte Umgebungen.<\/p>\n<p>F3: Kann die Partikelgr\u00f6\u00dfe von Magnesiumsilicid-Granulat angepasst werden?<br \/>\nA3: Ja, wir k\u00f6nnen je nach den Anforderungen des Prozesses verschiedene Partikelgr\u00f6\u00dfenbereiche anbieten.<\/p>\n<p>F4: Ist dieses Produkt f\u00fcr den Einsatz im industriellen Ma\u00dfstab geeignet?<br \/>\nA4: Je nach Anwendungsszenario kann es in Labor- oder industriellen Pilotproduktionsphasen eingesetzt werden.<\/p>\n<h2><span style=\"font-size: 14pt;\">Berichte<\/span><\/h2>\n<p>Jede Charge wird mit folgenden Dokumenten geliefert:<br \/>\n<span style=\"color: #0000ff;\"><a style=\"color: #0000ff;\" href=\"https:\/\/ulpmat.com\/de\/dokumente\/zertifikat-der-analyse\/\"><u>Analysezertifikat (COA)<\/u><\/a><\/span><\/p>\n<p><span style=\"color: #0000ff;\"><a style=\"color: #0000ff;\" href=\"https:\/\/ulpmat.com\/de\/dokumente\/technisches-datenblatt\/\"><u>Technisches Datenblatt (TDS)<\/u><\/a><\/span><\/p>\n<p><span style=\"color: #0000ff;\"><a style=\"color: #0000ff;\" href=\"https:\/\/ulpmat.com\/de\/dokumente\/sicherheitsdatenblatt\/\"><u>Sicherheitsdatenblatt (MSDS)<\/u><\/a><\/span><br \/>\nGr\u00f6\u00dfenpr\u00fcfbericht<br \/>\nPr\u00fcfberichte von Drittanbietern sind auf Anfrage erh\u00e4ltlich<\/p>\n<h2><span style=\"font-size: 14pt;\">. Warum sollten Sie sich f\u00fcr uns entscheiden?<\/span><\/h2>\n<p>Wir verf\u00fcgen \u00fcber Erfahrung in der Herstellung und Qualit\u00e4tskontrolle von zusammengesetzten partikul\u00e4ren Rohstoffen und k\u00f6nnen Produkte mit klarer Zusammensetzung und stabilen Spezifikationen anbieten, um unseren Kunden zu helfen, die Wiederholbarkeit ihrer Prozesse und die Effizienz ihrer Beschaffung zu verbessern.<\/p>\n","protected":false},"excerpt":{"rendered":"<p>Magnesiumsilicid-Granulat \u2013 \u00dcbersicht Magnesiumsilicid -Granulat ist ein intermetallischer Verbundwerkstoff aus Magnesium und Silizium, der sich durch eine stabile Zusammensetzung und kontrollierbare Reaktion auszeichnet. Es wird haupts\u00e4chlich in Legierungszus\u00e4tzen, der Materialsynthese und der damit verbundenen wissenschaftlichen Forschung und Prozessverifizierung verwendet. Wir k\u00f6nnen Magnesiumsilicid-Granulat in verschiedenen Partikelgr\u00f6\u00dfenbereichen und mit kontrollierter Zusammensetzung liefern, wobei wir kundenspezifische Verpackungen und [&hellip;]<\/p>\n","protected":false},"featured_media":48576,"template":"","meta":{"_acf_changed":false},"product_brand":[132],"product_cat":[299],"product_tag":[7059],"class_list":{"0":"post-48575","1":"product","2":"type-product","3":"status-publish","4":"has-post-thumbnail","6":"product_brand-ulpmat","7":"product_cat-verdampfen-von-materialien","8":"product_tag-magnesium-silicid-granulat","10":"first","11":"instock","12":"shipping-taxable","13":"product-type-variable"},"acf":[],"_links":{"self":[{"href":"https:\/\/ulpmat.com\/de\/wp-json\/wp\/v2\/product\/48575","targetHints":{"allow":["GET"]}}],"collection":[{"href":"https:\/\/ulpmat.com\/de\/wp-json\/wp\/v2\/product"}],"about":[{"href":"https:\/\/ulpmat.com\/de\/wp-json\/wp\/v2\/types\/product"}],"wp:featuredmedia":[{"embeddable":true,"href":"https:\/\/ulpmat.com\/de\/wp-json\/wp\/v2\/media\/48576"}],"wp:attachment":[{"href":"https:\/\/ulpmat.com\/de\/wp-json\/wp\/v2\/media?parent=48575"}],"wp:term":[{"taxonomy":"product_brand","embeddable":true,"href":"https:\/\/ulpmat.com\/de\/wp-json\/wp\/v2\/product_brand?post=48575"},{"taxonomy":"product_cat","embeddable":true,"href":"https:\/\/ulpmat.com\/de\/wp-json\/wp\/v2\/product_cat?post=48575"},{"taxonomy":"product_tag","embeddable":true,"href":"https:\/\/ulpmat.com\/de\/wp-json\/wp\/v2\/product_tag?post=48575"}],"curies":[{"name":"wp","href":"https:\/\/api.w.org\/{rel}","templated":true}]}}