{"id":48329,"date":"2026-01-15T13:55:08","date_gmt":"2026-01-15T05:55:08","guid":{"rendered":"https:\/\/ulpmat.com\/product\/magnesiumborid\/"},"modified":"2026-01-15T13:55:08","modified_gmt":"2026-01-15T05:55:08","slug":"magnesiumborid","status":"publish","type":"product","link":"https:\/\/ulpmat.com\/de\/produkt\/magnesiumborid\/","title":{"rendered":"Magnesiumborid"},"content":{"rendered":"<h2><span style=\"font-size: 14pt;\">\u00dcbersicht \u00fcber Magnesiumborid-Sputtertargets<\/span><\/h2>\n<p><span style=\"color: #0000ff;\"><a style=\"color: #0000ff;\" href=\"https:\/\/ulpmat.com\/de\/search\/?type=name&#038;keyword=Magnesium+Boride\">Magnesiumborid<\/a><\/span><br \/>\n-Sputtertargets sind funktionelle Keramiktargets, die haupts\u00e4chlich aus Magnesiumborid bestehen und sich durch hervorragende thermische Stabilit\u00e4t und strukturelle Zuverl\u00e4ssigkeit auszeichnen. Diese Targets eignen sich f\u00fcr die D\u00fcnnschichtabscheidung in Forschungsbereichen wie funktionelle D\u00fcnnschichten, Hochtemperaturbeschichtungen und verwandte Materialien.<\/p>\n<p>Wir bieten Magnesiumborid-Sputter-Targets in verschiedenen Gr\u00f6\u00dfen, Dicken und Dichtungskontrollen an und unterst\u00fctzen Sie bei der kundenspezifischen Bearbeitung und technischen Beratung. Bitte <span style=\"color: #0000ff;\"><a style=\"color: #0000ff;\" href=\"https:\/\/ulpmat.com\/de\/kontakt-us\/\">kontaktieren Sie uns<\/a><\/span><br \/>\ndirekt f\u00fcr ein Angebot.<\/p>\n<h2><span style=\"font-size: 14pt;\">Produkt-Highlights<\/span><\/h2>\n<p>Stabile Struktur von Metallboriden<br \/>\nHohe Targetdichte, reibungsloser Sputterprozess<br \/>\nAusgezeichnete Hochtemperaturbest\u00e4ndigkeit<br \/>\nGlatte Oberfl\u00e4che, gute Filmkonsistenz<br \/>\nUnterst\u00fctzt kundenspezifische Verarbeitung mit mehreren Spezifikationen<br \/>\nGeeignet f\u00fcr Forschung und Kleinserienfertigung<\/p>\n<h2><span style=\"font-size: 14pt;\">Anwendungen von Magnesiumborid-Sputter-Targets<\/span><\/h2>\n<p>Abscheidung funktionaler D\u00fcnnschichten: Kann zur Herstellung funktionaler D\u00fcnnschichten mit einheitlicher Zusammensetzung verwendet werden, die die Anforderungen an hohe Filmqualit\u00e4t und Stabilit\u00e4t in Anwendungen erf\u00fcllen.<br \/>\nHerstellung von Hochtemperaturbeschichtungen: Wird in Hochtemperatur- oder Schutzbeschichtungen verwendet, um die strukturelle Stabilit\u00e4t des Films unter thermischen Bedingungen zu verbessern.<br \/>\nForschung zu elektronischen und funktionalen Materialien: Geeignet f\u00fcr die D\u00fcnnschichtforschung zu elektronischen Materialien und verwandten funktionalen Materialien, erleichtert die Anpassung von Prozessparametern und die Leistungsbewertung.<br \/>\nWissenschaftliche Forschung und Prozessvalidierung: Unterst\u00fctzt die Validierung des Sputterprozesses im Labor- und Pilotma\u00dfstab und erleichtert den schnellen Einsatz neuer Material-D\u00fcnnschichten.<\/p>\n<h2><span style=\"font-size: 14pt; color: #0000ff;\"><a style=\"color: #0000ff;\" href=\"https:\/\/ulpmat.com\/de\/unternehmen\/faqs\/\">H\u00e4ufig gestellte Fragen<\/a><\/span><\/h2>\n<p>F1: Welche Art von Sputteranlagen eignet sich f\u00fcr Magnesiumborid-Sputter-Targets?<br \/>\nA1: Geeignet f\u00fcr RF-Sputter- und verwandte Magnetron-Sputter-Anlagen, die den Anforderungen der wissenschaftlichen Forschung und industriellen Anwendungen entsprechen.<\/p>\n<p>F2: Beeinflusst die Targetdichte die Filmqualit\u00e4t?<br \/>\nA2: Eine hohe Dichte tr\u00e4gt dazu bei, das Risiko der Partikelabl\u00f6sung zu verringern und verbessert die Gleichm\u00e4\u00dfigkeit und Stabilit\u00e4t der Schicht.<\/p>\n<p>F3: K\u00f6nnen die Targets entsprechend den Anforderungen der Anlagen individuell angepasst werden?<br \/>\nA3: Ja, wir unterst\u00fctzen die individuelle Bearbeitung von runden, quadratischen und anderen Sonderformaten.<\/p>\n<p>F4: Welche Vorsichtsma\u00dfnahmen sind bei der Lagerung und Verwendung von Targets zu beachten?<br \/>\nA4: Es wird empfohlen, die Targets in einer trockenen, sauberen Umgebung in einem verschlossenen Beh\u00e4lter zu lagern. Halten Sie die Target-Oberfl\u00e4che vor der Verwendung sauber.<\/p>\n<h2><span style=\"font-size: 14pt;\">Bericht<\/span><\/h2>\n<p>Jede Charge wird mit folgenden Unterlagen geliefert:<br \/>\n<span style=\"color: #0000ff;\"><a style=\"color: #0000ff;\" href=\"https:\/\/ulpmat.com\/de\/dokumente\/zertifikat-der-analyse\/\"><u>Analysezertifikat (COA)<\/u><\/a><\/span><\/p>\n<p><span style=\"color: #0000ff;\"><a style=\"color: #0000ff;\" href=\"https:\/\/ulpmat.com\/de\/dokumente\/technisches-datenblatt\/\"><u>Technisches Datenblatt (TDS)<\/u><\/a><\/span><\/p>\n<p><span style=\"color: #0000ff;\"><a style=\"color: #0000ff;\" href=\"https:\/\/ulpmat.com\/de\/dokumente\/sicherheitsdatenblatt\/\"><u>Sicherheitsdatenblatt (MSDS)<\/u><\/a><\/span><br \/>\nGr\u00f6\u00dfenpr\u00fcfbericht<br \/>\nPr\u00fcfberichte von Drittanbietern sind auf Anfrage erh\u00e4ltlich<\/p>\n<h2><span style=\"font-size: 14pt;\">. Warum sollten Sie sich f\u00fcr uns entscheiden?<\/span><\/h2>\n<p>Wir konzentrieren uns seit langem auf die Herstellung und Qualit\u00e4tskontrolle von Metallborid-Sputter-Targets und bieten stabile und zuverl\u00e4ssige Produkte sowie schnellen technischen Support, um Kunden bei der effizienten Durchf\u00fchrung von D\u00fcnnschichtabscheidungen und Anwendungspr\u00fcfungen zu unterst\u00fctzen.<\/p>\n","protected":false},"excerpt":{"rendered":"<p>\u00dcbersicht \u00fcber Magnesiumborid-Sputtertargets Magnesiumborid -Sputtertargets sind funktionelle Keramiktargets, die haupts\u00e4chlich aus Magnesiumborid bestehen und sich durch hervorragende thermische Stabilit\u00e4t und strukturelle Zuverl\u00e4ssigkeit auszeichnen. Diese Targets eignen sich f\u00fcr die D\u00fcnnschichtabscheidung in Forschungsbereichen wie funktionelle D\u00fcnnschichten, Hochtemperaturbeschichtungen und verwandte Materialien. Wir bieten Magnesiumborid-Sputter-Targets in verschiedenen Gr\u00f6\u00dfen, Dicken und Dichtungskontrollen an und unterst\u00fctzen Sie bei der kundenspezifischen [&hellip;]<\/p>\n","protected":false},"featured_media":48330,"template":"","meta":{"_acf_changed":false},"product_brand":[132],"product_cat":[451],"product_tag":[6987],"class_list":{"0":"post-48329","1":"product","2":"type-product","3":"status-publish","4":"has-post-thumbnail","6":"product_brand-ulpmat","7":"product_cat-keramisches-sputtering-target","8":"product_tag-magnesiumborid-sputtering-target","10":"first","11":"instock","12":"shipping-taxable","13":"product-type-variable"},"acf":[],"_links":{"self":[{"href":"https:\/\/ulpmat.com\/de\/wp-json\/wp\/v2\/product\/48329","targetHints":{"allow":["GET"]}}],"collection":[{"href":"https:\/\/ulpmat.com\/de\/wp-json\/wp\/v2\/product"}],"about":[{"href":"https:\/\/ulpmat.com\/de\/wp-json\/wp\/v2\/types\/product"}],"wp:featuredmedia":[{"embeddable":true,"href":"https:\/\/ulpmat.com\/de\/wp-json\/wp\/v2\/media\/48330"}],"wp:attachment":[{"href":"https:\/\/ulpmat.com\/de\/wp-json\/wp\/v2\/media?parent=48329"}],"wp:term":[{"taxonomy":"product_brand","embeddable":true,"href":"https:\/\/ulpmat.com\/de\/wp-json\/wp\/v2\/product_brand?post=48329"},{"taxonomy":"product_cat","embeddable":true,"href":"https:\/\/ulpmat.com\/de\/wp-json\/wp\/v2\/product_cat?post=48329"},{"taxonomy":"product_tag","embeddable":true,"href":"https:\/\/ulpmat.com\/de\/wp-json\/wp\/v2\/product_tag?post=48329"}],"curies":[{"name":"wp","href":"https:\/\/api.w.org\/{rel}","templated":true}]}}