{"id":48233,"date":"2026-01-15T13:55:10","date_gmt":"2026-01-15T05:55:10","guid":{"rendered":"https:\/\/ulpmat.com\/product\/magnesiumfluorid-2\/"},"modified":"2026-01-15T13:55:10","modified_gmt":"2026-01-15T05:55:10","slug":"magnesiumfluorid-2","status":"publish","type":"product","link":"https:\/\/ulpmat.com\/de\/produkt\/magnesiumfluorid-2\/","title":{"rendered":"Magnesiumfluorid"},"content":{"rendered":"<h2><span style=\"font-size: 14pt;\">\u00dcbersicht \u00fcber Magnesiumfluoridpulver<\/span><\/h2>\n<p><span style=\"color: #0000ff;\"><a style=\"color: #0000ff;\" href=\"https:\/\/ulpmat.com\/de\/search\/?type=name&#038;keyword=Magnesium+Fluoride\">Magnesiumfluoridpulver<\/a><\/span><br \/>\nist ein hochreines anorganisches Fluoridmaterial mit ausgezeichneter chemischer und thermischer Stabilit\u00e4t. Dieses Material wird h\u00e4ufig in optischen D\u00fcnnschichten, Verdampfungsbeschichtungen und zur Herstellung hochreiner anorganischer Materialien verwendet.<\/p>\n<p>Wir bieten Magnesiumfluoridpulver in verschiedenen Partikelgr\u00f6\u00dfen und Reinheitsgraden an, die f\u00fcr Forschungs- und Industrieprozesse geeignet sind. Bitte <span style=\"color: #0000ff;\"><a style=\"color: #0000ff;\" href=\"https:\/\/ulpmat.com\/de\/kontakt-us\/\">kontaktieren Sie uns<\/a><\/span><br \/>\ndirekt f\u00fcr detaillierte Parameter und Angebote.<\/p>\n<h2><span style=\"font-size: 14pt;\">Produkt-Highlights<\/span><\/h2>\n<p>Hohe Reinheit, geringer Gehalt an Verunreinigungen<br \/>\nGleichm\u00e4\u00dfiges Pulver, gute Dispergierbarkeit<br \/>\nGute thermische Stabilit\u00e4t, starke chemische Inertheit<br \/>\nStabile Verdampfungs- und Verarbeitungsleistung<br \/>\nHohe Chargenkonsistenz, zuverl\u00e4ssige Qualit\u00e4t<br \/>\nKundenspezifische Partikelgr\u00f6\u00dfe und Spezifikationen verf\u00fcgbar<\/p>\n<h2><span style=\"font-size: 14pt;\">Anwendungen von Magnesiumfluoridpulver<\/span><\/h2>\n<p>Verdampfungsbeschichtungsmaterial: Die Pulvermorphologie eignet sich f\u00fcr Vakuumverdampfungsprozesse und erm\u00f6glicht stabile Verdampfungsraten und gleichm\u00e4\u00dfige Schichten. Herstellung<br \/>\n<span style=\"color: #0000ff;\"><a style=\"color: #0000ff;\" href=\"https:\/\/ulpmat.com\/de\/anwendung\/materialien-fuer-die-optik\/\">optischer<\/a><\/span><br \/>\nD\u00fcnnschichten: Weit verbreitet in Beschichtungen f\u00fcr optische Ger\u00e4te, erf\u00fcllt die Anforderungen an Filmdichte und Wiederholbarkeit.<br \/>\nHerstellung hochreiner anorganischer Materialien: Kann als Vorl\u00e4ufer oder Formulierungskomponente f\u00fcr hochreine Materialien verwendet werden und gew\u00e4hrleistet eine stabile Materialleistung.<br \/>\nWissenschaftliche Forschung und Prozessvalidierung: Geeignet f\u00fcr den Einsatz im Labor- und Pilotma\u00dfstab, erleichtert die Erforschung von Prozessparametern und Materialeigenschaften.<\/p>\n<h2><span style=\"font-size: 14pt; color: #0000ff;\"><a style=\"color: #0000ff;\" href=\"https:\/\/ulpmat.com\/de\/unternehmen\/faqs\/\">H\u00e4ufig gestellte Fragen<\/a><\/span><\/h2>\n<p>F1: Was sind die Unterschiede in der Verwendung zwischen Pulver und Pellets\/Granulat?<br \/>\nA1: Pulver l\u00e4sst sich leicht gleichm\u00e4\u00dfig dispergieren und kann f\u00fcr Experimente in kleinen Chargen und zum Mischen von Formulierungen verwendet werden; Pellets haben eine hohe Dichte und eine gute Verdampfungsstabilit\u00e4t; Granulat hat eine gute Flie\u00dff\u00e4higkeit, aber eine etwas geringere Verdampfungskonsistenz.<\/p>\n<p>F2: K\u00f6nnen Sie Pulver in kleinen Chargen oder in Musterqualit\u00e4t liefern?<br \/>\nA2: F\u00fcr die wissenschaftliche Forschung und Prozessvalidierung bieten wir Muster und kleine Chargen an.<\/p>\n<p>F3: Wie sollte das Pulver gelagert werden, um seine Leistungsf\u00e4higkeit zu erhalten?<br \/>\nA3: Es wird empfohlen, es in einer trockenen, versiegelten Umgebung zu lagern, um Feuchtigkeitsaufnahme und Verunreinigungen zu vermeiden.<\/p>\n<h2><span style=\"font-size: 14pt;\">Bericht<\/span><\/h2>\n<p>Jede Charge wird mit folgenden<br \/>\n<span style=\"color: #0000ff;\"><a style=\"color: #0000ff;\" href=\"https:\/\/ulpmat.com\/de\/dokumente\/zertifikat-der-analyse\/\"><u>Unterlagen<\/u><\/a><\/span><br \/>\ngeliefert:<br \/>\n<span style=\"color: #0000ff;\"><a style=\"color: #0000ff;\" href=\"https:\/\/ulpmat.com\/de\/dokumente\/zertifikat-der-analyse\/\"><u>Analysezertifikat (COA)<\/u><\/a><\/span><\/p>\n<p><span style=\"color: #0000ff;\"><a style=\"color: #0000ff;\" href=\"https:\/\/ulpmat.com\/de\/dokumente\/technisches-datenblatt\/\"><u>Technisches Datenblatt (TDS)<\/u><\/a><\/span><\/p>\n<p><span style=\"color: #0000ff;\"><a style=\"color: #0000ff;\" href=\"https:\/\/ulpmat.com\/de\/dokumente\/sicherheitsdatenblatt\/\"><u>Sicherheitsdatenblatt (MSDS)<\/u><\/a><\/span><br \/>\nGr\u00f6\u00dfenpr\u00fcfbericht<br \/>\nPr\u00fcfberichte von Drittanbietern sind auf Anfrage erh\u00e4ltlich.<\/p>\n<h2><span style=\"font-size: 14pt;\">Warum sollten Sie sich f\u00fcr uns entscheiden?<\/span><\/h2>\n<p>Wir sind auf die Herstellung und Qualit\u00e4tskontrolle von hochreinen Fluoridpulvern spezialisiert und bieten Produkte mit kontrollierbarer Partikelgr\u00f6\u00dfe, Reinheit und Chargenkonsistenz. Dar\u00fcber hinaus bieten wir technischen Support auf der Grundlage der Prozessanforderungen und unterst\u00fctzen unsere Kunden dabei, die D\u00fcnnschichtabscheidung und Materialanwendungen effizient durchzuf\u00fchren.<\/p>\n","protected":false},"excerpt":{"rendered":"<p>\u00dcbersicht \u00fcber Magnesiumfluoridpulver Magnesiumfluoridpulver ist ein hochreines anorganisches Fluoridmaterial mit ausgezeichneter chemischer und thermischer Stabilit\u00e4t. Dieses Material wird h\u00e4ufig in optischen D\u00fcnnschichten, Verdampfungsbeschichtungen und zur Herstellung hochreiner anorganischer Materialien verwendet. Wir bieten Magnesiumfluoridpulver in verschiedenen Partikelgr\u00f6\u00dfen und Reinheitsgraden an, die f\u00fcr Forschungs- und Industrieprozesse geeignet sind. Bitte kontaktieren Sie uns direkt f\u00fcr detaillierte Parameter und [&hellip;]<\/p>\n","protected":false},"featured_media":48234,"template":"","meta":{"_acf_changed":false},"product_brand":[132],"product_cat":[318],"product_tag":[6963],"class_list":{"0":"post-48233","1":"product","2":"type-product","3":"status-publish","4":"has-post-thumbnail","6":"product_brand-ulpmat","7":"product_cat-halogenid-materialien","8":"product_tag-magnesiumfluorid-pulver","10":"first","11":"instock","12":"featured","13":"shipping-taxable","14":"product-type-variable"},"acf":[],"_links":{"self":[{"href":"https:\/\/ulpmat.com\/de\/wp-json\/wp\/v2\/product\/48233","targetHints":{"allow":["GET"]}}],"collection":[{"href":"https:\/\/ulpmat.com\/de\/wp-json\/wp\/v2\/product"}],"about":[{"href":"https:\/\/ulpmat.com\/de\/wp-json\/wp\/v2\/types\/product"}],"wp:featuredmedia":[{"embeddable":true,"href":"https:\/\/ulpmat.com\/de\/wp-json\/wp\/v2\/media\/48234"}],"wp:attachment":[{"href":"https:\/\/ulpmat.com\/de\/wp-json\/wp\/v2\/media?parent=48233"}],"wp:term":[{"taxonomy":"product_brand","embeddable":true,"href":"https:\/\/ulpmat.com\/de\/wp-json\/wp\/v2\/product_brand?post=48233"},{"taxonomy":"product_cat","embeddable":true,"href":"https:\/\/ulpmat.com\/de\/wp-json\/wp\/v2\/product_cat?post=48233"},{"taxonomy":"product_tag","embeddable":true,"href":"https:\/\/ulpmat.com\/de\/wp-json\/wp\/v2\/product_tag?post=48233"}],"curies":[{"name":"wp","href":"https:\/\/api.w.org\/{rel}","templated":true}]}}