{"id":48195,"date":"2026-01-15T13:55:10","date_gmt":"2026-01-15T05:55:10","guid":{"rendered":"https:\/\/ulpmat.com\/product\/magnesiumfluorid\/"},"modified":"2026-01-15T13:55:10","modified_gmt":"2026-01-15T05:55:10","slug":"magnesiumfluorid","status":"publish","type":"product","link":"https:\/\/ulpmat.com\/de\/produkt\/magnesiumfluorid\/","title":{"rendered":"Magnesiumfluorid"},"content":{"rendered":"<h2><span style=\"font-size: 14pt;\">\u00dcbersicht \u00fcber Magnesiumfluorid-Sputtertargets<\/span><\/h2>\n<p><span style=\"color: #0000ff;\"><a style=\"color: #0000ff;\" href=\"https:\/\/ulpmat.com\/de\/search\/?type=name&#038;keyword=Magnesium+Fluoride\">Magnesiumfluorid<\/a><\/span><br \/>\n-Sputtertargets sind hochdichte Fluoridkeramik-Targets mit ausgezeichneter thermischer Stabilit\u00e4t und chemischer Inertheit. Sie eignen sich f\u00fcr Magnetron- oder HF-Sputterbeschichtungsverfahren von optischen D\u00fcnnschichten, Funktionsbeschichtungen und hochreinen D\u00fcnnschichtmaterialien.<\/p>\n<p>Wir bieten Magnesiumfluorid-Sputter-Targets in verschiedenen Gr\u00f6\u00dfen, Dicken und Dichtungskontrollen an und k\u00f6nnen Backplane-Bonding-L\u00f6sungen entsprechend den Ger\u00e4teanforderungen individuell anpassen. Bitte <span style=\"color: #0000ff;\"><a style=\"color: #0000ff;\" href=\"https:\/\/ulpmat.com\/de\/kontakt-us\/\">kontaktieren Sie uns<\/a><\/span><br \/>\ndirekt f\u00fcr Parameter und Angebote.<\/p>\n<h2><span style=\"font-size: 14pt;\">Produkt-Highlights<\/span><\/h2>\n<p>Hohe Dichte, stabiler Sputterprozess<br \/>\nGute thermische Stabilit\u00e4t, keine Verformung nach langfristiger Abscheidung<br \/>\nGlatte Oberfl\u00e4che, hohe Filmgleichm\u00e4\u00dfigkeit<br \/>\nStarke chemische Inertheit, anpassungsf\u00e4hig an verschiedene Prozesse<br \/>\nKann mit Kupfer-\/Aluminium-Backplanes verbunden werden, hohe W\u00e4rmeableitungseffizienz<br \/>\nUnterst\u00fctzt <span style=\"color: #0000ff;\"><a style=\"color: #0000ff;\" href=\"https:\/\/ulpmat.com\/de\/service\/personalisierung\/\">die<\/a> <a style=\"color: #0000ff;\" href=\"https:\/\/ulpmat.com\/de\/service\/personalisierung\/\">Anpassung<\/a><\/span><br \/>\nverschiedener Gr\u00f6\u00dfen und Spezifikationen<\/p>\n<h2><span style=\"font-size: 14pt;\">Anwendungen von Magnesiumfluorid-Sputter-Targets<\/span><\/h2>\n<p>Herstellung<br \/>\n<span style=\"color: #0000ff;\"><a style=\"color: #0000ff;\" href=\"https:\/\/ulpmat.com\/de\/anwendung\/materialien-fuer-die-optik\/\">optischer<\/a><\/span><br \/>\nD\u00fcnnschichten: Bildet dichte, transparente Schichten beim RF- oder Magnetron-Sputtern und erf\u00fcllt die Anforderungen optischer Ger\u00e4te an eine gleichm\u00e4\u00dfige Schichtdicke und Wiederholbarkeit.<br \/>\nAbscheidung funktioneller Beschichtungen: Geeignet f\u00fcr die Herstellung hochstabiler Beschichtungen, die die Verschlei\u00dffestigkeit, Hitzebest\u00e4ndigkeit und chemische Stabilit\u00e4t von D\u00fcnnschichten verbessern.<br \/>\nForschung an hochreinen D\u00fcnnschichtmaterialien: Gew\u00e4hrleistet die Stabilit\u00e4t der Schichtzusammensetzung und -struktur in der wissenschaftlichen Forschung oder der industriellen D\u00fcnnschichtentwicklung.<br \/>\nProzessvalidierung und Ger\u00e4teanpassung: Geeignet f\u00fcr die Validierung von Sputterprozessen im Labor- und Pilotstadium, erleichtert die Parameteranpassung und Materialbewertung.<\/p>\n<h2><span style=\"font-size: 14pt; color: #0000ff;\"><a style=\"color: #0000ff;\" href=\"https:\/\/ulpmat.com\/de\/unternehmen\/faqs\/\">H\u00e4ufig<\/a><\/span><\/h2>\n<h2><span style=\"font-size: 14pt; color: #0000ff;\"><a style=\"color: #0000ff;\" href=\"https:\/\/ulpmat.com\/de\/unternehmen\/faqs\/\">gestellte<\/a><\/span><\/h2>\n<p>Fragen<br \/>\nF1: F\u00fcr welche Art von Sputteranlagen ist das Magnesiumfluorid-Target geeignet?<br \/>\nA1: Kann in HF-Sputter-, Magnetron-Sputter- und anderen Anlagen verwendet werden, geeignet f\u00fcr wissenschaftliche Forschung und industrielle D\u00fcnnschichtabscheidung.<\/p>\n<p>F2: Beeinflusst die Targetdichte die Filmqualit\u00e4t?<br \/>\nA2: Targets mit hoher Dichte verringern das Risiko der Partikelabl\u00f6sung und verbessern die Gleichm\u00e4\u00dfigkeit und Konsistenz der Schicht.<\/p>\n<p>F3: K\u00f6nnen die Targetgr\u00f6\u00dfe und <span style=\"color: #0000ff;\"><a style=\"color: #0000ff;\" href=\"https:\/\/ulpmat.com\/de\/service\/ziel-bindung\/\">die<\/a><\/span><br \/>\nBackplate<span style=\"color: #0000ff;\"><a style=\"color: #0000ff;\" href=\"https:\/\/ulpmat.com\/de\/service\/ziel-bindung\/\">-Bonding-L\u00f6sung<\/a><\/span><br \/>\nan die Ger\u00e4tespezifikationen angepasst werden?<br \/>\nA3: Ja, wir unterst\u00fctzen runde, quadratische und speziell dimensionierte Targets und k\u00f6nnen Backplate-Bonding-L\u00f6sungen aus Kupfer oder Aluminium anbieten, um die W\u00e4rmeableitung und Lebensdauer zu verbessern.<\/p>\n<h2><span style=\"font-size: 14pt;\">Bericht<\/span><\/h2>\n<p>Jede Charge wird mit folgenden Unterlagen geliefert:<br \/>\n<span style=\"color: #0000ff;\"><a style=\"color: #0000ff;\" href=\"https:\/\/ulpmat.com\/de\/dokumente\/zertifikat-der-analyse\/\"><u>Analysezertifikat (COA)<\/u><\/a><\/span><\/p>\n<p><span style=\"color: #0000ff;\"><a style=\"color: #0000ff;\" href=\"https:\/\/ulpmat.com\/de\/dokumente\/technisches-datenblatt\/\"><u>Technisches Datenblatt (TDS)<\/u><\/a><\/span><\/p>\n<p><span style=\"color: #0000ff;\"><a style=\"color: #0000ff;\" href=\"https:\/\/ulpmat.com\/de\/dokumente\/sicherheitsdatenblatt\/\"><u>Sicherheitsdatenblatt (MSDS)<\/u><\/a><\/span><br \/>\nGr\u00f6\u00dfenpr\u00fcfbericht<br \/>\nPr\u00fcfberichte von Drittanbietern sind auf Anfrage erh\u00e4ltlich<\/p>\n<h2><span style=\"font-size: 14pt;\">. Warum sollten Sie sich f\u00fcr uns entscheiden?<\/span><\/h2>\n<p>Wir sind auf die Herstellung und Verbindungstechnologie von Fluorid-Sputter-Targets spezialisiert und bieten stabile und zuverl\u00e4ssige Produkte sowie schnellen technischen Support, um Kunden bei der effizienten Durchf\u00fchrung von D\u00fcnnschichtabscheidungen, Prozessvalidierungen und der Anpassung von Ger\u00e4ten zu unterst\u00fctzen.<\/p>\n","protected":false},"excerpt":{"rendered":"<p>\u00dcbersicht \u00fcber Magnesiumfluorid-Sputtertargets Magnesiumfluorid -Sputtertargets sind hochdichte Fluoridkeramik-Targets mit ausgezeichneter thermischer Stabilit\u00e4t und chemischer Inertheit. Sie eignen sich f\u00fcr Magnetron- oder HF-Sputterbeschichtungsverfahren von optischen D\u00fcnnschichten, Funktionsbeschichtungen und hochreinen D\u00fcnnschichtmaterialien. Wir bieten Magnesiumfluorid-Sputter-Targets in verschiedenen Gr\u00f6\u00dfen, Dicken und Dichtungskontrollen an und k\u00f6nnen Backplane-Bonding-L\u00f6sungen entsprechend den Ger\u00e4teanforderungen individuell anpassen. Bitte kontaktieren Sie uns direkt f\u00fcr Parameter und [&hellip;]<\/p>\n","protected":false},"featured_media":48196,"template":"","meta":{"_acf_changed":false},"product_brand":[132],"product_cat":[451],"product_tag":[6957],"class_list":{"0":"post-48195","1":"product","2":"type-product","3":"status-publish","4":"has-post-thumbnail","6":"product_brand-ulpmat","7":"product_cat-keramisches-sputtering-target","8":"product_tag-magnesiumfluorid-sputtering-target","10":"first","11":"instock","12":"shipping-taxable","13":"product-type-variable"},"acf":[],"_links":{"self":[{"href":"https:\/\/ulpmat.com\/de\/wp-json\/wp\/v2\/product\/48195","targetHints":{"allow":["GET"]}}],"collection":[{"href":"https:\/\/ulpmat.com\/de\/wp-json\/wp\/v2\/product"}],"about":[{"href":"https:\/\/ulpmat.com\/de\/wp-json\/wp\/v2\/types\/product"}],"wp:featuredmedia":[{"embeddable":true,"href":"https:\/\/ulpmat.com\/de\/wp-json\/wp\/v2\/media\/48196"}],"wp:attachment":[{"href":"https:\/\/ulpmat.com\/de\/wp-json\/wp\/v2\/media?parent=48195"}],"wp:term":[{"taxonomy":"product_brand","embeddable":true,"href":"https:\/\/ulpmat.com\/de\/wp-json\/wp\/v2\/product_brand?post=48195"},{"taxonomy":"product_cat","embeddable":true,"href":"https:\/\/ulpmat.com\/de\/wp-json\/wp\/v2\/product_cat?post=48195"},{"taxonomy":"product_tag","embeddable":true,"href":"https:\/\/ulpmat.com\/de\/wp-json\/wp\/v2\/product_tag?post=48195"}],"curies":[{"name":"wp","href":"https:\/\/api.w.org\/{rel}","templated":true}]}}