{"id":48005,"date":"2026-01-15T13:55:17","date_gmt":"2026-01-15T05:55:17","guid":{"rendered":"https:\/\/ulpmat.com\/product\/magnesiumtitanat-magnesiumtitanoxid-2\/"},"modified":"2026-01-15T13:55:17","modified_gmt":"2026-01-15T05:55:17","slug":"magnesiumtitanat-magnesiumtitanoxid-2","status":"publish","type":"product","link":"https:\/\/ulpmat.com\/de\/produkt\/magnesiumtitanat-magnesiumtitanoxid-2\/","title":{"rendered":"Magnesiumtitanat (Magnesiumtitanoxid)"},"content":{"rendered":"<h2><span style=\"font-size: 14pt;\">\u00dcbersicht \u00fcber Magnesiumtitanatpulver<\/span><\/h2>\n<p><span style=\"color: #0000ff;\"><a style=\"color: #0000ff;\" href=\"https:\/\/ulpmat.com\/de\/search\/?type=name&#038;keyword=Magnesium+Titanate\">Magnesiumtitanat<\/a><\/span><br \/>\npulver ist ein hochreines anorganisches Keramikmaterial mit hervorragenden dielektrischen Eigenschaften und thermischer Stabilit\u00e4t. Es wird h\u00e4ufig in der elektronischen Keramik, f\u00fcr <span style=\"color: #0000ff;\"><a style=\"color: #0000ff;\" href=\"https:\/\/ulpmat.com\/de\/anwendung\/materialien-fuer-die-optik\/\">optische<\/a><\/span><br \/>\nBeschichtungen, in hochtemperaturbest\u00e4ndigen dielektrischen Materialien und in der wissenschaftlichen Forschung eingesetzt.<\/p>\n<p>Wir bieten Magnesiumtitanatpulver in verschiedenen Partikelgr\u00f6\u00dfen und Reinheitsgraden an, um den Anforderungen der wissenschaftlichen Forschung, industriellen Anwendungen und der Herstellung von Funktionsmaterialien gerecht zu werden. Bitte <span style=\"color: #0000ff;\"><a style=\"color: #0000ff;\" href=\"https:\/\/ulpmat.com\/de\/kontakt-us\/\">kontaktieren Sie uns<\/a><\/span><br \/>\nf\u00fcr detaillierte Parameter und Angebote.<\/p>\n<h2><span style=\"font-size: 14pt;\">Produkt-Highlights<\/span><\/h2>\n<p>Hohe Reinheit, geringer Gehalt an Verunreinigungen<br \/>\nGleichm\u00e4\u00dfiges Pulver, leicht zu dispergieren und zu verarbeiten<br \/>\nGute thermische Stabilit\u00e4t, starke chemische Inertheit<br \/>\nHervorragende dielektrische Eigenschaften, geeignet f\u00fcr elektronische Keramik<br \/>\nHohe Chargenkonsistenz, stabile Leistung<br \/>\nKundenspezifische Partikelgr\u00f6\u00dfe und Spezifikationen verf\u00fcgbar<\/p>\n<h2><span style=\"font-size: 14pt;\">Anwendungen von Magnesiumtitanatpulver<\/span><\/h2>\n<p>Elektronische Keramikmaterialien: Magnesiumtitanatpulver kann zur Herstellung von Keramikkomponenten mit hoher Dielektrizit\u00e4tskonstante verwendet werden, wodurch die Leistung und Stabilit\u00e4t von Ger\u00e4ten verbessert wird.<br \/>\n<span style=\"color: #0000ff;\"><a style=\"color: #0000ff;\" href=\"https:\/\/ulpmat.com\/de\/anwendung\/materialien-fuer-die-optik\/\">Optische<\/a><\/span><br \/>\nBeschichtungen: Geeignet f\u00fcr optische D\u00fcnnschichten und Keramikbeschichtungen, gew\u00e4hrleistet die Gleichm\u00e4\u00dfigkeit der Schicht und die optische Leistung.<br \/>\nHochtemperatur-Dielektrika: Wird zur Herstellung von hochtemperaturbest\u00e4ndigen Funktionsmaterialien und Verbundwerkstoffen verwendet und gew\u00e4hrleistet die Stabilit\u00e4t der Materialstruktur und -leistung.<br \/>\nWissenschaftliche Forschung und Prozessentwicklung: Geeignet f\u00fcr die Untersuchung der Materialleistung und die Prozessverifizierung im Labor- und Pilotma\u00dfstab, erleichtert die Formulierung und Parameteroptimierung.<\/p>\n<h2><span style=\"font-size: 14pt; color: #0000ff;\"><a style=\"color: #0000ff;\" href=\"https:\/\/ulpmat.com\/de\/unternehmen\/faqs\/\">H\u00e4ufig gestellte Fragen<\/a><\/span><\/h2>\n<p>F1: Beeinflusst die Partikelgr\u00f6\u00dfe die Eigenschaften von Keramik?<br \/>\nA1: Die Gleichm\u00e4\u00dfigkeit der Partikelgr\u00f6\u00dfe wirkt sich direkt auf das Sinterverhalten, die D\u00fcnnschichtabscheidung und die Eigenschaften von Verbundwerkstoffen aus. Je nach Verfahren k\u00f6nnen geeignete Spezifikationen ausgew\u00e4hlt werden.<\/p>\n<p>F2: Wie sollte das Pulver gelagert werden, um seine Eigenschaften zu erhalten?<br \/>\nA2: Lagern Sie es in einer trockenen, versiegelten Umgebung, vermeiden Sie Feuchtigkeit oder Verunreinigungen, um die Stabilit\u00e4t der Pulvereigenschaften zu erhalten.<\/p>\n<p>F3: K\u00f6nnen Proben oder kleine Mengen des Pulvers zur Verf\u00fcgung gestellt werden?<br \/>\nA3: F\u00fcr die bequeme wissenschaftliche \u00dcberpr\u00fcfung oder Prozesspr\u00fcfung werden Proben und kleine Mengen zur Verf\u00fcgung gestellt.<\/p>\n<p>F4: Kann das Pulver mit anderen Metalloxiden gemischt werden?<br \/>\nA4: Unter geeigneten Prozessbedingungen kann es in Kombination mit verschiedenen Metalloxiden zur Herstellung von Verbundwerkstoffen oder Funktionsmaterialien verwendet werden.<\/p>\n<h2><span style=\"font-size: 14pt;\">Bericht<\/span><\/h2>\n<p>Jede Charge wird geliefert mit:<br \/>\n<span style=\"color: #0000ff;\"><a style=\"color: #0000ff;\" href=\"https:\/\/ulpmat.com\/de\/dokumente\/zertifikat-der-analyse\/\"><u>Analysezertifikat (COA)<\/u><\/a><\/span><\/p>\n<p><span style=\"color: #0000ff;\"><a style=\"color: #0000ff;\" href=\"https:\/\/ulpmat.com\/de\/dokumente\/technisches-datenblatt\/\"><u>Technisches Datenblatt (TDS)<\/u><\/a><\/span><\/p>\n<p><span style=\"color: #0000ff;\"><a style=\"color: #0000ff;\" href=\"https:\/\/ulpmat.com\/de\/dokumente\/sicherheitsdatenblatt\/\"><u>Sicherheitsdatenblatt (MSDS)<\/u><\/a><\/span><br \/>\nTestberichte von Drittanbietern sind auf Anfrage erh\u00e4ltlich<\/p>\n<h2><span style=\"font-size: 14pt;\">Warum sollten Sie sich f\u00fcr uns entscheiden?<\/span><\/h2>\n<p>Wir sind auf die Herstellung und Qualit\u00e4tskontrolle von hochreinem MgTiO\u2083-Pulver spezialisiert und bieten Produkte mit kontrollierbarer Partikelgr\u00f6\u00dfe, Reinheit und Chargenkonsistenz. Dar\u00fcber hinaus bieten wir Unterst\u00fctzung bei der Prozess- und Anwendungstechnik, um Kunden bei der schnellen Materialentwicklung und -anwendung zu unterst\u00fctzen.<\/p>\n","protected":false},"excerpt":{"rendered":"<p>\u00dcbersicht \u00fcber Magnesiumtitanatpulver Magnesiumtitanat pulver ist ein hochreines anorganisches Keramikmaterial mit hervorragenden dielektrischen Eigenschaften und thermischer Stabilit\u00e4t. Es wird h\u00e4ufig in der elektronischen Keramik, f\u00fcr optische Beschichtungen, in hochtemperaturbest\u00e4ndigen dielektrischen Materialien und in der wissenschaftlichen Forschung eingesetzt. Wir bieten Magnesiumtitanatpulver in verschiedenen Partikelgr\u00f6\u00dfen und Reinheitsgraden an, um den Anforderungen der wissenschaftlichen Forschung, industriellen Anwendungen und [&hellip;]<\/p>\n","protected":false},"featured_media":48006,"template":"","meta":{"_acf_changed":false},"product_brand":[132],"product_cat":[1185],"product_tag":[6909],"class_list":{"0":"post-48005","1":"product","2":"type-product","3":"status-publish","4":"has-post-thumbnail","6":"product_brand-ulpmat","7":"product_cat-andere-saeuren","8":"product_tag-magnesiumtitanat-magnesiumtitanoxid-pulver","10":"first","11":"instock","12":"shipping-taxable","13":"product-type-variable"},"acf":[],"_links":{"self":[{"href":"https:\/\/ulpmat.com\/de\/wp-json\/wp\/v2\/product\/48005","targetHints":{"allow":["GET"]}}],"collection":[{"href":"https:\/\/ulpmat.com\/de\/wp-json\/wp\/v2\/product"}],"about":[{"href":"https:\/\/ulpmat.com\/de\/wp-json\/wp\/v2\/types\/product"}],"wp:featuredmedia":[{"embeddable":true,"href":"https:\/\/ulpmat.com\/de\/wp-json\/wp\/v2\/media\/48006"}],"wp:attachment":[{"href":"https:\/\/ulpmat.com\/de\/wp-json\/wp\/v2\/media?parent=48005"}],"wp:term":[{"taxonomy":"product_brand","embeddable":true,"href":"https:\/\/ulpmat.com\/de\/wp-json\/wp\/v2\/product_brand?post=48005"},{"taxonomy":"product_cat","embeddable":true,"href":"https:\/\/ulpmat.com\/de\/wp-json\/wp\/v2\/product_cat?post=48005"},{"taxonomy":"product_tag","embeddable":true,"href":"https:\/\/ulpmat.com\/de\/wp-json\/wp\/v2\/product_tag?post=48005"}],"curies":[{"name":"wp","href":"https:\/\/api.w.org\/{rel}","templated":true}]}}