{"id":47982,"date":"2026-01-15T13:55:17","date_gmt":"2026-01-15T05:55:17","guid":{"rendered":"https:\/\/ulpmat.com\/product\/magnesiumtitanat-magnesiumtitanoxid\/"},"modified":"2026-01-15T13:55:17","modified_gmt":"2026-01-15T05:55:17","slug":"magnesiumtitanat-magnesiumtitanoxid","status":"publish","type":"product","link":"https:\/\/ulpmat.com\/de\/produkt\/magnesiumtitanat-magnesiumtitanoxid\/","title":{"rendered":"Magnesiumtitanat (Magnesiumtitanoxid)"},"content":{"rendered":"<h2><span style=\"font-size: 14pt;\">\u00dcbersicht \u00fcber Magnesiumtitanat-Sputtertargets<\/span><\/h2>\n<p><span style=\"color: #0000ff;\"><a style=\"color: #0000ff;\" href=\"https:\/\/ulpmat.com\/de\/search\/?type=name&#038;keyword=Magnesium+Titanate\">Magnesiumtitanat<\/a><\/span><br \/>\n-Sputtertargets sind hochdichte, hochreine Keramiktargets mit ausgezeichneter thermischer Stabilit\u00e4t und chemischer Inertheit. Sie werden h\u00e4ufig in Magnetron- oder HF-Sputterprozessen f\u00fcr optische D\u00fcnnschichten, elektronische Keramikschichten und funktionelle Beschichtungen eingesetzt.<\/p>\n<p>Wir bieten Magnesiumtitanat-Targets in verschiedenen Gr\u00f6\u00dfen, Dicken und Dichten an und k\u00f6nnen Kupfer- oder Aluminium-Backplane-Bonding-L\u00f6sungen entsprechend den Anforderungen der Kundenausr\u00fcstung anpassen. Bitte <span style=\"color: #0000ff;\"><a style=\"color: #0000ff;\" href=\"https:\/\/ulpmat.com\/de\/kontakt-us\/\">kontaktieren Sie uns<\/a><\/span><br \/>\nf\u00fcr Parameter und Angebote.<\/p>\n<h2><span style=\"font-size: 14pt;\">Produkt-Highlights<\/span><\/h2>\n<p>Hohe Dichte, ausgezeichnete Sputterstabilit\u00e4t<br \/>\nAusgezeichnete thermische Stabilit\u00e4t, keine Verformung nach langfristiger Abscheidung<br \/>\nGlatte Oberfl\u00e4che, hohe Filmgleichm\u00e4\u00dfigkeit<br \/>\nStarke chemische Inertheit, anpassungsf\u00e4hig an verschiedene Prozesse<br \/>\nKann mit Kupfer-\/Aluminium-Backplanes verbunden werden, um die W\u00e4rmeableitungseffizienz zu verbessern<br \/>\nUnterst\u00fctzt verschiedene Gr\u00f6\u00dfen, Dicken und kundenspezifische Spezifikationen<\/p>\n<h2><span style=\"font-size: 14pt;\">Anwendungen von Magnesiumtitanat-Sputter-Targets<\/span><\/h2>\n<p>Herstellung<br \/>\n<span style=\"color: #0000ff;\"><a style=\"color: #0000ff;\" href=\"https:\/\/ulpmat.com\/de\/anwendung\/materialien-fuer-die-optik\/\">optischer<\/a><\/span><br \/>\nD\u00fcnnschichten: Magnesiumtitanat-Targets k\u00f6nnen dichte, transparente Schichten im RF- oder Magnetron-Sputterverfahren abscheiden und gew\u00e4hrleisten dabei Filmgleichm\u00e4\u00dfigkeit und Wiederholbarkeit.<br \/>\nElektronische Keramikfilme: Werden zur Beschichtung von Hochleistungselektronikger\u00e4ten verwendet und verbessern die dielektrischen Eigenschaften und die Stabilit\u00e4t von D\u00fcnnschichten.<br \/>\nAufbringung funktioneller Beschichtungen: Geeignet f\u00fcr verschlei\u00dffeste, hitzebest\u00e4ndige oder hochstabile Beschichtungen, die spezifische Prozessanforderungen erf\u00fcllen.<br \/>\nForschung und Prozessvalidierung: Geeignet f\u00fcr die Validierung von Sputterprozessen im Labor- und Pilotma\u00dfstab, was die Parameteroptimierung und Materialbewertung erleichtert.<\/p>\n<h2><span style=\"font-size: 14pt; color: #0000ff;\"><a style=\"color: #0000ff;\" href=\"https:\/\/ulpmat.com\/de\/unternehmen\/faqs\/\">H\u00e4ufig gestellte Fragen<\/a><\/span><\/h2>\n<p>F1: F\u00fcr welche Anlagen sind Magnesiumtitanat-Targets geeignet?<br \/>\nA1: Sie k\u00f6nnen in Forschungs- und industriellen D\u00fcnnschichtabscheidungsanlagen wie HF-Sputtern und Magnetronsputtern verwendet werden.<\/p>\n<p>F2: Beeinflusst die Targetsdichte die Gleichm\u00e4\u00dfigkeit der Schicht?<br \/>\nA2: Targets mit hoher Dichte verringern das Risiko der Partikelabl\u00f6sung und verbessern die Gleichm\u00e4\u00dfigkeit und Wiederholbarkeit der Schicht.<\/p>\n<p>F3: K\u00f6nnen die Targetgr\u00f6\u00dfe und die R\u00fcckplattenverbindung individuell angepasst werden?<br \/>\nA3: Ja, wir k\u00f6nnen runde, quadratische und speziell dimensionierte Targets liefern und bieten L\u00f6sungen f\u00fcr die Verbindung mit Kupfer- oder Aluminiumr\u00fcckplatten an, um die W\u00e4rmeableitungseffizienz und die Lebensdauer zu verbessern.<\/p>\n<p>F4: Was ist bei der R\u00fcckplattenverklebung zu beachten?<br \/>\nA4: Die Kontaktfl\u00e4che zwischen dem Target und der R\u00fcckplatte muss eben sein. Nach der Verklebung sind Feuchtigkeit und Verunreinigungen zu vermeiden, um eine gute W\u00e4rmeleitung und Targetstabilit\u00e4t w\u00e4hrend des Sputterns zu gew\u00e4hrleisten.<\/p>\n<h2><span style=\"font-size: 14pt;\">Bericht<\/span><\/h2>\n<p>Jede Charge wird geliefert mit:<br \/>\n<span style=\"color: #0000ff;\"><a style=\"color: #0000ff;\" href=\"https:\/\/ulpmat.com\/de\/dokumente\/zertifikat-der-analyse\/\"><u>Analysezertifikat (COA)<\/u><\/a><\/span><\/p>\n<p><span style=\"color: #0000ff;\"><a style=\"color: #0000ff;\" href=\"https:\/\/ulpmat.com\/de\/dokumente\/technisches-datenblatt\/\"><u>Technisches Datenblatt (TDS)<\/u><\/a><\/span><\/p>\n<p><span style=\"color: #0000ff;\"><a style=\"color: #0000ff;\" href=\"https:\/\/ulpmat.com\/de\/dokumente\/sicherheitsdatenblatt\/\"><u>Sicherheitsdatenblatt (MSDS)<\/u><\/a><\/span><br \/>\nGr\u00f6\u00dfenpr\u00fcfbericht<br \/>\nPr\u00fcfberichte von Drittanbietern sind auf Anfrage erh\u00e4ltlich<\/p>\n<h2><span style=\"font-size: 14pt;\">. Warum sollten Sie sich f\u00fcr uns entscheiden?<\/span><\/h2>\n<p>Wir sind auf die Herstellung von hochreinen MgTiO\u2083-Sputter-Targets und die Backplane-Bonding-Technologie spezialisiert und bieten Produkte mit hoher Dichte, Ma\u00dfhaltigkeit und hoher Schichtgleichm\u00e4\u00dfigkeit. Dar\u00fcber hinaus bieten wir technischen Support auf der Grundlage der Anforderungen der Kunden an ihre Anlagen und Prozesse und helfen ihnen so, die D\u00fcnnschichtabscheidung und Prozessvalidierung effizient durchzuf\u00fchren.<\/p>\n","protected":false},"excerpt":{"rendered":"<p>\u00dcbersicht \u00fcber Magnesiumtitanat-Sputtertargets Magnesiumtitanat -Sputtertargets sind hochdichte, hochreine Keramiktargets mit ausgezeichneter thermischer Stabilit\u00e4t und chemischer Inertheit. Sie werden h\u00e4ufig in Magnetron- oder HF-Sputterprozessen f\u00fcr optische D\u00fcnnschichten, elektronische Keramikschichten und funktionelle Beschichtungen eingesetzt. Wir bieten Magnesiumtitanat-Targets in verschiedenen Gr\u00f6\u00dfen, Dicken und Dichten an und k\u00f6nnen Kupfer- oder Aluminium-Backplane-Bonding-L\u00f6sungen entsprechend den Anforderungen der Kundenausr\u00fcstung anpassen. Bitte kontaktieren [&hellip;]<\/p>\n","protected":false},"featured_media":47983,"template":"","meta":{"_acf_changed":false},"product_brand":[132],"product_cat":[451],"product_tag":[6903],"class_list":{"0":"post-47982","1":"product","2":"type-product","3":"status-publish","4":"has-post-thumbnail","6":"product_brand-ulpmat","7":"product_cat-keramisches-sputtering-target","8":"product_tag-magnesiumtitanat-magnesiumtitanoxid-sputtertarget","10":"first","11":"instock","12":"shipping-taxable","13":"product-type-variable"},"acf":[],"_links":{"self":[{"href":"https:\/\/ulpmat.com\/de\/wp-json\/wp\/v2\/product\/47982","targetHints":{"allow":["GET"]}}],"collection":[{"href":"https:\/\/ulpmat.com\/de\/wp-json\/wp\/v2\/product"}],"about":[{"href":"https:\/\/ulpmat.com\/de\/wp-json\/wp\/v2\/types\/product"}],"wp:featuredmedia":[{"embeddable":true,"href":"https:\/\/ulpmat.com\/de\/wp-json\/wp\/v2\/media\/47983"}],"wp:attachment":[{"href":"https:\/\/ulpmat.com\/de\/wp-json\/wp\/v2\/media?parent=47982"}],"wp:term":[{"taxonomy":"product_brand","embeddable":true,"href":"https:\/\/ulpmat.com\/de\/wp-json\/wp\/v2\/product_brand?post=47982"},{"taxonomy":"product_cat","embeddable":true,"href":"https:\/\/ulpmat.com\/de\/wp-json\/wp\/v2\/product_cat?post=47982"},{"taxonomy":"product_tag","embeddable":true,"href":"https:\/\/ulpmat.com\/de\/wp-json\/wp\/v2\/product_tag?post=47982"}],"curies":[{"name":"wp","href":"https:\/\/api.w.org\/{rel}","templated":true}]}}